{"id":595,"date":"2021-04-28T17:45:02","date_gmt":"2021-04-28T15:45:02","guid":{"rendered":"https:\/\/flightradar.flights\/?page_id=595"},"modified":"2021-04-28T17:45:03","modified_gmt":"2021-04-28T15:45:03","slug":"yasal-uyari","status":"publish","type":"page","link":"https:\/\/flightradar.flights\/tr\/yasal-uyari\/","title":{"rendered":"Yasal Uyar\u0131"},"content":{"rendered":"\n<p>\u00a7 5 TMG&#8217;ye g\u00f6re:<br>Portal\u0131n operat\u00f6r\u00fc<br>MTM Pazarlama<\/p>\n\n\n\n<p>Martin Mrosek<br>Bruktererhang 19<\/p>\n\n\n\n<p>45277 Essen<\/p>\n\n\n\n<p>Almanya<\/p>\n\n\n\n<p>Vergi numaras\u0131<\/p>\n\n\n\n<p>Sat\u0131\u015f vergisi kimlik numaras\u0131 \u00a727&#8217;ye g\u00f6re bir sat\u0131\u015f vergisi yasas\u0131:<br>Almanya (3) 13729250<\/p>\n\n\n\n<p>\u0130leti\u015fim e-postas\u0131: Flightradar [nokta] u\u00e7u\u015flar\u0131nda bilgi<\/p>\n\n\n\n<p>Telefon: [+49] 176 43537-798<\/p>\n\n\n\n<p>\u0130leti\u015fim bilgilerine ili\u015fkin not:<\/p>\n\n\n\n<p>Burada verilen ileti\u015fim bilgileri, yaln\u0131zca bu web sitesinin operat\u00f6r\u00fc taraf\u0131ndan sunulan \u00fcr\u00fcnler veya hizmetlerle ilgili endi\u015feleriniz varsa sizinle ileti\u015fime ge\u00e7ebilir. Bu ayn\u0131 zamanda bir ticari menfaati de i\u00e7erir.<\/p>\n\n\n\n<p>Burada verilen ileti\u015fim bilgilerinin uygunsuz kullan\u0131m\u0131 (k\u00f6t\u00fcye kullan\u0131lmas\u0131) durumunda, bu web sitesinin operat\u00f6r\u00fc yasal i\u015flem ba\u015flatmay\u0131 planlamaktad\u0131r. Operat\u00f6r\u00fcn izni olmadan bu verilerin aktar\u0131lmas\u0131na veya i\u015flenmesine de izin verilmez.<\/p>\n\n\n\n<p>K\u00f6t\u00fcye kullan\u0131m, operat\u00f6r\u00fcn ileti\u015fim verilerinin \u00fc\u00e7\u00fcnc\u00fc \u015fah\u0131slar taraf\u0131ndan kullan\u0131lmas\u0131ndan zarar g\u00f6rd\u00fc\u011f\u00fcnde meydana gelir.<\/p>\n\n\n\n<p>AB anla\u015fmazl\u0131\u011f\u0131n\u0131n \u00e7\u00f6z\u00fcm\u00fcne ili\u015fkin not:<\/p>\n\n\n\n<p>Avrupa Komisyonu, \u00e7evrimi\u00e7i anla\u015fmazl\u0131k \u00e7\u00f6z\u00fcm\u00fc (OS) i\u00e7in bir platform sa\u011flar: http:\/\/ec.europa.eu\/consumers\/odr<br>E-posta adresimizi yukar\u0131daki yasal bildirimde bulabilirsiniz.<\/p>\n\n\n\n<p>Kullan\u0131lan g\u00f6rseller ve grafikler i\u00e7in kaynaklar:<\/p>\n\n\n\n<p>adobe.stock<\/p>\n\n\n\n<p>Feragatname:<br>\u0130\u00e7erik sorumlulu\u011fu<\/p>\n\n\n\n<p>Sayfalar\u0131m\u0131z\u0131n i\u00e7eri\u011fi b\u00fcy\u00fck bir \u00f6zenle olu\u015fturulmu\u015ftur. Bununla birlikte, i\u00e7eri\u011fin do\u011frulu\u011fu, eksiksizli\u011fi ve g\u00fcncelli\u011fi konusunda herhangi bir sorumluluk kabul edemiyoruz. Bir hizmet sa\u011flay\u0131c\u0131 olarak, Alman Telemedia Yasas\u0131&#8217;n\u0131n 7 (1) B\u00f6l\u00fcm\u00fc uyar\u0131nca genel yasaya uygun olarak bu sayfalardaki kendi i\u00e7eri\u011fimizden sorumluyuz. \u00a7\u00a7 8 ila 10 TMG&#8217;ye g\u00f6re, bir hizmet sa\u011flay\u0131c\u0131 olarak, iletilen veya saklanan \u00fc\u00e7\u00fcnc\u00fc taraf bilgilerini izlemek veya yasa d\u0131\u015f\u0131 faaliyet g\u00f6steren durumlar\u0131 ara\u015ft\u0131rmak zorunda de\u011filiz. Genel yasalara g\u00f6re bilgilerin kullan\u0131m\u0131n\u0131n kald\u0131r\u0131lmas\u0131 veya engellenmesi y\u00fck\u00fcml\u00fcl\u00fc\u011f\u00fc etkilenmez. Bununla birlikte, bu konudaki sorumluluk ancak belirli bir yasal ihlalin fark\u0131na vard\u0131\u011f\u0131m\u0131z andan itibaren m\u00fcmk\u00fcnd\u00fcr. Bu t\u00fcr yasal ihlallerin fark\u0131na var\u0131r varmaz, bu i\u00e7eri\u011fi derhal kald\u0131raca\u011f\u0131z.<\/p>\n\n\n\n<p>Ba\u011flant\u0131lar i\u00e7in sorumluluk<\/p>\n\n\n\n<p>Teklifimiz, i\u00e7eri\u011fini etkilemedi\u011fimiz harici \u00fc\u00e7\u00fcnc\u00fc taraf web sitelerine ba\u011flant\u0131lar i\u00e7erir. Bu nedenle, bu \u00fc\u00e7\u00fcnc\u00fc \u015fah\u0131s i\u00e7eri\u011fi i\u00e7in herhangi bir sorumluluk kabul edemiyoruz. Sayfalar\u0131n ilgili sa\u011flay\u0131c\u0131s\u0131 veya operat\u00f6r\u00fc, ba\u011flant\u0131l\u0131 sayfalar\u0131n i\u00e7eri\u011finden her zaman sorumludur. Ba\u011flant\u0131l\u0131 sayfalar, ba\u011flant\u0131 kurulduklar\u0131 s\u0131rada olas\u0131 yasal ihlallere kar\u015f\u0131 kontrol edildi. Ba\u011flant\u0131n\u0131n olu\u015fturuldu\u011fu s\u0131rada yasa d\u0131\u015f\u0131 i\u00e7erik bulunamad\u0131. Ba\u011flant\u0131l\u0131 sayfalar\u0131n i\u00e7eri\u011finin kal\u0131c\u0131 bir \u015fekilde kontrol edilmesi, yasan\u0131n ihlal edildi\u011fine dair somut kan\u0131tlar olmadan makul de\u011fildir. Yasal ihlallerin fark\u0131na var\u0131rsak, bu t\u00fcr ba\u011flant\u0131lar\u0131 derhal kald\u0131raca\u011f\u0131z.<\/p>\n\n\n\n<p>telif hakk\u0131<\/p>\n\n\n\n<p>Web sitesi operat\u00f6r\u00fc taraf\u0131ndan olu\u015fturulan bu sayfalardaki i\u00e7erik ve eserler Alman telif hakk\u0131 yasas\u0131na tabidir. Telif hakk\u0131 yasas\u0131n\u0131n s\u0131n\u0131rlar\u0131 d\u0131\u015f\u0131nda kalan her t\u00fcrl\u00fc s\u00f6m\u00fcr\u00fc, \u00e7o\u011faltma, i\u015fleme, da\u011f\u0131t\u0131m ve her t\u00fcrl\u00fc s\u00f6m\u00fcr\u00fc, ilgili yazar\u0131n veya yarat\u0131c\u0131n\u0131n yaz\u0131l\u0131 onay\u0131n\u0131 gerektirir. Bu web sitesinin indirilmesine ve kopyalanmas\u0131na yaln\u0131zca \u00f6zel, ticari olmayan kullan\u0131m i\u00e7in izin verilir. Bu sitedeki i\u00e7erik operat\u00f6r taraf\u0131ndan olu\u015fturulmad\u0131\u011f\u0131 \u00f6l\u00e7\u00fcde, \u00fc\u00e7\u00fcnc\u00fc \u015fah\u0131slar\u0131n telif haklar\u0131 g\u00f6zetilir. \u00d6zellikle \u00fc\u00e7\u00fcnc\u00fc \u015fah\u0131slar\u0131n i\u00e7erikleri bu \u015fekilde i\u015faretlenmi\u015ftir. Yine de bir telif hakk\u0131 ihlalinden haberdar olursan\u0131z, bize uygun \u015fekilde bildirimde bulunman\u0131z\u0131 rica ederiz. Yasal ihlallerin fark\u0131na var\u0131rsak, bu t\u00fcr i\u00e7erikleri derhal kald\u0131raca\u011f\u0131z.<\/p>\n","protected":false},"excerpt":{"rendered":"<p>\u00a7 5 TMG&#8217;ye g\u00f6re:Portal\u0131n operat\u00f6r\u00fcMTM Pazarlama Martin MrosekBruktererhang 19 45277 Essen Almanya Vergi numaras\u0131 Sat\u0131\u015f vergisi kimlik numaras\u0131 \u00a727&#8217;ye g\u00f6re bir sat\u0131\u015f vergisi yasas\u0131:Almanya (3) 13729250 \u0130leti\u015fim e-postas\u0131: Flightradar [nokta] u\u00e7u\u015flar\u0131nda bilgi Telefon: [+49] 176 43537-798 \u0130leti\u015fim bilgilerine ili\u015fkin not: Burada verilen ileti\u015fim bilgileri, yaln\u0131zca bu web sitesinin operat\u00f6r\u00fc taraf\u0131ndan sunulan \u00fcr\u00fcnler veya hizmetlerle ilgili &#8230; <\/p>\n<p class=\"read-more-container\"><a title=\"Yasal Uyar\u0131\" class=\"read-more button\" href=\"https:\/\/flightradar.flights\/tr\/yasal-uyari\/#more-595\" aria-label=\"More on Yasal Uyar\u0131\">Read more<\/a><\/p>\n","protected":false},"author":1,"featured_media":0,"parent":0,"menu_order":0,"comment_status":"closed","ping_status":"closed","template":"","meta":{"footnotes":""},"class_list":["post-595","page","type-page","status-publish"],"yoast_head":"<!-- This site is optimized with the Yoast SEO plugin v27.2 - https:\/\/yoast.com\/product\/yoast-seo-wordpress\/ -->\n<title>Yasal Uyar\u0131 - flightradar.flights<\/title>\n<meta name=\"robots\" content=\"index, follow, max-snippet:-1, max-image-preview:large, max-video-preview:-1\" \/>\n<link rel=\"canonical\" href=\"https:\/\/flightradar.flights\/tr\/yasal-uyari\/\" \/>\n<meta property=\"og:locale\" content=\"tr_TR\" \/>\n<meta property=\"og:type\" content=\"article\" \/>\n<meta property=\"og:title\" content=\"Yasal Uyar\u0131 - flightradar.flights\" \/>\n<meta property=\"og:description\" content=\"\u00a7 5 TMG&#8217;ye g\u00f6re:Portal\u0131n operat\u00f6r\u00fcMTM Pazarlama Martin MrosekBruktererhang 19 45277 Essen Almanya Vergi numaras\u0131 Sat\u0131\u015f vergisi kimlik numaras\u0131 \u00a727&#8217;ye g\u00f6re bir sat\u0131\u015f vergisi yasas\u0131:Almanya (3) 13729250 \u0130leti\u015fim e-postas\u0131: Flightradar [nokta] u\u00e7u\u015flar\u0131nda bilgi Telefon: [+49] 176 43537-798 \u0130leti\u015fim bilgilerine ili\u015fkin not: Burada verilen ileti\u015fim bilgileri, yaln\u0131zca bu web sitesinin operat\u00f6r\u00fc taraf\u0131ndan sunulan \u00fcr\u00fcnler veya hizmetlerle ilgili ... Read more\" \/>\n<meta property=\"og:url\" content=\"https:\/\/flightradar.flights\/tr\/yasal-uyari\/\" \/>\n<meta property=\"og:site_name\" content=\"flightradar.flights\" \/>\n<meta property=\"article:modified_time\" content=\"2021-04-28T15:45:03+00:00\" \/>\n<meta property=\"og:image\" content=\"https:\/\/flightradar.flights\/content\/uploads\/2022\/01\/Logo200x200.jpg\" \/>\n\t<meta property=\"og:image:width\" content=\"200\" \/>\n\t<meta property=\"og:image:height\" content=\"200\" \/>\n\t<meta property=\"og:image:type\" content=\"image\/jpeg\" \/>\n<meta name=\"twitter:card\" content=\"summary_large_image\" \/>\n<meta name=\"twitter:label1\" content=\"Tahmini okuma s\u00fcresi\" \/>\n\t<meta name=\"twitter:data1\" content=\"2 dakika\" \/>\n<script type=\"application\/ld+json\" class=\"yoast-schema-graph\">{\"@context\":\"https:\/\/schema.org\",\"@graph\":[{\"@type\":\"WebPage\",\"@id\":\"https:\/\/flightradar.flights\/tr\/yasal-uyari\/\",\"url\":\"https:\/\/flightradar.flights\/tr\/yasal-uyari\/\",\"name\":\"Yasal Uyar\u0131 - flightradar.flights\",\"isPartOf\":{\"@id\":\"https:\/\/flightradar.flights\/tr\/#website\"},\"datePublished\":\"2021-04-28T15:45:02+00:00\",\"dateModified\":\"2021-04-28T15:45:03+00:00\",\"breadcrumb\":{\"@id\":\"https:\/\/flightradar.flights\/tr\/yasal-uyari\/#breadcrumb\"},\"inLanguage\":\"tr\",\"potentialAction\":[{\"@type\":\"ReadAction\",\"target\":[\"https:\/\/flightradar.flights\/tr\/yasal-uyari\/\"]}]},{\"@type\":\"BreadcrumbList\",\"@id\":\"https:\/\/flightradar.flights\/tr\/yasal-uyari\/#breadcrumb\",\"itemListElement\":[{\"@type\":\"ListItem\",\"position\":1,\"name\":\"Startseite\",\"item\":\"https:\/\/flightradar.flights\/tr\/\"},{\"@type\":\"ListItem\",\"position\":2,\"name\":\"Yasal Uyar\u0131\"}]},{\"@type\":\"WebSite\",\"@id\":\"https:\/\/flightradar.flights\/tr\/#website\",\"url\":\"https:\/\/flightradar.flights\/tr\/\",\"name\":\"flightradar.flights\",\"description\":\"\",\"publisher\":{\"@id\":\"https:\/\/flightradar.flights\/tr\/#organization\"},\"potentialAction\":[{\"@type\":\"SearchAction\",\"target\":{\"@type\":\"EntryPoint\",\"urlTemplate\":\"https:\/\/flightradar.flights\/tr\/?s={search_term_string}\"},\"query-input\":{\"@type\":\"PropertyValueSpecification\",\"valueRequired\":true,\"valueName\":\"search_term_string\"}}],\"inLanguage\":\"tr\"},{\"@type\":\"Organization\",\"@id\":\"https:\/\/flightradar.flights\/tr\/#organization\",\"name\":\"flightradar.flights\",\"url\":\"https:\/\/flightradar.flights\/tr\/\",\"logo\":{\"@type\":\"ImageObject\",\"inLanguage\":\"tr\",\"@id\":\"https:\/\/flightradar.flights\/tr\/#\/schema\/logo\/image\/\",\"url\":\"https:\/\/flightradar.flights\/content\/uploads\/2022\/01\/Logo150x150.jpg\",\"contentUrl\":\"https:\/\/flightradar.flights\/content\/uploads\/2022\/01\/Logo150x150.jpg\",\"width\":150,\"height\":150,\"caption\":\"flightradar.flights\"},\"image\":{\"@id\":\"https:\/\/flightradar.flights\/tr\/#\/schema\/logo\/image\/\"}}]}<\/script>\n<!-- \/ Yoast SEO plugin. -->","yoast_head_json":{"title":"Yasal Uyar\u0131 - flightradar.flights","robots":{"index":"index","follow":"follow","max-snippet":"max-snippet:-1","max-image-preview":"max-image-preview:large","max-video-preview":"max-video-preview:-1"},"canonical":"https:\/\/flightradar.flights\/tr\/yasal-uyari\/","og_locale":"tr_TR","og_type":"article","og_title":"Yasal Uyar\u0131 - flightradar.flights","og_description":"\u00a7 5 TMG&#8217;ye g\u00f6re:Portal\u0131n operat\u00f6r\u00fcMTM Pazarlama Martin MrosekBruktererhang 19 45277 Essen Almanya Vergi numaras\u0131 Sat\u0131\u015f vergisi kimlik numaras\u0131 \u00a727&#8217;ye g\u00f6re bir sat\u0131\u015f vergisi yasas\u0131:Almanya (3) 13729250 \u0130leti\u015fim e-postas\u0131: Flightradar [nokta] u\u00e7u\u015flar\u0131nda bilgi Telefon: [+49] 176 43537-798 \u0130leti\u015fim bilgilerine ili\u015fkin not: Burada verilen ileti\u015fim bilgileri, yaln\u0131zca bu web sitesinin operat\u00f6r\u00fc taraf\u0131ndan sunulan \u00fcr\u00fcnler veya hizmetlerle ilgili ... Read more","og_url":"https:\/\/flightradar.flights\/tr\/yasal-uyari\/","og_site_name":"flightradar.flights","article_modified_time":"2021-04-28T15:45:03+00:00","og_image":[{"width":200,"height":200,"url":"https:\/\/flightradar.flights\/content\/uploads\/2022\/01\/Logo200x200.jpg","type":"image\/jpeg"}],"twitter_card":"summary_large_image","twitter_misc":{"Tahmini okuma s\u00fcresi":"2 dakika"},"schema":{"@context":"https:\/\/schema.org","@graph":[{"@type":"WebPage","@id":"https:\/\/flightradar.flights\/tr\/yasal-uyari\/","url":"https:\/\/flightradar.flights\/tr\/yasal-uyari\/","name":"Yasal Uyar\u0131 - flightradar.flights","isPartOf":{"@id":"https:\/\/flightradar.flights\/tr\/#website"},"datePublished":"2021-04-28T15:45:02+00:00","dateModified":"2021-04-28T15:45:03+00:00","breadcrumb":{"@id":"https:\/\/flightradar.flights\/tr\/yasal-uyari\/#breadcrumb"},"inLanguage":"tr","potentialAction":[{"@type":"ReadAction","target":["https:\/\/flightradar.flights\/tr\/yasal-uyari\/"]}]},{"@type":"BreadcrumbList","@id":"https:\/\/flightradar.flights\/tr\/yasal-uyari\/#breadcrumb","itemListElement":[{"@type":"ListItem","position":1,"name":"Startseite","item":"https:\/\/flightradar.flights\/tr\/"},{"@type":"ListItem","position":2,"name":"Yasal Uyar\u0131"}]},{"@type":"WebSite","@id":"https:\/\/flightradar.flights\/tr\/#website","url":"https:\/\/flightradar.flights\/tr\/","name":"flightradar.flights","description":"","publisher":{"@id":"https:\/\/flightradar.flights\/tr\/#organization"},"potentialAction":[{"@type":"SearchAction","target":{"@type":"EntryPoint","urlTemplate":"https:\/\/flightradar.flights\/tr\/?s={search_term_string}"},"query-input":{"@type":"PropertyValueSpecification","valueRequired":true,"valueName":"search_term_string"}}],"inLanguage":"tr"},{"@type":"Organization","@id":"https:\/\/flightradar.flights\/tr\/#organization","name":"flightradar.flights","url":"https:\/\/flightradar.flights\/tr\/","logo":{"@type":"ImageObject","inLanguage":"tr","@id":"https:\/\/flightradar.flights\/tr\/#\/schema\/logo\/image\/","url":"https:\/\/flightradar.flights\/content\/uploads\/2022\/01\/Logo150x150.jpg","contentUrl":"https:\/\/flightradar.flights\/content\/uploads\/2022\/01\/Logo150x150.jpg","width":150,"height":150,"caption":"flightradar.flights"},"image":{"@id":"https:\/\/flightradar.flights\/tr\/#\/schema\/logo\/image\/"}}]}},"_links":{"self":[{"href":"https:\/\/flightradar.flights\/tr\/wp-json\/wp\/v2\/pages\/595","targetHints":{"allow":["GET"]}}],"collection":[{"href":"https:\/\/flightradar.flights\/tr\/wp-json\/wp\/v2\/pages"}],"about":[{"href":"https:\/\/flightradar.flights\/tr\/wp-json\/wp\/v2\/types\/page"}],"author":[{"embeddable":true,"href":"https:\/\/flightradar.flights\/tr\/wp-json\/wp\/v2\/users\/1"}],"replies":[{"embeddable":true,"href":"https:\/\/flightradar.flights\/tr\/wp-json\/wp\/v2\/comments?post=595"}],"version-history":[{"count":0,"href":"https:\/\/flightradar.flights\/tr\/wp-json\/wp\/v2\/pages\/595\/revisions"}],"wp:attachment":[{"href":"https:\/\/flightradar.flights\/tr\/wp-json\/wp\/v2\/media?parent=595"}],"curies":[{"name":"wp","href":"https:\/\/api.w.org\/{rel}","templated":true}]}}