{"id":1133,"date":"2021-05-21T11:37:21","date_gmt":"2021-05-21T09:37:21","guid":{"rendered":"https:\/\/flightradar.flights\/faq\/"},"modified":"2022-01-06T11:18:50","modified_gmt":"2022-01-06T09:18:50","slug":"faq","status":"publish","type":"page","link":"https:\/\/flightradar.flights\/tr\/faq\/","title":{"rendered":"SSS &#8211; S\u0131k sorulan sorular"},"content":{"rendered":"\n<div style=\"height:100px\" aria-hidden=\"true\" class=\"wp-block-spacer\"><\/div>\n\n\n\n<h1 class=\"has-text-align-center wp-block-heading\"><strong>SSS &#8211; S\u0131k sorulan sorular<\/strong><\/h1>\n\n\n\n<div style=\"height:100px\" aria-hidden=\"true\" class=\"wp-block-spacer\"><\/div>\n\n\n\n<div class=\"schema-faq wp-block-yoast-faq-block\"><div class=\"schema-faq-section\" id=\"faq-question-1621587381797\"><strong class=\"schema-faq-question\">Flightradar.flights \u00fccretsiz mi?<\/strong> <p class=\"schema-faq-answer\">Flightradar.flights, temel i\u015flevlerinde \u00fccretsiz olarak kullan\u0131labilir.<\/p> <\/div> <div class=\"schema-faq-section\" id=\"faq-question-1621587493412\"><strong class=\"schema-faq-question\">Flight radar neden u\u00e7aklar\u0131 g\u00f6stermiyor?<\/strong> <p class=\"schema-faq-answer\">Taray\u0131c\u0131n\u0131zda gizli modda olmad\u0131\u011f\u0131n\u0131zdan emin olun. Gizli mod, u\u00e7u\u015f radar\u0131n\u0131 tam olarak y\u00fcr\u00fctmek i\u00e7in gerekli olan belirli verilerin y\u00fcr\u00fct\u00fclmesini engeller.<\/p> <\/div> <div class=\"schema-faq-section\" id=\"faq-question-1621587643877\"><strong class=\"schema-faq-question\">U\u00e7u\u015f radar\u0131 ger\u00e7ek zamanl\u0131 m\u0131?<\/strong> <p class=\"schema-faq-answer\">U\u00e7u\u015f radar\u0131 mevcut hava trafi\u011fini ger\u00e7ek zamanl\u0131 olarak g\u00f6sterir.<\/p> <\/div> <div class=\"schema-faq-section\" id=\"faq-question-1621587688776\"><strong class=\"schema-faq-question\">Bir u\u00e7u\u015fu nas\u0131l takip edebilirim?<\/strong> <p class=\"schema-faq-answer\">U\u00e7u\u015f radar\u0131nda, izlemek i\u00e7in bir u\u00e7a\u011f\u0131 se\u00e7mek i\u00e7in ak\u0131ll\u0131 telefondaki sol fare d\u00fc\u011fmesini veya parma\u011f\u0131n\u0131z\u0131 kullan\u0131n. Arama \u00e7ubu\u011funa ge\u00e7erli bir u\u00e7u\u015f numaras\u0131 da girebilirsiniz.<\/p> <\/div> <div class=\"schema-faq-section\" id=\"faq-question-1621587801464\"><strong class=\"schema-faq-question\">U\u00e7u\u015f numaram\u0131 nerede bulabilirim?<\/strong> <p class=\"schema-faq-answer\">U\u00e7u\u015f numaran\u0131z\u0131 u\u00e7ak biletlerinizin \u00fczerinde bulmal\u0131s\u0131n\u0131z. Bu genellikle 4 ila 6 basamakl\u0131 say\u0131lardan \/ harflerden olu\u015fur.<\/p> <\/div> <div class=\"schema-faq-section\" id=\"faq-question-1621587936810\"><strong class=\"schema-faq-question\">Mavi u\u00e7aklar, flight radar&#8217;da ne anlama geliyor?<\/strong> <p class=\"schema-faq-answer\">Mavi renkte g\u00f6sterilen u\u00e7aklar ADS-B ile uydu \u00fczerinden takip edilmektedir. \u00c7o\u011funlukla bu, okyanuslarda kullan\u0131l\u0131r.<\/p> <\/div> <div class=\"schema-faq-section\" id=\"faq-question-1621588115032\"><strong class=\"schema-faq-question\">Flight radar&#8217;da hangi bilgileri al\u0131r\u0131m?<\/strong> <p class=\"schema-faq-answer\">U\u00e7u\u015f radar\u0131nda u\u00e7ak tipini, kalk\u0131\u015f yerini, geli\u015f, kalk\u0131\u015f ve var\u0131\u015f saatlerini g\u00f6rebilirsiniz. Ayr\u0131ca u\u00e7a\u011f\u0131n \u015fu anda nerede oldu\u011funu ve u\u00e7u\u015f rotas\u0131n\u0131 da g\u00f6rebilirsiniz.<\/p> <\/div> <\/div>\n\n\n\n<div style=\"height:100px\" aria-hidden=\"true\" class=\"wp-block-spacer\"><\/div>\n\n\n\n<script async src=\"https:\/\/pagead2.googlesyndication.com\/pagead\/js\/adsbygoogle.js?client=ca-pub-8699335927299131\"\n     crossorigin=\"anonymous\"><\/script>\n<!-- F.F Display Other -->\n<ins class=\"adsbygoogle\"\n     style=\"display:block\"\n     data-ad-client=\"ca-pub-8699335927299131\"\n     data-ad-slot=\"5660843060\"\n     data-ad-format=\"auto\"\n     data-full-width-responsive=\"true\"><\/ins>\n<script>\n     (adsbygoogle = window.adsbygoogle || []).push({});\n<\/script>\n","protected":false},"excerpt":{"rendered":"<p>SSS &#8211; S\u0131k sorulan sorular<\/p>\n","protected":false},"author":1,"featured_media":0,"parent":0,"menu_order":0,"comment_status":"open","ping_status":"closed","template":"","meta":{"footnotes":""},"class_list":["post-1133","page","type-page","status-publish"],"yoast_head":"<!-- This site is optimized with the Yoast SEO plugin v27.2 - https:\/\/yoast.com\/product\/yoast-seo-wordpress\/ -->\n<title>SSS - S\u0131k sorulan sorular - flightradar.flights<\/title>\n<meta name=\"description\" content=\"Flightradar.flights Flight radar ve u\u00e7u\u015f takibi hakk\u0131nda s\u0131k sorulan sorular.\" \/>\n<meta name=\"robots\" content=\"index, follow, max-snippet:-1, max-image-preview:large, max-video-preview:-1\" \/>\n<link rel=\"canonical\" href=\"https:\/\/flightradar.flights\/tr\/faq\/\" \/>\n<meta property=\"og:locale\" content=\"tr_TR\" \/>\n<meta property=\"og:type\" content=\"article\" \/>\n<meta property=\"og:title\" content=\"SSS - S\u0131k sorulan sorular - flightradar.flights\" \/>\n<meta property=\"og:description\" content=\"Flightradar.flights Flight radar ve u\u00e7u\u015f takibi hakk\u0131nda s\u0131k sorulan sorular.\" \/>\n<meta property=\"og:url\" content=\"https:\/\/flightradar.flights\/tr\/faq\/\" \/>\n<meta property=\"og:site_name\" content=\"flightradar.flights\" \/>\n<meta property=\"article:modified_time\" content=\"2022-01-06T09:18:50+00:00\" \/>\n<meta property=\"og:image\" content=\"https:\/\/flightradar.flights\/content\/uploads\/2022\/01\/Logo200x200.jpg\" \/>\n\t<meta property=\"og:image:width\" content=\"200\" \/>\n\t<meta property=\"og:image:height\" content=\"200\" \/>\n\t<meta property=\"og:image:type\" content=\"image\/jpeg\" \/>\n<meta name=\"twitter:card\" content=\"summary_large_image\" \/>\n<meta name=\"twitter:label1\" content=\"Tahmini okuma s\u00fcresi\" \/>\n\t<meta name=\"twitter:data1\" content=\"1 dakika\" \/>\n<script type=\"application\/ld+json\" class=\"yoast-schema-graph\">{\"@context\":\"https:\/\/schema.org\",\"@graph\":[{\"@type\":[\"WebPage\",\"FAQPage\"],\"@id\":\"https:\/\/flightradar.flights\/tr\/faq\/\",\"url\":\"https:\/\/flightradar.flights\/tr\/faq\/\",\"name\":\"SSS - S\u0131k sorulan sorular - flightradar.flights\",\"isPartOf\":{\"@id\":\"https:\/\/flightradar.flights\/tr\/#website\"},\"datePublished\":\"2021-05-21T09:37:21+00:00\",\"dateModified\":\"2022-01-06T09:18:50+00:00\",\"description\":\"Flightradar.flights Flight radar ve u\u00e7u\u015f takibi hakk\u0131nda s\u0131k sorulan sorular.\",\"breadcrumb\":{\"@id\":\"https:\/\/flightradar.flights\/tr\/faq\/#breadcrumb\"},\"mainEntity\":[{\"@id\":\"https:\/\/flightradar.flights\/tr\/faq\/#faq-question-1621587381797\"},{\"@id\":\"https:\/\/flightradar.flights\/tr\/faq\/#faq-question-1621587493412\"},{\"@id\":\"https:\/\/flightradar.flights\/tr\/faq\/#faq-question-1621587643877\"},{\"@id\":\"https:\/\/flightradar.flights\/tr\/faq\/#faq-question-1621587688776\"},{\"@id\":\"https:\/\/flightradar.flights\/tr\/faq\/#faq-question-1621587801464\"},{\"@id\":\"https:\/\/flightradar.flights\/tr\/faq\/#faq-question-1621587936810\"},{\"@id\":\"https:\/\/flightradar.flights\/tr\/faq\/#faq-question-1621588115032\"}],\"inLanguage\":\"tr\",\"potentialAction\":[{\"@type\":\"ReadAction\",\"target\":[\"https:\/\/flightradar.flights\/tr\/faq\/\"]}]},{\"@type\":\"BreadcrumbList\",\"@id\":\"https:\/\/flightradar.flights\/tr\/faq\/#breadcrumb\",\"itemListElement\":[{\"@type\":\"ListItem\",\"position\":1,\"name\":\"Startseite\",\"item\":\"https:\/\/flightradar.flights\/tr\/\"},{\"@type\":\"ListItem\",\"position\":2,\"name\":\"SSS &#8211; S\u0131k sorulan sorular\"}]},{\"@type\":\"WebSite\",\"@id\":\"https:\/\/flightradar.flights\/tr\/#website\",\"url\":\"https:\/\/flightradar.flights\/tr\/\",\"name\":\"flightradar.flights\",\"description\":\"\",\"publisher\":{\"@id\":\"https:\/\/flightradar.flights\/tr\/#organization\"},\"potentialAction\":[{\"@type\":\"SearchAction\",\"target\":{\"@type\":\"EntryPoint\",\"urlTemplate\":\"https:\/\/flightradar.flights\/tr\/?s={search_term_string}\"},\"query-input\":{\"@type\":\"PropertyValueSpecification\",\"valueRequired\":true,\"valueName\":\"search_term_string\"}}],\"inLanguage\":\"tr\"},{\"@type\":\"Organization\",\"@id\":\"https:\/\/flightradar.flights\/tr\/#organization\",\"name\":\"flightradar.flights\",\"url\":\"https:\/\/flightradar.flights\/tr\/\",\"logo\":{\"@type\":\"ImageObject\",\"inLanguage\":\"tr\",\"@id\":\"https:\/\/flightradar.flights\/tr\/#\/schema\/logo\/image\/\",\"url\":\"https:\/\/flightradar.flights\/content\/uploads\/2022\/01\/Logo150x150.jpg\",\"contentUrl\":\"https:\/\/flightradar.flights\/content\/uploads\/2022\/01\/Logo150x150.jpg\",\"width\":150,\"height\":150,\"caption\":\"flightradar.flights\"},\"image\":{\"@id\":\"https:\/\/flightradar.flights\/tr\/#\/schema\/logo\/image\/\"}},{\"@type\":\"Question\",\"@id\":\"https:\/\/flightradar.flights\/tr\/faq\/#faq-question-1621587381797\",\"position\":1,\"url\":\"https:\/\/flightradar.flights\/tr\/faq\/#faq-question-1621587381797\",\"name\":\"Flightradar.flights \u00fccretsiz mi?\",\"answerCount\":1,\"acceptedAnswer\":{\"@type\":\"Answer\",\"text\":\"Flightradar.flights, temel i\u015flevlerinde \u00fccretsiz olarak kullan\u0131labilir.\",\"inLanguage\":\"tr\"},\"inLanguage\":\"tr\"},{\"@type\":\"Question\",\"@id\":\"https:\/\/flightradar.flights\/tr\/faq\/#faq-question-1621587493412\",\"position\":2,\"url\":\"https:\/\/flightradar.flights\/tr\/faq\/#faq-question-1621587493412\",\"name\":\"Flight radar neden u\u00e7aklar\u0131 g\u00f6stermiyor?\",\"answerCount\":1,\"acceptedAnswer\":{\"@type\":\"Answer\",\"text\":\"Taray\u0131c\u0131n\u0131zda gizli modda olmad\u0131\u011f\u0131n\u0131zdan emin olun. Gizli mod, u\u00e7u\u015f radar\u0131n\u0131 tam olarak y\u00fcr\u00fctmek i\u00e7in gerekli olan belirli verilerin y\u00fcr\u00fct\u00fclmesini engeller.\",\"inLanguage\":\"tr\"},\"inLanguage\":\"tr\"},{\"@type\":\"Question\",\"@id\":\"https:\/\/flightradar.flights\/tr\/faq\/#faq-question-1621587643877\",\"position\":3,\"url\":\"https:\/\/flightradar.flights\/tr\/faq\/#faq-question-1621587643877\",\"name\":\"U\u00e7u\u015f radar\u0131 ger\u00e7ek zamanl\u0131 m\u0131?\",\"answerCount\":1,\"acceptedAnswer\":{\"@type\":\"Answer\",\"text\":\"U\u00e7u\u015f radar\u0131 mevcut hava trafi\u011fini ger\u00e7ek zamanl\u0131 olarak g\u00f6sterir.\",\"inLanguage\":\"tr\"},\"inLanguage\":\"tr\"},{\"@type\":\"Question\",\"@id\":\"https:\/\/flightradar.flights\/tr\/faq\/#faq-question-1621587688776\",\"position\":4,\"url\":\"https:\/\/flightradar.flights\/tr\/faq\/#faq-question-1621587688776\",\"name\":\"Bir u\u00e7u\u015fu nas\u0131l takip edebilirim?\",\"answerCount\":1,\"acceptedAnswer\":{\"@type\":\"Answer\",\"text\":\"U\u00e7u\u015f radar\u0131nda, izlemek i\u00e7in bir u\u00e7a\u011f\u0131 se\u00e7mek i\u00e7in ak\u0131ll\u0131 telefondaki sol fare d\u00fc\u011fmesini veya parma\u011f\u0131n\u0131z\u0131 kullan\u0131n. Arama \u00e7ubu\u011funa ge\u00e7erli bir u\u00e7u\u015f numaras\u0131 da girebilirsiniz.\",\"inLanguage\":\"tr\"},\"inLanguage\":\"tr\"},{\"@type\":\"Question\",\"@id\":\"https:\/\/flightradar.flights\/tr\/faq\/#faq-question-1621587801464\",\"position\":5,\"url\":\"https:\/\/flightradar.flights\/tr\/faq\/#faq-question-1621587801464\",\"name\":\"U\u00e7u\u015f numaram\u0131 nerede bulabilirim?\",\"answerCount\":1,\"acceptedAnswer\":{\"@type\":\"Answer\",\"text\":\"U\u00e7u\u015f numaran\u0131z\u0131 u\u00e7ak biletlerinizin \u00fczerinde bulmal\u0131s\u0131n\u0131z. Bu genellikle 4 ila 6 basamakl\u0131 say\u0131lardan \/ harflerden olu\u015fur.\",\"inLanguage\":\"tr\"},\"inLanguage\":\"tr\"},{\"@type\":\"Question\",\"@id\":\"https:\/\/flightradar.flights\/tr\/faq\/#faq-question-1621587936810\",\"position\":6,\"url\":\"https:\/\/flightradar.flights\/tr\/faq\/#faq-question-1621587936810\",\"name\":\"Mavi u\u00e7aklar, flight radar'da ne anlama geliyor?\",\"answerCount\":1,\"acceptedAnswer\":{\"@type\":\"Answer\",\"text\":\"Mavi renkte g\u00f6sterilen u\u00e7aklar ADS-B ile uydu \u00fczerinden takip edilmektedir. \u00c7o\u011funlukla bu, okyanuslarda kullan\u0131l\u0131r.\",\"inLanguage\":\"tr\"},\"inLanguage\":\"tr\"},{\"@type\":\"Question\",\"@id\":\"https:\/\/flightradar.flights\/tr\/faq\/#faq-question-1621588115032\",\"position\":7,\"url\":\"https:\/\/flightradar.flights\/tr\/faq\/#faq-question-1621588115032\",\"name\":\"Flight radar'da hangi bilgileri al\u0131r\u0131m?\",\"answerCount\":1,\"acceptedAnswer\":{\"@type\":\"Answer\",\"text\":\"U\u00e7u\u015f radar\u0131nda u\u00e7ak tipini, kalk\u0131\u015f yerini, geli\u015f, kalk\u0131\u015f ve var\u0131\u015f saatlerini g\u00f6rebilirsiniz. Ayr\u0131ca u\u00e7a\u011f\u0131n \u015fu anda nerede oldu\u011funu ve u\u00e7u\u015f rotas\u0131n\u0131 da g\u00f6rebilirsiniz.\",\"inLanguage\":\"tr\"},\"inLanguage\":\"tr\"}]}<\/script>\n<!-- \/ Yoast SEO plugin. -->","yoast_head_json":{"title":"SSS - S\u0131k sorulan sorular - flightradar.flights","description":"Flightradar.flights Flight radar ve u\u00e7u\u015f takibi hakk\u0131nda s\u0131k sorulan sorular.","robots":{"index":"index","follow":"follow","max-snippet":"max-snippet:-1","max-image-preview":"max-image-preview:large","max-video-preview":"max-video-preview:-1"},"canonical":"https:\/\/flightradar.flights\/tr\/faq\/","og_locale":"tr_TR","og_type":"article","og_title":"SSS - S\u0131k sorulan sorular - flightradar.flights","og_description":"Flightradar.flights Flight radar ve u\u00e7u\u015f takibi hakk\u0131nda s\u0131k sorulan sorular.","og_url":"https:\/\/flightradar.flights\/tr\/faq\/","og_site_name":"flightradar.flights","article_modified_time":"2022-01-06T09:18:50+00:00","og_image":[{"width":200,"height":200,"url":"https:\/\/flightradar.flights\/content\/uploads\/2022\/01\/Logo200x200.jpg","type":"image\/jpeg"}],"twitter_card":"summary_large_image","twitter_misc":{"Tahmini okuma s\u00fcresi":"1 dakika"},"schema":{"@context":"https:\/\/schema.org","@graph":[{"@type":["WebPage","FAQPage"],"@id":"https:\/\/flightradar.flights\/tr\/faq\/","url":"https:\/\/flightradar.flights\/tr\/faq\/","name":"SSS - S\u0131k sorulan sorular - flightradar.flights","isPartOf":{"@id":"https:\/\/flightradar.flights\/tr\/#website"},"datePublished":"2021-05-21T09:37:21+00:00","dateModified":"2022-01-06T09:18:50+00:00","description":"Flightradar.flights Flight radar ve u\u00e7u\u015f takibi hakk\u0131nda s\u0131k sorulan sorular.","breadcrumb":{"@id":"https:\/\/flightradar.flights\/tr\/faq\/#breadcrumb"},"mainEntity":[{"@id":"https:\/\/flightradar.flights\/tr\/faq\/#faq-question-1621587381797"},{"@id":"https:\/\/flightradar.flights\/tr\/faq\/#faq-question-1621587493412"},{"@id":"https:\/\/flightradar.flights\/tr\/faq\/#faq-question-1621587643877"},{"@id":"https:\/\/flightradar.flights\/tr\/faq\/#faq-question-1621587688776"},{"@id":"https:\/\/flightradar.flights\/tr\/faq\/#faq-question-1621587801464"},{"@id":"https:\/\/flightradar.flights\/tr\/faq\/#faq-question-1621587936810"},{"@id":"https:\/\/flightradar.flights\/tr\/faq\/#faq-question-1621588115032"}],"inLanguage":"tr","potentialAction":[{"@type":"ReadAction","target":["https:\/\/flightradar.flights\/tr\/faq\/"]}]},{"@type":"BreadcrumbList","@id":"https:\/\/flightradar.flights\/tr\/faq\/#breadcrumb","itemListElement":[{"@type":"ListItem","position":1,"name":"Startseite","item":"https:\/\/flightradar.flights\/tr\/"},{"@type":"ListItem","position":2,"name":"SSS &#8211; S\u0131k sorulan sorular"}]},{"@type":"WebSite","@id":"https:\/\/flightradar.flights\/tr\/#website","url":"https:\/\/flightradar.flights\/tr\/","name":"flightradar.flights","description":"","publisher":{"@id":"https:\/\/flightradar.flights\/tr\/#organization"},"potentialAction":[{"@type":"SearchAction","target":{"@type":"EntryPoint","urlTemplate":"https:\/\/flightradar.flights\/tr\/?s={search_term_string}"},"query-input":{"@type":"PropertyValueSpecification","valueRequired":true,"valueName":"search_term_string"}}],"inLanguage":"tr"},{"@type":"Organization","@id":"https:\/\/flightradar.flights\/tr\/#organization","name":"flightradar.flights","url":"https:\/\/flightradar.flights\/tr\/","logo":{"@type":"ImageObject","inLanguage":"tr","@id":"https:\/\/flightradar.flights\/tr\/#\/schema\/logo\/image\/","url":"https:\/\/flightradar.flights\/content\/uploads\/2022\/01\/Logo150x150.jpg","contentUrl":"https:\/\/flightradar.flights\/content\/uploads\/2022\/01\/Logo150x150.jpg","width":150,"height":150,"caption":"flightradar.flights"},"image":{"@id":"https:\/\/flightradar.flights\/tr\/#\/schema\/logo\/image\/"}},{"@type":"Question","@id":"https:\/\/flightradar.flights\/tr\/faq\/#faq-question-1621587381797","position":1,"url":"https:\/\/flightradar.flights\/tr\/faq\/#faq-question-1621587381797","name":"Flightradar.flights \u00fccretsiz mi?","answerCount":1,"acceptedAnswer":{"@type":"Answer","text":"Flightradar.flights, temel i\u015flevlerinde \u00fccretsiz olarak kullan\u0131labilir.","inLanguage":"tr"},"inLanguage":"tr"},{"@type":"Question","@id":"https:\/\/flightradar.flights\/tr\/faq\/#faq-question-1621587493412","position":2,"url":"https:\/\/flightradar.flights\/tr\/faq\/#faq-question-1621587493412","name":"Flight radar neden u\u00e7aklar\u0131 g\u00f6stermiyor?","answerCount":1,"acceptedAnswer":{"@type":"Answer","text":"Taray\u0131c\u0131n\u0131zda gizli modda olmad\u0131\u011f\u0131n\u0131zdan emin olun. Gizli mod, u\u00e7u\u015f radar\u0131n\u0131 tam olarak y\u00fcr\u00fctmek i\u00e7in gerekli olan belirli verilerin y\u00fcr\u00fct\u00fclmesini engeller.","inLanguage":"tr"},"inLanguage":"tr"},{"@type":"Question","@id":"https:\/\/flightradar.flights\/tr\/faq\/#faq-question-1621587643877","position":3,"url":"https:\/\/flightradar.flights\/tr\/faq\/#faq-question-1621587643877","name":"U\u00e7u\u015f radar\u0131 ger\u00e7ek zamanl\u0131 m\u0131?","answerCount":1,"acceptedAnswer":{"@type":"Answer","text":"U\u00e7u\u015f radar\u0131 mevcut hava trafi\u011fini ger\u00e7ek zamanl\u0131 olarak g\u00f6sterir.","inLanguage":"tr"},"inLanguage":"tr"},{"@type":"Question","@id":"https:\/\/flightradar.flights\/tr\/faq\/#faq-question-1621587688776","position":4,"url":"https:\/\/flightradar.flights\/tr\/faq\/#faq-question-1621587688776","name":"Bir u\u00e7u\u015fu nas\u0131l takip edebilirim?","answerCount":1,"acceptedAnswer":{"@type":"Answer","text":"U\u00e7u\u015f radar\u0131nda, izlemek i\u00e7in bir u\u00e7a\u011f\u0131 se\u00e7mek i\u00e7in ak\u0131ll\u0131 telefondaki sol fare d\u00fc\u011fmesini veya parma\u011f\u0131n\u0131z\u0131 kullan\u0131n. Arama \u00e7ubu\u011funa ge\u00e7erli bir u\u00e7u\u015f numaras\u0131 da girebilirsiniz.","inLanguage":"tr"},"inLanguage":"tr"},{"@type":"Question","@id":"https:\/\/flightradar.flights\/tr\/faq\/#faq-question-1621587801464","position":5,"url":"https:\/\/flightradar.flights\/tr\/faq\/#faq-question-1621587801464","name":"U\u00e7u\u015f numaram\u0131 nerede bulabilirim?","answerCount":1,"acceptedAnswer":{"@type":"Answer","text":"U\u00e7u\u015f numaran\u0131z\u0131 u\u00e7ak biletlerinizin \u00fczerinde bulmal\u0131s\u0131n\u0131z. Bu genellikle 4 ila 6 basamakl\u0131 say\u0131lardan \/ harflerden olu\u015fur.","inLanguage":"tr"},"inLanguage":"tr"},{"@type":"Question","@id":"https:\/\/flightradar.flights\/tr\/faq\/#faq-question-1621587936810","position":6,"url":"https:\/\/flightradar.flights\/tr\/faq\/#faq-question-1621587936810","name":"Mavi u\u00e7aklar, flight radar'da ne anlama geliyor?","answerCount":1,"acceptedAnswer":{"@type":"Answer","text":"Mavi renkte g\u00f6sterilen u\u00e7aklar ADS-B ile uydu \u00fczerinden takip edilmektedir. \u00c7o\u011funlukla bu, okyanuslarda kullan\u0131l\u0131r.","inLanguage":"tr"},"inLanguage":"tr"},{"@type":"Question","@id":"https:\/\/flightradar.flights\/tr\/faq\/#faq-question-1621588115032","position":7,"url":"https:\/\/flightradar.flights\/tr\/faq\/#faq-question-1621588115032","name":"Flight radar'da hangi bilgileri al\u0131r\u0131m?","answerCount":1,"acceptedAnswer":{"@type":"Answer","text":"U\u00e7u\u015f radar\u0131nda u\u00e7ak tipini, kalk\u0131\u015f yerini, geli\u015f, kalk\u0131\u015f ve var\u0131\u015f saatlerini g\u00f6rebilirsiniz. Ayr\u0131ca u\u00e7a\u011f\u0131n \u015fu anda nerede oldu\u011funu ve u\u00e7u\u015f rotas\u0131n\u0131 da g\u00f6rebilirsiniz.","inLanguage":"tr"},"inLanguage":"tr"}]}},"_links":{"self":[{"href":"https:\/\/flightradar.flights\/tr\/wp-json\/wp\/v2\/pages\/1133","targetHints":{"allow":["GET"]}}],"collection":[{"href":"https:\/\/flightradar.flights\/tr\/wp-json\/wp\/v2\/pages"}],"about":[{"href":"https:\/\/flightradar.flights\/tr\/wp-json\/wp\/v2\/types\/page"}],"author":[{"embeddable":true,"href":"https:\/\/flightradar.flights\/tr\/wp-json\/wp\/v2\/users\/1"}],"replies":[{"embeddable":true,"href":"https:\/\/flightradar.flights\/tr\/wp-json\/wp\/v2\/comments?post=1133"}],"version-history":[{"count":0,"href":"https:\/\/flightradar.flights\/tr\/wp-json\/wp\/v2\/pages\/1133\/revisions"}],"wp:attachment":[{"href":"https:\/\/flightradar.flights\/tr\/wp-json\/wp\/v2\/media?parent=1133"}],"curies":[{"name":"wp","href":"https:\/\/api.w.org\/{rel}","templated":true}]}}