{"id":2454,"date":"2021-04-22T13:44:23","date_gmt":"2021-04-22T11:44:23","guid":{"rendered":"https:\/\/flightradar.flights\/flugverfolgung\/"},"modified":"2025-04-07T11:25:25","modified_gmt":"2025-04-07T09:25:25","slug":"flygsparning","status":"publish","type":"page","link":"https:\/\/flightradar.flights\/sv\/flygsparning\/","title":{"rendered":"Flygsp\u00e5rning"},"content":{"rendered":"\n<style type=\"text\/css\">\n.adslot_1 { width: 320px; height: 100px; }\n@media (min-width:500px) { .adslot_1 { width: 468px; height: 60px; } }\n@media (min-width:800px) { .adslot_1 { width: 728px; height: 90px; } }\n<\/style>\n<ins class=\"adsbygoogle adslot_1\"\n    style=\"display:flex; justify-content:center; align-items:center; width:100%;\"\n    data-ad-client=\"ca-pub-8699335927299131\"\n    data-ad-slot=\"5036631304\"><\/ins>\n<script async src=\"https:\/\/pagead2.googlesyndication.com\/pagead\/js\/adsbygoogle.js?client=ca-pub-8699335927299131\" crossorigin=\"anonymous\"><\/script>\n<script>(adsbygoogle = window.adsbygoogle || []).push({});<\/script>\n\n\n\n<link rel=\"stylesheet\" href=\"https:\/\/flightradar.flights\/content\/uploads\/custom-css-js\/718.css\">\n<figure class=\"full-width2\">\n<div class=\"main_widget\"><div style=\"display:flex;height:550px;background-color:#222;background-repeat: no-repeat;background-position-x:center;position:relative;align-items:center;justify-content:center;background-image:linear-gradient( rgba(0,0,0,.5),rgba(0,0,0,.5) ),url(https:\/\/flightradar.flights\/content\/uploads\/2024\/11\/PlaceholderRadar-minwepb.webp)\">\n<button id=\"button\" style=\"position:absolute;background-color:#ff9e09;border:none;border-radius:5px;font-size:25px;font-weight:700;padding:30px 45px;color:#282828\">START<\/button>\n<div id=\"iframeHolder\" style=\"width:100%\"><\/div><\/div><\/div><\/figure>\n\n\n<script src=\"https:\/\/radar24.net\/wp-content\/uploads\/custom-css-js\/28.js\"><\/script>\n<script src=\"https:\/\/flightradar.flights\/content\/uploads\/custom-css-js\/3883.js\"><\/script>\n\n\n\n<link rel=\"stylesheet\" href=\"https:\/\/flightradar.flights\/content\/uploads\/custom-css-js\/4504.css\">\n<div class=\"ad-containerbottom\">\n<script async src=\"https:\/\/pagead2.googlesyndication.com\/pagead\/js\/adsbygoogle.js?client=ca-pub-8699335927299131\"\n     crossorigin=\"anonymous\"><\/script>\n<!-- F.F Display underradar -->\n<ins class=\"adsbygoogle\"\n     style=\"display:block\"\n     data-ad-client=\"ca-pub-8699335927299131\"\n     data-ad-slot=\"8182423994\"\n     data-ad-format=\"auto\"\n     data-full-width-responsive=\"true\"><\/ins>\n<script>\n     (adsbygoogle = window.adsbygoogle || []).push({});\n<\/script>\n<\/div>\n\n\n\n<div style=\"height:50px\" aria-hidden=\"true\" class=\"wp-block-spacer\"><\/div>\n\n\n\n<div class=\"wp-block-group alignfull dottedbg has-base-3-color has-contrast-background-color has-text-color has-background\"><div class=\"wp-block-group__inner-container is-layout-flow wp-block-group-is-layout-flow\">\n<p class=\"has-text-align-center has-medium-font-size\"><em><strong>Denna korta <\/strong><\/em><i class=\"fab  fa-youtube-square\"><\/i><em><strong> <span style=\"color:#f90000\" class=\"has-inline-color\">Video<\/span> visar hur du sp\u00e5rar ett flygplan p\u00e5 <span style=\"color:#62b515 \" class=\"has-inline-color\">flightradar.flights<\/span>.<\/strong><\/em><\/p>\n\n\n\n<div class=\"wp-block-columns is-layout-flex wp-container-core-columns-is-layout-9d6595d7 wp-block-columns-is-layout-flex\">\n<div class=\"wp-block-column is-layout-flow wp-block-column-is-layout-flow\"><figure class=\"wp-block-embed-youtube wp-block-embed is-type-video is-provider-youtube wp-embed-aspect-16-9 wp-has-aspect-ratio\"><div class=\"lyte-wrapper\" style=\"width:853px;max-width:100%;margin:5px auto;\"><div class=\"lyMe\" id=\"WYL_txr9oHXB5lQ\"><div id=\"lyte_txr9oHXB5lQ\" data-src=\"https:\/\/flightradar.flights\/content\/plugins\/wp-youtube-lyte\/lyteCache.php?origThumbUrl=%2F%2Fi.ytimg.com%2Fvi%2Ftxr9oHXB5lQ%2Fhqdefault.jpg\" class=\"pL\"><div class=\"tC\"><div class=\"tT\"><\/div><\/div><div class=\"play\"><\/div><div class=\"ctrl\"><div class=\"Lctrl\"><\/div><div class=\"Rctrl\"><\/div><\/div><\/div><noscript><a href=\"https:\/\/youtu.be\/txr9oHXB5lQ\" rel=\"nofollow\"><img loading=\"lazy\" decoding=\"async\" src=\"https:\/\/flightradar.flights\/content\/plugins\/wp-youtube-lyte\/lyteCache.php?origThumbUrl=https%3A%2F%2Fi.ytimg.com%2Fvi%2Ftxr9oHXB5lQ%2F0.jpg\" alt=\"YouTube video thumbnail\" width=\"853\" height=\"460\" \/><br \/>Watch this video on YouTube<\/a><\/noscript><\/div><\/div><div class=\"lL\" style=\"max-width:100%;width:853px;margin:5px auto;\"><\/div><figcaption><\/figcaption><\/figure><\/div>\n<\/div>\n<\/div><\/div>\n\n\n\n<div style=\"height:50px\" aria-hidden=\"true\" class=\"wp-block-spacer\"><\/div>\n\n\n\n<h1 class=\"wp-block-heading has-text-align-center\"><strong>V\u00e4lkommen till flygsp\u00e5rning<\/strong><\/h1>\n\n\n\n<div style=\"height:50px\" aria-hidden=\"true\" class=\"wp-block-spacer\"><\/div>\n\n\n\n<h2 class=\"wp-block-heading has-text-align-center\"><strong>Flygsp\u00e5rning online<\/strong><\/h2>\n\n\n\n<p class=\"has-text-align-center\">Flygledningsteknik gynnar inte bara flygtrafiks\u00e4kerheten, utan \u00e4ven privatpersoner som vill registrera aktuella data p\u00e5 en flygning. Med flygsp\u00e5rning kan du orientera dig b\u00e4ttre n\u00e4r du beh\u00f6ver h\u00e5lla aff\u00e4rs- eller privata m\u00f6ten och optimera ditt schema. Med ADS-B-transpondrar och nu \u00e4ven satellitbaserad databehandling har du m\u00f6jlighet att s\u00f6ka efter all viktig flygdata i realtid och visa dem p\u00e5 din terminalenhet. Radarn och data uppdateras varje sekund. <a href=\"https:\/\/flightradar.flights\/sv\/\">Flightradar24<\/a> \u00f6vervakar mer \u00e4n 100 000 flygningar varje dag. Flygsp\u00e5rning \u00e4r nu gener\u00f6st t\u00e4ckt \u00f6ver hela v\u00e4rlden. D\u00e4rmed \u00e4r en s\u00e4ker flygsp\u00e5rning m\u00f6jlig, som kan f\u00f6lja med dig p\u00e5 dina eller andras resor.<\/p>\n\n\n\n<p class=\"has-text-align-center\">Med hj\u00e4lp av Flightradar.flights, tack vare radarn, kan du enkelt sp\u00e5ra flyginformationen du f\u00f6r n\u00e4rvarande beh\u00f6ver p\u00e5 din smartphone, surfplatta eller station\u00e4ra dator.<a href=\"https:\/\/flightradars24.de\/wp-content\/uploads\/2017\/12\/Radardienststeller1.jpg\"><\/a><\/p>\n\n\n\n<div style=\"height:50px\" aria-hidden=\"true\" class=\"wp-block-spacer\"><\/div>\n\n\n\n<h3 class=\"wp-block-heading has-text-align-center\"><strong>Antal flygningar \u00f6ver hela v\u00e4rlden<\/strong><\/h3>\n\n\n\n<div class=\"wp-block-media-text alignwide is-stacked-on-mobile\"><figure class=\"wp-block-media-text__media\"><img loading=\"lazy\" decoding=\"async\" width=\"600\" height=\"450\" src=\"https:\/\/flightradar.flights\/content\/uploads\/2022\/01\/flights-per-year-min-min.jpg\" alt=\"Flygsp\u00e5rning Flygningar per \u00e5r \u00f6ver hela v\u00e4rlden\" class=\"wp-image-2410 size-full\" srcset=\"https:\/\/flightradar.flights\/content\/uploads\/2022\/01\/flights-per-year-min-min.jpg 600w, https:\/\/flightradar.flights\/content\/uploads\/2022\/01\/flights-per-year-min-min-300x225.jpg 300w\" sizes=\"auto, (max-width: 600px) 100vw, 600px\" \/><\/figure><div class=\"wp-block-media-text__content\">\n<p class=\"has-text-align-center has-medium-font-size\">Flygtrafiken har \u00f6kat stadigt sedan starten. <strong>Covid-19<\/strong> satte dock en stark pr\u00e4gel p\u00e5 flyget 2020, s\u00e5 det fanns inte ens h\u00e4lften av flygningarna 2020 som \u00e5ret innan. En normalisering till den gamla toppen 2019 f\u00f6rv\u00e4ntas fr\u00e5n 2025.<\/p>\n<\/div><\/div>\n\n\n\n<div style=\"height:50px\" aria-hidden=\"true\" class=\"wp-block-spacer\"><\/div>\n\n\n\n<h2 class=\"wp-block-heading has-text-align-center\"><strong>Hur fungerar radarflygsp\u00e5rning?<\/strong><\/h2>\n\n\n\n<p class=\"has-text-align-center\">Med flygsp\u00e5rning kan du f\u00f6lja flygstatusen f\u00f6r vilket flygplan som helst online, s\u00e5 att du b\u00e4ttre kan bed\u00f6ma statusen och se i n\u00e4stan realtid n\u00e4r flygplanet lyfter, landar, var det \u00e4r just nu, \u00e4r f\u00f6rsenat eller n\u00e4rmar sig flygdestinationen.<\/p>\n\n\n\n<p class=\"has-text-align-center\">Du kommer ocks\u00e5 att f\u00e5 fullst\u00e4ndigt inspelad data fr\u00e5n flygplanet som du sp\u00e5rar p\u00e5 radarn. De viktigaste uppgifterna, som du kan anv\u00e4nda gratis tack vare flygradarn p\u00e5 denna sida, inkluderar:<\/p>\n\n\n\n<div class=\"wp-block-columns has-base-background-color has-background is-layout-flex wp-container-core-columns-is-layout-9d6595d7 wp-block-columns-is-layout-flex\">\n<div class=\"wp-block-column is-vertically-aligned-center is-layout-flow wp-block-column-is-layout-flow\">\n<ul class=\"wp-block-list\">\n<li>flygnummer<\/li>\n\n\n\n<li>flygbolag<\/li>\n\n\n\n<li>flygplanets identifieringsnummer<\/li>\n\n\n\n<li>typ och klass<\/li>\n\n\n\n<li>F\u00f6rv\u00e4ntad flygtid<\/li>\n\n\n\n<li>flygv\u00e4g<\/li>\n\n\n\n<li>tillryggalagd flygstr\u00e4cka<\/li>\n\n\n\n<li>Avg\u00e5ngs- och ankomstflygplats<\/li>\n<\/ul>\n<\/div>\n\n\n\n<div class=\"wp-block-column is-vertically-aligned-center is-layout-flow wp-block-column-is-layout-flow\">\n<ul class=\"wp-block-list\">\n<li>avg\u00e5ng och ankomsttid<\/li>\n\n\n\n<li>Foto av flygplanet (om n\u00e5got)<\/li>\n\n\n\n<li>h\u00f6jd \u00f6ver havet<\/li>\n\n\n\n<li>Latitud och longitud<\/li>\n\n\n\n<li>St\u00e4der och flygplatser (IATA-kodning)<\/li>\n\n\n\n<li>Landningsbana<\/li>\n\n\n\n<li>v\u00e4dret just nu<\/li>\n\n\n\n<li>fart<\/li>\n<\/ul>\n<\/div>\n<\/div>\n\n\n\n<div style=\"height:50px\" aria-hidden=\"true\" class=\"wp-block-spacer\"><\/div>\n\n\n\n<h2 class=\"wp-block-heading has-text-align-center\"><strong>Vilka plan kan du sp\u00e5ra?<\/strong><\/h2>\n\n\n\n<p class=\"has-text-align-center\">Du kan sp\u00e5ra alla flygplan utrustade med en transponder p\u00e5 radar. Detta inkluderar alla passagerarflygplan som m\u00e5nga m\u00e4nniskor anv\u00e4nder f\u00f6r att resa runt i v\u00e4rlden varje dag. Idag \u00e4r ADS-B-transpondrar en del av den obligatoriska basutrustningen f\u00f6r kommersiella flygplan och de flesta aff\u00e4rsjetplan. Markfordon p\u00e5 flygplatsen \u00e4r ocks\u00e5 utrustade med ADS-B-transpondrar. ADS-B g\u00f6r det m\u00f6jligt f\u00f6r flygledningen att optimalt \u00f6vervaka flygplan, men \u00e4ven markfordon f\u00f6r att \u00f6ka s\u00e4kerheten.<\/p>\n\n\n\n<p class=\"has-text-align-center\">De moderna h\u00f6gteknologiska radarerna kan sp\u00e5ra alla flygplan utrustade med den speciella transpondern. Detta inkluderar:<\/p>\n\n\n\n<p class=\"has-text-align-center has-base-background-color has-background has-medium-font-size\"><strong>  <span style=\"font-size: inherit;\"><i class=\"fas fa-plane\"><\/i><\/span> Flygplan<\/strong><\/p>\n\n\n\n<p class=\"has-text-align-center has-base-background-color has-background has-medium-font-size\"><strong> <span style=\"font-size: inherit;\"><i class=\"fas fa-plane\"><\/i><\/span> Lastplan<\/strong><\/p>\n\n\n\n<p class=\"has-text-align-center has-base-background-color has-background has-medium-font-size\"><strong> <span style=\"font-size: inherit;\"><i class=\"fas fa-plane\"><\/i><\/span> Privata flygplan<\/strong><\/p>\n\n\n\n<p class=\"has-text-align-center has-base-background-color has-background has-medium-font-size\"><strong><i class=\"fas fa-helicopter\"><\/i> Helikopter<\/strong><\/p>\n\n\n\n<p class=\"has-text-align-center has-base-background-color has-background has-medium-font-size\"><strong><i class=\"fas fa-fighter-jet\"><\/i> N\u00e5gra milit\u00e4rflygplan<\/strong><\/p>\n\n\n\n<p class=\"has-text-align-center\"><em><strong>Tack vare flygsp\u00e5rning vet du vilken typ av flygplan du letar efter.<\/strong><\/em><\/p>\n\n\n\n<div style=\"height:50px\" aria-hidden=\"true\" class=\"wp-block-spacer\"><\/div>\n\n\n\n<h2 class=\"wp-block-heading has-text-align-center\"><strong>TOP 6 &#8211; De vanligaste flygplanstyperna (fr\u00e5n 2022)<\/strong><\/h2>\n\n\n<div class=\"wp-block-image\">\n<figure class=\"aligncenter size-full\"><img loading=\"lazy\" decoding=\"async\" width=\"800\" height=\"600\" src=\"https:\/\/flightradar.flights\/content\/uploads\/2022\/01\/Top6-common-aircraft-types-min-min.jpg\" alt=\"Vanliga flygplanstyper 2022\" class=\"wp-image-2430\" srcset=\"https:\/\/flightradar.flights\/content\/uploads\/2022\/01\/Top6-common-aircraft-types-min-min.jpg 800w, https:\/\/flightradar.flights\/content\/uploads\/2022\/01\/Top6-common-aircraft-types-min-min-300x225.jpg 300w, https:\/\/flightradar.flights\/content\/uploads\/2022\/01\/Top6-common-aircraft-types-min-min-768x576.jpg 768w\" sizes=\"auto, (max-width: 800px) 100vw, 800px\" \/><\/figure>\n<\/div>\n\n\n<div style=\"height:50px\" aria-hidden=\"true\" class=\"wp-block-spacer\"><\/div>\n\n\n\n<h3 class=\"wp-block-heading has-text-align-center\"><strong>Lista \u00f6ver de mest anv\u00e4nda flygplanstyperna<\/strong><\/h3>\n\n\n\n<p class=\"has-text-align-center\">I f\u00f6ljande lista kan du se ett antal flygplansmodeller som f\u00f6r n\u00e4rvarande anv\u00e4nds flitigt i flygtrafiken.<\/p>\n\n\n\n<div class=\"wp-block-columns alignwide are-vertically-aligned-center has-base-background-color has-background is-layout-flex wp-container-core-columns-is-layout-9d6595d7 wp-block-columns-is-layout-flex\">\n<div class=\"wp-block-column is-vertically-aligned-center is-layout-flow wp-block-column-is-layout-flow\" style=\"flex-basis:50%\">\n<ul class=\"wp-block-list\">\n<li>Airbus (Airbus A300\u2013A380)<\/li>\n\n\n\n<li>Antonov AN-148, AN-158<\/li>\n\n\n\n<li>ATR 72-600<\/li>\n\n\n\n<li>BAe ATP<\/li>\n\n\n\n<li>BAe Avro RJ70, RJ85, RJ100<\/li>\n\n\n\n<li>Boeing 737, 747, 757, 767, 777, 787<\/li>\n\n\n\n<li>Bombardier CS100, CS300<\/li>\n<\/ul>\n<\/div>\n\n\n\n<div class=\"wp-block-column is-vertically-aligned-center is-layout-flow wp-block-column-is-layout-flow\" style=\"flex-basis:50%\">\n<ul class=\"wp-block-list\">\n<li>Embraer E190<\/li>\n\n\n\n<li>Fokker 70\u2013100<\/li>\n\n\n\n<li>Gulfstream V, Gulfstream G500\/550<\/li>\n\n\n\n<li>Tupolev Tu-204<\/li>\n\n\n\n<li>McDonnell Douglas MD-10, MD-11<\/li>\n\n\n\n<li>Sukhoi Superjet 100<\/li>\n\n\n\n<li>Ilyushin Il-96<\/li>\n<\/ul>\n<\/div>\n<\/div>\n\n\n\n<div style=\"height:50px\" aria-hidden=\"true\" class=\"wp-block-spacer\"><\/div>\n\n\n\n<h2 class=\"wp-block-heading has-text-align-center has-medium-font-size\"><strong>Information och exempelbrev<\/strong><\/h2>\n\n\n\n<div class=\"wp-block-buttons is-vertical is-content-justification-center is-layout-flex wp-container-core-buttons-is-layout-9a7cdcfd wp-block-buttons-is-layout-flex\">\n<div class=\"wp-block-button has-custom-font-size is-style-outline has-medium-font-size is-style-outline--1\"><a class=\"wp-block-button__link has-background wp-element-button\" href=\"https:\/\/flightradar.flights\/sv\/forordningen-om-passagerarrattigheter\/\" style=\"border-radius:8px;background-color:#62b515\" target=\"_blank\" rel=\"noreferrer noopener\"><strong>F\u00f6rordningen om flygpassagerares r\u00e4ttigheter<\/strong><\/a><\/div>\n\n\n\n<div class=\"wp-block-button has-custom-font-size is-style-outline has-medium-font-size is-style-outline--2\"><a class=\"wp-block-button__link has-background wp-element-button\" href=\"https:\/\/flightradar.flights\/sv\/mall-for-kompensation-for-flygforseningar\/\" style=\"border-radius:8px;background-color:#62b515\" target=\"_blank\" rel=\"noreferrer noopener\"><strong>Exempelbrev p\u00e5 kompensation f\u00f6r flygf\u00f6rseningar<\/strong><\/a><\/div>\n\n\n\n<div class=\"wp-block-button has-custom-font-size is-style-outline has-medium-font-size is-style-outline--3\"><a class=\"wp-block-button__link has-background wp-element-button\" href=\"https:\/\/flightradar.flights\/sv\/prov-brev-flyg-installd\/\" style=\"border-radius:8px;background-color:#62b515\" target=\"_blank\" rel=\"noreferrer noopener\"><strong>Exempel p\u00e5 kompensationsflyg med brev inst\u00e4llt<\/strong><\/a><\/div>\n<\/div>\n\n\n\n<div class=\"wp-block-buttons is-horizontal is-content-justification-center is-layout-flex wp-container-core-buttons-is-layout-499968f5 wp-block-buttons-is-layout-flex\">\n<div class=\"wp-block-button has-custom-font-size is-style-outline has-medium-font-size is-style-outline--4\"><a class=\"wp-block-button__link has-background wp-element-button\" href=\"https:\/\/flightradar.flights\/sv\/\" style=\"background-color:#62b515\" target=\"_blank\" rel=\"noreferrer noopener\"> <strong>Flightradar24 <\/strong><\/a><\/div>\n\n\n\n<div class=\"wp-block-button has-custom-font-size is-style-outline has-medium-font-size is-style-outline--5\"><a class=\"wp-block-button__link has-background wp-element-button\" href=\"https:\/\/flightradar.flights\/sv\/flygradar\/\" style=\"background-color:#62b515\" target=\"_blank\" rel=\"noreferrer noopener\"><strong>Flygradar<\/strong><\/a><\/div>\n<\/div>\n\n\n\n<p><\/p>\n","protected":false},"excerpt":{"rendered":"<p>START Denna korta Video visar hur du sp\u00e5rar ett flygplan p\u00e5 flightradar.flights. V\u00e4lkommen till flygsp\u00e5rning Flygsp\u00e5rning online Flygledningsteknik gynnar inte bara flygtrafiks\u00e4kerheten, utan \u00e4ven privatpersoner som vill registrera aktuella data p\u00e5 en flygning. Med flygsp\u00e5rning kan du orientera dig b\u00e4ttre n\u00e4r du beh\u00f6ver h\u00e5lla aff\u00e4rs- eller privata m\u00f6ten och optimera ditt schema. Med ADS-B-transpondrar och &#8230; <\/p>\n<p class=\"read-more-container\"><a title=\"Flygsp\u00e5rning\" class=\"read-more button\" href=\"https:\/\/flightradar.flights\/sv\/flygsparning\/#more-2454\" aria-label=\"Mer p\u00e5 Flygsp\u00e5rning\">L\u00e4s mer<\/a><\/p>\n","protected":false},"author":1,"featured_media":2377,"parent":0,"menu_order":0,"comment_status":"closed","ping_status":"closed","template":"","meta":{"footnotes":""},"class_list":["post-2454","page","type-page","status-publish","has-post-thumbnail"],"yoast_head":"<!-- This site is optimized with the Yoast SEO plugin v27.2 - https:\/\/yoast.com\/product\/yoast-seo-wordpress\/ -->\n<title>Flygsp\u00e5rning - Sp\u00e5ra vilket plan som helst p\u00e5 kartan<\/title>\n<meta name=\"description\" content=\"Flygsp\u00e5rning l\u00e5ter dig sp\u00e5ra alla flygplan \u00f6ver hela v\u00e4rlden och best\u00e4mma dess aktuella position. Ange flightnummer h\u00e4r\" \/>\n<meta name=\"robots\" content=\"index, follow, max-snippet:-1, max-image-preview:large, max-video-preview:-1\" \/>\n<link rel=\"canonical\" href=\"https:\/\/flightradar.flights\/sv\/flygsparning\/\" \/>\n<meta property=\"og:locale\" content=\"sv_SE\" \/>\n<meta property=\"og:type\" content=\"article\" \/>\n<meta property=\"og:title\" content=\"Flygsp\u00e5rning - Sp\u00e5ra vilket plan som helst p\u00e5 kartan\" \/>\n<meta property=\"og:description\" content=\"Flygsp\u00e5rning l\u00e5ter dig sp\u00e5ra alla flygplan \u00f6ver hela v\u00e4rlden och best\u00e4mma dess aktuella position. Ange flightnummer h\u00e4r\" \/>\n<meta property=\"og:url\" content=\"https:\/\/flightradar.flights\/sv\/flygsparning\/\" \/>\n<meta property=\"og:site_name\" content=\"flightradar.flights\" \/>\n<meta property=\"article:modified_time\" content=\"2025-04-07T09:25:25+00:00\" \/>\n<meta property=\"og:image\" content=\"https:\/\/flightradar.flights\/content\/uploads\/2022\/01\/Logo150x150.jpg\" \/>\n\t<meta property=\"og:image:width\" content=\"150\" \/>\n\t<meta property=\"og:image:height\" content=\"150\" \/>\n\t<meta property=\"og:image:type\" content=\"image\/jpeg\" \/>\n<meta name=\"twitter:card\" content=\"summary_large_image\" \/>\n<meta name=\"twitter:label1\" content=\"Ber\u00e4knad l\u00e4stid\" \/>\n\t<meta name=\"twitter:data1\" content=\"3 minuter\" \/>\n<script type=\"application\/ld+json\" class=\"yoast-schema-graph\">{\"@context\":\"https:\/\/schema.org\",\"@graph\":[{\"@type\":\"WebPage\",\"@id\":\"https:\/\/flightradar.flights\/sv\/flygsparning\/\",\"url\":\"https:\/\/flightradar.flights\/sv\/flygsparning\/\",\"name\":\"Flygsp\u00e5rning - Sp\u00e5ra vilket plan som helst p\u00e5 kartan\",\"isPartOf\":{\"@id\":\"https:\/\/flightradar.flights\/sv\/#website\"},\"primaryImageOfPage\":{\"@id\":\"https:\/\/flightradar.flights\/sv\/flygsparning\/#primaryimage\"},\"image\":{\"@id\":\"https:\/\/flightradar.flights\/sv\/flygsparning\/#primaryimage\"},\"thumbnailUrl\":\"https:\/\/flightradar.flights\/content\/uploads\/2022\/01\/Logo150x150.jpg\",\"datePublished\":\"2021-04-22T11:44:23+00:00\",\"dateModified\":\"2025-04-07T09:25:25+00:00\",\"description\":\"Flygsp\u00e5rning l\u00e5ter dig sp\u00e5ra alla flygplan \u00f6ver hela v\u00e4rlden och best\u00e4mma dess aktuella position. Ange flightnummer h\u00e4r\",\"breadcrumb\":{\"@id\":\"https:\/\/flightradar.flights\/sv\/flygsparning\/#breadcrumb\"},\"inLanguage\":\"sv-SE\",\"potentialAction\":[{\"@type\":\"ReadAction\",\"target\":[\"https:\/\/flightradar.flights\/sv\/flygsparning\/\"]}]},{\"@type\":\"ImageObject\",\"inLanguage\":\"sv-SE\",\"@id\":\"https:\/\/flightradar.flights\/sv\/flygsparning\/#primaryimage\",\"url\":\"https:\/\/flightradar.flights\/content\/uploads\/2022\/01\/Logo150x150.jpg\",\"contentUrl\":\"https:\/\/flightradar.flights\/content\/uploads\/2022\/01\/Logo150x150.jpg\",\"width\":150,\"height\":150},{\"@type\":\"BreadcrumbList\",\"@id\":\"https:\/\/flightradar.flights\/sv\/flygsparning\/#breadcrumb\",\"itemListElement\":[{\"@type\":\"ListItem\",\"position\":1,\"name\":\"Startseite\",\"item\":\"https:\/\/flightradar.flights\/sv\/\"},{\"@type\":\"ListItem\",\"position\":2,\"name\":\"Flygsp\u00e5rning\"}]},{\"@type\":\"WebSite\",\"@id\":\"https:\/\/flightradar.flights\/sv\/#website\",\"url\":\"https:\/\/flightradar.flights\/sv\/\",\"name\":\"flightradar.flights\",\"description\":\"\",\"publisher\":{\"@id\":\"https:\/\/flightradar.flights\/sv\/#organization\"},\"potentialAction\":[{\"@type\":\"SearchAction\",\"target\":{\"@type\":\"EntryPoint\",\"urlTemplate\":\"https:\/\/flightradar.flights\/sv\/?s={search_term_string}\"},\"query-input\":{\"@type\":\"PropertyValueSpecification\",\"valueRequired\":true,\"valueName\":\"search_term_string\"}}],\"inLanguage\":\"sv-SE\"},{\"@type\":\"Organization\",\"@id\":\"https:\/\/flightradar.flights\/sv\/#organization\",\"name\":\"flightradar.flights\",\"url\":\"https:\/\/flightradar.flights\/sv\/\",\"logo\":{\"@type\":\"ImageObject\",\"inLanguage\":\"sv-SE\",\"@id\":\"https:\/\/flightradar.flights\/sv\/#\/schema\/logo\/image\/\",\"url\":\"https:\/\/flightradar.flights\/content\/uploads\/2022\/01\/Logo150x150.jpg\",\"contentUrl\":\"https:\/\/flightradar.flights\/content\/uploads\/2022\/01\/Logo150x150.jpg\",\"width\":150,\"height\":150,\"caption\":\"flightradar.flights\"},\"image\":{\"@id\":\"https:\/\/flightradar.flights\/sv\/#\/schema\/logo\/image\/\"}}]}<\/script>\n<!-- \/ Yoast SEO plugin. -->","yoast_head_json":{"title":"Flygsp\u00e5rning - Sp\u00e5ra vilket plan som helst p\u00e5 kartan","description":"Flygsp\u00e5rning l\u00e5ter dig sp\u00e5ra alla flygplan \u00f6ver hela v\u00e4rlden och best\u00e4mma dess aktuella position. Ange flightnummer h\u00e4r","robots":{"index":"index","follow":"follow","max-snippet":"max-snippet:-1","max-image-preview":"max-image-preview:large","max-video-preview":"max-video-preview:-1"},"canonical":"https:\/\/flightradar.flights\/sv\/flygsparning\/","og_locale":"sv_SE","og_type":"article","og_title":"Flygsp\u00e5rning - Sp\u00e5ra vilket plan som helst p\u00e5 kartan","og_description":"Flygsp\u00e5rning l\u00e5ter dig sp\u00e5ra alla flygplan \u00f6ver hela v\u00e4rlden och best\u00e4mma dess aktuella position. Ange flightnummer h\u00e4r","og_url":"https:\/\/flightradar.flights\/sv\/flygsparning\/","og_site_name":"flightradar.flights","article_modified_time":"2025-04-07T09:25:25+00:00","og_image":[{"width":150,"height":150,"url":"https:\/\/flightradar.flights\/content\/uploads\/2022\/01\/Logo150x150.jpg","type":"image\/jpeg"}],"twitter_card":"summary_large_image","twitter_misc":{"Ber\u00e4knad l\u00e4stid":"3 minuter"},"schema":{"@context":"https:\/\/schema.org","@graph":[{"@type":"WebPage","@id":"https:\/\/flightradar.flights\/sv\/flygsparning\/","url":"https:\/\/flightradar.flights\/sv\/flygsparning\/","name":"Flygsp\u00e5rning - Sp\u00e5ra vilket plan som helst p\u00e5 kartan","isPartOf":{"@id":"https:\/\/flightradar.flights\/sv\/#website"},"primaryImageOfPage":{"@id":"https:\/\/flightradar.flights\/sv\/flygsparning\/#primaryimage"},"image":{"@id":"https:\/\/flightradar.flights\/sv\/flygsparning\/#primaryimage"},"thumbnailUrl":"https:\/\/flightradar.flights\/content\/uploads\/2022\/01\/Logo150x150.jpg","datePublished":"2021-04-22T11:44:23+00:00","dateModified":"2025-04-07T09:25:25+00:00","description":"Flygsp\u00e5rning l\u00e5ter dig sp\u00e5ra alla flygplan \u00f6ver hela v\u00e4rlden och best\u00e4mma dess aktuella position. Ange flightnummer h\u00e4r","breadcrumb":{"@id":"https:\/\/flightradar.flights\/sv\/flygsparning\/#breadcrumb"},"inLanguage":"sv-SE","potentialAction":[{"@type":"ReadAction","target":["https:\/\/flightradar.flights\/sv\/flygsparning\/"]}]},{"@type":"ImageObject","inLanguage":"sv-SE","@id":"https:\/\/flightradar.flights\/sv\/flygsparning\/#primaryimage","url":"https:\/\/flightradar.flights\/content\/uploads\/2022\/01\/Logo150x150.jpg","contentUrl":"https:\/\/flightradar.flights\/content\/uploads\/2022\/01\/Logo150x150.jpg","width":150,"height":150},{"@type":"BreadcrumbList","@id":"https:\/\/flightradar.flights\/sv\/flygsparning\/#breadcrumb","itemListElement":[{"@type":"ListItem","position":1,"name":"Startseite","item":"https:\/\/flightradar.flights\/sv\/"},{"@type":"ListItem","position":2,"name":"Flygsp\u00e5rning"}]},{"@type":"WebSite","@id":"https:\/\/flightradar.flights\/sv\/#website","url":"https:\/\/flightradar.flights\/sv\/","name":"flightradar.flights","description":"","publisher":{"@id":"https:\/\/flightradar.flights\/sv\/#organization"},"potentialAction":[{"@type":"SearchAction","target":{"@type":"EntryPoint","urlTemplate":"https:\/\/flightradar.flights\/sv\/?s={search_term_string}"},"query-input":{"@type":"PropertyValueSpecification","valueRequired":true,"valueName":"search_term_string"}}],"inLanguage":"sv-SE"},{"@type":"Organization","@id":"https:\/\/flightradar.flights\/sv\/#organization","name":"flightradar.flights","url":"https:\/\/flightradar.flights\/sv\/","logo":{"@type":"ImageObject","inLanguage":"sv-SE","@id":"https:\/\/flightradar.flights\/sv\/#\/schema\/logo\/image\/","url":"https:\/\/flightradar.flights\/content\/uploads\/2022\/01\/Logo150x150.jpg","contentUrl":"https:\/\/flightradar.flights\/content\/uploads\/2022\/01\/Logo150x150.jpg","width":150,"height":150,"caption":"flightradar.flights"},"image":{"@id":"https:\/\/flightradar.flights\/sv\/#\/schema\/logo\/image\/"}}]}},"_links":{"self":[{"href":"https:\/\/flightradar.flights\/sv\/wp-json\/wp\/v2\/pages\/2454","targetHints":{"allow":["GET"]}}],"collection":[{"href":"https:\/\/flightradar.flights\/sv\/wp-json\/wp\/v2\/pages"}],"about":[{"href":"https:\/\/flightradar.flights\/sv\/wp-json\/wp\/v2\/types\/page"}],"author":[{"embeddable":true,"href":"https:\/\/flightradar.flights\/sv\/wp-json\/wp\/v2\/users\/1"}],"replies":[{"embeddable":true,"href":"https:\/\/flightradar.flights\/sv\/wp-json\/wp\/v2\/comments?post=2454"}],"version-history":[{"count":0,"href":"https:\/\/flightradar.flights\/sv\/wp-json\/wp\/v2\/pages\/2454\/revisions"}],"wp:featuredmedia":[{"embeddable":true,"href":"https:\/\/flightradar.flights\/sv\/wp-json\/wp\/v2\/media\/2377"}],"wp:attachment":[{"href":"https:\/\/flightradar.flights\/sv\/wp-json\/wp\/v2\/media?parent=2454"}],"curies":[{"name":"wp","href":"https:\/\/api.w.org\/{rel}","templated":true}]}}