{"id":1132,"date":"2021-05-21T11:37:21","date_gmt":"2021-05-21T09:37:21","guid":{"rendered":"https:\/\/flightradar.flights\/faq\/"},"modified":"2022-01-06T11:18:45","modified_gmt":"2022-01-06T09:18:45","slug":"faq","status":"publish","type":"page","link":"https:\/\/flightradar.flights\/sv\/faq\/","title":{"rendered":"FAQ &#8211; Vanliga fr\u00e5gor"},"content":{"rendered":"\n<div style=\"height:100px\" aria-hidden=\"true\" class=\"wp-block-spacer\"><\/div>\n\n\n\n<h1 class=\"has-text-align-center wp-block-heading\"><strong>FAQ &#8211; Vanliga fr\u00e5gor<\/strong><\/h1>\n\n\n\n<div style=\"height:100px\" aria-hidden=\"true\" class=\"wp-block-spacer\"><\/div>\n\n\n\n<div class=\"schema-faq wp-block-yoast-faq-block\"><div class=\"schema-faq-section\" id=\"faq-question-1621587381797\"><strong class=\"schema-faq-question\">\u00c4r Flightradar.flights gratis?<\/strong> <p class=\"schema-faq-answer\">Flightradar.flights kan anv\u00e4ndas gratis i sina grundl\u00e4ggande funktioner.<\/p> <\/div> <div class=\"schema-faq-section\" id=\"faq-question-1621587493412\"><strong class=\"schema-faq-question\">Varf\u00f6r visar inte flygradar flygplan?<\/strong> <p class=\"schema-faq-answer\">Se till att du inte \u00e4r i inkognitol\u00e4ge med din webbl\u00e4sare. Inkognitol\u00e4get blockerar k\u00f6rningen av vissa data som \u00e4r n\u00f6dv\u00e4ndiga f\u00f6r att fullst\u00e4ndigt k\u00f6ra flygradaren.<\/p> <\/div> <div class=\"schema-faq-section\" id=\"faq-question-1621587643877\"><strong class=\"schema-faq-question\">\u00c4r flygradar i realtid?<\/strong> <p class=\"schema-faq-answer\">Flygradar visar den aktuella flygtrafiken i realtid.<\/p> <\/div> <div class=\"schema-faq-section\" id=\"faq-question-1621587688776\"><strong class=\"schema-faq-question\">Hur kan jag sp\u00e5ra ett flyg?<\/strong> <p class=\"schema-faq-answer\">I flygradaren anv\u00e4nder du v\u00e4nster musknapp eller fingret p\u00e5 smarttelefonen f\u00f6r att v\u00e4lja ett flygplan f\u00f6r att sp\u00e5ra det. Du kan ocks\u00e5 ange ett giltigt flygnummer i s\u00f6kf\u00e4ltet.<\/p> <\/div> <div class=\"schema-faq-section\" id=\"faq-question-1621587801464\"><strong class=\"schema-faq-question\">Var hittar jag mitt flygnummer?<\/strong> <p class=\"schema-faq-answer\">Du b\u00f6r hitta ditt flygnummer p\u00e5 dina flygbiljetter. Denna best\u00e5r vanligtvis av 4 till 6-siffriga siffror \/ bokst\u00e4ver.<\/p> <\/div> <div class=\"schema-faq-section\" id=\"faq-question-1621587936810\"><strong class=\"schema-faq-question\">Vad betyder bl\u00e5plan i flygradar?<\/strong> <p class=\"schema-faq-answer\">Flygplan som visas i bl\u00e5tt sp\u00e5ras med ADS-B via satellit. Detta anv\u00e4nds oftast \u00f6ver haven.<\/p> <\/div> <div class=\"schema-faq-section\" id=\"faq-question-1621588115032\"><strong class=\"schema-faq-question\">Vilken information f\u00e5r jag i flygradaren?<\/strong> <p class=\"schema-faq-answer\">I flygradaren kan du se vilken typ av flygplan, avg\u00e5ngsort samt ankomst-, avg\u00e5ngs- och ankomsttid. Du kan ocks\u00e5 se var flygplanet f\u00f6r n\u00e4rvarande finns och flygv\u00e4gen.<\/p> <\/div> <\/div>\n\n\n\n<div style=\"height:100px\" aria-hidden=\"true\" class=\"wp-block-spacer\"><\/div>\n\n\n\n<script async src=\"https:\/\/pagead2.googlesyndication.com\/pagead\/js\/adsbygoogle.js?client=ca-pub-8699335927299131\"\n     crossorigin=\"anonymous\"><\/script>\n<!-- F.F Display Other -->\n<ins class=\"adsbygoogle\"\n     style=\"display:block\"\n     data-ad-client=\"ca-pub-8699335927299131\"\n     data-ad-slot=\"5660843060\"\n     data-ad-format=\"auto\"\n     data-full-width-responsive=\"true\"><\/ins>\n<script>\n     (adsbygoogle = window.adsbygoogle || []).push({});\n<\/script>\n","protected":false},"excerpt":{"rendered":"<p>FAQ &#8211; Vanliga fr\u00e5gor<\/p>\n","protected":false},"author":1,"featured_media":0,"parent":0,"menu_order":0,"comment_status":"open","ping_status":"closed","template":"","meta":{"footnotes":""},"class_list":["post-1132","page","type-page","status-publish"],"yoast_head":"<!-- This site is optimized with the Yoast SEO plugin v27.2 - https:\/\/yoast.com\/product\/yoast-seo-wordpress\/ -->\n<title>FAQ - Vanliga fr\u00e5gor - flightradar.flights<\/title>\n<meta name=\"description\" content=\"Flightradar.flights Vanliga fr\u00e5gor om flygradar och flygsp\u00e5rning.\" \/>\n<meta name=\"robots\" content=\"index, follow, max-snippet:-1, max-image-preview:large, max-video-preview:-1\" \/>\n<link rel=\"canonical\" href=\"https:\/\/flightradar.flights\/sv\/faq\/\" \/>\n<meta property=\"og:locale\" content=\"sv_SE\" \/>\n<meta property=\"og:type\" content=\"article\" \/>\n<meta property=\"og:title\" content=\"FAQ - Vanliga fr\u00e5gor - flightradar.flights\" \/>\n<meta property=\"og:description\" content=\"Flightradar.flights Vanliga fr\u00e5gor om flygradar och flygsp\u00e5rning.\" \/>\n<meta property=\"og:url\" content=\"https:\/\/flightradar.flights\/sv\/faq\/\" \/>\n<meta property=\"og:site_name\" content=\"flightradar.flights\" \/>\n<meta property=\"article:modified_time\" content=\"2022-01-06T09:18:45+00:00\" \/>\n<meta property=\"og:image\" content=\"https:\/\/flightradar.flights\/content\/uploads\/2022\/01\/Logo200x200.jpg\" \/>\n\t<meta property=\"og:image:width\" content=\"200\" \/>\n\t<meta property=\"og:image:height\" content=\"200\" \/>\n\t<meta property=\"og:image:type\" content=\"image\/jpeg\" \/>\n<meta name=\"twitter:card\" content=\"summary_large_image\" \/>\n<meta name=\"twitter:label1\" content=\"Ber\u00e4knad l\u00e4stid\" \/>\n\t<meta name=\"twitter:data1\" content=\"1 minut\" \/>\n<script type=\"application\/ld+json\" class=\"yoast-schema-graph\">{\"@context\":\"https:\/\/schema.org\",\"@graph\":[{\"@type\":[\"WebPage\",\"FAQPage\"],\"@id\":\"https:\/\/flightradar.flights\/sv\/faq\/\",\"url\":\"https:\/\/flightradar.flights\/sv\/faq\/\",\"name\":\"FAQ - Vanliga fr\u00e5gor - flightradar.flights\",\"isPartOf\":{\"@id\":\"https:\/\/flightradar.flights\/sv\/#website\"},\"datePublished\":\"2021-05-21T09:37:21+00:00\",\"dateModified\":\"2022-01-06T09:18:45+00:00\",\"description\":\"Flightradar.flights Vanliga fr\u00e5gor om flygradar och flygsp\u00e5rning.\",\"breadcrumb\":{\"@id\":\"https:\/\/flightradar.flights\/sv\/faq\/#breadcrumb\"},\"mainEntity\":[{\"@id\":\"https:\/\/flightradar.flights\/sv\/faq\/#faq-question-1621587381797\"},{\"@id\":\"https:\/\/flightradar.flights\/sv\/faq\/#faq-question-1621587493412\"},{\"@id\":\"https:\/\/flightradar.flights\/sv\/faq\/#faq-question-1621587643877\"},{\"@id\":\"https:\/\/flightradar.flights\/sv\/faq\/#faq-question-1621587688776\"},{\"@id\":\"https:\/\/flightradar.flights\/sv\/faq\/#faq-question-1621587801464\"},{\"@id\":\"https:\/\/flightradar.flights\/sv\/faq\/#faq-question-1621587936810\"},{\"@id\":\"https:\/\/flightradar.flights\/sv\/faq\/#faq-question-1621588115032\"}],\"inLanguage\":\"sv-SE\",\"potentialAction\":[{\"@type\":\"ReadAction\",\"target\":[\"https:\/\/flightradar.flights\/sv\/faq\/\"]}]},{\"@type\":\"BreadcrumbList\",\"@id\":\"https:\/\/flightradar.flights\/sv\/faq\/#breadcrumb\",\"itemListElement\":[{\"@type\":\"ListItem\",\"position\":1,\"name\":\"Startseite\",\"item\":\"https:\/\/flightradar.flights\/sv\/\"},{\"@type\":\"ListItem\",\"position\":2,\"name\":\"FAQ &#8211; Vanliga fr\u00e5gor\"}]},{\"@type\":\"WebSite\",\"@id\":\"https:\/\/flightradar.flights\/sv\/#website\",\"url\":\"https:\/\/flightradar.flights\/sv\/\",\"name\":\"flightradar.flights\",\"description\":\"\",\"publisher\":{\"@id\":\"https:\/\/flightradar.flights\/sv\/#organization\"},\"potentialAction\":[{\"@type\":\"SearchAction\",\"target\":{\"@type\":\"EntryPoint\",\"urlTemplate\":\"https:\/\/flightradar.flights\/sv\/?s={search_term_string}\"},\"query-input\":{\"@type\":\"PropertyValueSpecification\",\"valueRequired\":true,\"valueName\":\"search_term_string\"}}],\"inLanguage\":\"sv-SE\"},{\"@type\":\"Organization\",\"@id\":\"https:\/\/flightradar.flights\/sv\/#organization\",\"name\":\"flightradar.flights\",\"url\":\"https:\/\/flightradar.flights\/sv\/\",\"logo\":{\"@type\":\"ImageObject\",\"inLanguage\":\"sv-SE\",\"@id\":\"https:\/\/flightradar.flights\/sv\/#\/schema\/logo\/image\/\",\"url\":\"https:\/\/flightradar.flights\/content\/uploads\/2022\/01\/Logo150x150.jpg\",\"contentUrl\":\"https:\/\/flightradar.flights\/content\/uploads\/2022\/01\/Logo150x150.jpg\",\"width\":150,\"height\":150,\"caption\":\"flightradar.flights\"},\"image\":{\"@id\":\"https:\/\/flightradar.flights\/sv\/#\/schema\/logo\/image\/\"}},{\"@type\":\"Question\",\"@id\":\"https:\/\/flightradar.flights\/sv\/faq\/#faq-question-1621587381797\",\"position\":1,\"url\":\"https:\/\/flightradar.flights\/sv\/faq\/#faq-question-1621587381797\",\"name\":\"\u00c4r Flightradar.flights gratis?\",\"answerCount\":1,\"acceptedAnswer\":{\"@type\":\"Answer\",\"text\":\"Flightradar.flights kan anv\u00e4ndas gratis i sina grundl\u00e4ggande funktioner.\",\"inLanguage\":\"sv-SE\"},\"inLanguage\":\"sv-SE\"},{\"@type\":\"Question\",\"@id\":\"https:\/\/flightradar.flights\/sv\/faq\/#faq-question-1621587493412\",\"position\":2,\"url\":\"https:\/\/flightradar.flights\/sv\/faq\/#faq-question-1621587493412\",\"name\":\"Varf\u00f6r visar inte flygradar flygplan?\",\"answerCount\":1,\"acceptedAnswer\":{\"@type\":\"Answer\",\"text\":\"Se till att du inte \u00e4r i inkognitol\u00e4ge med din webbl\u00e4sare. Inkognitol\u00e4get blockerar k\u00f6rningen av vissa data som \u00e4r n\u00f6dv\u00e4ndiga f\u00f6r att fullst\u00e4ndigt k\u00f6ra flygradaren.\",\"inLanguage\":\"sv-SE\"},\"inLanguage\":\"sv-SE\"},{\"@type\":\"Question\",\"@id\":\"https:\/\/flightradar.flights\/sv\/faq\/#faq-question-1621587643877\",\"position\":3,\"url\":\"https:\/\/flightradar.flights\/sv\/faq\/#faq-question-1621587643877\",\"name\":\"\u00c4r flygradar i realtid?\",\"answerCount\":1,\"acceptedAnswer\":{\"@type\":\"Answer\",\"text\":\"Flygradar visar den aktuella flygtrafiken i realtid.\",\"inLanguage\":\"sv-SE\"},\"inLanguage\":\"sv-SE\"},{\"@type\":\"Question\",\"@id\":\"https:\/\/flightradar.flights\/sv\/faq\/#faq-question-1621587688776\",\"position\":4,\"url\":\"https:\/\/flightradar.flights\/sv\/faq\/#faq-question-1621587688776\",\"name\":\"Hur kan jag sp\u00e5ra ett flyg?\",\"answerCount\":1,\"acceptedAnswer\":{\"@type\":\"Answer\",\"text\":\"I flygradaren anv\u00e4nder du v\u00e4nster musknapp eller fingret p\u00e5 smarttelefonen f\u00f6r att v\u00e4lja ett flygplan f\u00f6r att sp\u00e5ra det. Du kan ocks\u00e5 ange ett giltigt flygnummer i s\u00f6kf\u00e4ltet.\",\"inLanguage\":\"sv-SE\"},\"inLanguage\":\"sv-SE\"},{\"@type\":\"Question\",\"@id\":\"https:\/\/flightradar.flights\/sv\/faq\/#faq-question-1621587801464\",\"position\":5,\"url\":\"https:\/\/flightradar.flights\/sv\/faq\/#faq-question-1621587801464\",\"name\":\"Var hittar jag mitt flygnummer?\",\"answerCount\":1,\"acceptedAnswer\":{\"@type\":\"Answer\",\"text\":\"Du b\u00f6r hitta ditt flygnummer p\u00e5 dina flygbiljetter. Denna best\u00e5r vanligtvis av 4 till 6-siffriga siffror \/ bokst\u00e4ver.\",\"inLanguage\":\"sv-SE\"},\"inLanguage\":\"sv-SE\"},{\"@type\":\"Question\",\"@id\":\"https:\/\/flightradar.flights\/sv\/faq\/#faq-question-1621587936810\",\"position\":6,\"url\":\"https:\/\/flightradar.flights\/sv\/faq\/#faq-question-1621587936810\",\"name\":\"Vad betyder bl\u00e5plan i flygradar?\",\"answerCount\":1,\"acceptedAnswer\":{\"@type\":\"Answer\",\"text\":\"Flygplan som visas i bl\u00e5tt sp\u00e5ras med ADS-B via satellit. Detta anv\u00e4nds oftast \u00f6ver haven.\",\"inLanguage\":\"sv-SE\"},\"inLanguage\":\"sv-SE\"},{\"@type\":\"Question\",\"@id\":\"https:\/\/flightradar.flights\/sv\/faq\/#faq-question-1621588115032\",\"position\":7,\"url\":\"https:\/\/flightradar.flights\/sv\/faq\/#faq-question-1621588115032\",\"name\":\"Vilken information f\u00e5r jag i flygradaren?\",\"answerCount\":1,\"acceptedAnswer\":{\"@type\":\"Answer\",\"text\":\"I flygradaren kan du se vilken typ av flygplan, avg\u00e5ngsort samt ankomst-, avg\u00e5ngs- och ankomsttid. Du kan ocks\u00e5 se var flygplanet f\u00f6r n\u00e4rvarande finns och flygv\u00e4gen.\",\"inLanguage\":\"sv-SE\"},\"inLanguage\":\"sv-SE\"}]}<\/script>\n<!-- \/ Yoast SEO plugin. -->","yoast_head_json":{"title":"FAQ - Vanliga fr\u00e5gor - flightradar.flights","description":"Flightradar.flights Vanliga fr\u00e5gor om flygradar och flygsp\u00e5rning.","robots":{"index":"index","follow":"follow","max-snippet":"max-snippet:-1","max-image-preview":"max-image-preview:large","max-video-preview":"max-video-preview:-1"},"canonical":"https:\/\/flightradar.flights\/sv\/faq\/","og_locale":"sv_SE","og_type":"article","og_title":"FAQ - Vanliga fr\u00e5gor - flightradar.flights","og_description":"Flightradar.flights Vanliga fr\u00e5gor om flygradar och flygsp\u00e5rning.","og_url":"https:\/\/flightradar.flights\/sv\/faq\/","og_site_name":"flightradar.flights","article_modified_time":"2022-01-06T09:18:45+00:00","og_image":[{"width":200,"height":200,"url":"https:\/\/flightradar.flights\/content\/uploads\/2022\/01\/Logo200x200.jpg","type":"image\/jpeg"}],"twitter_card":"summary_large_image","twitter_misc":{"Ber\u00e4knad l\u00e4stid":"1 minut"},"schema":{"@context":"https:\/\/schema.org","@graph":[{"@type":["WebPage","FAQPage"],"@id":"https:\/\/flightradar.flights\/sv\/faq\/","url":"https:\/\/flightradar.flights\/sv\/faq\/","name":"FAQ - Vanliga fr\u00e5gor - flightradar.flights","isPartOf":{"@id":"https:\/\/flightradar.flights\/sv\/#website"},"datePublished":"2021-05-21T09:37:21+00:00","dateModified":"2022-01-06T09:18:45+00:00","description":"Flightradar.flights Vanliga fr\u00e5gor om flygradar och flygsp\u00e5rning.","breadcrumb":{"@id":"https:\/\/flightradar.flights\/sv\/faq\/#breadcrumb"},"mainEntity":[{"@id":"https:\/\/flightradar.flights\/sv\/faq\/#faq-question-1621587381797"},{"@id":"https:\/\/flightradar.flights\/sv\/faq\/#faq-question-1621587493412"},{"@id":"https:\/\/flightradar.flights\/sv\/faq\/#faq-question-1621587643877"},{"@id":"https:\/\/flightradar.flights\/sv\/faq\/#faq-question-1621587688776"},{"@id":"https:\/\/flightradar.flights\/sv\/faq\/#faq-question-1621587801464"},{"@id":"https:\/\/flightradar.flights\/sv\/faq\/#faq-question-1621587936810"},{"@id":"https:\/\/flightradar.flights\/sv\/faq\/#faq-question-1621588115032"}],"inLanguage":"sv-SE","potentialAction":[{"@type":"ReadAction","target":["https:\/\/flightradar.flights\/sv\/faq\/"]}]},{"@type":"BreadcrumbList","@id":"https:\/\/flightradar.flights\/sv\/faq\/#breadcrumb","itemListElement":[{"@type":"ListItem","position":1,"name":"Startseite","item":"https:\/\/flightradar.flights\/sv\/"},{"@type":"ListItem","position":2,"name":"FAQ &#8211; Vanliga fr\u00e5gor"}]},{"@type":"WebSite","@id":"https:\/\/flightradar.flights\/sv\/#website","url":"https:\/\/flightradar.flights\/sv\/","name":"flightradar.flights","description":"","publisher":{"@id":"https:\/\/flightradar.flights\/sv\/#organization"},"potentialAction":[{"@type":"SearchAction","target":{"@type":"EntryPoint","urlTemplate":"https:\/\/flightradar.flights\/sv\/?s={search_term_string}"},"query-input":{"@type":"PropertyValueSpecification","valueRequired":true,"valueName":"search_term_string"}}],"inLanguage":"sv-SE"},{"@type":"Organization","@id":"https:\/\/flightradar.flights\/sv\/#organization","name":"flightradar.flights","url":"https:\/\/flightradar.flights\/sv\/","logo":{"@type":"ImageObject","inLanguage":"sv-SE","@id":"https:\/\/flightradar.flights\/sv\/#\/schema\/logo\/image\/","url":"https:\/\/flightradar.flights\/content\/uploads\/2022\/01\/Logo150x150.jpg","contentUrl":"https:\/\/flightradar.flights\/content\/uploads\/2022\/01\/Logo150x150.jpg","width":150,"height":150,"caption":"flightradar.flights"},"image":{"@id":"https:\/\/flightradar.flights\/sv\/#\/schema\/logo\/image\/"}},{"@type":"Question","@id":"https:\/\/flightradar.flights\/sv\/faq\/#faq-question-1621587381797","position":1,"url":"https:\/\/flightradar.flights\/sv\/faq\/#faq-question-1621587381797","name":"\u00c4r Flightradar.flights gratis?","answerCount":1,"acceptedAnswer":{"@type":"Answer","text":"Flightradar.flights kan anv\u00e4ndas gratis i sina grundl\u00e4ggande funktioner.","inLanguage":"sv-SE"},"inLanguage":"sv-SE"},{"@type":"Question","@id":"https:\/\/flightradar.flights\/sv\/faq\/#faq-question-1621587493412","position":2,"url":"https:\/\/flightradar.flights\/sv\/faq\/#faq-question-1621587493412","name":"Varf\u00f6r visar inte flygradar flygplan?","answerCount":1,"acceptedAnswer":{"@type":"Answer","text":"Se till att du inte \u00e4r i inkognitol\u00e4ge med din webbl\u00e4sare. Inkognitol\u00e4get blockerar k\u00f6rningen av vissa data som \u00e4r n\u00f6dv\u00e4ndiga f\u00f6r att fullst\u00e4ndigt k\u00f6ra flygradaren.","inLanguage":"sv-SE"},"inLanguage":"sv-SE"},{"@type":"Question","@id":"https:\/\/flightradar.flights\/sv\/faq\/#faq-question-1621587643877","position":3,"url":"https:\/\/flightradar.flights\/sv\/faq\/#faq-question-1621587643877","name":"\u00c4r flygradar i realtid?","answerCount":1,"acceptedAnswer":{"@type":"Answer","text":"Flygradar visar den aktuella flygtrafiken i realtid.","inLanguage":"sv-SE"},"inLanguage":"sv-SE"},{"@type":"Question","@id":"https:\/\/flightradar.flights\/sv\/faq\/#faq-question-1621587688776","position":4,"url":"https:\/\/flightradar.flights\/sv\/faq\/#faq-question-1621587688776","name":"Hur kan jag sp\u00e5ra ett flyg?","answerCount":1,"acceptedAnswer":{"@type":"Answer","text":"I flygradaren anv\u00e4nder du v\u00e4nster musknapp eller fingret p\u00e5 smarttelefonen f\u00f6r att v\u00e4lja ett flygplan f\u00f6r att sp\u00e5ra det. Du kan ocks\u00e5 ange ett giltigt flygnummer i s\u00f6kf\u00e4ltet.","inLanguage":"sv-SE"},"inLanguage":"sv-SE"},{"@type":"Question","@id":"https:\/\/flightradar.flights\/sv\/faq\/#faq-question-1621587801464","position":5,"url":"https:\/\/flightradar.flights\/sv\/faq\/#faq-question-1621587801464","name":"Var hittar jag mitt flygnummer?","answerCount":1,"acceptedAnswer":{"@type":"Answer","text":"Du b\u00f6r hitta ditt flygnummer p\u00e5 dina flygbiljetter. Denna best\u00e5r vanligtvis av 4 till 6-siffriga siffror \/ bokst\u00e4ver.","inLanguage":"sv-SE"},"inLanguage":"sv-SE"},{"@type":"Question","@id":"https:\/\/flightradar.flights\/sv\/faq\/#faq-question-1621587936810","position":6,"url":"https:\/\/flightradar.flights\/sv\/faq\/#faq-question-1621587936810","name":"Vad betyder bl\u00e5plan i flygradar?","answerCount":1,"acceptedAnswer":{"@type":"Answer","text":"Flygplan som visas i bl\u00e5tt sp\u00e5ras med ADS-B via satellit. Detta anv\u00e4nds oftast \u00f6ver haven.","inLanguage":"sv-SE"},"inLanguage":"sv-SE"},{"@type":"Question","@id":"https:\/\/flightradar.flights\/sv\/faq\/#faq-question-1621588115032","position":7,"url":"https:\/\/flightradar.flights\/sv\/faq\/#faq-question-1621588115032","name":"Vilken information f\u00e5r jag i flygradaren?","answerCount":1,"acceptedAnswer":{"@type":"Answer","text":"I flygradaren kan du se vilken typ av flygplan, avg\u00e5ngsort samt ankomst-, avg\u00e5ngs- och ankomsttid. Du kan ocks\u00e5 se var flygplanet f\u00f6r n\u00e4rvarande finns och flygv\u00e4gen.","inLanguage":"sv-SE"},"inLanguage":"sv-SE"}]}},"_links":{"self":[{"href":"https:\/\/flightradar.flights\/sv\/wp-json\/wp\/v2\/pages\/1132","targetHints":{"allow":["GET"]}}],"collection":[{"href":"https:\/\/flightradar.flights\/sv\/wp-json\/wp\/v2\/pages"}],"about":[{"href":"https:\/\/flightradar.flights\/sv\/wp-json\/wp\/v2\/types\/page"}],"author":[{"embeddable":true,"href":"https:\/\/flightradar.flights\/sv\/wp-json\/wp\/v2\/users\/1"}],"replies":[{"embeddable":true,"href":"https:\/\/flightradar.flights\/sv\/wp-json\/wp\/v2\/comments?post=1132"}],"version-history":[{"count":0,"href":"https:\/\/flightradar.flights\/sv\/wp-json\/wp\/v2\/pages\/1132\/revisions"}],"wp:attachment":[{"href":"https:\/\/flightradar.flights\/sv\/wp-json\/wp\/v2\/media?parent=1132"}],"curies":[{"name":"wp","href":"https:\/\/api.w.org\/{rel}","templated":true}]}}