{"id":3191,"date":"2021-05-21T11:37:21","date_gmt":"2021-05-21T09:37:21","guid":{"rendered":"https:\/\/flightradar.flights\/faq\/"},"modified":"2022-01-26T11:13:42","modified_gmt":"2022-01-26T09:13:42","slug":"faq","status":"publish","type":"page","link":"https:\/\/flightradar.flights\/ro\/faq\/","title":{"rendered":"FAQ"},"content":{"rendered":"\n<div style=\"height:100px\" aria-hidden=\"true\" class=\"wp-block-spacer\"><\/div>\n\n\n\n<h1 class=\"has-text-align-center wp-block-heading\" id=\"faq-intrebari-frecvente\"><strong>FAQ &#8211; \u00eentreb\u0103ri frecvente<\/strong><\/h1>\n\n\n\n<div style=\"height:100px\" aria-hidden=\"true\" class=\"wp-block-spacer\"><\/div>\n\n\n\n<div class=\"schema-faq wp-block-yoast-faq-block\"><div class=\"schema-faq-section\" id=\"faq-question-1621587381797\"><strong class=\"schema-faq-question\">Flightradar.flights este gratuit?<\/strong> <p class=\"schema-faq-answer\">Func\u021biile de baz\u0103 ale Flightradar.flights pot fi utilizate gratuit.<\/p> <\/div> <div class=\"schema-faq-section\" id=\"faq-question-1621587493412\"><strong class=\"schema-faq-question\">De ce nu arat\u0103 Flightradar niciun avion?<\/strong> <p class=\"schema-faq-answer\">Asigura\u021bi-v\u0103 c\u0103 browserul dvs. nu este \u00een modul incognito. Modul incognito blocheaz\u0103 execu\u021bia anumitor date, care sunt necesare pentru a rula complet radarul de zbor.<\/p> <\/div> <div class=\"schema-faq-section\" id=\"faq-question-1621587643877\"><strong class=\"schema-faq-question\">Radarul de zbor este \u00een timp real?<\/strong> <p class=\"schema-faq-answer\">Flightradar arat\u0103 traficul aerian curent \u00een timp real.<\/p> <\/div> <div class=\"schema-faq-section\" id=\"faq-question-1621587688776\"><strong class=\"schema-faq-question\">Cum s\u0103 urm\u0103resc un zbor?<\/strong> <p class=\"schema-faq-answer\">Selecta\u021bi o aeronav\u0103 \u00een radarul de zbor folosind butonul st\u00e2ng al mouse-ului sau degetul pe smartphone pentru a o urm\u0103ri. De asemenea, pute\u021bi introduce un num\u0103r de zbor valid \u00een bara de c\u0103utare.<\/p> <\/div> <div class=\"schema-faq-section\" id=\"faq-question-1621587801464\"><strong class=\"schema-faq-question\">Unde pot g\u0103si num\u0103rul meu de zbor?<\/strong> <p class=\"schema-faq-answer\">Ar trebui s\u0103 g\u0103si\u021bi num\u0103rul dvs. de zbor pe biletele dvs. de avion. Acesta const\u0103 de obicei din numere\/litere din 4 p\u00e2n\u0103 la 6 cifre.<\/p> <\/div> <div class=\"schema-faq-section\" id=\"faq-question-1621587936810\"><strong class=\"schema-faq-question\">Ce \u00eenseamn\u0103 avioanele albastre \u00een radarul de zbor?<\/strong> <p class=\"schema-faq-answer\">Avioanele prezentate \u00een albastru sunt urm\u0103rite prin satelit folosind ADS-B. \u00cen mare parte, acest lucru se aplic\u0103 peste oceane.<\/p> <\/div> <div class=\"schema-faq-section\" id=\"faq-question-1621588115032\"><strong class=\"schema-faq-question\">Ce informa\u021bii primesc \u00een Flightradar?<\/strong> <p class=\"schema-faq-answer\">\u00cen radarul de zbor pute\u021bi vedea tipul de aeronav\u0103, locul de plecare \u0219i locul de sosire, ora de plecare \u0219i de sosire. De asemenea, pute\u021bi vedea unde se afl\u0103 aeronava \u00een prezent \u0219i ruta de zbor.<\/p> <\/div> <\/div>\n\n\n\n<div style=\"height:100px\" aria-hidden=\"true\" class=\"wp-block-spacer\"><\/div>\n\n\n\n<script async=\"\" src=\"https:\/\/pagead2.googlesyndication.com\/pagead\/js\/adsbygoogle.js?client=ca-pub-8699335927299131\" crossorigin=\"anonymous\"><\/script>\n<!-- F.F Display Other -->\n<ins class=\"adsbygoogle\" style=\"display:block\" data-ad-client=\"ca-pub-8699335927299131\" data-ad-slot=\"5660843060\" data-ad-format=\"auto\" data-full-width-responsive=\"true\"><\/ins>\n<script>\n     (adsbygoogle = window.adsbygoogle || []).push({});\n<\/script>\n\n\n\n<p><\/p>\n","protected":false},"excerpt":{"rendered":"<p>FAQ &#8211; \u00eentreb\u0103ri frecvente<\/p>\n","protected":false},"author":1,"featured_media":0,"parent":0,"menu_order":0,"comment_status":"open","ping_status":"closed","template":"","meta":{"footnotes":""},"class_list":["post-3191","page","type-page","status-publish"],"yoast_head":"<!-- This site is optimized with the Yoast SEO plugin v27.2 - https:\/\/yoast.com\/product\/yoast-seo-wordpress\/ -->\n<title>FAQ - flightradar.flights<\/title>\n<meta name=\"description\" content=\"Flightradar.flights \u00centreb\u0103ri frecvente despre radarul de zbor \u0219i urm\u0103rirea zborului.\" \/>\n<meta name=\"robots\" content=\"index, follow, max-snippet:-1, max-image-preview:large, max-video-preview:-1\" \/>\n<link rel=\"canonical\" href=\"https:\/\/flightradar.flights\/ro\/faq\/\" \/>\n<meta property=\"og:locale\" content=\"ro_RO\" \/>\n<meta property=\"og:type\" content=\"article\" \/>\n<meta property=\"og:title\" content=\"FAQ - flightradar.flights\" \/>\n<meta property=\"og:description\" content=\"Flightradar.flights \u00centreb\u0103ri frecvente despre radarul de zbor \u0219i urm\u0103rirea zborului.\" \/>\n<meta property=\"og:url\" content=\"https:\/\/flightradar.flights\/ro\/faq\/\" \/>\n<meta property=\"og:site_name\" content=\"flightradar.flights\" \/>\n<meta property=\"article:modified_time\" content=\"2022-01-26T09:13:42+00:00\" \/>\n<meta property=\"og:image\" content=\"https:\/\/flightradar.flights\/content\/uploads\/2022\/01\/Logo200x200.jpg\" \/>\n\t<meta property=\"og:image:width\" content=\"200\" \/>\n\t<meta property=\"og:image:height\" content=\"200\" \/>\n\t<meta property=\"og:image:type\" content=\"image\/jpeg\" \/>\n<meta name=\"twitter:card\" content=\"summary_large_image\" \/>\n<meta name=\"twitter:label1\" content=\"Timp estimat pentru citire\" \/>\n\t<meta name=\"twitter:data1\" content=\"2 minute\" \/>\n<script type=\"application\/ld+json\" class=\"yoast-schema-graph\">{\"@context\":\"https:\/\/schema.org\",\"@graph\":[{\"@type\":[\"WebPage\",\"FAQPage\"],\"@id\":\"https:\/\/flightradar.flights\/ro\/faq\/\",\"url\":\"https:\/\/flightradar.flights\/ro\/faq\/\",\"name\":\"FAQ - flightradar.flights\",\"isPartOf\":{\"@id\":\"https:\/\/flightradar.flights\/ro\/#website\"},\"datePublished\":\"2021-05-21T09:37:21+00:00\",\"dateModified\":\"2022-01-26T09:13:42+00:00\",\"description\":\"Flightradar.flights \u00centreb\u0103ri frecvente despre radarul de zbor \u0219i urm\u0103rirea zborului.\",\"breadcrumb\":{\"@id\":\"https:\/\/flightradar.flights\/ro\/faq\/#breadcrumb\"},\"mainEntity\":[{\"@id\":\"https:\/\/flightradar.flights\/ro\/faq\/#faq-question-1621587381797\"},{\"@id\":\"https:\/\/flightradar.flights\/ro\/faq\/#faq-question-1621587493412\"},{\"@id\":\"https:\/\/flightradar.flights\/ro\/faq\/#faq-question-1621587643877\"},{\"@id\":\"https:\/\/flightradar.flights\/ro\/faq\/#faq-question-1621587688776\"},{\"@id\":\"https:\/\/flightradar.flights\/ro\/faq\/#faq-question-1621587801464\"},{\"@id\":\"https:\/\/flightradar.flights\/ro\/faq\/#faq-question-1621587936810\"},{\"@id\":\"https:\/\/flightradar.flights\/ro\/faq\/#faq-question-1621588115032\"}],\"inLanguage\":\"ro-RO\",\"potentialAction\":[{\"@type\":\"ReadAction\",\"target\":[\"https:\/\/flightradar.flights\/ro\/faq\/\"]}]},{\"@type\":\"BreadcrumbList\",\"@id\":\"https:\/\/flightradar.flights\/ro\/faq\/#breadcrumb\",\"itemListElement\":[{\"@type\":\"ListItem\",\"position\":1,\"name\":\"Startseite\",\"item\":\"https:\/\/flightradar.flights\/ro\/\"},{\"@type\":\"ListItem\",\"position\":2,\"name\":\"FAQ\"}]},{\"@type\":\"WebSite\",\"@id\":\"https:\/\/flightradar.flights\/ro\/#website\",\"url\":\"https:\/\/flightradar.flights\/ro\/\",\"name\":\"flightradar.flights\",\"description\":\"\",\"publisher\":{\"@id\":\"https:\/\/flightradar.flights\/ro\/#organization\"},\"potentialAction\":[{\"@type\":\"SearchAction\",\"target\":{\"@type\":\"EntryPoint\",\"urlTemplate\":\"https:\/\/flightradar.flights\/ro\/?s={search_term_string}\"},\"query-input\":{\"@type\":\"PropertyValueSpecification\",\"valueRequired\":true,\"valueName\":\"search_term_string\"}}],\"inLanguage\":\"ro-RO\"},{\"@type\":\"Organization\",\"@id\":\"https:\/\/flightradar.flights\/ro\/#organization\",\"name\":\"flightradar.flights\",\"url\":\"https:\/\/flightradar.flights\/ro\/\",\"logo\":{\"@type\":\"ImageObject\",\"inLanguage\":\"ro-RO\",\"@id\":\"https:\/\/flightradar.flights\/ro\/#\/schema\/logo\/image\/\",\"url\":\"https:\/\/flightradar.flights\/content\/uploads\/2022\/01\/Logo150x150.jpg\",\"contentUrl\":\"https:\/\/flightradar.flights\/content\/uploads\/2022\/01\/Logo150x150.jpg\",\"width\":150,\"height\":150,\"caption\":\"flightradar.flights\"},\"image\":{\"@id\":\"https:\/\/flightradar.flights\/ro\/#\/schema\/logo\/image\/\"}},{\"@type\":\"Question\",\"@id\":\"https:\/\/flightradar.flights\/ro\/faq\/#faq-question-1621587381797\",\"position\":1,\"url\":\"https:\/\/flightradar.flights\/ro\/faq\/#faq-question-1621587381797\",\"name\":\"Flightradar.flights este gratuit?\",\"answerCount\":1,\"acceptedAnswer\":{\"@type\":\"Answer\",\"text\":\"Func\u021biile de baz\u0103 ale Flightradar.flights pot fi utilizate gratuit.\",\"inLanguage\":\"ro-RO\"},\"inLanguage\":\"ro-RO\"},{\"@type\":\"Question\",\"@id\":\"https:\/\/flightradar.flights\/ro\/faq\/#faq-question-1621587493412\",\"position\":2,\"url\":\"https:\/\/flightradar.flights\/ro\/faq\/#faq-question-1621587493412\",\"name\":\"De ce nu arat\u0103 Flightradar niciun avion?\",\"answerCount\":1,\"acceptedAnswer\":{\"@type\":\"Answer\",\"text\":\"Asigura\u021bi-v\u0103 c\u0103 browserul dvs. nu este \u00een modul incognito. Modul incognito blocheaz\u0103 execu\u021bia anumitor date, care sunt necesare pentru a rula complet radarul de zbor.\",\"inLanguage\":\"ro-RO\"},\"inLanguage\":\"ro-RO\"},{\"@type\":\"Question\",\"@id\":\"https:\/\/flightradar.flights\/ro\/faq\/#faq-question-1621587643877\",\"position\":3,\"url\":\"https:\/\/flightradar.flights\/ro\/faq\/#faq-question-1621587643877\",\"name\":\"Radarul de zbor este \u00een timp real?\",\"answerCount\":1,\"acceptedAnswer\":{\"@type\":\"Answer\",\"text\":\"Flightradar arat\u0103 traficul aerian curent \u00een timp real.\",\"inLanguage\":\"ro-RO\"},\"inLanguage\":\"ro-RO\"},{\"@type\":\"Question\",\"@id\":\"https:\/\/flightradar.flights\/ro\/faq\/#faq-question-1621587688776\",\"position\":4,\"url\":\"https:\/\/flightradar.flights\/ro\/faq\/#faq-question-1621587688776\",\"name\":\"Cum s\u0103 urm\u0103resc un zbor?\",\"answerCount\":1,\"acceptedAnswer\":{\"@type\":\"Answer\",\"text\":\"Selecta\u021bi o aeronav\u0103 \u00een radarul de zbor folosind butonul st\u00e2ng al mouse-ului sau degetul pe smartphone pentru a o urm\u0103ri. De asemenea, pute\u021bi introduce un num\u0103r de zbor valid \u00een bara de c\u0103utare.\",\"inLanguage\":\"ro-RO\"},\"inLanguage\":\"ro-RO\"},{\"@type\":\"Question\",\"@id\":\"https:\/\/flightradar.flights\/ro\/faq\/#faq-question-1621587801464\",\"position\":5,\"url\":\"https:\/\/flightradar.flights\/ro\/faq\/#faq-question-1621587801464\",\"name\":\"Unde pot g\u0103si num\u0103rul meu de zbor?\",\"answerCount\":1,\"acceptedAnswer\":{\"@type\":\"Answer\",\"text\":\"Ar trebui s\u0103 g\u0103si\u021bi num\u0103rul dvs. de zbor pe biletele dvs. de avion. Acesta const\u0103 de obicei din numere\/litere din 4 p\u00e2n\u0103 la 6 cifre.\",\"inLanguage\":\"ro-RO\"},\"inLanguage\":\"ro-RO\"},{\"@type\":\"Question\",\"@id\":\"https:\/\/flightradar.flights\/ro\/faq\/#faq-question-1621587936810\",\"position\":6,\"url\":\"https:\/\/flightradar.flights\/ro\/faq\/#faq-question-1621587936810\",\"name\":\"Ce \u00eenseamn\u0103 avioanele albastre \u00een radarul de zbor?\",\"answerCount\":1,\"acceptedAnswer\":{\"@type\":\"Answer\",\"text\":\"Avioanele prezentate \u00een albastru sunt urm\u0103rite prin satelit folosind ADS-B. \u00cen mare parte, acest lucru se aplic\u0103 peste oceane.\",\"inLanguage\":\"ro-RO\"},\"inLanguage\":\"ro-RO\"},{\"@type\":\"Question\",\"@id\":\"https:\/\/flightradar.flights\/ro\/faq\/#faq-question-1621588115032\",\"position\":7,\"url\":\"https:\/\/flightradar.flights\/ro\/faq\/#faq-question-1621588115032\",\"name\":\"Ce informa\u021bii primesc \u00een Flightradar?\",\"answerCount\":1,\"acceptedAnswer\":{\"@type\":\"Answer\",\"text\":\"\u00cen radarul de zbor pute\u021bi vedea tipul de aeronav\u0103, locul de plecare \u0219i locul de sosire, ora de plecare \u0219i de sosire. De asemenea, pute\u021bi vedea unde se afl\u0103 aeronava \u00een prezent \u0219i ruta de zbor.\",\"inLanguage\":\"ro-RO\"},\"inLanguage\":\"ro-RO\"}]}<\/script>\n<!-- \/ Yoast SEO plugin. -->","yoast_head_json":{"title":"FAQ - flightradar.flights","description":"Flightradar.flights \u00centreb\u0103ri frecvente despre radarul de zbor \u0219i urm\u0103rirea zborului.","robots":{"index":"index","follow":"follow","max-snippet":"max-snippet:-1","max-image-preview":"max-image-preview:large","max-video-preview":"max-video-preview:-1"},"canonical":"https:\/\/flightradar.flights\/ro\/faq\/","og_locale":"ro_RO","og_type":"article","og_title":"FAQ - flightradar.flights","og_description":"Flightradar.flights \u00centreb\u0103ri frecvente despre radarul de zbor \u0219i urm\u0103rirea zborului.","og_url":"https:\/\/flightradar.flights\/ro\/faq\/","og_site_name":"flightradar.flights","article_modified_time":"2022-01-26T09:13:42+00:00","og_image":[{"width":200,"height":200,"url":"https:\/\/flightradar.flights\/content\/uploads\/2022\/01\/Logo200x200.jpg","type":"image\/jpeg"}],"twitter_card":"summary_large_image","twitter_misc":{"Timp estimat pentru citire":"2 minute"},"schema":{"@context":"https:\/\/schema.org","@graph":[{"@type":["WebPage","FAQPage"],"@id":"https:\/\/flightradar.flights\/ro\/faq\/","url":"https:\/\/flightradar.flights\/ro\/faq\/","name":"FAQ - flightradar.flights","isPartOf":{"@id":"https:\/\/flightradar.flights\/ro\/#website"},"datePublished":"2021-05-21T09:37:21+00:00","dateModified":"2022-01-26T09:13:42+00:00","description":"Flightradar.flights \u00centreb\u0103ri frecvente despre radarul de zbor \u0219i urm\u0103rirea zborului.","breadcrumb":{"@id":"https:\/\/flightradar.flights\/ro\/faq\/#breadcrumb"},"mainEntity":[{"@id":"https:\/\/flightradar.flights\/ro\/faq\/#faq-question-1621587381797"},{"@id":"https:\/\/flightradar.flights\/ro\/faq\/#faq-question-1621587493412"},{"@id":"https:\/\/flightradar.flights\/ro\/faq\/#faq-question-1621587643877"},{"@id":"https:\/\/flightradar.flights\/ro\/faq\/#faq-question-1621587688776"},{"@id":"https:\/\/flightradar.flights\/ro\/faq\/#faq-question-1621587801464"},{"@id":"https:\/\/flightradar.flights\/ro\/faq\/#faq-question-1621587936810"},{"@id":"https:\/\/flightradar.flights\/ro\/faq\/#faq-question-1621588115032"}],"inLanguage":"ro-RO","potentialAction":[{"@type":"ReadAction","target":["https:\/\/flightradar.flights\/ro\/faq\/"]}]},{"@type":"BreadcrumbList","@id":"https:\/\/flightradar.flights\/ro\/faq\/#breadcrumb","itemListElement":[{"@type":"ListItem","position":1,"name":"Startseite","item":"https:\/\/flightradar.flights\/ro\/"},{"@type":"ListItem","position":2,"name":"FAQ"}]},{"@type":"WebSite","@id":"https:\/\/flightradar.flights\/ro\/#website","url":"https:\/\/flightradar.flights\/ro\/","name":"flightradar.flights","description":"","publisher":{"@id":"https:\/\/flightradar.flights\/ro\/#organization"},"potentialAction":[{"@type":"SearchAction","target":{"@type":"EntryPoint","urlTemplate":"https:\/\/flightradar.flights\/ro\/?s={search_term_string}"},"query-input":{"@type":"PropertyValueSpecification","valueRequired":true,"valueName":"search_term_string"}}],"inLanguage":"ro-RO"},{"@type":"Organization","@id":"https:\/\/flightradar.flights\/ro\/#organization","name":"flightradar.flights","url":"https:\/\/flightradar.flights\/ro\/","logo":{"@type":"ImageObject","inLanguage":"ro-RO","@id":"https:\/\/flightradar.flights\/ro\/#\/schema\/logo\/image\/","url":"https:\/\/flightradar.flights\/content\/uploads\/2022\/01\/Logo150x150.jpg","contentUrl":"https:\/\/flightradar.flights\/content\/uploads\/2022\/01\/Logo150x150.jpg","width":150,"height":150,"caption":"flightradar.flights"},"image":{"@id":"https:\/\/flightradar.flights\/ro\/#\/schema\/logo\/image\/"}},{"@type":"Question","@id":"https:\/\/flightradar.flights\/ro\/faq\/#faq-question-1621587381797","position":1,"url":"https:\/\/flightradar.flights\/ro\/faq\/#faq-question-1621587381797","name":"Flightradar.flights este gratuit?","answerCount":1,"acceptedAnswer":{"@type":"Answer","text":"Func\u021biile de baz\u0103 ale Flightradar.flights pot fi utilizate gratuit.","inLanguage":"ro-RO"},"inLanguage":"ro-RO"},{"@type":"Question","@id":"https:\/\/flightradar.flights\/ro\/faq\/#faq-question-1621587493412","position":2,"url":"https:\/\/flightradar.flights\/ro\/faq\/#faq-question-1621587493412","name":"De ce nu arat\u0103 Flightradar niciun avion?","answerCount":1,"acceptedAnswer":{"@type":"Answer","text":"Asigura\u021bi-v\u0103 c\u0103 browserul dvs. nu este \u00een modul incognito. Modul incognito blocheaz\u0103 execu\u021bia anumitor date, care sunt necesare pentru a rula complet radarul de zbor.","inLanguage":"ro-RO"},"inLanguage":"ro-RO"},{"@type":"Question","@id":"https:\/\/flightradar.flights\/ro\/faq\/#faq-question-1621587643877","position":3,"url":"https:\/\/flightradar.flights\/ro\/faq\/#faq-question-1621587643877","name":"Radarul de zbor este \u00een timp real?","answerCount":1,"acceptedAnswer":{"@type":"Answer","text":"Flightradar arat\u0103 traficul aerian curent \u00een timp real.","inLanguage":"ro-RO"},"inLanguage":"ro-RO"},{"@type":"Question","@id":"https:\/\/flightradar.flights\/ro\/faq\/#faq-question-1621587688776","position":4,"url":"https:\/\/flightradar.flights\/ro\/faq\/#faq-question-1621587688776","name":"Cum s\u0103 urm\u0103resc un zbor?","answerCount":1,"acceptedAnswer":{"@type":"Answer","text":"Selecta\u021bi o aeronav\u0103 \u00een radarul de zbor folosind butonul st\u00e2ng al mouse-ului sau degetul pe smartphone pentru a o urm\u0103ri. De asemenea, pute\u021bi introduce un num\u0103r de zbor valid \u00een bara de c\u0103utare.","inLanguage":"ro-RO"},"inLanguage":"ro-RO"},{"@type":"Question","@id":"https:\/\/flightradar.flights\/ro\/faq\/#faq-question-1621587801464","position":5,"url":"https:\/\/flightradar.flights\/ro\/faq\/#faq-question-1621587801464","name":"Unde pot g\u0103si num\u0103rul meu de zbor?","answerCount":1,"acceptedAnswer":{"@type":"Answer","text":"Ar trebui s\u0103 g\u0103si\u021bi num\u0103rul dvs. de zbor pe biletele dvs. de avion. Acesta const\u0103 de obicei din numere\/litere din 4 p\u00e2n\u0103 la 6 cifre.","inLanguage":"ro-RO"},"inLanguage":"ro-RO"},{"@type":"Question","@id":"https:\/\/flightradar.flights\/ro\/faq\/#faq-question-1621587936810","position":6,"url":"https:\/\/flightradar.flights\/ro\/faq\/#faq-question-1621587936810","name":"Ce \u00eenseamn\u0103 avioanele albastre \u00een radarul de zbor?","answerCount":1,"acceptedAnswer":{"@type":"Answer","text":"Avioanele prezentate \u00een albastru sunt urm\u0103rite prin satelit folosind ADS-B. \u00cen mare parte, acest lucru se aplic\u0103 peste oceane.","inLanguage":"ro-RO"},"inLanguage":"ro-RO"},{"@type":"Question","@id":"https:\/\/flightradar.flights\/ro\/faq\/#faq-question-1621588115032","position":7,"url":"https:\/\/flightradar.flights\/ro\/faq\/#faq-question-1621588115032","name":"Ce informa\u021bii primesc \u00een Flightradar?","answerCount":1,"acceptedAnswer":{"@type":"Answer","text":"\u00cen radarul de zbor pute\u021bi vedea tipul de aeronav\u0103, locul de plecare \u0219i locul de sosire, ora de plecare \u0219i de sosire. De asemenea, pute\u021bi vedea unde se afl\u0103 aeronava \u00een prezent \u0219i ruta de zbor.","inLanguage":"ro-RO"},"inLanguage":"ro-RO"}]}},"_links":{"self":[{"href":"https:\/\/flightradar.flights\/ro\/wp-json\/wp\/v2\/pages\/3191","targetHints":{"allow":["GET"]}}],"collection":[{"href":"https:\/\/flightradar.flights\/ro\/wp-json\/wp\/v2\/pages"}],"about":[{"href":"https:\/\/flightradar.flights\/ro\/wp-json\/wp\/v2\/types\/page"}],"author":[{"embeddable":true,"href":"https:\/\/flightradar.flights\/ro\/wp-json\/wp\/v2\/users\/1"}],"replies":[{"embeddable":true,"href":"https:\/\/flightradar.flights\/ro\/wp-json\/wp\/v2\/comments?post=3191"}],"version-history":[{"count":0,"href":"https:\/\/flightradar.flights\/ro\/wp-json\/wp\/v2\/pages\/3191\/revisions"}],"wp:attachment":[{"href":"https:\/\/flightradar.flights\/ro\/wp-json\/wp\/v2\/media?parent=3191"}],"curies":[{"name":"wp","href":"https:\/\/api.w.org\/{rel}","templated":true}]}}