{"id":3187,"date":"2021-04-21T17:34:13","date_gmt":"2021-04-21T15:34:13","guid":{"rendered":"https:\/\/flightradar.flights\/impressum\/"},"modified":"2022-01-26T11:09:33","modified_gmt":"2022-01-26T09:09:33","slug":"impressum","status":"publish","type":"page","link":"https:\/\/flightradar.flights\/ro\/impressum\/","title":{"rendered":"Imprima"},"content":{"rendered":"\n<h2 class=\"wp-block-heading\" id=\"conform-5-tmg\">Conform \u00a7 5 TMG:<\/h2>\n\n\n\n<p>Operatorul portalului<\/p>\n\n\n\n<p>MTM Marketing<\/p>\n\n\n\n<p>Martin Mrosek<br>Bruktererhang 19<\/p>\n\n\n\n<p>45277 Essen<\/p>\n\n\n\n<p>Deutschland<\/p>\n\n\n\n<p>Emailul de contact: Info [at] flightradar [Punkt] flights<\/p>\n\n\n\n<p>Telefon: [+49] 176 43537-798<\/p>\n\n\n\n<p><strong>Not\u0103 privind datele de contact:<\/strong><\/p>\n\n\n\n<p>Detaliile de contact furnizate aici pot fi contactate de dvs. numai cu preocup\u0103ri relevante legate de produsele sau serviciile oferite de operatorul acestui site web. Aceasta include \u0219i un interes de afaceri.<\/p>\n\n\n\n<p>\u00cen cazul utiliz\u0103rii necorespunz\u0103toare (abuzului) a datelor de contact furnizate aici, operatorul acestui site inten\u021bioneaz\u0103 s\u0103 ia m\u0103suri legale. De asemenea, nu este permis\u0103 transmiterea sau prelucrarea acestor date f\u0103r\u0103 acordul operatorului.<\/p>\n\n\n\n<p>Utilizarea gre\u0219it\u0103 are loc atunci c\u00e2nd operatorul este prejudiciat prin utilizarea datelor de contact de c\u0103tre ter\u021bi.<\/p>\n\n\n\n<p><strong>Not\u0103 privind solu\u021bionarea litigiilor \u00een UE:<\/strong><\/p>\n\n\n\n<p>Comisia European\u0103 ofer\u0103 o platform\u0103 pentru solu\u021bionarea online a litigiilor (OS): <a href=\"http:\/\/ec.europa.eu\/consumers\/odr\">http:\/\/ec.europa.eu\/consumers\/odr<\/a><br>Adresa noastr\u0103 de e-mail poate fi g\u0103sit\u0103 mai sus \u00een amprent\u0103.<\/p>\n\n\n\n<p><strong>Referin\u021be pentru imaginile \u0219i graficele utilizate:<\/strong><\/p>\n\n\n\n<p><\/p>\n\n\n\n<p><strong>Disclaimer:<\/strong><br>R\u0103spunderea pentru con\u021binut<\/p>\n\n\n\n<p>Con\u021binutul paginilor noastre a fost creat cu mare grij\u0103. Cu toate acestea, nu putem garanta c\u0103 con\u021binutul este corect, complet sau actualizat. \u00cen calitate de furnizor de servicii, suntem responsabili pentru propriul con\u021binut de pe aceste pagini \u00een conformitate cu Sec\u021biunea 7, paragraful 1 din Legea german\u0103 privind telemedia (TMG). Cu toate acestea, conform \u00a7\u00a7 8 p\u00e2n\u0103 la 10 TMG, noi, ca furnizor de servicii, nu suntem obliga\u021bi s\u0103 monitoriz\u0103m informa\u021biile transmise sau stocate de la ter\u021bi sau s\u0103 investig\u0103m circumstan\u021bele care indic\u0103 o activitate ilegal\u0103. Obliga\u021biile de a elimina sau de a bloca utilizarea informa\u021biilor conform legilor generale r\u0103m\u00e2n neafectate. Cu toate acestea, r\u0103spunderea \u00een aceast\u0103 privin\u021b\u0103 este posibil\u0103 numai din momentul \u00een care se cunoa\u0219te o \u00eenc\u0103lcare specific\u0103 a legii. De \u00eendat\u0103 ce afl\u0103m despre orice \u00eenc\u0103lcare a legii, vom elimina imediat acest con\u021binut.<\/p>\n\n\n\n<p>R\u0103spunderea pentru linkuri<\/p>\n\n\n\n<p>Oferta noastr\u0103 con\u021bine link-uri c\u0103tre site-uri web externe ale ter\u021bilor, asupra c\u0103rora nu avem nicio influen\u021b\u0103 asupra con\u021binutului. Prin urmare, nu ne putem asuma nicio r\u0103spundere pentru acest con\u021binut extern. Furnizorul sau operatorul respectiv al paginilor este \u00eentotdeauna responsabil pentru con\u021binutul paginilor legate. Paginile conectate au fost verificate pentru posibile \u00eenc\u0103lc\u0103ri legale la momentul conect\u0103rii. Con\u021binutul ilegal nu era recunoscut \u00een momentul conect\u0103rii. Cu toate acestea, un control permanent al con\u021binutului paginilor conectate nu este rezonabil f\u0103r\u0103 dovezi concrete ale unei \u00eenc\u0103lc\u0103ri. De \u00eendat\u0103 ce vom afla \u00eenc\u0103lc\u0103rile legale, vom elimina imediat astfel de leg\u0103turi.<\/p>\n\n\n\n<p>drepturi de autor<\/p>\n\n\n\n<p>Con\u021binutul \u0219i lucr\u0103rile de pe aceste pagini create de operatorii site-ului sunt supuse legii germane privind drepturile de autor. Dublarea, editarea, distribuirea \u0219i orice fel de exploatare \u00een afara limitelor dreptului de autor necesit\u0103 acordul scris al autorului sau creatorului respectiv. Desc\u0103rc\u0103rile \u0219i copiile acestui site sunt permise numai pentru uz privat, necomercial. \u00cen m\u0103sura \u00een care con\u021binutul de pe acest site nu a fost creat de c\u0103tre operator, se respect\u0103 drepturile de autor ale ter\u021bilor. \u00cen special, con\u021binuturile ter\u021bilor sunt marcate ca atare. \u00cen cazul \u00een care, totu\u0219i, \u0219ti\u021bi despre o \u00eenc\u0103lcare a drepturilor de autor, v\u0103 rug\u0103m s\u0103 ne informa\u021bi \u00een consecin\u021b\u0103. De \u00eendat\u0103 ce afl\u0103m \u00eenc\u0103lc\u0103ri ale legii, vom elimina imediat acest con\u021binut.<\/p>\n\n\n\n<p><\/p>\n\n\n\n<p><\/p>\n","protected":false},"excerpt":{"rendered":"<p>Conform \u00a7 5 TMG: Operatorul portalului MTM Marketing Martin MrosekBruktererhang 19 45277 Essen Deutschland Emailul de contact: Info [at] flightradar [Punkt] flights Telefon: [+49] 176 43537-798 Not\u0103 privind datele de contact: Detaliile de contact furnizate aici pot fi contactate de dvs. numai cu preocup\u0103ri relevante legate de produsele sau serviciile oferite de operatorul acestui site &#8230; <\/p>\n<p class=\"read-more-container\"><a title=\"Imprima\" class=\"read-more button\" href=\"https:\/\/flightradar.flights\/ro\/impressum\/#more-3187\" aria-label=\"More on Imprima\">Read more<\/a><\/p>\n","protected":false},"author":1,"featured_media":0,"parent":0,"menu_order":0,"comment_status":"closed","ping_status":"closed","template":"","meta":{"footnotes":""},"class_list":["post-3187","page","type-page","status-publish"],"yoast_head":"<!-- This site is optimized with the Yoast SEO plugin v27.2 - https:\/\/yoast.com\/product\/yoast-seo-wordpress\/ -->\n<title>Imprima - flightradar.flights<\/title>\n<meta name=\"robots\" content=\"noindex, nofollow\" \/>\n<meta property=\"og:locale\" content=\"ro_RO\" \/>\n<meta property=\"og:type\" content=\"article\" \/>\n<meta property=\"og:title\" content=\"Imprima - flightradar.flights\" \/>\n<meta property=\"og:description\" content=\"Conform \u00a7 5 TMG: Operatorul portalului MTM Marketing Martin MrosekBruktererhang 19 45277 Essen Deutschland Emailul de contact: Info [at] flightradar [Punkt] flights Telefon: [+49] 176 43537-798 Not\u0103 privind datele de contact: Detaliile de contact furnizate aici pot fi contactate de dvs. numai cu preocup\u0103ri relevante legate de produsele sau serviciile oferite de operatorul acestui site ... Read more\" \/>\n<meta property=\"og:url\" content=\"https:\/\/flightradar.flights\/ro\/impressum\/\" \/>\n<meta property=\"og:site_name\" content=\"flightradar.flights\" \/>\n<meta property=\"article:modified_time\" content=\"2022-01-26T09:09:33+00:00\" \/>\n<meta property=\"og:image\" content=\"https:\/\/flightradar.flights\/content\/uploads\/2022\/01\/Logo200x200.jpg\" \/>\n\t<meta property=\"og:image:width\" content=\"200\" \/>\n\t<meta property=\"og:image:height\" content=\"200\" \/>\n\t<meta property=\"og:image:type\" content=\"image\/jpeg\" \/>\n<meta name=\"twitter:card\" content=\"summary_large_image\" \/>\n<meta name=\"twitter:label1\" content=\"Timp estimat pentru citire\" \/>\n\t<meta name=\"twitter:data1\" content=\"3 minute\" \/>\n<script type=\"application\/ld+json\" class=\"yoast-schema-graph\">{\"@context\":\"https:\/\/schema.org\",\"@graph\":[{\"@type\":\"WebPage\",\"@id\":\"https:\/\/flightradar.flights\/ro\/impressum\/\",\"url\":\"https:\/\/flightradar.flights\/ro\/impressum\/\",\"name\":\"Imprima - flightradar.flights\",\"isPartOf\":{\"@id\":\"https:\/\/flightradar.flights\/ro\/#website\"},\"datePublished\":\"2021-04-21T15:34:13+00:00\",\"dateModified\":\"2022-01-26T09:09:33+00:00\",\"breadcrumb\":{\"@id\":\"https:\/\/flightradar.flights\/ro\/impressum\/#breadcrumb\"},\"inLanguage\":\"ro-RO\",\"potentialAction\":[{\"@type\":\"ReadAction\",\"target\":[\"https:\/\/flightradar.flights\/ro\/impressum\/\"]}]},{\"@type\":\"BreadcrumbList\",\"@id\":\"https:\/\/flightradar.flights\/ro\/impressum\/#breadcrumb\",\"itemListElement\":[{\"@type\":\"ListItem\",\"position\":1,\"name\":\"Startseite\",\"item\":\"https:\/\/flightradar.flights\/ro\/\"},{\"@type\":\"ListItem\",\"position\":2,\"name\":\"Imprima\"}]},{\"@type\":\"WebSite\",\"@id\":\"https:\/\/flightradar.flights\/ro\/#website\",\"url\":\"https:\/\/flightradar.flights\/ro\/\",\"name\":\"flightradar.flights\",\"description\":\"\",\"publisher\":{\"@id\":\"https:\/\/flightradar.flights\/ro\/#organization\"},\"potentialAction\":[{\"@type\":\"SearchAction\",\"target\":{\"@type\":\"EntryPoint\",\"urlTemplate\":\"https:\/\/flightradar.flights\/ro\/?s={search_term_string}\"},\"query-input\":{\"@type\":\"PropertyValueSpecification\",\"valueRequired\":true,\"valueName\":\"search_term_string\"}}],\"inLanguage\":\"ro-RO\"},{\"@type\":\"Organization\",\"@id\":\"https:\/\/flightradar.flights\/ro\/#organization\",\"name\":\"flightradar.flights\",\"url\":\"https:\/\/flightradar.flights\/ro\/\",\"logo\":{\"@type\":\"ImageObject\",\"inLanguage\":\"ro-RO\",\"@id\":\"https:\/\/flightradar.flights\/ro\/#\/schema\/logo\/image\/\",\"url\":\"https:\/\/flightradar.flights\/content\/uploads\/2022\/01\/Logo150x150.jpg\",\"contentUrl\":\"https:\/\/flightradar.flights\/content\/uploads\/2022\/01\/Logo150x150.jpg\",\"width\":150,\"height\":150,\"caption\":\"flightradar.flights\"},\"image\":{\"@id\":\"https:\/\/flightradar.flights\/ro\/#\/schema\/logo\/image\/\"}}]}<\/script>\n<!-- \/ Yoast SEO plugin. -->","yoast_head_json":{"title":"Imprima - flightradar.flights","robots":{"index":"noindex","follow":"nofollow"},"og_locale":"ro_RO","og_type":"article","og_title":"Imprima - flightradar.flights","og_description":"Conform \u00a7 5 TMG: Operatorul portalului MTM Marketing Martin MrosekBruktererhang 19 45277 Essen Deutschland Emailul de contact: Info [at] flightradar [Punkt] flights Telefon: [+49] 176 43537-798 Not\u0103 privind datele de contact: Detaliile de contact furnizate aici pot fi contactate de dvs. numai cu preocup\u0103ri relevante legate de produsele sau serviciile oferite de operatorul acestui site ... Read more","og_url":"https:\/\/flightradar.flights\/ro\/impressum\/","og_site_name":"flightradar.flights","article_modified_time":"2022-01-26T09:09:33+00:00","og_image":[{"width":200,"height":200,"url":"https:\/\/flightradar.flights\/content\/uploads\/2022\/01\/Logo200x200.jpg","type":"image\/jpeg"}],"twitter_card":"summary_large_image","twitter_misc":{"Timp estimat pentru citire":"3 minute"},"schema":{"@context":"https:\/\/schema.org","@graph":[{"@type":"WebPage","@id":"https:\/\/flightradar.flights\/ro\/impressum\/","url":"https:\/\/flightradar.flights\/ro\/impressum\/","name":"Imprima - flightradar.flights","isPartOf":{"@id":"https:\/\/flightradar.flights\/ro\/#website"},"datePublished":"2021-04-21T15:34:13+00:00","dateModified":"2022-01-26T09:09:33+00:00","breadcrumb":{"@id":"https:\/\/flightradar.flights\/ro\/impressum\/#breadcrumb"},"inLanguage":"ro-RO","potentialAction":[{"@type":"ReadAction","target":["https:\/\/flightradar.flights\/ro\/impressum\/"]}]},{"@type":"BreadcrumbList","@id":"https:\/\/flightradar.flights\/ro\/impressum\/#breadcrumb","itemListElement":[{"@type":"ListItem","position":1,"name":"Startseite","item":"https:\/\/flightradar.flights\/ro\/"},{"@type":"ListItem","position":2,"name":"Imprima"}]},{"@type":"WebSite","@id":"https:\/\/flightradar.flights\/ro\/#website","url":"https:\/\/flightradar.flights\/ro\/","name":"flightradar.flights","description":"","publisher":{"@id":"https:\/\/flightradar.flights\/ro\/#organization"},"potentialAction":[{"@type":"SearchAction","target":{"@type":"EntryPoint","urlTemplate":"https:\/\/flightradar.flights\/ro\/?s={search_term_string}"},"query-input":{"@type":"PropertyValueSpecification","valueRequired":true,"valueName":"search_term_string"}}],"inLanguage":"ro-RO"},{"@type":"Organization","@id":"https:\/\/flightradar.flights\/ro\/#organization","name":"flightradar.flights","url":"https:\/\/flightradar.flights\/ro\/","logo":{"@type":"ImageObject","inLanguage":"ro-RO","@id":"https:\/\/flightradar.flights\/ro\/#\/schema\/logo\/image\/","url":"https:\/\/flightradar.flights\/content\/uploads\/2022\/01\/Logo150x150.jpg","contentUrl":"https:\/\/flightradar.flights\/content\/uploads\/2022\/01\/Logo150x150.jpg","width":150,"height":150,"caption":"flightradar.flights"},"image":{"@id":"https:\/\/flightradar.flights\/ro\/#\/schema\/logo\/image\/"}}]}},"_links":{"self":[{"href":"https:\/\/flightradar.flights\/ro\/wp-json\/wp\/v2\/pages\/3187","targetHints":{"allow":["GET"]}}],"collection":[{"href":"https:\/\/flightradar.flights\/ro\/wp-json\/wp\/v2\/pages"}],"about":[{"href":"https:\/\/flightradar.flights\/ro\/wp-json\/wp\/v2\/types\/page"}],"author":[{"embeddable":true,"href":"https:\/\/flightradar.flights\/ro\/wp-json\/wp\/v2\/users\/1"}],"replies":[{"embeddable":true,"href":"https:\/\/flightradar.flights\/ro\/wp-json\/wp\/v2\/comments?post=3187"}],"version-history":[{"count":0,"href":"https:\/\/flightradar.flights\/ro\/wp-json\/wp\/v2\/pages\/3187\/revisions"}],"wp:attachment":[{"href":"https:\/\/flightradar.flights\/ro\/wp-json\/wp\/v2\/media?parent=3187"}],"curies":[{"name":"wp","href":"https:\/\/api.w.org\/{rel}","templated":true}]}}