{"id":591,"date":"2021-04-28T17:46:19","date_gmt":"2021-04-28T15:46:19","guid":{"rendered":"https:\/\/flightradar.flights\/?page_id=591"},"modified":"2021-04-28T17:46:19","modified_gmt":"2021-04-28T15:46:19","slug":"noticia-legal","status":"publish","type":"page","link":"https:\/\/flightradar.flights\/pt-pt\/noticia-legal\/","title":{"rendered":"Not\u00edcia legal"},"content":{"rendered":"\n<p>De acordo com \u00a7 5 TMG:<br>Operador do portal<br>Marketing MTM<\/p>\n\n\n\n<p>Martin Mrosek<br>Bruktererhang 19<\/p>\n\n\n\n<p>45277 Essen<\/p>\n\n\n\n<p>Alemanha<\/p>\n\n\n\n<p>CPF<\/p>\n\n\n\n<p>N\u00famero de identifica\u00e7\u00e3o do imposto sobre vendas de acordo com \u00a727 uma lei de imposto sobre vendas:<br>DE (3) 13 729 250<\/p>\n\n\n\n<p>E-mail de contato: Informa\u00e7\u00f5es [at] flightradar [ponto] voos<\/p>\n\n\n\n<p>Telefone: [+49] 176 43537-798<\/p>\n\n\n\n<p>Nota sobre os detalhes de contato:<\/p>\n\n\n\n<p>Os dados de contato aqui fornecidos somente podem ser contatados por voc\u00ea com preocupa\u00e7\u00f5es relevantes relacionadas aos produtos ou servi\u00e7os oferecidos pelo operador deste site. Isso tamb\u00e9m inclui um interesse comercial.<\/p>\n\n\n\n<p>Em caso de uso indevido (uso indevido) dos dados de contato fornecidos aqui, o operador deste site planeja iniciar uma a\u00e7\u00e3o legal. Tamb\u00e9m n\u00e3o \u00e9 permitido transmitir ou processar esses dados sem o consentimento do operador.<\/p>\n\n\n\n<p>O uso indevido ocorre quando o operador \u00e9 prejudicado pelo uso dos dados de contato por terceiros.<\/p>\n\n\n\n<p>Nota sobre resolu\u00e7\u00e3o de lit\u00edgios na UE:<\/p>\n\n\n\n<p>A Comiss\u00e3o Europeia fornece uma plataforma para resolu\u00e7\u00e3o de lit\u00edgios (SO) online: http:\/\/ec.europa.eu\/consumers\/odr<br>Voc\u00ea pode encontrar nosso endere\u00e7o de e-mail no aviso legal acima.<\/p>\n\n\n\n<p>Fontes para as imagens e gr\u00e1ficos usados:<\/p>\n\n\n\n<p>adobe.stock<\/p>\n\n\n\n<p>Isen\u00e7\u00e3o de responsabilidade:<br>Responsabilidade pelo conte\u00fado<\/p>\n\n\n\n<p>O conte\u00fado de nossas p\u00e1ginas foi criado com muito cuidado. No entanto, n\u00e3o podemos aceitar qualquer responsabilidade pela corre\u00e7\u00e3o, integridade e atualidade do conte\u00fado. Como um provedor de servi\u00e7os, somos respons\u00e1veis \u200b\u200bpor nosso pr\u00f3prio conte\u00fado nessas p\u00e1ginas de acordo com a lei geral de acordo com a Se\u00e7\u00e3o 7 (1) da Lei Alem\u00e3 de Telemedia. De acordo com os \u00a7\u00a7 8 a 10 TMG, como um provedor de servi\u00e7os, n\u00e3o somos obrigados a monitorar as informa\u00e7\u00f5es transmitidas ou armazenadas de terceiros ou a pesquisar circunst\u00e2ncias que indiquem atividade ilegal. As obriga\u00e7\u00f5es de remover ou bloquear o uso de informa\u00e7\u00f5es de acordo com as leis gerais permanecem inalteradas. No entanto, a responsabilidade a este respeito s\u00f3 \u00e9 poss\u00edvel a partir do momento em que tomamos conhecimento de uma viola\u00e7\u00e3o legal espec\u00edfica. Assim que tivermos conhecimento de tais viola\u00e7\u00f5es legais, removeremos esse conte\u00fado imediatamente.<\/p>\n\n\n\n<p>Responsabilidade por links<\/p>\n\n\n\n<p>Nossa oferta cont\u00e9m links para sites externos de terceiros, sobre cujo conte\u00fado n\u00e3o temos influ\u00eancia. Portanto, n\u00e3o podemos aceitar qualquer responsabilidade por este conte\u00fado de terceiros. O respectivo provedor ou operador das p\u00e1ginas \u00e9 sempre respons\u00e1vel pelo conte\u00fado das p\u00e1ginas vinculadas. As p\u00e1ginas vinculadas foram verificadas quanto a poss\u00edveis viola\u00e7\u00f5es legais no momento em que foram vinculadas. Nenhum conte\u00fado ilegal foi encontrado no momento em que o link foi criado. Um controle permanente do conte\u00fado das p\u00e1ginas vinculadas n\u00e3o \u00e9 razo\u00e1vel sem evid\u00eancias concretas de viola\u00e7\u00e3o da lei. Se tomarmos conhecimento de viola\u00e7\u00f5es legais, removeremos esses links imediatamente.<\/p>\n\n\n\n<p>direito autoral<\/p>\n\n\n\n<p>O conte\u00fado e as obras nessas p\u00e1ginas criadas pelo operador do site est\u00e3o sujeitos \u00e0 lei de direitos autorais alem\u00e3. A duplica\u00e7\u00e3o, processamento, distribui\u00e7\u00e3o e qualquer tipo de explora\u00e7\u00e3o fora dos limites da lei de direitos autorais requerem o consentimento por escrito do respectivo autor ou criador. Downloads e c\u00f3pias deste site s\u00e3o permitidos apenas para uso privado e n\u00e3o comercial. Na medida em que o conte\u00fado deste site n\u00e3o foi criado pela operadora, s\u00e3o respeitados os direitos autorais de terceiros. Em particular, os conte\u00fados de terceiros s\u00e3o marcados como tal. Se, no entanto, voc\u00ea tomar conhecimento de uma viola\u00e7\u00e3o de direitos autorais, solicitamos que nos notifique de acordo. Se tomarmos conhecimento de viola\u00e7\u00f5es legais, removeremos esse conte\u00fado imediatamente.<\/p>\n","protected":false},"excerpt":{"rendered":"<p>De acordo com \u00a7 5 TMG:Operador do portalMarketing MTM Martin MrosekBruktererhang 19 45277 Essen Alemanha CPF N\u00famero de identifica\u00e7\u00e3o do imposto sobre vendas de acordo com \u00a727 uma lei de imposto sobre vendas:DE (3) 13 729 250 E-mail de contato: Informa\u00e7\u00f5es [at] flightradar [ponto] voos Telefone: [+49] 176 43537-798 Nota sobre os detalhes de contato: &#8230; <\/p>\n<p class=\"read-more-container\"><a title=\"Not\u00edcia legal\" class=\"read-more button\" href=\"https:\/\/flightradar.flights\/pt-pt\/noticia-legal\/#more-591\" aria-label=\"Mais em Not\u00edcia legal\">Ler mais<\/a><\/p>\n","protected":false},"author":1,"featured_media":0,"parent":0,"menu_order":0,"comment_status":"closed","ping_status":"closed","template":"","meta":{"footnotes":""},"class_list":["post-591","page","type-page","status-publish"],"yoast_head":"<!-- This site is optimized with the Yoast SEO plugin v27.2 - https:\/\/yoast.com\/product\/yoast-seo-wordpress\/ -->\n<title>Not\u00edcia legal - flightradar.flights<\/title>\n<meta name=\"robots\" content=\"index, follow, max-snippet:-1, max-image-preview:large, max-video-preview:-1\" \/>\n<link rel=\"canonical\" href=\"https:\/\/flightradar.flights\/pt-pt\/noticia-legal\/\" \/>\n<meta property=\"og:locale\" content=\"pt_PT\" \/>\n<meta property=\"og:type\" content=\"article\" \/>\n<meta property=\"og:title\" content=\"Not\u00edcia legal - flightradar.flights\" \/>\n<meta property=\"og:description\" content=\"De acordo com \u00a7 5 TMG:Operador do portalMarketing MTM Martin MrosekBruktererhang 19 45277 Essen Alemanha CPF N\u00famero de identifica\u00e7\u00e3o do imposto sobre vendas de acordo com \u00a727 uma lei de imposto sobre vendas:DE (3) 13 729 250 E-mail de contato: Informa\u00e7\u00f5es [at] flightradar [ponto] voos Telefone: [+49] 176 43537-798 Nota sobre os detalhes de contato: ... Ler mais\" \/>\n<meta property=\"og:url\" content=\"https:\/\/flightradar.flights\/pt-pt\/noticia-legal\/\" \/>\n<meta property=\"og:site_name\" content=\"flightradar.flights\" \/>\n<meta property=\"og:image\" content=\"https:\/\/flightradar.flights\/content\/uploads\/2022\/01\/Logo200x200.jpg\" \/>\n\t<meta property=\"og:image:width\" content=\"200\" \/>\n\t<meta property=\"og:image:height\" content=\"200\" \/>\n\t<meta property=\"og:image:type\" content=\"image\/jpeg\" \/>\n<meta name=\"twitter:card\" content=\"summary_large_image\" \/>\n<meta name=\"twitter:label1\" content=\"Tempo estimado de leitura\" \/>\n\t<meta name=\"twitter:data1\" content=\"3 minutos\" \/>\n<script type=\"application\/ld+json\" class=\"yoast-schema-graph\">{\"@context\":\"https:\/\/schema.org\",\"@graph\":[{\"@type\":\"WebPage\",\"@id\":\"https:\/\/flightradar.flights\/pt-pt\/noticia-legal\/\",\"url\":\"https:\/\/flightradar.flights\/pt-pt\/noticia-legal\/\",\"name\":\"Not\u00edcia legal - flightradar.flights\",\"isPartOf\":{\"@id\":\"https:\/\/flightradar.flights\/pt-pt\/#website\"},\"datePublished\":\"2021-04-28T15:46:19+00:00\",\"breadcrumb\":{\"@id\":\"https:\/\/flightradar.flights\/pt-pt\/noticia-legal\/#breadcrumb\"},\"inLanguage\":\"pt-PT\",\"potentialAction\":[{\"@type\":\"ReadAction\",\"target\":[\"https:\/\/flightradar.flights\/pt-pt\/noticia-legal\/\"]}]},{\"@type\":\"BreadcrumbList\",\"@id\":\"https:\/\/flightradar.flights\/pt-pt\/noticia-legal\/#breadcrumb\",\"itemListElement\":[{\"@type\":\"ListItem\",\"position\":1,\"name\":\"Startseite\",\"item\":\"https:\/\/flightradar.flights\/pt-pt\/\"},{\"@type\":\"ListItem\",\"position\":2,\"name\":\"Not\u00edcia legal\"}]},{\"@type\":\"WebSite\",\"@id\":\"https:\/\/flightradar.flights\/pt-pt\/#website\",\"url\":\"https:\/\/flightradar.flights\/pt-pt\/\",\"name\":\"flightradar.flights\",\"description\":\"\",\"publisher\":{\"@id\":\"https:\/\/flightradar.flights\/pt-pt\/#organization\"},\"potentialAction\":[{\"@type\":\"SearchAction\",\"target\":{\"@type\":\"EntryPoint\",\"urlTemplate\":\"https:\/\/flightradar.flights\/pt-pt\/?s={search_term_string}\"},\"query-input\":{\"@type\":\"PropertyValueSpecification\",\"valueRequired\":true,\"valueName\":\"search_term_string\"}}],\"inLanguage\":\"pt-PT\"},{\"@type\":\"Organization\",\"@id\":\"https:\/\/flightradar.flights\/pt-pt\/#organization\",\"name\":\"flightradar.flights\",\"url\":\"https:\/\/flightradar.flights\/pt-pt\/\",\"logo\":{\"@type\":\"ImageObject\",\"inLanguage\":\"pt-PT\",\"@id\":\"https:\/\/flightradar.flights\/pt-pt\/#\/schema\/logo\/image\/\",\"url\":\"https:\/\/flightradar.flights\/content\/uploads\/2022\/01\/Logo150x150.jpg\",\"contentUrl\":\"https:\/\/flightradar.flights\/content\/uploads\/2022\/01\/Logo150x150.jpg\",\"width\":150,\"height\":150,\"caption\":\"flightradar.flights\"},\"image\":{\"@id\":\"https:\/\/flightradar.flights\/pt-pt\/#\/schema\/logo\/image\/\"}}]}<\/script>\n<!-- \/ Yoast SEO plugin. -->","yoast_head_json":{"title":"Not\u00edcia legal - flightradar.flights","robots":{"index":"index","follow":"follow","max-snippet":"max-snippet:-1","max-image-preview":"max-image-preview:large","max-video-preview":"max-video-preview:-1"},"canonical":"https:\/\/flightradar.flights\/pt-pt\/noticia-legal\/","og_locale":"pt_PT","og_type":"article","og_title":"Not\u00edcia legal - flightradar.flights","og_description":"De acordo com \u00a7 5 TMG:Operador do portalMarketing MTM Martin MrosekBruktererhang 19 45277 Essen Alemanha CPF N\u00famero de identifica\u00e7\u00e3o do imposto sobre vendas de acordo com \u00a727 uma lei de imposto sobre vendas:DE (3) 13 729 250 E-mail de contato: Informa\u00e7\u00f5es [at] flightradar [ponto] voos Telefone: [+49] 176 43537-798 Nota sobre os detalhes de contato: ... Ler mais","og_url":"https:\/\/flightradar.flights\/pt-pt\/noticia-legal\/","og_site_name":"flightradar.flights","og_image":[{"width":200,"height":200,"url":"https:\/\/flightradar.flights\/content\/uploads\/2022\/01\/Logo200x200.jpg","type":"image\/jpeg"}],"twitter_card":"summary_large_image","twitter_misc":{"Tempo estimado de leitura":"3 minutos"},"schema":{"@context":"https:\/\/schema.org","@graph":[{"@type":"WebPage","@id":"https:\/\/flightradar.flights\/pt-pt\/noticia-legal\/","url":"https:\/\/flightradar.flights\/pt-pt\/noticia-legal\/","name":"Not\u00edcia legal - flightradar.flights","isPartOf":{"@id":"https:\/\/flightradar.flights\/pt-pt\/#website"},"datePublished":"2021-04-28T15:46:19+00:00","breadcrumb":{"@id":"https:\/\/flightradar.flights\/pt-pt\/noticia-legal\/#breadcrumb"},"inLanguage":"pt-PT","potentialAction":[{"@type":"ReadAction","target":["https:\/\/flightradar.flights\/pt-pt\/noticia-legal\/"]}]},{"@type":"BreadcrumbList","@id":"https:\/\/flightradar.flights\/pt-pt\/noticia-legal\/#breadcrumb","itemListElement":[{"@type":"ListItem","position":1,"name":"Startseite","item":"https:\/\/flightradar.flights\/pt-pt\/"},{"@type":"ListItem","position":2,"name":"Not\u00edcia legal"}]},{"@type":"WebSite","@id":"https:\/\/flightradar.flights\/pt-pt\/#website","url":"https:\/\/flightradar.flights\/pt-pt\/","name":"flightradar.flights","description":"","publisher":{"@id":"https:\/\/flightradar.flights\/pt-pt\/#organization"},"potentialAction":[{"@type":"SearchAction","target":{"@type":"EntryPoint","urlTemplate":"https:\/\/flightradar.flights\/pt-pt\/?s={search_term_string}"},"query-input":{"@type":"PropertyValueSpecification","valueRequired":true,"valueName":"search_term_string"}}],"inLanguage":"pt-PT"},{"@type":"Organization","@id":"https:\/\/flightradar.flights\/pt-pt\/#organization","name":"flightradar.flights","url":"https:\/\/flightradar.flights\/pt-pt\/","logo":{"@type":"ImageObject","inLanguage":"pt-PT","@id":"https:\/\/flightradar.flights\/pt-pt\/#\/schema\/logo\/image\/","url":"https:\/\/flightradar.flights\/content\/uploads\/2022\/01\/Logo150x150.jpg","contentUrl":"https:\/\/flightradar.flights\/content\/uploads\/2022\/01\/Logo150x150.jpg","width":150,"height":150,"caption":"flightradar.flights"},"image":{"@id":"https:\/\/flightradar.flights\/pt-pt\/#\/schema\/logo\/image\/"}}]}},"_links":{"self":[{"href":"https:\/\/flightradar.flights\/pt-pt\/wp-json\/wp\/v2\/pages\/591","targetHints":{"allow":["GET"]}}],"collection":[{"href":"https:\/\/flightradar.flights\/pt-pt\/wp-json\/wp\/v2\/pages"}],"about":[{"href":"https:\/\/flightradar.flights\/pt-pt\/wp-json\/wp\/v2\/types\/page"}],"author":[{"embeddable":true,"href":"https:\/\/flightradar.flights\/pt-pt\/wp-json\/wp\/v2\/users\/1"}],"replies":[{"embeddable":true,"href":"https:\/\/flightradar.flights\/pt-pt\/wp-json\/wp\/v2\/comments?post=591"}],"version-history":[{"count":0,"href":"https:\/\/flightradar.flights\/pt-pt\/wp-json\/wp\/v2\/pages\/591\/revisions"}],"wp:attachment":[{"href":"https:\/\/flightradar.flights\/pt-pt\/wp-json\/wp\/v2\/media?parent=591"}],"curies":[{"name":"wp","href":"https:\/\/api.w.org\/{rel}","templated":true}]}}