{"id":1124,"date":"2021-05-21T11:37:21","date_gmt":"2021-05-21T09:37:21","guid":{"rendered":"https:\/\/flightradar.flights\/faq\/"},"modified":"2022-01-06T11:18:22","modified_gmt":"2022-01-06T09:18:22","slug":"faq","status":"publish","type":"page","link":"https:\/\/flightradar.flights\/pt-pt\/faq\/","title":{"rendered":"FAQ &#8211; perguntas frequentes"},"content":{"rendered":"\n<div style=\"height:100px\" aria-hidden=\"true\" class=\"wp-block-spacer\"><\/div>\n\n\n\n<h1 class=\"has-text-align-center wp-block-heading\"><strong>FAQ &#8211; perguntas frequentes<\/strong><\/h1>\n\n\n\n<div style=\"height:100px\" aria-hidden=\"true\" class=\"wp-block-spacer\"><\/div>\n\n\n\n<div class=\"schema-faq wp-block-yoast-faq-block\"><div class=\"schema-faq-section\" id=\"faq-question-1621587381797\"><strong class=\"schema-faq-question\">O Flightradar.flights \u00e9 gratuito?<\/strong> <p class=\"schema-faq-answer\">Flightradar.flights pode ser usado gratuitamente em suas fun\u00e7\u00f5es b\u00e1sicas.<\/p> <\/div> <div class=\"schema-faq-section\" id=\"faq-question-1621587493412\"><strong class=\"schema-faq-question\">Por que o radar de v\u00f4o n\u00e3o mostra os avi\u00f5es?<\/strong> <p class=\"schema-faq-answer\">Certifique-se de que voc\u00ea n\u00e3o est\u00e1 no modo de navega\u00e7\u00e3o an\u00f4nima com seu navegador. O modo inc\u00f3gnito bloqueia a execu\u00e7\u00e3o de certos dados, que s\u00e3o necess\u00e1rios para executar totalmente o radar de v\u00f4o.<\/p> <\/div> <div class=\"schema-faq-section\" id=\"faq-question-1621587643877\"><strong class=\"schema-faq-question\">O radar de v\u00f4o est\u00e1 em tempo real?<\/strong> <p class=\"schema-faq-answer\">O radar de v\u00f4o mostra o tr\u00e1fego a\u00e9reo atual em tempo real.<\/p> <\/div> <div class=\"schema-faq-section\" id=\"faq-question-1621587688776\"><strong class=\"schema-faq-question\">Como posso rastrear um voo?<\/strong> <p class=\"schema-faq-answer\">No radar de v\u00f4o, use o bot\u00e3o esquerdo do mouse ou o dedo no smartphone para selecionar uma aeronave para rastre\u00e1-la. Voc\u00ea tamb\u00e9m pode inserir um n\u00famero de voo v\u00e1lido na barra de pesquisa.<\/p> <\/div> <div class=\"schema-faq-section\" id=\"faq-question-1621587801464\"><strong class=\"schema-faq-question\">Onde posso encontrar o n\u00famero do meu voo?<\/strong> <p class=\"schema-faq-answer\">Voc\u00ea deve encontrar o n\u00famero do seu voo nas passagens. Geralmente consiste em n\u00fameros \/ letras de 4 a 6 d\u00edgitos.<\/p> <\/div> <div class=\"schema-faq-section\" id=\"faq-question-1621587936810\"><strong class=\"schema-faq-question\">O que os avi\u00f5es azuis significam no radar de v\u00f4o?<\/strong> <p class=\"schema-faq-answer\">Aeronaves mostradas em azul s\u00e3o rastreadas com ADS-B via sat\u00e9lite. Principalmente, isso \u00e9 usado sobre os oceanos.<\/p> <\/div> <div class=\"schema-faq-section\" id=\"faq-question-1621588115032\"><strong class=\"schema-faq-question\">Que informa\u00e7\u00f5es obtenho no radar de v\u00f4o?<\/strong> <p class=\"schema-faq-answer\">No radar de v\u00f4o voc\u00ea pode ver o tipo de aeronave, o local de partida, bem como o local de chegada, partida e hora de chegada. Voc\u00ea tamb\u00e9m pode ver onde a aeronave est\u00e1 localizada no momento e a rota do v\u00f4o.<\/p> <\/div> <\/div>\n\n\n\n<div style=\"height:100px\" aria-hidden=\"true\" class=\"wp-block-spacer\"><\/div>\n\n\n\n<script async src=\"https:\/\/pagead2.googlesyndication.com\/pagead\/js\/adsbygoogle.js?client=ca-pub-8699335927299131\"\n     crossorigin=\"anonymous\"><\/script>\n<!-- F.F Display Other -->\n<ins class=\"adsbygoogle\"\n     style=\"display:block\"\n     data-ad-client=\"ca-pub-8699335927299131\"\n     data-ad-slot=\"5660843060\"\n     data-ad-format=\"auto\"\n     data-full-width-responsive=\"true\"><\/ins>\n<script>\n     (adsbygoogle = window.adsbygoogle || []).push({});\n<\/script>\n","protected":false},"excerpt":{"rendered":"<p>FAQ &#8211; perguntas frequentes<\/p>\n","protected":false},"author":1,"featured_media":0,"parent":0,"menu_order":0,"comment_status":"open","ping_status":"closed","template":"","meta":{"footnotes":""},"class_list":["post-1124","page","type-page","status-publish"],"yoast_head":"<!-- This site is optimized with the Yoast SEO plugin v27.2 - https:\/\/yoast.com\/product\/yoast-seo-wordpress\/ -->\n<title>FAQ - perguntas frequentes - flightradar.flights<\/title>\n<meta name=\"description\" content=\"Flightradar.flights Perguntas frequentes sobre radar de voo e rastreamento de voo.\" \/>\n<meta name=\"robots\" content=\"index, follow, max-snippet:-1, max-image-preview:large, max-video-preview:-1\" \/>\n<link rel=\"canonical\" href=\"https:\/\/flightradar.flights\/pt-pt\/faq\/\" \/>\n<meta property=\"og:locale\" content=\"pt_PT\" \/>\n<meta property=\"og:type\" content=\"article\" \/>\n<meta property=\"og:title\" content=\"FAQ - perguntas frequentes - flightradar.flights\" \/>\n<meta property=\"og:description\" content=\"Flightradar.flights Perguntas frequentes sobre radar de voo e rastreamento de voo.\" \/>\n<meta property=\"og:url\" content=\"https:\/\/flightradar.flights\/pt-pt\/faq\/\" \/>\n<meta property=\"og:site_name\" content=\"flightradar.flights\" \/>\n<meta property=\"article:modified_time\" content=\"2022-01-06T09:18:22+00:00\" \/>\n<meta property=\"og:image\" content=\"https:\/\/flightradar.flights\/content\/uploads\/2022\/01\/Logo200x200.jpg\" \/>\n\t<meta property=\"og:image:width\" content=\"200\" \/>\n\t<meta property=\"og:image:height\" content=\"200\" \/>\n\t<meta property=\"og:image:type\" content=\"image\/jpeg\" \/>\n<meta name=\"twitter:card\" content=\"summary_large_image\" \/>\n<meta name=\"twitter:label1\" content=\"Tempo estimado de leitura\" \/>\n\t<meta name=\"twitter:data1\" content=\"2 minutos\" \/>\n<script type=\"application\/ld+json\" class=\"yoast-schema-graph\">{\"@context\":\"https:\/\/schema.org\",\"@graph\":[{\"@type\":[\"WebPage\",\"FAQPage\"],\"@id\":\"https:\/\/flightradar.flights\/pt-pt\/faq\/\",\"url\":\"https:\/\/flightradar.flights\/pt-pt\/faq\/\",\"name\":\"FAQ - perguntas frequentes - flightradar.flights\",\"isPartOf\":{\"@id\":\"https:\/\/flightradar.flights\/pt-pt\/#website\"},\"datePublished\":\"2021-05-21T09:37:21+00:00\",\"dateModified\":\"2022-01-06T09:18:22+00:00\",\"description\":\"Flightradar.flights Perguntas frequentes sobre radar de voo e rastreamento de voo.\",\"breadcrumb\":{\"@id\":\"https:\/\/flightradar.flights\/pt-pt\/faq\/#breadcrumb\"},\"mainEntity\":[{\"@id\":\"https:\/\/flightradar.flights\/pt-pt\/faq\/#faq-question-1621587381797\"},{\"@id\":\"https:\/\/flightradar.flights\/pt-pt\/faq\/#faq-question-1621587493412\"},{\"@id\":\"https:\/\/flightradar.flights\/pt-pt\/faq\/#faq-question-1621587643877\"},{\"@id\":\"https:\/\/flightradar.flights\/pt-pt\/faq\/#faq-question-1621587688776\"},{\"@id\":\"https:\/\/flightradar.flights\/pt-pt\/faq\/#faq-question-1621587801464\"},{\"@id\":\"https:\/\/flightradar.flights\/pt-pt\/faq\/#faq-question-1621587936810\"},{\"@id\":\"https:\/\/flightradar.flights\/pt-pt\/faq\/#faq-question-1621588115032\"}],\"inLanguage\":\"pt-PT\",\"potentialAction\":[{\"@type\":\"ReadAction\",\"target\":[\"https:\/\/flightradar.flights\/pt-pt\/faq\/\"]}]},{\"@type\":\"BreadcrumbList\",\"@id\":\"https:\/\/flightradar.flights\/pt-pt\/faq\/#breadcrumb\",\"itemListElement\":[{\"@type\":\"ListItem\",\"position\":1,\"name\":\"Startseite\",\"item\":\"https:\/\/flightradar.flights\/pt-pt\/\"},{\"@type\":\"ListItem\",\"position\":2,\"name\":\"FAQ &#8211; perguntas frequentes\"}]},{\"@type\":\"WebSite\",\"@id\":\"https:\/\/flightradar.flights\/pt-pt\/#website\",\"url\":\"https:\/\/flightradar.flights\/pt-pt\/\",\"name\":\"flightradar.flights\",\"description\":\"\",\"publisher\":{\"@id\":\"https:\/\/flightradar.flights\/pt-pt\/#organization\"},\"potentialAction\":[{\"@type\":\"SearchAction\",\"target\":{\"@type\":\"EntryPoint\",\"urlTemplate\":\"https:\/\/flightradar.flights\/pt-pt\/?s={search_term_string}\"},\"query-input\":{\"@type\":\"PropertyValueSpecification\",\"valueRequired\":true,\"valueName\":\"search_term_string\"}}],\"inLanguage\":\"pt-PT\"},{\"@type\":\"Organization\",\"@id\":\"https:\/\/flightradar.flights\/pt-pt\/#organization\",\"name\":\"flightradar.flights\",\"url\":\"https:\/\/flightradar.flights\/pt-pt\/\",\"logo\":{\"@type\":\"ImageObject\",\"inLanguage\":\"pt-PT\",\"@id\":\"https:\/\/flightradar.flights\/pt-pt\/#\/schema\/logo\/image\/\",\"url\":\"https:\/\/flightradar.flights\/content\/uploads\/2022\/01\/Logo150x150.jpg\",\"contentUrl\":\"https:\/\/flightradar.flights\/content\/uploads\/2022\/01\/Logo150x150.jpg\",\"width\":150,\"height\":150,\"caption\":\"flightradar.flights\"},\"image\":{\"@id\":\"https:\/\/flightradar.flights\/pt-pt\/#\/schema\/logo\/image\/\"}},{\"@type\":\"Question\",\"@id\":\"https:\/\/flightradar.flights\/pt-pt\/faq\/#faq-question-1621587381797\",\"position\":1,\"url\":\"https:\/\/flightradar.flights\/pt-pt\/faq\/#faq-question-1621587381797\",\"name\":\"O Flightradar.flights \u00e9 gratuito?\",\"answerCount\":1,\"acceptedAnswer\":{\"@type\":\"Answer\",\"text\":\"Flightradar.flights pode ser usado gratuitamente em suas fun\u00e7\u00f5es b\u00e1sicas.\",\"inLanguage\":\"pt-PT\"},\"inLanguage\":\"pt-PT\"},{\"@type\":\"Question\",\"@id\":\"https:\/\/flightradar.flights\/pt-pt\/faq\/#faq-question-1621587493412\",\"position\":2,\"url\":\"https:\/\/flightradar.flights\/pt-pt\/faq\/#faq-question-1621587493412\",\"name\":\"Por que o radar de v\u00f4o n\u00e3o mostra os avi\u00f5es?\",\"answerCount\":1,\"acceptedAnswer\":{\"@type\":\"Answer\",\"text\":\"Certifique-se de que voc\u00ea n\u00e3o est\u00e1 no modo de navega\u00e7\u00e3o an\u00f4nima com seu navegador. O modo inc\u00f3gnito bloqueia a execu\u00e7\u00e3o de certos dados, que s\u00e3o necess\u00e1rios para executar totalmente o radar de v\u00f4o.\",\"inLanguage\":\"pt-PT\"},\"inLanguage\":\"pt-PT\"},{\"@type\":\"Question\",\"@id\":\"https:\/\/flightradar.flights\/pt-pt\/faq\/#faq-question-1621587643877\",\"position\":3,\"url\":\"https:\/\/flightradar.flights\/pt-pt\/faq\/#faq-question-1621587643877\",\"name\":\"O radar de v\u00f4o est\u00e1 em tempo real?\",\"answerCount\":1,\"acceptedAnswer\":{\"@type\":\"Answer\",\"text\":\"O radar de v\u00f4o mostra o tr\u00e1fego a\u00e9reo atual em tempo real.\",\"inLanguage\":\"pt-PT\"},\"inLanguage\":\"pt-PT\"},{\"@type\":\"Question\",\"@id\":\"https:\/\/flightradar.flights\/pt-pt\/faq\/#faq-question-1621587688776\",\"position\":4,\"url\":\"https:\/\/flightradar.flights\/pt-pt\/faq\/#faq-question-1621587688776\",\"name\":\"Como posso rastrear um voo?\",\"answerCount\":1,\"acceptedAnswer\":{\"@type\":\"Answer\",\"text\":\"No radar de v\u00f4o, use o bot\u00e3o esquerdo do mouse ou o dedo no smartphone para selecionar uma aeronave para rastre\u00e1-la. Voc\u00ea tamb\u00e9m pode inserir um n\u00famero de voo v\u00e1lido na barra de pesquisa.\",\"inLanguage\":\"pt-PT\"},\"inLanguage\":\"pt-PT\"},{\"@type\":\"Question\",\"@id\":\"https:\/\/flightradar.flights\/pt-pt\/faq\/#faq-question-1621587801464\",\"position\":5,\"url\":\"https:\/\/flightradar.flights\/pt-pt\/faq\/#faq-question-1621587801464\",\"name\":\"Onde posso encontrar o n\u00famero do meu voo?\",\"answerCount\":1,\"acceptedAnswer\":{\"@type\":\"Answer\",\"text\":\"Voc\u00ea deve encontrar o n\u00famero do seu voo nas passagens. Geralmente consiste em n\u00fameros \/ letras de 4 a 6 d\u00edgitos.\",\"inLanguage\":\"pt-PT\"},\"inLanguage\":\"pt-PT\"},{\"@type\":\"Question\",\"@id\":\"https:\/\/flightradar.flights\/pt-pt\/faq\/#faq-question-1621587936810\",\"position\":6,\"url\":\"https:\/\/flightradar.flights\/pt-pt\/faq\/#faq-question-1621587936810\",\"name\":\"O que os avi\u00f5es azuis significam no radar de v\u00f4o?\",\"answerCount\":1,\"acceptedAnswer\":{\"@type\":\"Answer\",\"text\":\"Aeronaves mostradas em azul s\u00e3o rastreadas com ADS-B via sat\u00e9lite. Principalmente, isso \u00e9 usado sobre os oceanos.\",\"inLanguage\":\"pt-PT\"},\"inLanguage\":\"pt-PT\"},{\"@type\":\"Question\",\"@id\":\"https:\/\/flightradar.flights\/pt-pt\/faq\/#faq-question-1621588115032\",\"position\":7,\"url\":\"https:\/\/flightradar.flights\/pt-pt\/faq\/#faq-question-1621588115032\",\"name\":\"Que informa\u00e7\u00f5es obtenho no radar de v\u00f4o?\",\"answerCount\":1,\"acceptedAnswer\":{\"@type\":\"Answer\",\"text\":\"No radar de v\u00f4o voc\u00ea pode ver o tipo de aeronave, o local de partida, bem como o local de chegada, partida e hora de chegada. Voc\u00ea tamb\u00e9m pode ver onde a aeronave est\u00e1 localizada no momento e a rota do v\u00f4o.\",\"inLanguage\":\"pt-PT\"},\"inLanguage\":\"pt-PT\"}]}<\/script>\n<!-- \/ Yoast SEO plugin. -->","yoast_head_json":{"title":"FAQ - perguntas frequentes - flightradar.flights","description":"Flightradar.flights Perguntas frequentes sobre radar de voo e rastreamento de voo.","robots":{"index":"index","follow":"follow","max-snippet":"max-snippet:-1","max-image-preview":"max-image-preview:large","max-video-preview":"max-video-preview:-1"},"canonical":"https:\/\/flightradar.flights\/pt-pt\/faq\/","og_locale":"pt_PT","og_type":"article","og_title":"FAQ - perguntas frequentes - flightradar.flights","og_description":"Flightradar.flights Perguntas frequentes sobre radar de voo e rastreamento de voo.","og_url":"https:\/\/flightradar.flights\/pt-pt\/faq\/","og_site_name":"flightradar.flights","article_modified_time":"2022-01-06T09:18:22+00:00","og_image":[{"width":200,"height":200,"url":"https:\/\/flightradar.flights\/content\/uploads\/2022\/01\/Logo200x200.jpg","type":"image\/jpeg"}],"twitter_card":"summary_large_image","twitter_misc":{"Tempo estimado de leitura":"2 minutos"},"schema":{"@context":"https:\/\/schema.org","@graph":[{"@type":["WebPage","FAQPage"],"@id":"https:\/\/flightradar.flights\/pt-pt\/faq\/","url":"https:\/\/flightradar.flights\/pt-pt\/faq\/","name":"FAQ - perguntas frequentes - flightradar.flights","isPartOf":{"@id":"https:\/\/flightradar.flights\/pt-pt\/#website"},"datePublished":"2021-05-21T09:37:21+00:00","dateModified":"2022-01-06T09:18:22+00:00","description":"Flightradar.flights Perguntas frequentes sobre radar de voo e rastreamento de voo.","breadcrumb":{"@id":"https:\/\/flightradar.flights\/pt-pt\/faq\/#breadcrumb"},"mainEntity":[{"@id":"https:\/\/flightradar.flights\/pt-pt\/faq\/#faq-question-1621587381797"},{"@id":"https:\/\/flightradar.flights\/pt-pt\/faq\/#faq-question-1621587493412"},{"@id":"https:\/\/flightradar.flights\/pt-pt\/faq\/#faq-question-1621587643877"},{"@id":"https:\/\/flightradar.flights\/pt-pt\/faq\/#faq-question-1621587688776"},{"@id":"https:\/\/flightradar.flights\/pt-pt\/faq\/#faq-question-1621587801464"},{"@id":"https:\/\/flightradar.flights\/pt-pt\/faq\/#faq-question-1621587936810"},{"@id":"https:\/\/flightradar.flights\/pt-pt\/faq\/#faq-question-1621588115032"}],"inLanguage":"pt-PT","potentialAction":[{"@type":"ReadAction","target":["https:\/\/flightradar.flights\/pt-pt\/faq\/"]}]},{"@type":"BreadcrumbList","@id":"https:\/\/flightradar.flights\/pt-pt\/faq\/#breadcrumb","itemListElement":[{"@type":"ListItem","position":1,"name":"Startseite","item":"https:\/\/flightradar.flights\/pt-pt\/"},{"@type":"ListItem","position":2,"name":"FAQ &#8211; perguntas frequentes"}]},{"@type":"WebSite","@id":"https:\/\/flightradar.flights\/pt-pt\/#website","url":"https:\/\/flightradar.flights\/pt-pt\/","name":"flightradar.flights","description":"","publisher":{"@id":"https:\/\/flightradar.flights\/pt-pt\/#organization"},"potentialAction":[{"@type":"SearchAction","target":{"@type":"EntryPoint","urlTemplate":"https:\/\/flightradar.flights\/pt-pt\/?s={search_term_string}"},"query-input":{"@type":"PropertyValueSpecification","valueRequired":true,"valueName":"search_term_string"}}],"inLanguage":"pt-PT"},{"@type":"Organization","@id":"https:\/\/flightradar.flights\/pt-pt\/#organization","name":"flightradar.flights","url":"https:\/\/flightradar.flights\/pt-pt\/","logo":{"@type":"ImageObject","inLanguage":"pt-PT","@id":"https:\/\/flightradar.flights\/pt-pt\/#\/schema\/logo\/image\/","url":"https:\/\/flightradar.flights\/content\/uploads\/2022\/01\/Logo150x150.jpg","contentUrl":"https:\/\/flightradar.flights\/content\/uploads\/2022\/01\/Logo150x150.jpg","width":150,"height":150,"caption":"flightradar.flights"},"image":{"@id":"https:\/\/flightradar.flights\/pt-pt\/#\/schema\/logo\/image\/"}},{"@type":"Question","@id":"https:\/\/flightradar.flights\/pt-pt\/faq\/#faq-question-1621587381797","position":1,"url":"https:\/\/flightradar.flights\/pt-pt\/faq\/#faq-question-1621587381797","name":"O Flightradar.flights \u00e9 gratuito?","answerCount":1,"acceptedAnswer":{"@type":"Answer","text":"Flightradar.flights pode ser usado gratuitamente em suas fun\u00e7\u00f5es b\u00e1sicas.","inLanguage":"pt-PT"},"inLanguage":"pt-PT"},{"@type":"Question","@id":"https:\/\/flightradar.flights\/pt-pt\/faq\/#faq-question-1621587493412","position":2,"url":"https:\/\/flightradar.flights\/pt-pt\/faq\/#faq-question-1621587493412","name":"Por que o radar de v\u00f4o n\u00e3o mostra os avi\u00f5es?","answerCount":1,"acceptedAnswer":{"@type":"Answer","text":"Certifique-se de que voc\u00ea n\u00e3o est\u00e1 no modo de navega\u00e7\u00e3o an\u00f4nima com seu navegador. O modo inc\u00f3gnito bloqueia a execu\u00e7\u00e3o de certos dados, que s\u00e3o necess\u00e1rios para executar totalmente o radar de v\u00f4o.","inLanguage":"pt-PT"},"inLanguage":"pt-PT"},{"@type":"Question","@id":"https:\/\/flightradar.flights\/pt-pt\/faq\/#faq-question-1621587643877","position":3,"url":"https:\/\/flightradar.flights\/pt-pt\/faq\/#faq-question-1621587643877","name":"O radar de v\u00f4o est\u00e1 em tempo real?","answerCount":1,"acceptedAnswer":{"@type":"Answer","text":"O radar de v\u00f4o mostra o tr\u00e1fego a\u00e9reo atual em tempo real.","inLanguage":"pt-PT"},"inLanguage":"pt-PT"},{"@type":"Question","@id":"https:\/\/flightradar.flights\/pt-pt\/faq\/#faq-question-1621587688776","position":4,"url":"https:\/\/flightradar.flights\/pt-pt\/faq\/#faq-question-1621587688776","name":"Como posso rastrear um voo?","answerCount":1,"acceptedAnswer":{"@type":"Answer","text":"No radar de v\u00f4o, use o bot\u00e3o esquerdo do mouse ou o dedo no smartphone para selecionar uma aeronave para rastre\u00e1-la. Voc\u00ea tamb\u00e9m pode inserir um n\u00famero de voo v\u00e1lido na barra de pesquisa.","inLanguage":"pt-PT"},"inLanguage":"pt-PT"},{"@type":"Question","@id":"https:\/\/flightradar.flights\/pt-pt\/faq\/#faq-question-1621587801464","position":5,"url":"https:\/\/flightradar.flights\/pt-pt\/faq\/#faq-question-1621587801464","name":"Onde posso encontrar o n\u00famero do meu voo?","answerCount":1,"acceptedAnswer":{"@type":"Answer","text":"Voc\u00ea deve encontrar o n\u00famero do seu voo nas passagens. Geralmente consiste em n\u00fameros \/ letras de 4 a 6 d\u00edgitos.","inLanguage":"pt-PT"},"inLanguage":"pt-PT"},{"@type":"Question","@id":"https:\/\/flightradar.flights\/pt-pt\/faq\/#faq-question-1621587936810","position":6,"url":"https:\/\/flightradar.flights\/pt-pt\/faq\/#faq-question-1621587936810","name":"O que os avi\u00f5es azuis significam no radar de v\u00f4o?","answerCount":1,"acceptedAnswer":{"@type":"Answer","text":"Aeronaves mostradas em azul s\u00e3o rastreadas com ADS-B via sat\u00e9lite. Principalmente, isso \u00e9 usado sobre os oceanos.","inLanguage":"pt-PT"},"inLanguage":"pt-PT"},{"@type":"Question","@id":"https:\/\/flightradar.flights\/pt-pt\/faq\/#faq-question-1621588115032","position":7,"url":"https:\/\/flightradar.flights\/pt-pt\/faq\/#faq-question-1621588115032","name":"Que informa\u00e7\u00f5es obtenho no radar de v\u00f4o?","answerCount":1,"acceptedAnswer":{"@type":"Answer","text":"No radar de v\u00f4o voc\u00ea pode ver o tipo de aeronave, o local de partida, bem como o local de chegada, partida e hora de chegada. Voc\u00ea tamb\u00e9m pode ver onde a aeronave est\u00e1 localizada no momento e a rota do v\u00f4o.","inLanguage":"pt-PT"},"inLanguage":"pt-PT"}]}},"_links":{"self":[{"href":"https:\/\/flightradar.flights\/pt-pt\/wp-json\/wp\/v2\/pages\/1124","targetHints":{"allow":["GET"]}}],"collection":[{"href":"https:\/\/flightradar.flights\/pt-pt\/wp-json\/wp\/v2\/pages"}],"about":[{"href":"https:\/\/flightradar.flights\/pt-pt\/wp-json\/wp\/v2\/types\/page"}],"author":[{"embeddable":true,"href":"https:\/\/flightradar.flights\/pt-pt\/wp-json\/wp\/v2\/users\/1"}],"replies":[{"embeddable":true,"href":"https:\/\/flightradar.flights\/pt-pt\/wp-json\/wp\/v2\/comments?post=1124"}],"version-history":[{"count":0,"href":"https:\/\/flightradar.flights\/pt-pt\/wp-json\/wp\/v2\/pages\/1124\/revisions"}],"wp:attachment":[{"href":"https:\/\/flightradar.flights\/pt-pt\/wp-json\/wp\/v2\/media?parent=1124"}],"curies":[{"name":"wp","href":"https:\/\/api.w.org\/{rel}","templated":true}]}}