{"id":1122,"date":"2021-05-21T11:37:21","date_gmt":"2021-05-21T09:37:21","guid":{"rendered":"https:\/\/flightradar.flights\/faq\/"},"modified":"2022-01-06T11:18:09","modified_gmt":"2022-01-06T09:18:09","slug":"faq","status":"publish","type":"page","link":"https:\/\/flightradar.flights\/pl\/faq\/","title":{"rendered":"FAQ &#8211; cz\u0119sto zadawane pytania"},"content":{"rendered":"\n<div style=\"height:100px\" aria-hidden=\"true\" class=\"wp-block-spacer\"><\/div>\n\n\n\n<h1 class=\"has-text-align-center wp-block-heading\"><strong>FAQ &#8211; cz\u0119sto zadawane pytania<\/strong><\/h1>\n\n\n\n<div style=\"height:100px\" aria-hidden=\"true\" class=\"wp-block-spacer\"><\/div>\n\n\n\n<div class=\"schema-faq wp-block-yoast-faq-block\"><div class=\"schema-faq-section\" id=\"faq-question-1621587381797\"><strong class=\"schema-faq-question\">Czy Flightradar.flights jest darmowe?<\/strong> <p class=\"schema-faq-answer\">Flightradar.flights mo\u017ce by\u0107 u\u017cywany bezp\u0142atnie w jego podstawowych funkcjach.<\/p> <\/div> <div class=\"schema-faq-section\" id=\"faq-question-1621587493412\"><strong class=\"schema-faq-question\">Dlaczego radar lot\u00f3w nie pokazuje samolot\u00f3w?<\/strong> <p class=\"schema-faq-answer\">Upewnij si\u0119, \u017ce nie jeste\u015b w trybie incognito w przegl\u0105darce. Tryb incognito blokuje wykonanie pewnych danych, kt\u00f3re s\u0105 niezb\u0119dne do pe\u0142nego wykonania radaru lotniczego.<\/p> <\/div> <div class=\"schema-faq-section\" id=\"faq-question-1621587643877\"><strong class=\"schema-faq-question\">Czy radar lot\u00f3w dzia\u0142a w czasie rzeczywistym?<\/strong> <p class=\"schema-faq-answer\">Radar lot\u00f3w pokazuje aktualny ruch lotniczy w czasie rzeczywistym.<\/p> <\/div> <div class=\"schema-faq-section\" id=\"faq-question-1621587688776\"><strong class=\"schema-faq-question\">Jak mog\u0119 \u015bledzi\u0107 lot?<\/strong> <p class=\"schema-faq-answer\">Na radarze lotu lewym przyciskiem myszy lub palcem na smartfonie wybierz samolot do \u015bledzenia. Mo\u017cesz tak\u017ce wpisa\u0107 prawid\u0142owy numer lotu w pasku wyszukiwania.<\/p> <\/div> <div class=\"schema-faq-section\" id=\"faq-question-1621587801464\"><strong class=\"schema-faq-question\">Gdzie mog\u0119 znale\u017a\u0107 m\u00f3j numer lotu?<\/strong> <p class=\"schema-faq-answer\">Numer lotu powiniene\u015b znale\u017a\u0107 na biletach lotniczych. Zwykle sk\u0142ada si\u0119 z 4 do 6 cyfr \/ liter.<\/p> <\/div> <div class=\"schema-faq-section\" id=\"faq-question-1621587936810\"><strong class=\"schema-faq-question\">Co oznaczaj\u0105 niebieskie samoloty w radarach lot\u00f3w?<\/strong> <p class=\"schema-faq-answer\">Samoloty pokazane na niebiesko s\u0105 \u015bledzone za pomoc\u0105 ADS-B przez satelit\u0119. Przewa\u017cnie jest to u\u017cywane nad oceanami.<\/p> <\/div> <div class=\"schema-faq-section\" id=\"faq-question-1621588115032\"><strong class=\"schema-faq-question\">Jakie informacje dostaj\u0119 na radarze lot\u00f3w?<\/strong> <p class=\"schema-faq-answer\">Na radarze lot\u00f3w mo\u017cna zobaczy\u0107 rodzaj samolotu, miejsce odlotu oraz miejsce przylotu, odlotu i czasu przylotu. Mo\u017cesz tak\u017ce zobaczy\u0107, gdzie aktualnie znajduje si\u0119 samolot oraz tras\u0119 lotu.<\/p> <\/div> <\/div>\n\n\n\n<div style=\"height:100px\" aria-hidden=\"true\" class=\"wp-block-spacer\"><\/div>\n\n\n\n<script async src=\"https:\/\/pagead2.googlesyndication.com\/pagead\/js\/adsbygoogle.js?client=ca-pub-8699335927299131\"\n     crossorigin=\"anonymous\"><\/script>\n<!-- F.F Display Other -->\n<ins class=\"adsbygoogle\"\n     style=\"display:block\"\n     data-ad-client=\"ca-pub-8699335927299131\"\n     data-ad-slot=\"5660843060\"\n     data-ad-format=\"auto\"\n     data-full-width-responsive=\"true\"><\/ins>\n<script>\n     (adsbygoogle = window.adsbygoogle || []).push({});\n<\/script>\n","protected":false},"excerpt":{"rendered":"<p>FAQ &#8211; cz\u0119sto zadawane pytania<\/p>\n","protected":false},"author":1,"featured_media":0,"parent":0,"menu_order":0,"comment_status":"open","ping_status":"closed","template":"","meta":{"footnotes":""},"class_list":["post-1122","page","type-page","status-publish"],"yoast_head":"<!-- This site is optimized with the Yoast SEO plugin v27.2 - https:\/\/yoast.com\/product\/yoast-seo-wordpress\/ -->\n<title>FAQ - cz\u0119sto zadawane pytania - flightradar.flights<\/title>\n<meta name=\"description\" content=\"Flightradar.flights Cz\u0119sto zadawane pytania dotycz\u0105ce radaru lot\u00f3w i \u015bledzenia lot\u00f3w.\" \/>\n<meta name=\"robots\" content=\"index, follow, max-snippet:-1, max-image-preview:large, max-video-preview:-1\" \/>\n<link rel=\"canonical\" href=\"https:\/\/flightradar.flights\/pl\/faq\/\" \/>\n<meta property=\"og:locale\" content=\"pl_PL\" \/>\n<meta property=\"og:type\" content=\"article\" \/>\n<meta property=\"og:title\" content=\"FAQ - cz\u0119sto zadawane pytania - flightradar.flights\" \/>\n<meta property=\"og:description\" content=\"Flightradar.flights Cz\u0119sto zadawane pytania dotycz\u0105ce radaru lot\u00f3w i \u015bledzenia lot\u00f3w.\" \/>\n<meta property=\"og:url\" content=\"https:\/\/flightradar.flights\/pl\/faq\/\" \/>\n<meta property=\"og:site_name\" content=\"flightradar.flights\" \/>\n<meta property=\"article:modified_time\" content=\"2022-01-06T09:18:09+00:00\" \/>\n<meta property=\"og:image\" content=\"https:\/\/flightradar.flights\/content\/uploads\/2022\/01\/Logo200x200.jpg\" \/>\n\t<meta property=\"og:image:width\" content=\"200\" \/>\n\t<meta property=\"og:image:height\" content=\"200\" \/>\n\t<meta property=\"og:image:type\" content=\"image\/jpeg\" \/>\n<meta name=\"twitter:card\" content=\"summary_large_image\" \/>\n<meta name=\"twitter:label1\" content=\"Szacowany czas czytania\" \/>\n\t<meta name=\"twitter:data1\" content=\"1 minuta\" \/>\n<script type=\"application\/ld+json\" class=\"yoast-schema-graph\">{\"@context\":\"https:\/\/schema.org\",\"@graph\":[{\"@type\":[\"WebPage\",\"FAQPage\"],\"@id\":\"https:\/\/flightradar.flights\/pl\/faq\/\",\"url\":\"https:\/\/flightradar.flights\/pl\/faq\/\",\"name\":\"FAQ - cz\u0119sto zadawane pytania - flightradar.flights\",\"isPartOf\":{\"@id\":\"https:\/\/flightradar.flights\/pl\/#website\"},\"datePublished\":\"2021-05-21T09:37:21+00:00\",\"dateModified\":\"2022-01-06T09:18:09+00:00\",\"description\":\"Flightradar.flights Cz\u0119sto zadawane pytania dotycz\u0105ce radaru lot\u00f3w i \u015bledzenia lot\u00f3w.\",\"breadcrumb\":{\"@id\":\"https:\/\/flightradar.flights\/pl\/faq\/#breadcrumb\"},\"mainEntity\":[{\"@id\":\"https:\/\/flightradar.flights\/pl\/faq\/#faq-question-1621587381797\"},{\"@id\":\"https:\/\/flightradar.flights\/pl\/faq\/#faq-question-1621587493412\"},{\"@id\":\"https:\/\/flightradar.flights\/pl\/faq\/#faq-question-1621587643877\"},{\"@id\":\"https:\/\/flightradar.flights\/pl\/faq\/#faq-question-1621587688776\"},{\"@id\":\"https:\/\/flightradar.flights\/pl\/faq\/#faq-question-1621587801464\"},{\"@id\":\"https:\/\/flightradar.flights\/pl\/faq\/#faq-question-1621587936810\"},{\"@id\":\"https:\/\/flightradar.flights\/pl\/faq\/#faq-question-1621588115032\"}],\"inLanguage\":\"pl-PL\",\"potentialAction\":[{\"@type\":\"ReadAction\",\"target\":[\"https:\/\/flightradar.flights\/pl\/faq\/\"]}]},{\"@type\":\"BreadcrumbList\",\"@id\":\"https:\/\/flightradar.flights\/pl\/faq\/#breadcrumb\",\"itemListElement\":[{\"@type\":\"ListItem\",\"position\":1,\"name\":\"Startseite\",\"item\":\"https:\/\/flightradar.flights\/pl\/\"},{\"@type\":\"ListItem\",\"position\":2,\"name\":\"FAQ &#8211; cz\u0119sto zadawane pytania\"}]},{\"@type\":\"WebSite\",\"@id\":\"https:\/\/flightradar.flights\/pl\/#website\",\"url\":\"https:\/\/flightradar.flights\/pl\/\",\"name\":\"flightradar.flights\",\"description\":\"\",\"publisher\":{\"@id\":\"https:\/\/flightradar.flights\/pl\/#organization\"},\"potentialAction\":[{\"@type\":\"SearchAction\",\"target\":{\"@type\":\"EntryPoint\",\"urlTemplate\":\"https:\/\/flightradar.flights\/pl\/?s={search_term_string}\"},\"query-input\":{\"@type\":\"PropertyValueSpecification\",\"valueRequired\":true,\"valueName\":\"search_term_string\"}}],\"inLanguage\":\"pl-PL\"},{\"@type\":\"Organization\",\"@id\":\"https:\/\/flightradar.flights\/pl\/#organization\",\"name\":\"flightradar.flights\",\"url\":\"https:\/\/flightradar.flights\/pl\/\",\"logo\":{\"@type\":\"ImageObject\",\"inLanguage\":\"pl-PL\",\"@id\":\"https:\/\/flightradar.flights\/pl\/#\/schema\/logo\/image\/\",\"url\":\"https:\/\/flightradar.flights\/content\/uploads\/2022\/01\/Logo150x150.jpg\",\"contentUrl\":\"https:\/\/flightradar.flights\/content\/uploads\/2022\/01\/Logo150x150.jpg\",\"width\":150,\"height\":150,\"caption\":\"flightradar.flights\"},\"image\":{\"@id\":\"https:\/\/flightradar.flights\/pl\/#\/schema\/logo\/image\/\"}},{\"@type\":\"Question\",\"@id\":\"https:\/\/flightradar.flights\/pl\/faq\/#faq-question-1621587381797\",\"position\":1,\"url\":\"https:\/\/flightradar.flights\/pl\/faq\/#faq-question-1621587381797\",\"name\":\"Czy Flightradar.flights jest darmowe?\",\"answerCount\":1,\"acceptedAnswer\":{\"@type\":\"Answer\",\"text\":\"Flightradar.flights mo\u017ce by\u0107 u\u017cywany bezp\u0142atnie w jego podstawowych funkcjach.\",\"inLanguage\":\"pl-PL\"},\"inLanguage\":\"pl-PL\"},{\"@type\":\"Question\",\"@id\":\"https:\/\/flightradar.flights\/pl\/faq\/#faq-question-1621587493412\",\"position\":2,\"url\":\"https:\/\/flightradar.flights\/pl\/faq\/#faq-question-1621587493412\",\"name\":\"Dlaczego radar lot\u00f3w nie pokazuje samolot\u00f3w?\",\"answerCount\":1,\"acceptedAnswer\":{\"@type\":\"Answer\",\"text\":\"Upewnij si\u0119, \u017ce nie jeste\u015b w trybie incognito w przegl\u0105darce. Tryb incognito blokuje wykonanie pewnych danych, kt\u00f3re s\u0105 niezb\u0119dne do pe\u0142nego wykonania radaru lotniczego.\",\"inLanguage\":\"pl-PL\"},\"inLanguage\":\"pl-PL\"},{\"@type\":\"Question\",\"@id\":\"https:\/\/flightradar.flights\/pl\/faq\/#faq-question-1621587643877\",\"position\":3,\"url\":\"https:\/\/flightradar.flights\/pl\/faq\/#faq-question-1621587643877\",\"name\":\"Czy radar lot\u00f3w dzia\u0142a w czasie rzeczywistym?\",\"answerCount\":1,\"acceptedAnswer\":{\"@type\":\"Answer\",\"text\":\"Radar lot\u00f3w pokazuje aktualny ruch lotniczy w czasie rzeczywistym.\",\"inLanguage\":\"pl-PL\"},\"inLanguage\":\"pl-PL\"},{\"@type\":\"Question\",\"@id\":\"https:\/\/flightradar.flights\/pl\/faq\/#faq-question-1621587688776\",\"position\":4,\"url\":\"https:\/\/flightradar.flights\/pl\/faq\/#faq-question-1621587688776\",\"name\":\"Jak mog\u0119 \u015bledzi\u0107 lot?\",\"answerCount\":1,\"acceptedAnswer\":{\"@type\":\"Answer\",\"text\":\"Na radarze lotu lewym przyciskiem myszy lub palcem na smartfonie wybierz samolot do \u015bledzenia. Mo\u017cesz tak\u017ce wpisa\u0107 prawid\u0142owy numer lotu w pasku wyszukiwania.\",\"inLanguage\":\"pl-PL\"},\"inLanguage\":\"pl-PL\"},{\"@type\":\"Question\",\"@id\":\"https:\/\/flightradar.flights\/pl\/faq\/#faq-question-1621587801464\",\"position\":5,\"url\":\"https:\/\/flightradar.flights\/pl\/faq\/#faq-question-1621587801464\",\"name\":\"Gdzie mog\u0119 znale\u017a\u0107 m\u00f3j numer lotu?\",\"answerCount\":1,\"acceptedAnswer\":{\"@type\":\"Answer\",\"text\":\"Numer lotu powiniene\u015b znale\u017a\u0107 na biletach lotniczych. Zwykle sk\u0142ada si\u0119 z 4 do 6 cyfr \/ liter.\",\"inLanguage\":\"pl-PL\"},\"inLanguage\":\"pl-PL\"},{\"@type\":\"Question\",\"@id\":\"https:\/\/flightradar.flights\/pl\/faq\/#faq-question-1621587936810\",\"position\":6,\"url\":\"https:\/\/flightradar.flights\/pl\/faq\/#faq-question-1621587936810\",\"name\":\"Co oznaczaj\u0105 niebieskie samoloty w radarach lot\u00f3w?\",\"answerCount\":1,\"acceptedAnswer\":{\"@type\":\"Answer\",\"text\":\"Samoloty pokazane na niebiesko s\u0105 \u015bledzone za pomoc\u0105 ADS-B przez satelit\u0119. Przewa\u017cnie jest to u\u017cywane nad oceanami.\",\"inLanguage\":\"pl-PL\"},\"inLanguage\":\"pl-PL\"},{\"@type\":\"Question\",\"@id\":\"https:\/\/flightradar.flights\/pl\/faq\/#faq-question-1621588115032\",\"position\":7,\"url\":\"https:\/\/flightradar.flights\/pl\/faq\/#faq-question-1621588115032\",\"name\":\"Jakie informacje dostaj\u0119 na radarze lot\u00f3w?\",\"answerCount\":1,\"acceptedAnswer\":{\"@type\":\"Answer\",\"text\":\"Na radarze lot\u00f3w mo\u017cna zobaczy\u0107 rodzaj samolotu, miejsce odlotu oraz miejsce przylotu, odlotu i czasu przylotu. Mo\u017cesz tak\u017ce zobaczy\u0107, gdzie aktualnie znajduje si\u0119 samolot oraz tras\u0119 lotu.\",\"inLanguage\":\"pl-PL\"},\"inLanguage\":\"pl-PL\"}]}<\/script>\n<!-- \/ Yoast SEO plugin. -->","yoast_head_json":{"title":"FAQ - cz\u0119sto zadawane pytania - flightradar.flights","description":"Flightradar.flights Cz\u0119sto zadawane pytania dotycz\u0105ce radaru lot\u00f3w i \u015bledzenia lot\u00f3w.","robots":{"index":"index","follow":"follow","max-snippet":"max-snippet:-1","max-image-preview":"max-image-preview:large","max-video-preview":"max-video-preview:-1"},"canonical":"https:\/\/flightradar.flights\/pl\/faq\/","og_locale":"pl_PL","og_type":"article","og_title":"FAQ - cz\u0119sto zadawane pytania - flightradar.flights","og_description":"Flightradar.flights Cz\u0119sto zadawane pytania dotycz\u0105ce radaru lot\u00f3w i \u015bledzenia lot\u00f3w.","og_url":"https:\/\/flightradar.flights\/pl\/faq\/","og_site_name":"flightradar.flights","article_modified_time":"2022-01-06T09:18:09+00:00","og_image":[{"width":200,"height":200,"url":"https:\/\/flightradar.flights\/content\/uploads\/2022\/01\/Logo200x200.jpg","type":"image\/jpeg"}],"twitter_card":"summary_large_image","twitter_misc":{"Szacowany czas czytania":"1 minuta"},"schema":{"@context":"https:\/\/schema.org","@graph":[{"@type":["WebPage","FAQPage"],"@id":"https:\/\/flightradar.flights\/pl\/faq\/","url":"https:\/\/flightradar.flights\/pl\/faq\/","name":"FAQ - cz\u0119sto zadawane pytania - flightradar.flights","isPartOf":{"@id":"https:\/\/flightradar.flights\/pl\/#website"},"datePublished":"2021-05-21T09:37:21+00:00","dateModified":"2022-01-06T09:18:09+00:00","description":"Flightradar.flights Cz\u0119sto zadawane pytania dotycz\u0105ce radaru lot\u00f3w i \u015bledzenia lot\u00f3w.","breadcrumb":{"@id":"https:\/\/flightradar.flights\/pl\/faq\/#breadcrumb"},"mainEntity":[{"@id":"https:\/\/flightradar.flights\/pl\/faq\/#faq-question-1621587381797"},{"@id":"https:\/\/flightradar.flights\/pl\/faq\/#faq-question-1621587493412"},{"@id":"https:\/\/flightradar.flights\/pl\/faq\/#faq-question-1621587643877"},{"@id":"https:\/\/flightradar.flights\/pl\/faq\/#faq-question-1621587688776"},{"@id":"https:\/\/flightradar.flights\/pl\/faq\/#faq-question-1621587801464"},{"@id":"https:\/\/flightradar.flights\/pl\/faq\/#faq-question-1621587936810"},{"@id":"https:\/\/flightradar.flights\/pl\/faq\/#faq-question-1621588115032"}],"inLanguage":"pl-PL","potentialAction":[{"@type":"ReadAction","target":["https:\/\/flightradar.flights\/pl\/faq\/"]}]},{"@type":"BreadcrumbList","@id":"https:\/\/flightradar.flights\/pl\/faq\/#breadcrumb","itemListElement":[{"@type":"ListItem","position":1,"name":"Startseite","item":"https:\/\/flightradar.flights\/pl\/"},{"@type":"ListItem","position":2,"name":"FAQ &#8211; cz\u0119sto zadawane pytania"}]},{"@type":"WebSite","@id":"https:\/\/flightradar.flights\/pl\/#website","url":"https:\/\/flightradar.flights\/pl\/","name":"flightradar.flights","description":"","publisher":{"@id":"https:\/\/flightradar.flights\/pl\/#organization"},"potentialAction":[{"@type":"SearchAction","target":{"@type":"EntryPoint","urlTemplate":"https:\/\/flightradar.flights\/pl\/?s={search_term_string}"},"query-input":{"@type":"PropertyValueSpecification","valueRequired":true,"valueName":"search_term_string"}}],"inLanguage":"pl-PL"},{"@type":"Organization","@id":"https:\/\/flightradar.flights\/pl\/#organization","name":"flightradar.flights","url":"https:\/\/flightradar.flights\/pl\/","logo":{"@type":"ImageObject","inLanguage":"pl-PL","@id":"https:\/\/flightradar.flights\/pl\/#\/schema\/logo\/image\/","url":"https:\/\/flightradar.flights\/content\/uploads\/2022\/01\/Logo150x150.jpg","contentUrl":"https:\/\/flightradar.flights\/content\/uploads\/2022\/01\/Logo150x150.jpg","width":150,"height":150,"caption":"flightradar.flights"},"image":{"@id":"https:\/\/flightradar.flights\/pl\/#\/schema\/logo\/image\/"}},{"@type":"Question","@id":"https:\/\/flightradar.flights\/pl\/faq\/#faq-question-1621587381797","position":1,"url":"https:\/\/flightradar.flights\/pl\/faq\/#faq-question-1621587381797","name":"Czy Flightradar.flights jest darmowe?","answerCount":1,"acceptedAnswer":{"@type":"Answer","text":"Flightradar.flights mo\u017ce by\u0107 u\u017cywany bezp\u0142atnie w jego podstawowych funkcjach.","inLanguage":"pl-PL"},"inLanguage":"pl-PL"},{"@type":"Question","@id":"https:\/\/flightradar.flights\/pl\/faq\/#faq-question-1621587493412","position":2,"url":"https:\/\/flightradar.flights\/pl\/faq\/#faq-question-1621587493412","name":"Dlaczego radar lot\u00f3w nie pokazuje samolot\u00f3w?","answerCount":1,"acceptedAnswer":{"@type":"Answer","text":"Upewnij si\u0119, \u017ce nie jeste\u015b w trybie incognito w przegl\u0105darce. Tryb incognito blokuje wykonanie pewnych danych, kt\u00f3re s\u0105 niezb\u0119dne do pe\u0142nego wykonania radaru lotniczego.","inLanguage":"pl-PL"},"inLanguage":"pl-PL"},{"@type":"Question","@id":"https:\/\/flightradar.flights\/pl\/faq\/#faq-question-1621587643877","position":3,"url":"https:\/\/flightradar.flights\/pl\/faq\/#faq-question-1621587643877","name":"Czy radar lot\u00f3w dzia\u0142a w czasie rzeczywistym?","answerCount":1,"acceptedAnswer":{"@type":"Answer","text":"Radar lot\u00f3w pokazuje aktualny ruch lotniczy w czasie rzeczywistym.","inLanguage":"pl-PL"},"inLanguage":"pl-PL"},{"@type":"Question","@id":"https:\/\/flightradar.flights\/pl\/faq\/#faq-question-1621587688776","position":4,"url":"https:\/\/flightradar.flights\/pl\/faq\/#faq-question-1621587688776","name":"Jak mog\u0119 \u015bledzi\u0107 lot?","answerCount":1,"acceptedAnswer":{"@type":"Answer","text":"Na radarze lotu lewym przyciskiem myszy lub palcem na smartfonie wybierz samolot do \u015bledzenia. Mo\u017cesz tak\u017ce wpisa\u0107 prawid\u0142owy numer lotu w pasku wyszukiwania.","inLanguage":"pl-PL"},"inLanguage":"pl-PL"},{"@type":"Question","@id":"https:\/\/flightradar.flights\/pl\/faq\/#faq-question-1621587801464","position":5,"url":"https:\/\/flightradar.flights\/pl\/faq\/#faq-question-1621587801464","name":"Gdzie mog\u0119 znale\u017a\u0107 m\u00f3j numer lotu?","answerCount":1,"acceptedAnswer":{"@type":"Answer","text":"Numer lotu powiniene\u015b znale\u017a\u0107 na biletach lotniczych. Zwykle sk\u0142ada si\u0119 z 4 do 6 cyfr \/ liter.","inLanguage":"pl-PL"},"inLanguage":"pl-PL"},{"@type":"Question","@id":"https:\/\/flightradar.flights\/pl\/faq\/#faq-question-1621587936810","position":6,"url":"https:\/\/flightradar.flights\/pl\/faq\/#faq-question-1621587936810","name":"Co oznaczaj\u0105 niebieskie samoloty w radarach lot\u00f3w?","answerCount":1,"acceptedAnswer":{"@type":"Answer","text":"Samoloty pokazane na niebiesko s\u0105 \u015bledzone za pomoc\u0105 ADS-B przez satelit\u0119. Przewa\u017cnie jest to u\u017cywane nad oceanami.","inLanguage":"pl-PL"},"inLanguage":"pl-PL"},{"@type":"Question","@id":"https:\/\/flightradar.flights\/pl\/faq\/#faq-question-1621588115032","position":7,"url":"https:\/\/flightradar.flights\/pl\/faq\/#faq-question-1621588115032","name":"Jakie informacje dostaj\u0119 na radarze lot\u00f3w?","answerCount":1,"acceptedAnswer":{"@type":"Answer","text":"Na radarze lot\u00f3w mo\u017cna zobaczy\u0107 rodzaj samolotu, miejsce odlotu oraz miejsce przylotu, odlotu i czasu przylotu. Mo\u017cesz tak\u017ce zobaczy\u0107, gdzie aktualnie znajduje si\u0119 samolot oraz tras\u0119 lotu.","inLanguage":"pl-PL"},"inLanguage":"pl-PL"}]}},"_links":{"self":[{"href":"https:\/\/flightradar.flights\/pl\/wp-json\/wp\/v2\/pages\/1122","targetHints":{"allow":["GET"]}}],"collection":[{"href":"https:\/\/flightradar.flights\/pl\/wp-json\/wp\/v2\/pages"}],"about":[{"href":"https:\/\/flightradar.flights\/pl\/wp-json\/wp\/v2\/types\/page"}],"author":[{"embeddable":true,"href":"https:\/\/flightradar.flights\/pl\/wp-json\/wp\/v2\/users\/1"}],"replies":[{"embeddable":true,"href":"https:\/\/flightradar.flights\/pl\/wp-json\/wp\/v2\/comments?post=1122"}],"version-history":[{"count":0,"href":"https:\/\/flightradar.flights\/pl\/wp-json\/wp\/v2\/pages\/1122\/revisions"}],"wp:attachment":[{"href":"https:\/\/flightradar.flights\/pl\/wp-json\/wp\/v2\/media?parent=1122"}],"curies":[{"name":"wp","href":"https:\/\/api.w.org\/{rel}","templated":true}]}}