{"id":872,"date":"2021-05-04T12:44:10","date_gmt":"2021-05-04T10:44:10","guid":{"rendered":"https:\/\/flightradar.flights\/?page_id=872"},"modified":"2025-04-07T11:21:37","modified_gmt":"2025-04-07T09:21:37","slug":"flyradar","status":"publish","type":"page","link":"https:\/\/flightradar.flights\/no\/flyradar\/","title":{"rendered":"Flyradar"},"content":{"rendered":"\n<style type=\"text\/css\">\n.adslot_1 { width: 320px; height: 100px; }\n@media (min-width:500px) { .adslot_1 { width: 468px; height: 60px; } }\n@media (min-width:800px) { .adslot_1 { width: 728px; height: 90px; } }\n<\/style>\n<ins class=\"adsbygoogle adslot_1\"\n    style=\"display:flex; justify-content:center; align-items:center; width:100%;\"\n    data-ad-client=\"ca-pub-8699335927299131\"\n    data-ad-slot=\"5036631304\"><\/ins>\n<script async src=\"https:\/\/pagead2.googlesyndication.com\/pagead\/js\/adsbygoogle.js?client=ca-pub-8699335927299131\" crossorigin=\"anonymous\"><\/script>\n<script>(adsbygoogle = window.adsbygoogle || []).push({});<\/script>\n\n\n\n<link rel=\"stylesheet\" href=\"https:\/\/flightradar.flights\/content\/uploads\/custom-css-js\/718.css\">\n<figure class=\"full-width2\">\n<div class=\"main_widget\"><div style=\"display:flex;height:550px;background-color:#222;background-repeat: no-repeat;background-position-x:center;position:relative;align-items:center;justify-content:center;background-image:linear-gradient( rgba(0,0,0,.5),rgba(0,0,0,.5) ),url(https:\/\/flightradar.flights\/content\/uploads\/2024\/11\/PlaceholderRadar-minwepb.webp)\">\n<button id=\"button\" style=\"position:absolute;background-color:#ff9e09;border:none;border-radius:5px;font-size:25px;font-weight:700;padding:30px 45px;color:#282828\">START<\/button>\n<div id=\"iframeHolder\" style=\"width:100%\"><\/div><\/div><\/div><\/figure>\n\n\n<script src=\"https:\/\/radar24.net\/wp-content\/uploads\/custom-css-js\/28.js\"><\/script>\n<script src=\"https:\/\/flightradar.flights\/content\/uploads\/custom-css-js\/3883.js\"><\/script>\n\n\n\n<link rel=\"stylesheet\" href=\"https:\/\/flightradar.flights\/content\/uploads\/custom-css-js\/4504.css\">\n<div class=\"ad-containerbottom\">\n<script async src=\"https:\/\/pagead2.googlesyndication.com\/pagead\/js\/adsbygoogle.js?client=ca-pub-8699335927299131\"\n     crossorigin=\"anonymous\"><\/script>\n<!-- F.F Display underradar -->\n<ins class=\"adsbygoogle\"\n     style=\"display:block\"\n     data-ad-client=\"ca-pub-8699335927299131\"\n     data-ad-slot=\"8182423994\"\n     data-ad-format=\"auto\"\n     data-full-width-responsive=\"true\"><\/ins>\n<script>\n     (adsbygoogle = window.adsbygoogle || []).push({});\n<\/script>\n<\/div>\n\n\n\n<div style=\"height:50px\" aria-hidden=\"true\" class=\"wp-block-spacer\"><\/div>\n\n\n\n<div class=\"wp-block-group alignfull dottedbg has-base-3-color has-contrast-background-color has-text-color has-background\"><div class=\"wp-block-group__inner-container is-layout-flow wp-block-group-is-layout-flow\">\n<p class=\"has-text-align-center has-medium-font-size\"><em><strong>Denne korte <\/strong><\/em><i class=\"fab  fa-youtube-square\"><\/i><em><strong> <span style=\"color:#f90000\" class=\"has-inline-color\">Video<\/span> viser deg hvordan du sporer et fly p\u00e5 <span style=\"color:#62b515 \" class=\"has-inline-color\">flightradar.flights<\/span>.<\/strong><\/em><\/p>\n\n\n\n<div class=\"wp-block-columns is-layout-flex wp-container-core-columns-is-layout-9d6595d7 wp-block-columns-is-layout-flex\">\n<div class=\"wp-block-column is-layout-flow wp-block-column-is-layout-flow\"><figure class=\"wp-block-embed-youtube wp-block-embed is-type-video is-provider-youtube wp-embed-aspect-16-9 wp-has-aspect-ratio\"><div class=\"lyte-wrapper\" style=\"width:853px;max-width:100%;margin:5px auto;\"><div class=\"lyMe\" id=\"WYL_txr9oHXB5lQ\"><div id=\"lyte_txr9oHXB5lQ\" data-src=\"https:\/\/flightradar.flights\/content\/plugins\/wp-youtube-lyte\/lyteCache.php?origThumbUrl=%2F%2Fi.ytimg.com%2Fvi%2Ftxr9oHXB5lQ%2Fhqdefault.jpg\" class=\"pL\"><div class=\"tC\"><div class=\"tT\"><\/div><\/div><div class=\"play\"><\/div><div class=\"ctrl\"><div class=\"Lctrl\"><\/div><div class=\"Rctrl\"><\/div><\/div><\/div><noscript><a href=\"https:\/\/youtu.be\/txr9oHXB5lQ\" rel=\"nofollow\"><img loading=\"lazy\" decoding=\"async\" src=\"https:\/\/flightradar.flights\/content\/plugins\/wp-youtube-lyte\/lyteCache.php?origThumbUrl=https%3A%2F%2Fi.ytimg.com%2Fvi%2Ftxr9oHXB5lQ%2F0.jpg\" alt=\"YouTube video thumbnail\" width=\"853\" height=\"460\" \/><br \/>Watch this video on YouTube<\/a><\/noscript><\/div><\/div><div class=\"lL\" style=\"max-width:100%;width:853px;margin:5px auto;\"><\/div><figcaption><\/figcaption><\/figure><\/div>\n<\/div>\n<\/div><\/div>\n\n\n\n<div style=\"height:50px\" aria-hidden=\"true\" class=\"wp-block-spacer\"><\/div>\n\n\n\n<h1 class=\"wp-block-heading has-text-align-center\"><strong>Velkommen til Flightradar.flights<\/strong><\/h1>\n\n\n\n<p class=\"has-text-align-center\">Trykk p\u00e5 et fly i flyradaren for \u00e5 spore det direkte, eller skriv inn et gyldig flynummer i s\u00f8kefeltet ovenfor og bekreft oppf\u00f8ringen for \u00e5 vise \u00f8nsket flygning i flyradaren.<\/p>\n\n\n\n<p class=\"has-text-align-center\">N\u00e5r du har valgt en flyvning, er flyet uthevet, flyruten vises og du f\u00e5r en oversikt over alle viktige data om den valgte flyvningen i radaren i linjen p\u00e5 venstre side.<\/p>\n\n\n\n<div style=\"height:100px\" aria-hidden=\"true\" class=\"wp-block-spacer\"><\/div>\n\n\n\n<h1 class=\"wp-block-heading has-text-align-center has-large-font-size\"><strong>Flyradar<\/strong><\/h1>\n\n\n\n<p class=\"has-text-align-center\">Med en flyradar kan du observere aktuelle flyreiser p\u00e5 et kart i sanntid.<\/p>\n\n\n\n<p class=\"has-text-align-center\">Dette vil hjelpe deg med \u00e5 f\u00e5 en oversikt over den aktuelle flytrafikken.<\/p>\n\n\n\n<p class=\"has-text-align-center\">Du har ogs\u00e5 muligheten til \u00e5 spore en bestemt flytur p\u00e5 flyradaren og se viktige data.<\/p>\n\n\n\n<p class=\"has-text-align-center\">Med et gyldig flynummer kan du finne posisjonen til et bestemt fly og finne ut hvor flyet er i sanntid.<\/p>\n\n\n\n<p class=\"has-text-align-center\">Med flyradaren kan du se forventet ankomsttid. Dette er nyttig hvis du vil hente noen p\u00e5 flyplassen.<\/p>\n\n\n\n<div style=\"height:100px\" aria-hidden=\"true\" class=\"wp-block-spacer\"><\/div>\n\n\n<div class=\"wp-block-image\">\n<figure class=\"aligncenter size-large\"><img loading=\"lazy\" decoding=\"async\" width=\"110\" height=\"147\" src=\"https:\/\/flightradar.flights\/content\/uploads\/2021\/04\/OOPS110-min.png\" alt=\"Hvordan fungerer flyradar?\" class=\"wp-image-87\"\/><\/figure>\n<\/div>\n\n\n<h2 class=\"wp-block-heading has-text-align-center has-medium-font-size\"><strong>Hvordan fungerer flyradar?<\/strong><\/h2>\n\n\n\n<p class=\"has-text-align-center\">ADS-B-systemet brukes for tiden mest til \u00e5 motta n\u00e5v\u00e6rende data fra fly som for tiden er i luften.<\/p>\n\n\n\n<p class=\"has-text-align-center\">Med kringkastingssystemet ADS-B (Automatic Dependent Surveillance &#8211; Broadcast) kan flybevegelser i luftrommet og viktige data vises visuelt.<\/p>\n\n\n\n<p class=\"has-text-align-center\">Dette hjelper lufttrafikkontrollen med \u00e5 f\u00e5 oversikt over flytrafikken, evaluere dataene og iverksette tiltak for \u00e5 sikre et trygt lufttrafikkomr\u00e5de.<\/p>\n\n\n\n<p class=\"has-text-align-center\">Flydata samles ogs\u00e5 inn via satellitt og ADS-C.<\/p>\n\n\n\n<p class=\"has-text-align-center\">Vanligvis brukes satellitter og ADS-C-systemer til transatlantiske flyreiser, da rekkevidden til ADS-B ikke alltid er tilstrekkelig.<\/p>\n\n\n\n<div style=\"height:100px\" aria-hidden=\"true\" class=\"wp-block-spacer\"><\/div>\n\n\n<div class=\"wp-block-image\">\n<figure class=\"aligncenter size-large\"><img loading=\"lazy\" decoding=\"async\" width=\"150\" height=\"118\" src=\"https:\/\/flightradar.flights\/content\/uploads\/2021\/04\/Flight-Tracker-min1-min.png\" alt=\"S\u00f8k etter et fly med flynummer\" class=\"wp-image-91\"\/><\/figure>\n<\/div>\n\n\n<h2 class=\"wp-block-heading has-text-align-center has-medium-font-size\"><strong>Skriv inn flynummeret ditt og kom i gang!<\/strong><\/h2>\n\n\n\n<p class=\"has-text-align-center\">Leter du etter en bestemt flyreise? Skriv deretter inn et gyldig flynummer i s\u00f8kefeltet i flyradaren.<\/p>\n\n\n\n<p class=\"has-text-align-center\">Etter at du har startet s\u00f8ket, vil flyet vises direkte for deg og spores i sanntid.<\/p>\n\n\n\n<p class=\"has-text-align-center\">I venstre sidefelt vises nyttig informasjon om det merkede flyet<\/p>\n\n\n\n<div style=\"height:100px\" aria-hidden=\"true\" class=\"wp-block-spacer\"><\/div>\n\n\n\n<h2 class=\"wp-block-heading has-text-align-center has-white-color has-black-background-color has-text-color has-background has-medium-font-size\"><strong>Ofte stilte sp\u00f8rsm\u00e5l om flyradar<\/strong><\/h2>\n\n\n\n<div style=\"height:100px\" aria-hidden=\"true\" class=\"wp-block-spacer\"><\/div>\n\n\n\n<div class=\"wp-block-columns has-background is-layout-flex wp-container-core-columns-is-layout-9d6595d7 wp-block-columns-is-layout-flex\" style=\"background-color:#d4d4d4\">\n<div class=\"wp-block-column is-layout-flow wp-block-column-is-layout-flow\">\n<div class=\"wp-block-pb-accordion-item c-accordion__item js-accordion-item no-js .c-accordion__title:hover .c-accordion__title:focus\" data-initially-open=\"false\" data-click-to-close=\"true\" data-auto-close=\"true\" data-scroll=\"false\" data-scroll-offset=\"0\"><h3 id=\"at-8720\" class=\"c-accordion__title js-accordion-controller\" role=\"button\"><strong>Er flyradaren ledig?<\/strong><\/h3><div id=\"ac-8720\" class=\"c-accordion__content\">\n<p>Ja. Du kan bruke flightradar.flights gratis. Men \u00f8nsker du flere funksjoner, s\u00e5 m\u00e5 du bestille et abonnement hos Flightradar24.com mot et gebyr, som tilsvarer dine behov.<\/p>\n<\/div><\/div>\n<\/div>\n\n\n\n<div class=\"wp-block-column is-layout-flow wp-block-column-is-layout-flow\" style=\"flex-basis:15%\"><\/div>\n\n\n\n<div class=\"wp-block-column is-layout-flow wp-block-column-is-layout-flow\">\n<div class=\"wp-block-pb-accordion-item c-accordion__item js-accordion-item no-js\" data-initially-open=\"false\" data-click-to-close=\"true\" data-auto-close=\"true\" data-scroll=\"false\" data-scroll-offset=\"0\"><h3 id=\"at-8721\" class=\"c-accordion__title js-accordion-controller\" role=\"button\"><strong>Hvor mange fly flyr hver dag?<\/strong><\/h3><div id=\"ac-8721\" class=\"c-accordion__content\">\n<p>Et gjennomsnitt p\u00e5 mer enn 200 000 fly flyr over hele verden hver dag<\/p>\n<\/div><\/div>\n<\/div>\n<\/div>\n\n\n\n<div class=\"wp-block-columns has-base-background-color has-background is-layout-flex wp-container-core-columns-is-layout-9d6595d7 wp-block-columns-is-layout-flex\">\n<div class=\"wp-block-column is-layout-flow wp-block-column-is-layout-flow\">\n<div class=\"wp-block-pb-accordion-item c-accordion__item js-accordion-item no-js .c-accordion__title:hover .c-accordion__title:focus\" data-initially-open=\"false\" data-click-to-close=\"true\" data-auto-close=\"true\" data-scroll=\"false\" data-scroll-offset=\"0\"><h3 id=\"at-8722\" class=\"c-accordion__title js-accordion-controller\" role=\"button\"><strong><strong>Hvorfor forsvant plutselig et fly fra flyradaren?<\/strong><\/strong><\/h3><div id=\"ac-8722\" class=\"c-accordion__content\">\n<p>Mest sannsynlig mangler gjeldende data for flyreisen du leter etter. Dette kan skje i omr\u00e5der hvis det ikke er nok ADS-B-mottakere p\u00e5 bakken.<\/p>\n\n\n\n<p>Men det er ogs\u00e5 hyppigere mangel p\u00e5 dataoverf\u00f8ring n\u00e5r man flyr over Atlanterhavet.<\/p>\n<\/div><\/div>\n<\/div>\n\n\n\n<div class=\"wp-block-column is-layout-flow wp-block-column-is-layout-flow\" style=\"flex-basis:15%\"><\/div>\n\n\n\n<div class=\"wp-block-column is-layout-flow wp-block-column-is-layout-flow\">\n<div class=\"wp-block-pb-accordion-item c-accordion__item js-accordion-item no-js\" data-initially-open=\"false\" data-click-to-close=\"true\" data-auto-close=\"true\" data-scroll=\"false\" data-scroll-offset=\"0\"><h3 id=\"at-8723\" class=\"c-accordion__title js-accordion-controller\" role=\"button\"><strong><strong>Hvorfor flyr et fly i sirkler?<\/strong><\/strong><\/h3><div id=\"ac-8723\" class=\"c-accordion__content\">\n<p>Hvis flere fly n\u00e6rmer seg en flyplass. Deretter regulerer flygelederen flyets landingstid.<\/p>\n\n\n\n<p>For det m\u00e5 v\u00e6re tidsintervaller mellom landing p\u00e5 flyplassen. For \u00e5 lage et tidsvindu flyr noen fly i sirkel etter instruksjoner fra flygelederen.<\/p>\n<\/div><\/div>\n<\/div>\n<\/div>\n\n\n\n<div class=\"wp-block-columns has-background is-layout-flex wp-container-core-columns-is-layout-9d6595d7 wp-block-columns-is-layout-flex\" style=\"background-color:#d4d4d4\">\n<div class=\"wp-block-column is-layout-flow wp-block-column-is-layout-flow\">\n<div class=\"wp-block-pb-accordion-item c-accordion__item js-accordion-item no-js .c-accordion__title:hover .c-accordion__title:focus\" data-initially-open=\"false\" data-click-to-close=\"true\" data-auto-close=\"true\" data-scroll=\"false\" data-scroll-offset=\"0\"><h3 id=\"at-8724\" class=\"c-accordion__title js-accordion-controller\" role=\"button\"><strong>Vises helikoptre og milit\u00e6rfly ogs\u00e5 i flyradaren?<\/strong><\/h3><div id=\"ac-8724\" class=\"c-accordion__content\">\n<p>Helikoptre og milit\u00e6rfly vises ogs\u00e5 p\u00e5 flyradaren.<\/p>\n\n\n\n<p>Milit\u00e6rfly vises imidlertid kun i begrenset omfang.<\/p>\n\n\n\n<p>Du kan ogs\u00e5 se private flyreiser<\/p>\n<\/div><\/div>\n<\/div>\n\n\n\n<div class=\"wp-block-column is-layout-flow wp-block-column-is-layout-flow\" style=\"flex-basis:15%\"><\/div>\n\n\n\n<div class=\"wp-block-column is-layout-flow wp-block-column-is-layout-flow\">\n<div class=\"wp-block-pb-accordion-item c-accordion__item js-accordion-item no-js\" data-initially-open=\"false\" data-click-to-close=\"true\" data-auto-close=\"true\" data-scroll=\"false\" data-scroll-offset=\"0\"><h3 id=\"at-8725\" class=\"c-accordion__title js-accordion-controller\" role=\"button\"><strong>Hva er det raskeste flyselskapet i verden?<\/strong><\/h3><div id=\"ac-8725\" class=\"c-accordion__content\">\n<p>Det raskeste passasjerflyet p\u00e5 markedet for tiden er Boeing 747-8i med en maksimal hastighet p\u00e5 1060 kilometer i timen (km\/t)<\/p>\n<\/div><\/div>\n<\/div>\n<\/div>\n\n\n\n<div style=\"height:100px\" aria-hidden=\"true\" class=\"wp-block-spacer\"><\/div>\n\n\n\n<h2 class=\"wp-block-heading has-text-align-center has-medium-font-size\"><strong>Informasjon og eksempelbrev<\/strong><\/h2>\n\n\n\n<div class=\"wp-block-buttons is-vertical is-content-justification-center is-layout-flex wp-container-core-buttons-is-layout-9a7cdcfd wp-block-buttons-is-layout-flex\">\n<div class=\"wp-block-button has-custom-font-size is-style-outline has-medium-font-size is-style-outline--1\"><a class=\"wp-block-button__link has-background wp-element-button\" href=\"https:\/\/flightradar.flights\/no\/passasjerrettighetsforordningen\/\" style=\"border-radius:8px;background-color:#62b515\" target=\"_blank\" rel=\"noreferrer noopener\"><strong>Forskrift om flypassasjerrettigheter<\/strong><\/a><\/div>\n\n\n\n<div class=\"wp-block-button has-custom-font-size is-style-outline has-medium-font-size is-style-outline--2\"><a class=\"wp-block-button__link has-background wp-element-button\" href=\"https:\/\/flightradar.flights\/no\/mal-brevkompensasjon-for-flyforsinkelse\/\" style=\"border-radius:8px;background-color:#62b515\" target=\"_blank\" rel=\"noreferrer noopener\"><strong>Eksempelbrev for kompensasjon for flyforsinkelser<\/strong><\/a><\/div>\n\n\n\n<div class=\"wp-block-button has-custom-font-size is-style-outline has-medium-font-size is-style-outline--3\"><a class=\"wp-block-button__link has-background wp-element-button\" href=\"https:\/\/flightradar.flights\/no\/provebrevflyvning-kansellert\/\" style=\"border-radius:8px;background-color:#62b515\" target=\"_blank\" rel=\"noreferrer noopener\"><strong>Eksempel p\u00e5 kompensasjonsflyvning av brev kansellert<\/strong><\/a><\/div>\n<\/div>\n\n\n\n<div class=\"wp-block-buttons is-horizontal is-content-justification-center is-layout-flex wp-container-core-buttons-is-layout-499968f5 wp-block-buttons-is-layout-flex\">\n<div class=\"wp-block-button has-custom-font-size is-style-outline has-medium-font-size is-style-outline--4\"><a class=\"wp-block-button__link has-background wp-element-button\" href=\"https:\/\/flightradar.flights\/no\/flyradar\/\" style=\"background-color:#62b515\" target=\"_blank\" rel=\"noreferrer noopener\"><strong>Flightradar24<\/strong><\/a><\/div>\n\n\n\n<div class=\"wp-block-button has-custom-font-size is-style-outline has-medium-font-size is-style-outline--5\"><a class=\"wp-block-button__link has-background wp-element-button\" href=\"https:\/\/flightradar.flights\/no\/flysporing\/\" style=\"background-color:#62b515\" target=\"_blank\" rel=\"noreferrer noopener\"> <strong>Flysporing<\/strong><\/a><\/div>\n<\/div>\n\n\n\n<div style=\"height:100px\" aria-hidden=\"true\" class=\"wp-block-spacer\"><\/div>\n","protected":false},"excerpt":{"rendered":"<p>START Denne korte Video viser deg hvordan du sporer et fly p\u00e5 flightradar.flights. Velkommen til Flightradar.flights Trykk p\u00e5 et fly i flyradaren for \u00e5 spore det direkte, eller skriv inn et gyldig flynummer i s\u00f8kefeltet ovenfor og bekreft oppf\u00f8ringen for \u00e5 vise \u00f8nsket flygning i flyradaren. N\u00e5r du har valgt en flyvning, er flyet uthevet, &#8230; <\/p>\n<p class=\"read-more-container\"><a title=\"Flyradar\" class=\"read-more button\" href=\"https:\/\/flightradar.flights\/no\/flyradar\/#more-872\" aria-label=\"Mer p\u00e5 Flyradar\">Les mer<\/a><\/p>\n","protected":false},"author":1,"featured_media":802,"parent":0,"menu_order":0,"comment_status":"closed","ping_status":"closed","template":"","meta":{"footnotes":""},"class_list":["post-872","page","type-page","status-publish","has-post-thumbnail"],"yoast_head":"<!-- This site is optimized with the Yoast SEO plugin v27.2 - https:\/\/yoast.com\/product\/yoast-seo-wordpress\/ -->\n<title>Flyradar - spor fly i sanntid - flightradar.flights<\/title>\n<meta name=\"description\" content=\"Med denne flyradaren kan du spore alle flyreiser over hele verden og i sanntid p\u00e5 smarttelefonen eller PCen uten registrering.\" \/>\n<meta name=\"robots\" content=\"index, follow, max-snippet:-1, max-image-preview:large, max-video-preview:-1\" \/>\n<link rel=\"canonical\" href=\"https:\/\/flightradar.flights\/no\/flyradar\/\" \/>\n<meta property=\"og:locale\" content=\"nb_NO\" \/>\n<meta property=\"og:type\" content=\"article\" \/>\n<meta property=\"og:title\" content=\"Flyradar - spor fly i sanntid - flightradar.flights\" \/>\n<meta property=\"og:description\" content=\"Med denne flyradaren kan du spore alle flyreiser over hele verden og i sanntid p\u00e5 smarttelefonen eller PCen uten registrering.\" \/>\n<meta property=\"og:url\" content=\"https:\/\/flightradar.flights\/no\/flyradar\/\" \/>\n<meta property=\"og:site_name\" content=\"flightradar.flights\" \/>\n<meta property=\"article:modified_time\" content=\"2025-04-07T09:21:37+00:00\" \/>\n<meta property=\"og:image\" content=\"https:\/\/flightradar.flights\/content\/uploads\/2021\/04\/Logotrue500-min.png\" \/>\n\t<meta property=\"og:image:width\" content=\"500\" \/>\n\t<meta property=\"og:image:height\" content=\"508\" \/>\n\t<meta property=\"og:image:type\" content=\"image\/png\" \/>\n<meta name=\"twitter:card\" content=\"summary_large_image\" \/>\n<meta name=\"twitter:label1\" content=\"Ansl. lesetid\" \/>\n\t<meta name=\"twitter:data1\" content=\"3 minutter\" \/>\n<script type=\"application\/ld+json\" class=\"yoast-schema-graph\">{\"@context\":\"https:\/\/schema.org\",\"@graph\":[{\"@type\":\"WebPage\",\"@id\":\"https:\/\/flightradar.flights\/no\/flyradar\/\",\"url\":\"https:\/\/flightradar.flights\/no\/flyradar\/\",\"name\":\"Flyradar - spor fly i sanntid - flightradar.flights\",\"isPartOf\":{\"@id\":\"https:\/\/flightradar.flights\/no\/#website\"},\"primaryImageOfPage\":{\"@id\":\"https:\/\/flightradar.flights\/no\/flyradar\/#primaryimage\"},\"image\":{\"@id\":\"https:\/\/flightradar.flights\/no\/flyradar\/#primaryimage\"},\"thumbnailUrl\":\"https:\/\/flightradar.flights\/content\/uploads\/2021\/04\/Logotrue500-min.png\",\"datePublished\":\"2021-05-04T10:44:10+00:00\",\"dateModified\":\"2025-04-07T09:21:37+00:00\",\"description\":\"Med denne flyradaren kan du spore alle flyreiser over hele verden og i sanntid p\u00e5 smarttelefonen eller PCen uten registrering.\",\"breadcrumb\":{\"@id\":\"https:\/\/flightradar.flights\/no\/flyradar\/#breadcrumb\"},\"inLanguage\":\"nb-NO\",\"potentialAction\":[{\"@type\":\"ReadAction\",\"target\":[\"https:\/\/flightradar.flights\/no\/flyradar\/\"]}]},{\"@type\":\"ImageObject\",\"inLanguage\":\"nb-NO\",\"@id\":\"https:\/\/flightradar.flights\/no\/flyradar\/#primaryimage\",\"url\":\"https:\/\/flightradar.flights\/content\/uploads\/2021\/04\/Logotrue500-min.png\",\"contentUrl\":\"https:\/\/flightradar.flights\/content\/uploads\/2021\/04\/Logotrue500-min.png\",\"width\":500,\"height\":508,\"caption\":\"Flightradar.flights logo\"},{\"@type\":\"BreadcrumbList\",\"@id\":\"https:\/\/flightradar.flights\/no\/flyradar\/#breadcrumb\",\"itemListElement\":[{\"@type\":\"ListItem\",\"position\":1,\"name\":\"Startseite\",\"item\":\"https:\/\/flightradar.flights\/no\/\"},{\"@type\":\"ListItem\",\"position\":2,\"name\":\"Flyradar\"}]},{\"@type\":\"WebSite\",\"@id\":\"https:\/\/flightradar.flights\/no\/#website\",\"url\":\"https:\/\/flightradar.flights\/no\/\",\"name\":\"flightradar.flights\",\"description\":\"\",\"publisher\":{\"@id\":\"https:\/\/flightradar.flights\/no\/#organization\"},\"potentialAction\":[{\"@type\":\"SearchAction\",\"target\":{\"@type\":\"EntryPoint\",\"urlTemplate\":\"https:\/\/flightradar.flights\/no\/?s={search_term_string}\"},\"query-input\":{\"@type\":\"PropertyValueSpecification\",\"valueRequired\":true,\"valueName\":\"search_term_string\"}}],\"inLanguage\":\"nb-NO\"},{\"@type\":\"Organization\",\"@id\":\"https:\/\/flightradar.flights\/no\/#organization\",\"name\":\"flightradar.flights\",\"url\":\"https:\/\/flightradar.flights\/no\/\",\"logo\":{\"@type\":\"ImageObject\",\"inLanguage\":\"nb-NO\",\"@id\":\"https:\/\/flightradar.flights\/no\/#\/schema\/logo\/image\/\",\"url\":\"https:\/\/flightradar.flights\/content\/uploads\/2022\/01\/Logo150x150.jpg\",\"contentUrl\":\"https:\/\/flightradar.flights\/content\/uploads\/2022\/01\/Logo150x150.jpg\",\"width\":150,\"height\":150,\"caption\":\"flightradar.flights\"},\"image\":{\"@id\":\"https:\/\/flightradar.flights\/no\/#\/schema\/logo\/image\/\"}}]}<\/script>\n<!-- \/ Yoast SEO plugin. -->","yoast_head_json":{"title":"Flyradar - spor fly i sanntid - flightradar.flights","description":"Med denne flyradaren kan du spore alle flyreiser over hele verden og i sanntid p\u00e5 smarttelefonen eller PCen uten registrering.","robots":{"index":"index","follow":"follow","max-snippet":"max-snippet:-1","max-image-preview":"max-image-preview:large","max-video-preview":"max-video-preview:-1"},"canonical":"https:\/\/flightradar.flights\/no\/flyradar\/","og_locale":"nb_NO","og_type":"article","og_title":"Flyradar - spor fly i sanntid - flightradar.flights","og_description":"Med denne flyradaren kan du spore alle flyreiser over hele verden og i sanntid p\u00e5 smarttelefonen eller PCen uten registrering.","og_url":"https:\/\/flightradar.flights\/no\/flyradar\/","og_site_name":"flightradar.flights","article_modified_time":"2025-04-07T09:21:37+00:00","og_image":[{"width":500,"height":508,"url":"https:\/\/flightradar.flights\/content\/uploads\/2021\/04\/Logotrue500-min.png","type":"image\/png"}],"twitter_card":"summary_large_image","twitter_misc":{"Ansl. lesetid":"3 minutter"},"schema":{"@context":"https:\/\/schema.org","@graph":[{"@type":"WebPage","@id":"https:\/\/flightradar.flights\/no\/flyradar\/","url":"https:\/\/flightradar.flights\/no\/flyradar\/","name":"Flyradar - spor fly i sanntid - flightradar.flights","isPartOf":{"@id":"https:\/\/flightradar.flights\/no\/#website"},"primaryImageOfPage":{"@id":"https:\/\/flightradar.flights\/no\/flyradar\/#primaryimage"},"image":{"@id":"https:\/\/flightradar.flights\/no\/flyradar\/#primaryimage"},"thumbnailUrl":"https:\/\/flightradar.flights\/content\/uploads\/2021\/04\/Logotrue500-min.png","datePublished":"2021-05-04T10:44:10+00:00","dateModified":"2025-04-07T09:21:37+00:00","description":"Med denne flyradaren kan du spore alle flyreiser over hele verden og i sanntid p\u00e5 smarttelefonen eller PCen uten registrering.","breadcrumb":{"@id":"https:\/\/flightradar.flights\/no\/flyradar\/#breadcrumb"},"inLanguage":"nb-NO","potentialAction":[{"@type":"ReadAction","target":["https:\/\/flightradar.flights\/no\/flyradar\/"]}]},{"@type":"ImageObject","inLanguage":"nb-NO","@id":"https:\/\/flightradar.flights\/no\/flyradar\/#primaryimage","url":"https:\/\/flightradar.flights\/content\/uploads\/2021\/04\/Logotrue500-min.png","contentUrl":"https:\/\/flightradar.flights\/content\/uploads\/2021\/04\/Logotrue500-min.png","width":500,"height":508,"caption":"Flightradar.flights logo"},{"@type":"BreadcrumbList","@id":"https:\/\/flightradar.flights\/no\/flyradar\/#breadcrumb","itemListElement":[{"@type":"ListItem","position":1,"name":"Startseite","item":"https:\/\/flightradar.flights\/no\/"},{"@type":"ListItem","position":2,"name":"Flyradar"}]},{"@type":"WebSite","@id":"https:\/\/flightradar.flights\/no\/#website","url":"https:\/\/flightradar.flights\/no\/","name":"flightradar.flights","description":"","publisher":{"@id":"https:\/\/flightradar.flights\/no\/#organization"},"potentialAction":[{"@type":"SearchAction","target":{"@type":"EntryPoint","urlTemplate":"https:\/\/flightradar.flights\/no\/?s={search_term_string}"},"query-input":{"@type":"PropertyValueSpecification","valueRequired":true,"valueName":"search_term_string"}}],"inLanguage":"nb-NO"},{"@type":"Organization","@id":"https:\/\/flightradar.flights\/no\/#organization","name":"flightradar.flights","url":"https:\/\/flightradar.flights\/no\/","logo":{"@type":"ImageObject","inLanguage":"nb-NO","@id":"https:\/\/flightradar.flights\/no\/#\/schema\/logo\/image\/","url":"https:\/\/flightradar.flights\/content\/uploads\/2022\/01\/Logo150x150.jpg","contentUrl":"https:\/\/flightradar.flights\/content\/uploads\/2022\/01\/Logo150x150.jpg","width":150,"height":150,"caption":"flightradar.flights"},"image":{"@id":"https:\/\/flightradar.flights\/no\/#\/schema\/logo\/image\/"}}]}},"_links":{"self":[{"href":"https:\/\/flightradar.flights\/no\/wp-json\/wp\/v2\/pages\/872","targetHints":{"allow":["GET"]}}],"collection":[{"href":"https:\/\/flightradar.flights\/no\/wp-json\/wp\/v2\/pages"}],"about":[{"href":"https:\/\/flightradar.flights\/no\/wp-json\/wp\/v2\/types\/page"}],"author":[{"embeddable":true,"href":"https:\/\/flightradar.flights\/no\/wp-json\/wp\/v2\/users\/1"}],"replies":[{"embeddable":true,"href":"https:\/\/flightradar.flights\/no\/wp-json\/wp\/v2\/comments?post=872"}],"version-history":[{"count":0,"href":"https:\/\/flightradar.flights\/no\/wp-json\/wp\/v2\/pages\/872\/revisions"}],"wp:featuredmedia":[{"embeddable":true,"href":"https:\/\/flightradar.flights\/no\/wp-json\/wp\/v2\/media\/802"}],"wp:attachment":[{"href":"https:\/\/flightradar.flights\/no\/wp-json\/wp\/v2\/media?parent=872"}],"curies":[{"name":"wp","href":"https:\/\/api.w.org\/{rel}","templated":true}]}}