{"id":2465,"date":"2021-04-22T13:44:23","date_gmt":"2021-04-22T11:44:23","guid":{"rendered":"https:\/\/flightradar.flights\/flugverfolgung\/"},"modified":"2025-04-07T11:25:18","modified_gmt":"2025-04-07T09:25:18","slug":"flysporing","status":"publish","type":"page","link":"https:\/\/flightradar.flights\/no\/flysporing\/","title":{"rendered":"Flysporing"},"content":{"rendered":"\n<style type=\"text\/css\">\n.adslot_1 { width: 320px; height: 100px; }\n@media (min-width:500px) { .adslot_1 { width: 468px; height: 60px; } }\n@media (min-width:800px) { .adslot_1 { width: 728px; height: 90px; } }\n<\/style>\n<ins class=\"adsbygoogle adslot_1\"\n    style=\"display:flex; justify-content:center; align-items:center; width:100%;\"\n    data-ad-client=\"ca-pub-8699335927299131\"\n    data-ad-slot=\"5036631304\"><\/ins>\n<script async src=\"https:\/\/pagead2.googlesyndication.com\/pagead\/js\/adsbygoogle.js?client=ca-pub-8699335927299131\" crossorigin=\"anonymous\"><\/script>\n<script>(adsbygoogle = window.adsbygoogle || []).push({});<\/script>\n\n\n\n<link rel=\"stylesheet\" href=\"https:\/\/flightradar.flights\/content\/uploads\/custom-css-js\/718.css\">\n<figure class=\"full-width2\">\n<div class=\"main_widget\"><div style=\"display:flex;height:550px;background-color:#222;background-repeat: no-repeat;background-position-x:center;position:relative;align-items:center;justify-content:center;background-image:linear-gradient( rgba(0,0,0,.5),rgba(0,0,0,.5) ),url(https:\/\/flightradar.flights\/content\/uploads\/2024\/11\/PlaceholderRadar-minwepb.webp)\">\n<button id=\"button\" style=\"position:absolute;background-color:#ff9e09;border:none;border-radius:5px;font-size:25px;font-weight:700;padding:30px 45px;color:#282828\">START<\/button>\n<div id=\"iframeHolder\" style=\"width:100%\"><\/div><\/div><\/div><\/figure>\n\n\n<script src=\"https:\/\/radar24.net\/wp-content\/uploads\/custom-css-js\/28.js\"><\/script>\n<script src=\"https:\/\/flightradar.flights\/content\/uploads\/custom-css-js\/3883.js\"><\/script>\n\n\n\n<link rel=\"stylesheet\" href=\"https:\/\/flightradar.flights\/content\/uploads\/custom-css-js\/4504.css\">\n<div class=\"ad-containerbottom\">\n<script async src=\"https:\/\/pagead2.googlesyndication.com\/pagead\/js\/adsbygoogle.js?client=ca-pub-8699335927299131\"\n     crossorigin=\"anonymous\"><\/script>\n<!-- F.F Display underradar -->\n<ins class=\"adsbygoogle\"\n     style=\"display:block\"\n     data-ad-client=\"ca-pub-8699335927299131\"\n     data-ad-slot=\"8182423994\"\n     data-ad-format=\"auto\"\n     data-full-width-responsive=\"true\"><\/ins>\n<script>\n     (adsbygoogle = window.adsbygoogle || []).push({});\n<\/script>\n<\/div>\n\n\n\n<div style=\"height:50px\" aria-hidden=\"true\" class=\"wp-block-spacer\"><\/div>\n\n\n\n<div class=\"wp-block-group alignfull dottedbg has-base-3-color has-contrast-background-color has-text-color has-background\"><div class=\"wp-block-group__inner-container is-layout-flow wp-block-group-is-layout-flow\">\n<p class=\"has-text-align-center has-medium-font-size\"><em><strong>Denne korte <\/strong><\/em><i class=\"fab  fa-youtube-square\"><\/i><em><strong> <span style=\"color:#f90000\" class=\"has-inline-color\">Video<\/span> viser deg hvordan du sporer et fly p\u00e5 <span style=\"color:#62b515 \" class=\"has-inline-color\">flightradar.flights<\/span>.<\/strong><\/em><\/p>\n\n\n\n<div class=\"wp-block-columns is-layout-flex wp-container-core-columns-is-layout-9d6595d7 wp-block-columns-is-layout-flex\">\n<div class=\"wp-block-column is-layout-flow wp-block-column-is-layout-flow\"><figure class=\"wp-block-embed-youtube wp-block-embed is-type-video is-provider-youtube wp-embed-aspect-16-9 wp-has-aspect-ratio\"><div class=\"lyte-wrapper\" style=\"width:853px;max-width:100%;margin:5px auto;\"><div class=\"lyMe\" id=\"WYL_txr9oHXB5lQ\"><div id=\"lyte_txr9oHXB5lQ\" data-src=\"https:\/\/flightradar.flights\/content\/plugins\/wp-youtube-lyte\/lyteCache.php?origThumbUrl=%2F%2Fi.ytimg.com%2Fvi%2Ftxr9oHXB5lQ%2Fhqdefault.jpg\" class=\"pL\"><div class=\"tC\"><div class=\"tT\"><\/div><\/div><div class=\"play\"><\/div><div class=\"ctrl\"><div class=\"Lctrl\"><\/div><div class=\"Rctrl\"><\/div><\/div><\/div><noscript><a href=\"https:\/\/youtu.be\/txr9oHXB5lQ\" rel=\"nofollow\"><img loading=\"lazy\" decoding=\"async\" src=\"https:\/\/flightradar.flights\/content\/plugins\/wp-youtube-lyte\/lyteCache.php?origThumbUrl=https%3A%2F%2Fi.ytimg.com%2Fvi%2Ftxr9oHXB5lQ%2F0.jpg\" alt=\"YouTube video thumbnail\" width=\"853\" height=\"460\" \/><br \/>Watch this video on YouTube<\/a><\/noscript><\/div><\/div><div class=\"lL\" style=\"max-width:100%;width:853px;margin:5px auto;\"><\/div><figcaption><\/figcaption><\/figure><\/div>\n<\/div>\n<\/div><\/div>\n\n\n\n<div style=\"height:50px\" aria-hidden=\"true\" class=\"wp-block-spacer\"><\/div>\n\n\n\n<h1 class=\"wp-block-heading has-text-align-center\"><strong>Velkommen til flysporing<\/strong><\/h1>\n\n\n\n<div style=\"height:50px\" aria-hidden=\"true\" class=\"wp-block-spacer\"><\/div>\n\n\n\n<h2 class=\"wp-block-heading has-text-align-center\"><strong>Flysporing online<\/strong><\/h2>\n\n\n\n<p class=\"has-text-align-center\">Flykontrollteknologien kommer ikke bare flysikkerheten til gode, men ogs\u00e5 privatpersoner som \u00f8nsker \u00e5 registrere aktuelle data p\u00e5 en flytur. Med flysporing kan du orientere deg bedre n\u00e5r du trenger \u00e5 holde forretnings- eller private avtaler og optimalisere timeplanen din. Med ADS-B-transpondere og n\u00e5 ogs\u00e5 satellittbasert databehandling har du muligheten til \u00e5 s\u00f8ke etter alle viktige flydata i sanntid og vise dem p\u00e5 terminalenheten din. Radaren og dataene oppdateres hvert sekund. <a href=\"https:\/\/flightradar.flights\/no\/\" target=\"_blank\" rel=\"noreferrer noopener\">Flightradar24<\/a> overv\u00e5ker mer enn 100 000 flyvninger hver dag. Flysporing er n\u00e5 sjener\u00f8st dekket over hele verden. Dermed er en sikker flysporing mulig, som kan f\u00f8lge deg p\u00e5 dine eller andres reiser.<\/p>\n\n\n\n<p class=\"has-text-align-center\">Ved hjelp av Flightradar.flights, takket v\u00e6re radaren, kan du enkelt spore flyinformasjonen du trenger p\u00e5 smarttelefonen, nettbrettet eller skrivebordet.<a href=\"https:\/\/flightradars24.de\/wp-content\/uploads\/2017\/12\/Radardienststeller1.jpg\"><\/a><\/p>\n\n\n\n<div style=\"height:50px\" aria-hidden=\"true\" class=\"wp-block-spacer\"><\/div>\n\n\n\n<h3 class=\"wp-block-heading has-text-align-center\"><strong>Antall flyreiser over hele verden<\/strong><\/h3>\n\n\n\n<div class=\"wp-block-media-text alignwide is-stacked-on-mobile\"><figure class=\"wp-block-media-text__media\"><img loading=\"lazy\" decoding=\"async\" width=\"600\" height=\"450\" src=\"https:\/\/flightradar.flights\/content\/uploads\/2022\/01\/flights-per-year-min-min.jpg\" alt=\"Flysporing av flyreiser per \u00e5r over hele verden\" class=\"wp-image-2405 size-full\" srcset=\"https:\/\/flightradar.flights\/content\/uploads\/2022\/01\/flights-per-year-min-min.jpg 600w, https:\/\/flightradar.flights\/content\/uploads\/2022\/01\/flights-per-year-min-min-300x225.jpg 300w\" sizes=\"auto, (max-width: 600px) 100vw, 600px\" \/><\/figure><div class=\"wp-block-media-text__content\">\n<p class=\"has-text-align-center has-medium-font-size\">Flytrafikken har vokst jevnt siden starten. <strong>Covid-19<\/strong> satte imidlertid et sterkt preg p\u00e5 luftfarten i 2020, s\u00e5 det var ikke engang halvparten av flyvningene i 2020 som \u00e5ret f\u00f8r. En normalisering til den gamle toppen av 2019 forventes fra 2025.<\/p>\n<\/div><\/div>\n\n\n\n<div style=\"height:50px\" aria-hidden=\"true\" class=\"wp-block-spacer\"><\/div>\n\n\n\n<h2 class=\"wp-block-heading has-text-align-center\"><strong>Hvordan fungerer radarflysporing?<\/strong><\/h2>\n\n\n\n<p class=\"has-text-align-center\">Med Flight Tracking kan du f\u00f8lge flystatusen til et hvilket som helst fly p\u00e5 nettet, slik at du bedre kan vurdere statusen og se i n\u00e6r sanntid n\u00e5r flyet tar av, lander, hvor det er n\u00e5, er forsinket eller n\u00e6rmer seg flydestinasjonen.<\/p>\n\n\n\n<p class=\"has-text-align-center\">Du vil ogs\u00e5 motta fullstendig registrerte data fra flyet som du sporer p\u00e5 radaren. De viktigste dataene, som du kan bruke gratis takket v\u00e6re flyradaren p\u00e5 denne siden, inkluderer:<\/p>\n\n\n\n<div class=\"wp-block-columns has-base-background-color has-background is-layout-flex wp-container-core-columns-is-layout-9d6595d7 wp-block-columns-is-layout-flex\">\n<div class=\"wp-block-column is-vertically-aligned-center is-layout-flow wp-block-column-is-layout-flow\">\n<ul class=\"wp-block-list\">\n<li>flightnummer<\/li>\n\n\n\n<li>flyselskap<\/li>\n\n\n\n<li>flyets identifikasjonsnummer<\/li>\n\n\n\n<li>type og klasse<\/li>\n\n\n\n<li>Forventet flyvarighet<\/li>\n\n\n\n<li>flyrute<\/li>\n\n\n\n<li>tilbakelagt flyavstand<\/li>\n\n\n\n<li>Avreise og ankomst flyplass<\/li>\n<\/ul>\n<\/div>\n\n\n\n<div class=\"wp-block-column is-vertically-aligned-center is-layout-flow wp-block-column-is-layout-flow\">\n<ul class=\"wp-block-list\">\n<li>avgang og ankomsttid<\/li>\n\n\n\n<li>Bilde av flyet (hvis noen)<\/li>\n\n\n\n<li>h\u00f8yde<\/li>\n\n\n\n<li>breddegrad og lengdegrad<\/li>\n\n\n\n<li>Byer og flyplasser (IATA-koding)<\/li>\n\n\n\n<li>Rullebane<\/li>\n\n\n\n<li>n\u00e5v\u00e6rende v\u00e6r<\/li>\n\n\n\n<li>hastighet<\/li>\n<\/ul>\n<\/div>\n<\/div>\n\n\n\n<div style=\"height:50px\" aria-hidden=\"true\" class=\"wp-block-spacer\"><\/div>\n\n\n\n<h2 class=\"wp-block-heading has-text-align-center\"><strong>Hvilke fly kan du spore?<\/strong><\/h2>\n\n\n\n<p class=\"has-text-align-center\">Du kan spore alle fly utstyrt med en transponder p\u00e5 radar. Dette inkluderer alle passasjerfly som mange bruker til \u00e5 reise rundt i verden hver dag. I dag er ADS-B-transpondere en del av det obligatoriske basisutstyret til kommersielle fly og de fleste forretningsfly. Bakkekj\u00f8ret\u00f8yer p\u00e5 flyplassen er ogs\u00e5 utstyrt med ADS-B-transpondere. ADS-B gj\u00f8r det mulig for flykontroll \u00e5 overv\u00e5ke fly optimalt, men ogs\u00e5 bakkekj\u00f8ret\u00f8yer for \u00e5 \u00f8ke sikkerheten.<\/p>\n\n\n\n<p class=\"has-text-align-center\">De moderne h\u00f8yteknologiske radarene kan spore alle fly utstyrt med den spesielle transponderen. Dette inkluderer:<\/p>\n\n\n\n<p class=\"has-text-align-center has-base-background-color has-background has-medium-font-size\"><strong>  <span style=\"font-size: inherit;\"><i class=\"fas fa-plane\"><\/i><\/span> Passasjerfly<\/strong><\/p>\n\n\n\n<p class=\"has-text-align-center has-base-background-color has-background has-medium-font-size\"><strong> <span style=\"font-size: inherit;\"><i class=\"fas fa-plane\"><\/i><\/span> Lastefly<\/strong><\/p>\n\n\n\n<p class=\"has-text-align-center has-base-background-color has-background has-medium-font-size\"><strong> <span style=\"font-size: inherit;\"><i class=\"fas fa-plane\"><\/i><\/span> Private fly<\/strong><\/p>\n\n\n\n<p class=\"has-text-align-center has-base-background-color has-background has-medium-font-size\"><strong><i class=\"fas fa-helicopter\"><\/i> Helikopter<\/strong><\/p>\n\n\n\n<p class=\"has-text-align-center has-base-background-color has-background has-medium-font-size\"><strong><i class=\"fas fa-fighter-jet\"><\/i> Noen milit\u00e6rfly<\/strong><\/p>\n\n\n\n<p class=\"has-text-align-center\"><em><strong>Takket v\u00e6re flysporing vet du hvilken type fly du leter etter.<\/strong><\/em><\/p>\n\n\n\n<div style=\"height:50px\" aria-hidden=\"true\" class=\"wp-block-spacer\"><\/div>\n\n\n\n<h2 class=\"wp-block-heading has-text-align-center\"><strong>TOPP 6 &#8211; Mest vanlige flytyper (fra 2022)<\/strong><\/h2>\n\n\n<div class=\"wp-block-image\">\n<figure class=\"aligncenter size-full\"><img loading=\"lazy\" decoding=\"async\" width=\"800\" height=\"600\" src=\"https:\/\/flightradar.flights\/content\/uploads\/2022\/01\/Top6-common-aircraft-types-min-min.jpg\" alt=\"Vanlige flytyper 2022\" class=\"wp-image-2425\" srcset=\"https:\/\/flightradar.flights\/content\/uploads\/2022\/01\/Top6-common-aircraft-types-min-min.jpg 800w, https:\/\/flightradar.flights\/content\/uploads\/2022\/01\/Top6-common-aircraft-types-min-min-300x225.jpg 300w, https:\/\/flightradar.flights\/content\/uploads\/2022\/01\/Top6-common-aircraft-types-min-min-768x576.jpg 768w\" sizes=\"auto, (max-width: 800px) 100vw, 800px\" \/><\/figure>\n<\/div>\n\n\n<div style=\"height:50px\" aria-hidden=\"true\" class=\"wp-block-spacer\"><\/div>\n\n\n\n<h3 class=\"wp-block-heading has-text-align-center\"><strong>Liste over de mest brukte flytypene<\/strong><\/h3>\n\n\n\n<p class=\"has-text-align-center\">I den f\u00f8lgende listen kan du se en rekke flymodeller som for tiden er hyppig brukt i flytrafikken.<\/p>\n\n\n\n<div class=\"wp-block-columns alignwide are-vertically-aligned-center has-base-background-color has-background is-layout-flex wp-container-core-columns-is-layout-9d6595d7 wp-block-columns-is-layout-flex\">\n<div class=\"wp-block-column is-vertically-aligned-center is-layout-flow wp-block-column-is-layout-flow\" style=\"flex-basis:50%\">\n<ul class=\"wp-block-list\">\n<li>Airbus (Airbus A300\u2013A380)<\/li>\n\n\n\n<li>Antonov AN-148, AN-158<\/li>\n\n\n\n<li>ATR 72-600<\/li>\n\n\n\n<li>BAe ATP<\/li>\n\n\n\n<li>BAe Avro RJ70, RJ85, RJ100<\/li>\n\n\n\n<li>Boeing 737, 747, 757, 767, 777, 787<\/li>\n\n\n\n<li>Bombardier CS100, CS300<\/li>\n<\/ul>\n<\/div>\n\n\n\n<div class=\"wp-block-column is-vertically-aligned-center is-layout-flow wp-block-column-is-layout-flow\" style=\"flex-basis:50%\">\n<ul class=\"wp-block-list\">\n<li>Embraer E190<\/li>\n\n\n\n<li>Fokker 70\u2013100<\/li>\n\n\n\n<li>Gulfstream V, Gulfstream G500\/550<\/li>\n\n\n\n<li>Tupolev Tu-204<\/li>\n\n\n\n<li>McDonnell Douglas MD-10, MD-11<\/li>\n\n\n\n<li>Sukhoi Superjet 100<\/li>\n\n\n\n<li>Ilyushin Il-96<\/li>\n<\/ul>\n<\/div>\n<\/div>\n\n\n\n<div style=\"height:50px\" aria-hidden=\"true\" class=\"wp-block-spacer\"><\/div>\n\n\n\n<h2 class=\"wp-block-heading has-text-align-center has-medium-font-size\"><strong>Informasjon og eksempelbrev<\/strong><\/h2>\n\n\n\n<div class=\"wp-block-buttons is-vertical is-content-justification-center is-layout-flex wp-container-core-buttons-is-layout-9a7cdcfd wp-block-buttons-is-layout-flex\">\n<div class=\"wp-block-button has-custom-font-size is-style-outline has-medium-font-size is-style-outline--1\"><a class=\"wp-block-button__link has-background wp-element-button\" href=\"https:\/\/flightradar.flights\/no\/passasjerrettighetsforordningen\/\" style=\"border-radius:8px;background-color:#62b515\" target=\"_blank\" rel=\"noreferrer noopener\"><strong>Forskrift om flypassasjerrettigheter<\/strong><\/a><\/div>\n\n\n\n<div class=\"wp-block-button has-custom-font-size is-style-outline has-medium-font-size is-style-outline--2\"><a class=\"wp-block-button__link has-background wp-element-button\" href=\"https:\/\/flightradar.flights\/no\/mal-brevkompensasjon-for-flyforsinkelse\/\" style=\"border-radius:8px;background-color:#62b515\" target=\"_blank\" rel=\"noreferrer noopener\"><strong>Eksempelbrev for kompensasjon for flyforsinkelser<\/strong><\/a><\/div>\n\n\n\n<div class=\"wp-block-button has-custom-font-size is-style-outline has-medium-font-size is-style-outline--3\"><a class=\"wp-block-button__link has-background wp-element-button\" href=\"https:\/\/flightradar.flights\/no\/provebrevflyvning-kansellert\/\" style=\"border-radius:8px;background-color:#62b515\" target=\"_blank\" rel=\"noreferrer noopener\"><strong>Eksempel p\u00e5 kompensasjonsflyvning av brev kansellert<\/strong><\/a><\/div>\n<\/div>\n\n\n\n<div class=\"wp-block-buttons is-horizontal is-content-justification-center is-layout-flex wp-container-core-buttons-is-layout-499968f5 wp-block-buttons-is-layout-flex\">\n<div class=\"wp-block-button has-custom-font-size is-style-outline has-medium-font-size is-style-outline--4\"><a class=\"wp-block-button__link has-background wp-element-button\" href=\"https:\/\/flightradar.flights\/no\/\" style=\"background-color:#62b515\" target=\"_blank\" rel=\"noreferrer noopener\"> <strong>Flightradar24 <\/strong><\/a><\/div>\n\n\n\n<div class=\"wp-block-button has-custom-font-size is-style-outline has-medium-font-size is-style-outline--5\"><a class=\"wp-block-button__link has-background wp-element-button\" href=\"https:\/\/flightradar.flights\/no\/flyradar\/\" style=\"background-color:#62b515\" target=\"_blank\" rel=\"noreferrer noopener\"><strong>Flyradar<\/strong><\/a><\/div>\n<\/div>\n\n\n\n<p><\/p>\n","protected":false},"excerpt":{"rendered":"<p>START Denne korte Video viser deg hvordan du sporer et fly p\u00e5 flightradar.flights. Velkommen til flysporing Flysporing online Flykontrollteknologien kommer ikke bare flysikkerheten til gode, men ogs\u00e5 privatpersoner som \u00f8nsker \u00e5 registrere aktuelle data p\u00e5 en flytur. Med flysporing kan du orientere deg bedre n\u00e5r du trenger \u00e5 holde forretnings- eller private avtaler og optimalisere &#8230; <\/p>\n<p class=\"read-more-container\"><a title=\"Flysporing\" class=\"read-more button\" href=\"https:\/\/flightradar.flights\/no\/flysporing\/#more-2465\" aria-label=\"Mer p\u00e5 Flysporing\">Les mer<\/a><\/p>\n","protected":false},"author":1,"featured_media":2372,"parent":0,"menu_order":0,"comment_status":"closed","ping_status":"closed","template":"","meta":{"footnotes":""},"class_list":["post-2465","page","type-page","status-publish","has-post-thumbnail"],"yoast_head":"<!-- This site is optimized with the Yoast SEO plugin v27.2 - https:\/\/yoast.com\/product\/yoast-seo-wordpress\/ -->\n<title>Flysporing - Spor et hvilket som helst fly p\u00e5 kartet<\/title>\n<meta name=\"description\" content=\"Flysporing lar deg spore et hvilket som helst fly over hele verden og bestemme dens n\u00e5v\u00e6rende posisjon. Skriv inn flynummer her\" \/>\n<meta name=\"robots\" content=\"index, follow, max-snippet:-1, max-image-preview:large, max-video-preview:-1\" \/>\n<link rel=\"canonical\" href=\"https:\/\/flightradar.flights\/no\/flysporing\/\" \/>\n<meta property=\"og:locale\" content=\"nb_NO\" \/>\n<meta property=\"og:type\" content=\"article\" \/>\n<meta property=\"og:title\" content=\"Flysporing - Spor et hvilket som helst fly p\u00e5 kartet\" \/>\n<meta property=\"og:description\" content=\"Flysporing lar deg spore et hvilket som helst fly over hele verden og bestemme dens n\u00e5v\u00e6rende posisjon. Skriv inn flynummer her\" \/>\n<meta property=\"og:url\" content=\"https:\/\/flightradar.flights\/no\/flysporing\/\" \/>\n<meta property=\"og:site_name\" content=\"flightradar.flights\" \/>\n<meta property=\"article:modified_time\" content=\"2025-04-07T09:25:18+00:00\" \/>\n<meta property=\"og:image\" content=\"https:\/\/flightradar.flights\/content\/uploads\/2022\/01\/Logo150x150.jpg\" \/>\n\t<meta property=\"og:image:width\" content=\"150\" \/>\n\t<meta property=\"og:image:height\" content=\"150\" \/>\n\t<meta property=\"og:image:type\" content=\"image\/jpeg\" \/>\n<meta name=\"twitter:card\" content=\"summary_large_image\" \/>\n<meta name=\"twitter:label1\" content=\"Ansl. lesetid\" \/>\n\t<meta name=\"twitter:data1\" content=\"3 minutter\" \/>\n<script type=\"application\/ld+json\" class=\"yoast-schema-graph\">{\"@context\":\"https:\/\/schema.org\",\"@graph\":[{\"@type\":\"WebPage\",\"@id\":\"https:\/\/flightradar.flights\/no\/flysporing\/\",\"url\":\"https:\/\/flightradar.flights\/no\/flysporing\/\",\"name\":\"Flysporing - Spor et hvilket som helst fly p\u00e5 kartet\",\"isPartOf\":{\"@id\":\"https:\/\/flightradar.flights\/no\/#website\"},\"primaryImageOfPage\":{\"@id\":\"https:\/\/flightradar.flights\/no\/flysporing\/#primaryimage\"},\"image\":{\"@id\":\"https:\/\/flightradar.flights\/no\/flysporing\/#primaryimage\"},\"thumbnailUrl\":\"https:\/\/flightradar.flights\/content\/uploads\/2022\/01\/Logo150x150.jpg\",\"datePublished\":\"2021-04-22T11:44:23+00:00\",\"dateModified\":\"2025-04-07T09:25:18+00:00\",\"description\":\"Flysporing lar deg spore et hvilket som helst fly over hele verden og bestemme dens n\u00e5v\u00e6rende posisjon. Skriv inn flynummer her\",\"breadcrumb\":{\"@id\":\"https:\/\/flightradar.flights\/no\/flysporing\/#breadcrumb\"},\"inLanguage\":\"nb-NO\",\"potentialAction\":[{\"@type\":\"ReadAction\",\"target\":[\"https:\/\/flightradar.flights\/no\/flysporing\/\"]}]},{\"@type\":\"ImageObject\",\"inLanguage\":\"nb-NO\",\"@id\":\"https:\/\/flightradar.flights\/no\/flysporing\/#primaryimage\",\"url\":\"https:\/\/flightradar.flights\/content\/uploads\/2022\/01\/Logo150x150.jpg\",\"contentUrl\":\"https:\/\/flightradar.flights\/content\/uploads\/2022\/01\/Logo150x150.jpg\",\"width\":150,\"height\":150},{\"@type\":\"BreadcrumbList\",\"@id\":\"https:\/\/flightradar.flights\/no\/flysporing\/#breadcrumb\",\"itemListElement\":[{\"@type\":\"ListItem\",\"position\":1,\"name\":\"Startseite\",\"item\":\"https:\/\/flightradar.flights\/no\/\"},{\"@type\":\"ListItem\",\"position\":2,\"name\":\"Flysporing\"}]},{\"@type\":\"WebSite\",\"@id\":\"https:\/\/flightradar.flights\/no\/#website\",\"url\":\"https:\/\/flightradar.flights\/no\/\",\"name\":\"flightradar.flights\",\"description\":\"\",\"publisher\":{\"@id\":\"https:\/\/flightradar.flights\/no\/#organization\"},\"potentialAction\":[{\"@type\":\"SearchAction\",\"target\":{\"@type\":\"EntryPoint\",\"urlTemplate\":\"https:\/\/flightradar.flights\/no\/?s={search_term_string}\"},\"query-input\":{\"@type\":\"PropertyValueSpecification\",\"valueRequired\":true,\"valueName\":\"search_term_string\"}}],\"inLanguage\":\"nb-NO\"},{\"@type\":\"Organization\",\"@id\":\"https:\/\/flightradar.flights\/no\/#organization\",\"name\":\"flightradar.flights\",\"url\":\"https:\/\/flightradar.flights\/no\/\",\"logo\":{\"@type\":\"ImageObject\",\"inLanguage\":\"nb-NO\",\"@id\":\"https:\/\/flightradar.flights\/no\/#\/schema\/logo\/image\/\",\"url\":\"https:\/\/flightradar.flights\/content\/uploads\/2022\/01\/Logo150x150.jpg\",\"contentUrl\":\"https:\/\/flightradar.flights\/content\/uploads\/2022\/01\/Logo150x150.jpg\",\"width\":150,\"height\":150,\"caption\":\"flightradar.flights\"},\"image\":{\"@id\":\"https:\/\/flightradar.flights\/no\/#\/schema\/logo\/image\/\"}}]}<\/script>\n<!-- \/ Yoast SEO plugin. -->","yoast_head_json":{"title":"Flysporing - Spor et hvilket som helst fly p\u00e5 kartet","description":"Flysporing lar deg spore et hvilket som helst fly over hele verden og bestemme dens n\u00e5v\u00e6rende posisjon. Skriv inn flynummer her","robots":{"index":"index","follow":"follow","max-snippet":"max-snippet:-1","max-image-preview":"max-image-preview:large","max-video-preview":"max-video-preview:-1"},"canonical":"https:\/\/flightradar.flights\/no\/flysporing\/","og_locale":"nb_NO","og_type":"article","og_title":"Flysporing - Spor et hvilket som helst fly p\u00e5 kartet","og_description":"Flysporing lar deg spore et hvilket som helst fly over hele verden og bestemme dens n\u00e5v\u00e6rende posisjon. Skriv inn flynummer her","og_url":"https:\/\/flightradar.flights\/no\/flysporing\/","og_site_name":"flightradar.flights","article_modified_time":"2025-04-07T09:25:18+00:00","og_image":[{"width":150,"height":150,"url":"https:\/\/flightradar.flights\/content\/uploads\/2022\/01\/Logo150x150.jpg","type":"image\/jpeg"}],"twitter_card":"summary_large_image","twitter_misc":{"Ansl. lesetid":"3 minutter"},"schema":{"@context":"https:\/\/schema.org","@graph":[{"@type":"WebPage","@id":"https:\/\/flightradar.flights\/no\/flysporing\/","url":"https:\/\/flightradar.flights\/no\/flysporing\/","name":"Flysporing - Spor et hvilket som helst fly p\u00e5 kartet","isPartOf":{"@id":"https:\/\/flightradar.flights\/no\/#website"},"primaryImageOfPage":{"@id":"https:\/\/flightradar.flights\/no\/flysporing\/#primaryimage"},"image":{"@id":"https:\/\/flightradar.flights\/no\/flysporing\/#primaryimage"},"thumbnailUrl":"https:\/\/flightradar.flights\/content\/uploads\/2022\/01\/Logo150x150.jpg","datePublished":"2021-04-22T11:44:23+00:00","dateModified":"2025-04-07T09:25:18+00:00","description":"Flysporing lar deg spore et hvilket som helst fly over hele verden og bestemme dens n\u00e5v\u00e6rende posisjon. Skriv inn flynummer her","breadcrumb":{"@id":"https:\/\/flightradar.flights\/no\/flysporing\/#breadcrumb"},"inLanguage":"nb-NO","potentialAction":[{"@type":"ReadAction","target":["https:\/\/flightradar.flights\/no\/flysporing\/"]}]},{"@type":"ImageObject","inLanguage":"nb-NO","@id":"https:\/\/flightradar.flights\/no\/flysporing\/#primaryimage","url":"https:\/\/flightradar.flights\/content\/uploads\/2022\/01\/Logo150x150.jpg","contentUrl":"https:\/\/flightradar.flights\/content\/uploads\/2022\/01\/Logo150x150.jpg","width":150,"height":150},{"@type":"BreadcrumbList","@id":"https:\/\/flightradar.flights\/no\/flysporing\/#breadcrumb","itemListElement":[{"@type":"ListItem","position":1,"name":"Startseite","item":"https:\/\/flightradar.flights\/no\/"},{"@type":"ListItem","position":2,"name":"Flysporing"}]},{"@type":"WebSite","@id":"https:\/\/flightradar.flights\/no\/#website","url":"https:\/\/flightradar.flights\/no\/","name":"flightradar.flights","description":"","publisher":{"@id":"https:\/\/flightradar.flights\/no\/#organization"},"potentialAction":[{"@type":"SearchAction","target":{"@type":"EntryPoint","urlTemplate":"https:\/\/flightradar.flights\/no\/?s={search_term_string}"},"query-input":{"@type":"PropertyValueSpecification","valueRequired":true,"valueName":"search_term_string"}}],"inLanguage":"nb-NO"},{"@type":"Organization","@id":"https:\/\/flightradar.flights\/no\/#organization","name":"flightradar.flights","url":"https:\/\/flightradar.flights\/no\/","logo":{"@type":"ImageObject","inLanguage":"nb-NO","@id":"https:\/\/flightradar.flights\/no\/#\/schema\/logo\/image\/","url":"https:\/\/flightradar.flights\/content\/uploads\/2022\/01\/Logo150x150.jpg","contentUrl":"https:\/\/flightradar.flights\/content\/uploads\/2022\/01\/Logo150x150.jpg","width":150,"height":150,"caption":"flightradar.flights"},"image":{"@id":"https:\/\/flightradar.flights\/no\/#\/schema\/logo\/image\/"}}]}},"_links":{"self":[{"href":"https:\/\/flightradar.flights\/no\/wp-json\/wp\/v2\/pages\/2465","targetHints":{"allow":["GET"]}}],"collection":[{"href":"https:\/\/flightradar.flights\/no\/wp-json\/wp\/v2\/pages"}],"about":[{"href":"https:\/\/flightradar.flights\/no\/wp-json\/wp\/v2\/types\/page"}],"author":[{"embeddable":true,"href":"https:\/\/flightradar.flights\/no\/wp-json\/wp\/v2\/users\/1"}],"replies":[{"embeddable":true,"href":"https:\/\/flightradar.flights\/no\/wp-json\/wp\/v2\/comments?post=2465"}],"version-history":[{"count":0,"href":"https:\/\/flightradar.flights\/no\/wp-json\/wp\/v2\/pages\/2465\/revisions"}],"wp:featuredmedia":[{"embeddable":true,"href":"https:\/\/flightradar.flights\/no\/wp-json\/wp\/v2\/media\/2372"}],"wp:attachment":[{"href":"https:\/\/flightradar.flights\/no\/wp-json\/wp\/v2\/media?parent=2465"}],"curies":[{"name":"wp","href":"https:\/\/api.w.org\/{rel}","templated":true}]}}