{"id":1116,"date":"2021-05-21T11:37:21","date_gmt":"2021-05-21T09:37:21","guid":{"rendered":"https:\/\/flightradar.flights\/faq\/"},"modified":"2022-01-06T11:17:55","modified_gmt":"2022-01-06T09:17:55","slug":"faq","status":"publish","type":"page","link":"https:\/\/flightradar.flights\/no\/faq\/","title":{"rendered":"FAQ &#8211; Ofte stilte sp\u00f8rsm\u00e5l"},"content":{"rendered":"\n<div style=\"height:100px\" aria-hidden=\"true\" class=\"wp-block-spacer\"><\/div>\n\n\n\n<h1 class=\"has-text-align-center wp-block-heading\"><strong>FAQ &#8211; Ofte stilte sp\u00f8rsm\u00e5l<\/strong><\/h1>\n\n\n\n<div style=\"height:100px\" aria-hidden=\"true\" class=\"wp-block-spacer\"><\/div>\n\n\n\n<div class=\"schema-faq wp-block-yoast-faq-block\"><div class=\"schema-faq-section\" id=\"faq-question-1621587381797\"><strong class=\"schema-faq-question\">Er Flightradar.flights gratis?<\/strong> <p class=\"schema-faq-answer\">Flightradar.flights kan brukes gratis i sine grunnleggende funksjoner.<\/p> <\/div> <div class=\"schema-faq-section\" id=\"faq-question-1621587493412\"><strong class=\"schema-faq-question\">Hvorfor viser ikke flyradar fly?<\/strong> <p class=\"schema-faq-answer\">Forsikre deg om at du ikke er i inkognitomodus med nettleseren din. Inkognitomodus blokkerer kj\u00f8ringen av visse data, som er n\u00f8dvendige for \u00e5 fullf\u00f8re flyradaren.<\/p> <\/div> <div class=\"schema-faq-section\" id=\"faq-question-1621587643877\"><strong class=\"schema-faq-question\">Er flyradar i sanntid?<\/strong> <p class=\"schema-faq-answer\">Flyradar viser gjeldende flytrafikk i sanntid.<\/p> <\/div> <div class=\"schema-faq-section\" id=\"faq-question-1621587688776\"><strong class=\"schema-faq-question\">Hvordan kan jeg spore en flyreise?<\/strong> <p class=\"schema-faq-answer\">I flyradaren bruker du venstre museknapp eller fingeren p\u00e5 smarttelefonen for \u00e5 velge et fly for \u00e5 spore det. Du kan ogs\u00e5 angi et gyldig flynummer i s\u00f8kefeltet.<\/p> <\/div> <div class=\"schema-faq-section\" id=\"faq-question-1621587801464\"><strong class=\"schema-faq-question\">Hvor kan jeg finne flynummeret mitt?<\/strong> <p class=\"schema-faq-answer\">Du b\u00f8r finne flynummeret ditt p\u00e5 flybillettene. Dette best\u00e5r vanligvis av 4 til 6-sifrede tall \/ bokstaver.<\/p> <\/div> <div class=\"schema-faq-section\" id=\"faq-question-1621587936810\"><strong class=\"schema-faq-question\">Hva betyr bl\u00e5 fly i flyradar?<\/strong> <p class=\"schema-faq-answer\">Fly vist i bl\u00e5tt spores med ADS-B via satellitt. Dette brukes hovedsakelig over havene.<\/p> <\/div> <div class=\"schema-faq-section\" id=\"faq-question-1621588115032\"><strong class=\"schema-faq-question\">Hvilken informasjon f\u00e5r jeg i flyradaren?<\/strong> <p class=\"schema-faq-answer\">I flyradaren kan du se type fly, avgangssted samt ankomststed, avgang og ankomsttid. Du kan ogs\u00e5 se hvor flyet for \u00f8yeblikket ligger og flyruten.<\/p> <\/div> <\/div>\n\n\n\n<div style=\"height:100px\" aria-hidden=\"true\" class=\"wp-block-spacer\"><\/div>\n\n\n\n<script async src=\"https:\/\/pagead2.googlesyndication.com\/pagead\/js\/adsbygoogle.js?client=ca-pub-8699335927299131\"\n     crossorigin=\"anonymous\"><\/script>\n<!-- F.F Display Other -->\n<ins class=\"adsbygoogle\"\n     style=\"display:block\"\n     data-ad-client=\"ca-pub-8699335927299131\"\n     data-ad-slot=\"5660843060\"\n     data-ad-format=\"auto\"\n     data-full-width-responsive=\"true\"><\/ins>\n<script>\n     (adsbygoogle = window.adsbygoogle || []).push({});\n<\/script>\n","protected":false},"excerpt":{"rendered":"<p>FAQ &#8211; Ofte stilte sp\u00f8rsm\u00e5l<\/p>\n","protected":false},"author":1,"featured_media":0,"parent":0,"menu_order":0,"comment_status":"open","ping_status":"closed","template":"","meta":{"footnotes":""},"class_list":["post-1116","page","type-page","status-publish"],"yoast_head":"<!-- This site is optimized with the Yoast SEO plugin v27.2 - https:\/\/yoast.com\/product\/yoast-seo-wordpress\/ -->\n<title>FAQ - Ofte stilte sp\u00f8rsm\u00e5l - flightradar.flights<\/title>\n<meta name=\"description\" content=\"Flightradar.flights Ofte stilte sp\u00f8rsm\u00e5l om flyradar og flysporing.\" \/>\n<meta name=\"robots\" content=\"index, follow, max-snippet:-1, max-image-preview:large, max-video-preview:-1\" \/>\n<link rel=\"canonical\" href=\"https:\/\/flightradar.flights\/no\/faq\/\" \/>\n<meta property=\"og:locale\" content=\"nb_NO\" \/>\n<meta property=\"og:type\" content=\"article\" \/>\n<meta property=\"og:title\" content=\"FAQ - Ofte stilte sp\u00f8rsm\u00e5l - flightradar.flights\" \/>\n<meta property=\"og:description\" content=\"Flightradar.flights Ofte stilte sp\u00f8rsm\u00e5l om flyradar og flysporing.\" \/>\n<meta property=\"og:url\" content=\"https:\/\/flightradar.flights\/no\/faq\/\" \/>\n<meta property=\"og:site_name\" content=\"flightradar.flights\" \/>\n<meta property=\"article:modified_time\" content=\"2022-01-06T09:17:55+00:00\" \/>\n<meta property=\"og:image\" content=\"https:\/\/flightradar.flights\/content\/uploads\/2022\/01\/Logo200x200.jpg\" \/>\n\t<meta property=\"og:image:width\" content=\"200\" \/>\n\t<meta property=\"og:image:height\" content=\"200\" \/>\n\t<meta property=\"og:image:type\" content=\"image\/jpeg\" \/>\n<meta name=\"twitter:card\" content=\"summary_large_image\" \/>\n<meta name=\"twitter:label1\" content=\"Ansl. lesetid\" \/>\n\t<meta name=\"twitter:data1\" content=\"1 minutt\" \/>\n<script type=\"application\/ld+json\" class=\"yoast-schema-graph\">{\"@context\":\"https:\/\/schema.org\",\"@graph\":[{\"@type\":[\"WebPage\",\"FAQPage\"],\"@id\":\"https:\/\/flightradar.flights\/no\/faq\/\",\"url\":\"https:\/\/flightradar.flights\/no\/faq\/\",\"name\":\"FAQ - Ofte stilte sp\u00f8rsm\u00e5l - flightradar.flights\",\"isPartOf\":{\"@id\":\"https:\/\/flightradar.flights\/no\/#website\"},\"datePublished\":\"2021-05-21T09:37:21+00:00\",\"dateModified\":\"2022-01-06T09:17:55+00:00\",\"description\":\"Flightradar.flights Ofte stilte sp\u00f8rsm\u00e5l om flyradar og flysporing.\",\"breadcrumb\":{\"@id\":\"https:\/\/flightradar.flights\/no\/faq\/#breadcrumb\"},\"mainEntity\":[{\"@id\":\"https:\/\/flightradar.flights\/no\/faq\/#faq-question-1621587381797\"},{\"@id\":\"https:\/\/flightradar.flights\/no\/faq\/#faq-question-1621587493412\"},{\"@id\":\"https:\/\/flightradar.flights\/no\/faq\/#faq-question-1621587643877\"},{\"@id\":\"https:\/\/flightradar.flights\/no\/faq\/#faq-question-1621587688776\"},{\"@id\":\"https:\/\/flightradar.flights\/no\/faq\/#faq-question-1621587801464\"},{\"@id\":\"https:\/\/flightradar.flights\/no\/faq\/#faq-question-1621587936810\"},{\"@id\":\"https:\/\/flightradar.flights\/no\/faq\/#faq-question-1621588115032\"}],\"inLanguage\":\"nb-NO\",\"potentialAction\":[{\"@type\":\"ReadAction\",\"target\":[\"https:\/\/flightradar.flights\/no\/faq\/\"]}]},{\"@type\":\"BreadcrumbList\",\"@id\":\"https:\/\/flightradar.flights\/no\/faq\/#breadcrumb\",\"itemListElement\":[{\"@type\":\"ListItem\",\"position\":1,\"name\":\"Startseite\",\"item\":\"https:\/\/flightradar.flights\/no\/\"},{\"@type\":\"ListItem\",\"position\":2,\"name\":\"FAQ &#8211; Ofte stilte sp\u00f8rsm\u00e5l\"}]},{\"@type\":\"WebSite\",\"@id\":\"https:\/\/flightradar.flights\/no\/#website\",\"url\":\"https:\/\/flightradar.flights\/no\/\",\"name\":\"flightradar.flights\",\"description\":\"\",\"publisher\":{\"@id\":\"https:\/\/flightradar.flights\/no\/#organization\"},\"potentialAction\":[{\"@type\":\"SearchAction\",\"target\":{\"@type\":\"EntryPoint\",\"urlTemplate\":\"https:\/\/flightradar.flights\/no\/?s={search_term_string}\"},\"query-input\":{\"@type\":\"PropertyValueSpecification\",\"valueRequired\":true,\"valueName\":\"search_term_string\"}}],\"inLanguage\":\"nb-NO\"},{\"@type\":\"Organization\",\"@id\":\"https:\/\/flightradar.flights\/no\/#organization\",\"name\":\"flightradar.flights\",\"url\":\"https:\/\/flightradar.flights\/no\/\",\"logo\":{\"@type\":\"ImageObject\",\"inLanguage\":\"nb-NO\",\"@id\":\"https:\/\/flightradar.flights\/no\/#\/schema\/logo\/image\/\",\"url\":\"https:\/\/flightradar.flights\/content\/uploads\/2022\/01\/Logo150x150.jpg\",\"contentUrl\":\"https:\/\/flightradar.flights\/content\/uploads\/2022\/01\/Logo150x150.jpg\",\"width\":150,\"height\":150,\"caption\":\"flightradar.flights\"},\"image\":{\"@id\":\"https:\/\/flightradar.flights\/no\/#\/schema\/logo\/image\/\"}},{\"@type\":\"Question\",\"@id\":\"https:\/\/flightradar.flights\/no\/faq\/#faq-question-1621587381797\",\"position\":1,\"url\":\"https:\/\/flightradar.flights\/no\/faq\/#faq-question-1621587381797\",\"name\":\"Er Flightradar.flights gratis?\",\"answerCount\":1,\"acceptedAnswer\":{\"@type\":\"Answer\",\"text\":\"Flightradar.flights kan brukes gratis i sine grunnleggende funksjoner.\",\"inLanguage\":\"nb-NO\"},\"inLanguage\":\"nb-NO\"},{\"@type\":\"Question\",\"@id\":\"https:\/\/flightradar.flights\/no\/faq\/#faq-question-1621587493412\",\"position\":2,\"url\":\"https:\/\/flightradar.flights\/no\/faq\/#faq-question-1621587493412\",\"name\":\"Hvorfor viser ikke flyradar fly?\",\"answerCount\":1,\"acceptedAnswer\":{\"@type\":\"Answer\",\"text\":\"Forsikre deg om at du ikke er i inkognitomodus med nettleseren din. Inkognitomodus blokkerer kj\u00f8ringen av visse data, som er n\u00f8dvendige for \u00e5 fullf\u00f8re flyradaren.\",\"inLanguage\":\"nb-NO\"},\"inLanguage\":\"nb-NO\"},{\"@type\":\"Question\",\"@id\":\"https:\/\/flightradar.flights\/no\/faq\/#faq-question-1621587643877\",\"position\":3,\"url\":\"https:\/\/flightradar.flights\/no\/faq\/#faq-question-1621587643877\",\"name\":\"Er flyradar i sanntid?\",\"answerCount\":1,\"acceptedAnswer\":{\"@type\":\"Answer\",\"text\":\"Flyradar viser gjeldende flytrafikk i sanntid.\",\"inLanguage\":\"nb-NO\"},\"inLanguage\":\"nb-NO\"},{\"@type\":\"Question\",\"@id\":\"https:\/\/flightradar.flights\/no\/faq\/#faq-question-1621587688776\",\"position\":4,\"url\":\"https:\/\/flightradar.flights\/no\/faq\/#faq-question-1621587688776\",\"name\":\"Hvordan kan jeg spore en flyreise?\",\"answerCount\":1,\"acceptedAnswer\":{\"@type\":\"Answer\",\"text\":\"I flyradaren bruker du venstre museknapp eller fingeren p\u00e5 smarttelefonen for \u00e5 velge et fly for \u00e5 spore det. Du kan ogs\u00e5 angi et gyldig flynummer i s\u00f8kefeltet.\",\"inLanguage\":\"nb-NO\"},\"inLanguage\":\"nb-NO\"},{\"@type\":\"Question\",\"@id\":\"https:\/\/flightradar.flights\/no\/faq\/#faq-question-1621587801464\",\"position\":5,\"url\":\"https:\/\/flightradar.flights\/no\/faq\/#faq-question-1621587801464\",\"name\":\"Hvor kan jeg finne flynummeret mitt?\",\"answerCount\":1,\"acceptedAnswer\":{\"@type\":\"Answer\",\"text\":\"Du b\u00f8r finne flynummeret ditt p\u00e5 flybillettene. Dette best\u00e5r vanligvis av 4 til 6-sifrede tall \/ bokstaver.\",\"inLanguage\":\"nb-NO\"},\"inLanguage\":\"nb-NO\"},{\"@type\":\"Question\",\"@id\":\"https:\/\/flightradar.flights\/no\/faq\/#faq-question-1621587936810\",\"position\":6,\"url\":\"https:\/\/flightradar.flights\/no\/faq\/#faq-question-1621587936810\",\"name\":\"Hva betyr bl\u00e5 fly i flyradar?\",\"answerCount\":1,\"acceptedAnswer\":{\"@type\":\"Answer\",\"text\":\"Fly vist i bl\u00e5tt spores med ADS-B via satellitt. Dette brukes hovedsakelig over havene.\",\"inLanguage\":\"nb-NO\"},\"inLanguage\":\"nb-NO\"},{\"@type\":\"Question\",\"@id\":\"https:\/\/flightradar.flights\/no\/faq\/#faq-question-1621588115032\",\"position\":7,\"url\":\"https:\/\/flightradar.flights\/no\/faq\/#faq-question-1621588115032\",\"name\":\"Hvilken informasjon f\u00e5r jeg i flyradaren?\",\"answerCount\":1,\"acceptedAnswer\":{\"@type\":\"Answer\",\"text\":\"I flyradaren kan du se type fly, avgangssted samt ankomststed, avgang og ankomsttid. Du kan ogs\u00e5 se hvor flyet for \u00f8yeblikket ligger og flyruten.\",\"inLanguage\":\"nb-NO\"},\"inLanguage\":\"nb-NO\"}]}<\/script>\n<!-- \/ Yoast SEO plugin. -->","yoast_head_json":{"title":"FAQ - Ofte stilte sp\u00f8rsm\u00e5l - flightradar.flights","description":"Flightradar.flights Ofte stilte sp\u00f8rsm\u00e5l om flyradar og flysporing.","robots":{"index":"index","follow":"follow","max-snippet":"max-snippet:-1","max-image-preview":"max-image-preview:large","max-video-preview":"max-video-preview:-1"},"canonical":"https:\/\/flightradar.flights\/no\/faq\/","og_locale":"nb_NO","og_type":"article","og_title":"FAQ - Ofte stilte sp\u00f8rsm\u00e5l - flightradar.flights","og_description":"Flightradar.flights Ofte stilte sp\u00f8rsm\u00e5l om flyradar og flysporing.","og_url":"https:\/\/flightradar.flights\/no\/faq\/","og_site_name":"flightradar.flights","article_modified_time":"2022-01-06T09:17:55+00:00","og_image":[{"width":200,"height":200,"url":"https:\/\/flightradar.flights\/content\/uploads\/2022\/01\/Logo200x200.jpg","type":"image\/jpeg"}],"twitter_card":"summary_large_image","twitter_misc":{"Ansl. lesetid":"1 minutt"},"schema":{"@context":"https:\/\/schema.org","@graph":[{"@type":["WebPage","FAQPage"],"@id":"https:\/\/flightradar.flights\/no\/faq\/","url":"https:\/\/flightradar.flights\/no\/faq\/","name":"FAQ - Ofte stilte sp\u00f8rsm\u00e5l - flightradar.flights","isPartOf":{"@id":"https:\/\/flightradar.flights\/no\/#website"},"datePublished":"2021-05-21T09:37:21+00:00","dateModified":"2022-01-06T09:17:55+00:00","description":"Flightradar.flights Ofte stilte sp\u00f8rsm\u00e5l om flyradar og flysporing.","breadcrumb":{"@id":"https:\/\/flightradar.flights\/no\/faq\/#breadcrumb"},"mainEntity":[{"@id":"https:\/\/flightradar.flights\/no\/faq\/#faq-question-1621587381797"},{"@id":"https:\/\/flightradar.flights\/no\/faq\/#faq-question-1621587493412"},{"@id":"https:\/\/flightradar.flights\/no\/faq\/#faq-question-1621587643877"},{"@id":"https:\/\/flightradar.flights\/no\/faq\/#faq-question-1621587688776"},{"@id":"https:\/\/flightradar.flights\/no\/faq\/#faq-question-1621587801464"},{"@id":"https:\/\/flightradar.flights\/no\/faq\/#faq-question-1621587936810"},{"@id":"https:\/\/flightradar.flights\/no\/faq\/#faq-question-1621588115032"}],"inLanguage":"nb-NO","potentialAction":[{"@type":"ReadAction","target":["https:\/\/flightradar.flights\/no\/faq\/"]}]},{"@type":"BreadcrumbList","@id":"https:\/\/flightradar.flights\/no\/faq\/#breadcrumb","itemListElement":[{"@type":"ListItem","position":1,"name":"Startseite","item":"https:\/\/flightradar.flights\/no\/"},{"@type":"ListItem","position":2,"name":"FAQ &#8211; Ofte stilte sp\u00f8rsm\u00e5l"}]},{"@type":"WebSite","@id":"https:\/\/flightradar.flights\/no\/#website","url":"https:\/\/flightradar.flights\/no\/","name":"flightradar.flights","description":"","publisher":{"@id":"https:\/\/flightradar.flights\/no\/#organization"},"potentialAction":[{"@type":"SearchAction","target":{"@type":"EntryPoint","urlTemplate":"https:\/\/flightradar.flights\/no\/?s={search_term_string}"},"query-input":{"@type":"PropertyValueSpecification","valueRequired":true,"valueName":"search_term_string"}}],"inLanguage":"nb-NO"},{"@type":"Organization","@id":"https:\/\/flightradar.flights\/no\/#organization","name":"flightradar.flights","url":"https:\/\/flightradar.flights\/no\/","logo":{"@type":"ImageObject","inLanguage":"nb-NO","@id":"https:\/\/flightradar.flights\/no\/#\/schema\/logo\/image\/","url":"https:\/\/flightradar.flights\/content\/uploads\/2022\/01\/Logo150x150.jpg","contentUrl":"https:\/\/flightradar.flights\/content\/uploads\/2022\/01\/Logo150x150.jpg","width":150,"height":150,"caption":"flightradar.flights"},"image":{"@id":"https:\/\/flightradar.flights\/no\/#\/schema\/logo\/image\/"}},{"@type":"Question","@id":"https:\/\/flightradar.flights\/no\/faq\/#faq-question-1621587381797","position":1,"url":"https:\/\/flightradar.flights\/no\/faq\/#faq-question-1621587381797","name":"Er Flightradar.flights gratis?","answerCount":1,"acceptedAnswer":{"@type":"Answer","text":"Flightradar.flights kan brukes gratis i sine grunnleggende funksjoner.","inLanguage":"nb-NO"},"inLanguage":"nb-NO"},{"@type":"Question","@id":"https:\/\/flightradar.flights\/no\/faq\/#faq-question-1621587493412","position":2,"url":"https:\/\/flightradar.flights\/no\/faq\/#faq-question-1621587493412","name":"Hvorfor viser ikke flyradar fly?","answerCount":1,"acceptedAnswer":{"@type":"Answer","text":"Forsikre deg om at du ikke er i inkognitomodus med nettleseren din. Inkognitomodus blokkerer kj\u00f8ringen av visse data, som er n\u00f8dvendige for \u00e5 fullf\u00f8re flyradaren.","inLanguage":"nb-NO"},"inLanguage":"nb-NO"},{"@type":"Question","@id":"https:\/\/flightradar.flights\/no\/faq\/#faq-question-1621587643877","position":3,"url":"https:\/\/flightradar.flights\/no\/faq\/#faq-question-1621587643877","name":"Er flyradar i sanntid?","answerCount":1,"acceptedAnswer":{"@type":"Answer","text":"Flyradar viser gjeldende flytrafikk i sanntid.","inLanguage":"nb-NO"},"inLanguage":"nb-NO"},{"@type":"Question","@id":"https:\/\/flightradar.flights\/no\/faq\/#faq-question-1621587688776","position":4,"url":"https:\/\/flightradar.flights\/no\/faq\/#faq-question-1621587688776","name":"Hvordan kan jeg spore en flyreise?","answerCount":1,"acceptedAnswer":{"@type":"Answer","text":"I flyradaren bruker du venstre museknapp eller fingeren p\u00e5 smarttelefonen for \u00e5 velge et fly for \u00e5 spore det. Du kan ogs\u00e5 angi et gyldig flynummer i s\u00f8kefeltet.","inLanguage":"nb-NO"},"inLanguage":"nb-NO"},{"@type":"Question","@id":"https:\/\/flightradar.flights\/no\/faq\/#faq-question-1621587801464","position":5,"url":"https:\/\/flightradar.flights\/no\/faq\/#faq-question-1621587801464","name":"Hvor kan jeg finne flynummeret mitt?","answerCount":1,"acceptedAnswer":{"@type":"Answer","text":"Du b\u00f8r finne flynummeret ditt p\u00e5 flybillettene. Dette best\u00e5r vanligvis av 4 til 6-sifrede tall \/ bokstaver.","inLanguage":"nb-NO"},"inLanguage":"nb-NO"},{"@type":"Question","@id":"https:\/\/flightradar.flights\/no\/faq\/#faq-question-1621587936810","position":6,"url":"https:\/\/flightradar.flights\/no\/faq\/#faq-question-1621587936810","name":"Hva betyr bl\u00e5 fly i flyradar?","answerCount":1,"acceptedAnswer":{"@type":"Answer","text":"Fly vist i bl\u00e5tt spores med ADS-B via satellitt. Dette brukes hovedsakelig over havene.","inLanguage":"nb-NO"},"inLanguage":"nb-NO"},{"@type":"Question","@id":"https:\/\/flightradar.flights\/no\/faq\/#faq-question-1621588115032","position":7,"url":"https:\/\/flightradar.flights\/no\/faq\/#faq-question-1621588115032","name":"Hvilken informasjon f\u00e5r jeg i flyradaren?","answerCount":1,"acceptedAnswer":{"@type":"Answer","text":"I flyradaren kan du se type fly, avgangssted samt ankomststed, avgang og ankomsttid. Du kan ogs\u00e5 se hvor flyet for \u00f8yeblikket ligger og flyruten.","inLanguage":"nb-NO"},"inLanguage":"nb-NO"}]}},"_links":{"self":[{"href":"https:\/\/flightradar.flights\/no\/wp-json\/wp\/v2\/pages\/1116","targetHints":{"allow":["GET"]}}],"collection":[{"href":"https:\/\/flightradar.flights\/no\/wp-json\/wp\/v2\/pages"}],"about":[{"href":"https:\/\/flightradar.flights\/no\/wp-json\/wp\/v2\/types\/page"}],"author":[{"embeddable":true,"href":"https:\/\/flightradar.flights\/no\/wp-json\/wp\/v2\/users\/1"}],"replies":[{"embeddable":true,"href":"https:\/\/flightradar.flights\/no\/wp-json\/wp\/v2\/comments?post=1116"}],"version-history":[{"count":0,"href":"https:\/\/flightradar.flights\/no\/wp-json\/wp\/v2\/pages\/1116\/revisions"}],"wp:attachment":[{"href":"https:\/\/flightradar.flights\/no\/wp-json\/wp\/v2\/media?parent=1116"}],"curies":[{"name":"wp","href":"https:\/\/api.w.org\/{rel}","templated":true}]}}