{"id":589,"date":"2021-04-28T17:46:37","date_gmt":"2021-04-28T15:46:37","guid":{"rendered":"https:\/\/flightradar.flights\/?page_id=589"},"modified":"2021-04-28T17:46:37","modified_gmt":"2021-04-28T15:46:37","slug":"avviso-legale","status":"publish","type":"page","link":"https:\/\/flightradar.flights\/it\/avviso-legale\/","title":{"rendered":"Avviso legale"},"content":{"rendered":"\n<p>Secondo \u00a7 5 TMG:<br>Operatore del portale<br>Marketing MTM<\/p>\n\n\n\n<p>Martin Mrosek<br>Bruktererhang 19<\/p>\n\n\n\n<p>45277 Essen<\/p>\n\n\n\n<p>Germania<\/p>\n\n\n\n<p>ID fiscale<\/p>\n\n\n\n<p>Numero di identificazione dell&#8217;imposta sulle vendite secondo \u00a727 una legge sull&#8217;imposta sulle vendite:<br>DE (3) 13729 250<\/p>\n\n\n\n<p>E-mail di contatto: Info [at] flightradar [dot] voli<\/p>\n\n\n\n<p>Telefono: [+49] 176 43537-798<\/p>\n\n\n\n<p>Nota sui dettagli di contatto:<\/p>\n\n\n\n<p>I dettagli di contatto forniti qui possono essere contattati solo da te con preoccupazioni pertinenti relative ai prodotti o servizi offerti dall&#8217;operatore di questo sito web. Ci\u00f2 include anche un interesse commerciale.<\/p>\n\n\n\n<p>In caso di uso improprio (uso improprio) dei dettagli di contatto forniti qui, l&#8217;operatore di questo sito web prevede di avviare un&#8217;azione legale. Inoltre, non \u00e8 consentito trasmettere o elaborare questi dati senza il consenso dell&#8217;operatore.<\/p>\n\n\n\n<p>L&#8217;abuso si verifica quando l&#8217;operatore viene danneggiato dall&#8217;utilizzo dei dati di contatto da parte di terzi.<\/p>\n\n\n\n<p>Nota sulla risoluzione delle controversie nell&#8217;UE:<\/p>\n\n\n\n<p>La Commissione Europea fornisce una piattaforma per la risoluzione delle controversie online (OS): http:\/\/ec.europa.eu\/consumers\/odr<br>Puoi trovare il nostro indirizzo e-mail nelle note legali sopra.<\/p>\n\n\n\n<p>Fonti per le immagini e i grafici utilizzati:<\/p>\n\n\n\n<p>adobe.stock<\/p>\n\n\n\n<p>Dichiarazione di non responsabilit\u00e0:<br>Responsabilit\u00e0 per i contenuti<\/p>\n\n\n\n<p>I contenuti delle nostre pagine sono stati creati con grande cura. Tuttavia, non possiamo accettare alcuna responsabilit\u00e0 per la correttezza, la completezza e l&#8217;attualit\u00e0 del contenuto. In qualit\u00e0 di fornitore di servizi, siamo responsabili dei nostri contenuti su queste pagine in conformit\u00e0 con la legge generale in conformit\u00e0 con la Sezione 7 (1) della legge tedesca sui media. Secondo \u00a7\u00a7 da 8 a 10 TMG, in qualit\u00e0 di fornitore di servizi, non siamo obbligati a monitorare le informazioni di terze parti trasmesse o memorizzate oa ricercare circostanze che indicano attivit\u00e0 illegali. Gli obblighi di rimuovere o bloccare l&#8217;uso delle informazioni secondo le leggi generali rimangono inalterati. Tuttavia, la responsabilit\u00e0 al riguardo \u00e8 possibile solo dal momento in cui veniamo a conoscenza di una specifica violazione legale. Non appena veniamo a conoscenza di tali violazioni legali, rimuoveremo immediatamente questo contenuto.<\/p>\n\n\n\n<p>Responsabilit\u00e0 per i link<\/p>\n\n\n\n<p>La nostra offerta contiene collegamenti a siti Web di terzi esterni, sui cui contenuti non abbiamo alcuna influenza. Pertanto, non possiamo accettare alcuna responsabilit\u00e0 per questi contenuti di terze parti. Il rispettivo fornitore o gestore delle pagine \u00e8 sempre responsabile del contenuto delle pagine collegate. Le pagine collegate sono state controllate per possibili violazioni legali nel momento in cui sono state collegate. Nessun contenuto illegale \u00e8 stato trovato al momento della creazione del collegamento. Un controllo permanente del contenuto delle pagine collegate non \u00e8 ragionevole senza prove concrete di una violazione della legge. Se veniamo a conoscenza di violazioni legali, rimuoveremo immediatamente tali collegamenti.<\/p>\n\n\n\n<p>diritto d&#8217;autore<\/p>\n\n\n\n<p>Il contenuto e le opere su queste pagine create dal gestore del sito web sono soggetti alla legge tedesca sul diritto d&#8217;autore. La duplicazione, elaborazione, distribuzione e qualsiasi tipo di sfruttamento al di fuori dei limiti della legge sul diritto d&#8217;autore richiedono il consenso scritto del rispettivo autore o creatore. Download e copie di questo sito Web sono consentiti solo per uso privato e non commerciale. Nella misura in cui il contenuto di questo sito non \u00e8 stato creato dall&#8217;operatore, vengono rispettati i diritti d&#8217;autore di terzi. In particolare i contenuti di terze parti sono contrassegnati come tali. Se tuttavia dovessi venire a conoscenza di una violazione del copyright, ti chiediamo di informarci di conseguenza. Se veniamo a conoscenza di violazioni legali, rimuoveremo immediatamente tali contenuti.<\/p>\n","protected":false},"excerpt":{"rendered":"<p>Secondo \u00a7 5 TMG:Operatore del portaleMarketing MTM Martin MrosekBruktererhang 19 45277 Essen Germania ID fiscale Numero di identificazione dell&#8217;imposta sulle vendite secondo \u00a727 una legge sull&#8217;imposta sulle vendite:DE (3) 13729 250 E-mail di contatto: Info [at] flightradar [dot] voli Telefono: [+49] 176 43537-798 Nota sui dettagli di contatto: I dettagli di contatto forniti qui possono &#8230; <\/p>\n<p class=\"read-more-container\"><a title=\"Avviso legale\" class=\"read-more button\" href=\"https:\/\/flightradar.flights\/it\/avviso-legale\/#more-589\" aria-label=\"More on Avviso legale\">Leggi tutto<\/a><\/p>\n","protected":false},"author":1,"featured_media":0,"parent":0,"menu_order":0,"comment_status":"closed","ping_status":"closed","template":"","meta":{"footnotes":""},"class_list":["post-589","page","type-page","status-publish"],"yoast_head":"<!-- This site is optimized with the Yoast SEO plugin v27.2 - https:\/\/yoast.com\/product\/yoast-seo-wordpress\/ -->\n<title>Avviso legale - flightradar.flights<\/title>\n<meta name=\"robots\" content=\"index, follow, max-snippet:-1, max-image-preview:large, max-video-preview:-1\" \/>\n<link rel=\"canonical\" href=\"https:\/\/flightradar.flights\/it\/avviso-legale\/\" \/>\n<meta property=\"og:locale\" content=\"it_IT\" \/>\n<meta property=\"og:type\" content=\"article\" \/>\n<meta property=\"og:title\" content=\"Avviso legale - flightradar.flights\" \/>\n<meta property=\"og:description\" content=\"Secondo \u00a7 5 TMG:Operatore del portaleMarketing MTM Martin MrosekBruktererhang 19 45277 Essen Germania ID fiscale Numero di identificazione dell&#8217;imposta sulle vendite secondo \u00a727 una legge sull&#8217;imposta sulle vendite:DE (3) 13729 250 E-mail di contatto: Info [at] flightradar [dot] voli Telefono: [+49] 176 43537-798 Nota sui dettagli di contatto: I dettagli di contatto forniti qui possono ... Leggi tutto\" \/>\n<meta property=\"og:url\" content=\"https:\/\/flightradar.flights\/it\/avviso-legale\/\" \/>\n<meta property=\"og:site_name\" content=\"flightradar.flights\" \/>\n<meta property=\"og:image\" content=\"https:\/\/flightradar.flights\/content\/uploads\/2022\/01\/Logo200x200.jpg\" \/>\n\t<meta property=\"og:image:width\" content=\"200\" \/>\n\t<meta property=\"og:image:height\" content=\"200\" \/>\n\t<meta property=\"og:image:type\" content=\"image\/jpeg\" \/>\n<meta name=\"twitter:card\" content=\"summary_large_image\" \/>\n<meta name=\"twitter:label1\" content=\"Tempo di lettura stimato\" \/>\n\t<meta name=\"twitter:data1\" content=\"3 minuti\" \/>\n<script type=\"application\/ld+json\" class=\"yoast-schema-graph\">{\"@context\":\"https:\/\/schema.org\",\"@graph\":[{\"@type\":\"WebPage\",\"@id\":\"https:\/\/flightradar.flights\/it\/avviso-legale\/\",\"url\":\"https:\/\/flightradar.flights\/it\/avviso-legale\/\",\"name\":\"Avviso legale - flightradar.flights\",\"isPartOf\":{\"@id\":\"https:\/\/flightradar.flights\/it\/#website\"},\"datePublished\":\"2021-04-28T15:46:37+00:00\",\"breadcrumb\":{\"@id\":\"https:\/\/flightradar.flights\/it\/avviso-legale\/#breadcrumb\"},\"inLanguage\":\"it-IT\",\"potentialAction\":[{\"@type\":\"ReadAction\",\"target\":[\"https:\/\/flightradar.flights\/it\/avviso-legale\/\"]}]},{\"@type\":\"BreadcrumbList\",\"@id\":\"https:\/\/flightradar.flights\/it\/avviso-legale\/#breadcrumb\",\"itemListElement\":[{\"@type\":\"ListItem\",\"position\":1,\"name\":\"Startseite\",\"item\":\"https:\/\/flightradar.flights\/it\/\"},{\"@type\":\"ListItem\",\"position\":2,\"name\":\"Avviso legale\"}]},{\"@type\":\"WebSite\",\"@id\":\"https:\/\/flightradar.flights\/it\/#website\",\"url\":\"https:\/\/flightradar.flights\/it\/\",\"name\":\"flightradar.flights\",\"description\":\"\",\"publisher\":{\"@id\":\"https:\/\/flightradar.flights\/it\/#organization\"},\"potentialAction\":[{\"@type\":\"SearchAction\",\"target\":{\"@type\":\"EntryPoint\",\"urlTemplate\":\"https:\/\/flightradar.flights\/it\/?s={search_term_string}\"},\"query-input\":{\"@type\":\"PropertyValueSpecification\",\"valueRequired\":true,\"valueName\":\"search_term_string\"}}],\"inLanguage\":\"it-IT\"},{\"@type\":\"Organization\",\"@id\":\"https:\/\/flightradar.flights\/it\/#organization\",\"name\":\"flightradar.flights\",\"url\":\"https:\/\/flightradar.flights\/it\/\",\"logo\":{\"@type\":\"ImageObject\",\"inLanguage\":\"it-IT\",\"@id\":\"https:\/\/flightradar.flights\/it\/#\/schema\/logo\/image\/\",\"url\":\"https:\/\/flightradar.flights\/content\/uploads\/2022\/01\/Logo150x150.jpg\",\"contentUrl\":\"https:\/\/flightradar.flights\/content\/uploads\/2022\/01\/Logo150x150.jpg\",\"width\":150,\"height\":150,\"caption\":\"flightradar.flights\"},\"image\":{\"@id\":\"https:\/\/flightradar.flights\/it\/#\/schema\/logo\/image\/\"}}]}<\/script>\n<!-- \/ Yoast SEO plugin. -->","yoast_head_json":{"title":"Avviso legale - flightradar.flights","robots":{"index":"index","follow":"follow","max-snippet":"max-snippet:-1","max-image-preview":"max-image-preview:large","max-video-preview":"max-video-preview:-1"},"canonical":"https:\/\/flightradar.flights\/it\/avviso-legale\/","og_locale":"it_IT","og_type":"article","og_title":"Avviso legale - flightradar.flights","og_description":"Secondo \u00a7 5 TMG:Operatore del portaleMarketing MTM Martin MrosekBruktererhang 19 45277 Essen Germania ID fiscale Numero di identificazione dell&#8217;imposta sulle vendite secondo \u00a727 una legge sull&#8217;imposta sulle vendite:DE (3) 13729 250 E-mail di contatto: Info [at] flightradar [dot] voli Telefono: [+49] 176 43537-798 Nota sui dettagli di contatto: I dettagli di contatto forniti qui possono ... Leggi tutto","og_url":"https:\/\/flightradar.flights\/it\/avviso-legale\/","og_site_name":"flightradar.flights","og_image":[{"width":200,"height":200,"url":"https:\/\/flightradar.flights\/content\/uploads\/2022\/01\/Logo200x200.jpg","type":"image\/jpeg"}],"twitter_card":"summary_large_image","twitter_misc":{"Tempo di lettura stimato":"3 minuti"},"schema":{"@context":"https:\/\/schema.org","@graph":[{"@type":"WebPage","@id":"https:\/\/flightradar.flights\/it\/avviso-legale\/","url":"https:\/\/flightradar.flights\/it\/avviso-legale\/","name":"Avviso legale - flightradar.flights","isPartOf":{"@id":"https:\/\/flightradar.flights\/it\/#website"},"datePublished":"2021-04-28T15:46:37+00:00","breadcrumb":{"@id":"https:\/\/flightradar.flights\/it\/avviso-legale\/#breadcrumb"},"inLanguage":"it-IT","potentialAction":[{"@type":"ReadAction","target":["https:\/\/flightradar.flights\/it\/avviso-legale\/"]}]},{"@type":"BreadcrumbList","@id":"https:\/\/flightradar.flights\/it\/avviso-legale\/#breadcrumb","itemListElement":[{"@type":"ListItem","position":1,"name":"Startseite","item":"https:\/\/flightradar.flights\/it\/"},{"@type":"ListItem","position":2,"name":"Avviso legale"}]},{"@type":"WebSite","@id":"https:\/\/flightradar.flights\/it\/#website","url":"https:\/\/flightradar.flights\/it\/","name":"flightradar.flights","description":"","publisher":{"@id":"https:\/\/flightradar.flights\/it\/#organization"},"potentialAction":[{"@type":"SearchAction","target":{"@type":"EntryPoint","urlTemplate":"https:\/\/flightradar.flights\/it\/?s={search_term_string}"},"query-input":{"@type":"PropertyValueSpecification","valueRequired":true,"valueName":"search_term_string"}}],"inLanguage":"it-IT"},{"@type":"Organization","@id":"https:\/\/flightradar.flights\/it\/#organization","name":"flightradar.flights","url":"https:\/\/flightradar.flights\/it\/","logo":{"@type":"ImageObject","inLanguage":"it-IT","@id":"https:\/\/flightradar.flights\/it\/#\/schema\/logo\/image\/","url":"https:\/\/flightradar.flights\/content\/uploads\/2022\/01\/Logo150x150.jpg","contentUrl":"https:\/\/flightradar.flights\/content\/uploads\/2022\/01\/Logo150x150.jpg","width":150,"height":150,"caption":"flightradar.flights"},"image":{"@id":"https:\/\/flightradar.flights\/it\/#\/schema\/logo\/image\/"}}]}},"_links":{"self":[{"href":"https:\/\/flightradar.flights\/it\/wp-json\/wp\/v2\/pages\/589","targetHints":{"allow":["GET"]}}],"collection":[{"href":"https:\/\/flightradar.flights\/it\/wp-json\/wp\/v2\/pages"}],"about":[{"href":"https:\/\/flightradar.flights\/it\/wp-json\/wp\/v2\/types\/page"}],"author":[{"embeddable":true,"href":"https:\/\/flightradar.flights\/it\/wp-json\/wp\/v2\/users\/1"}],"replies":[{"embeddable":true,"href":"https:\/\/flightradar.flights\/it\/wp-json\/wp\/v2\/comments?post=589"}],"version-history":[{"count":0,"href":"https:\/\/flightradar.flights\/it\/wp-json\/wp\/v2\/pages\/589\/revisions"}],"wp:attachment":[{"href":"https:\/\/flightradar.flights\/it\/wp-json\/wp\/v2\/media?parent=589"}],"curies":[{"name":"wp","href":"https:\/\/api.w.org\/{rel}","templated":true}]}}