{"id":1104,"date":"2021-05-21T11:37:21","date_gmt":"2021-05-21T09:37:21","guid":{"rendered":"https:\/\/flightradar.flights\/faq\/"},"modified":"2022-01-06T11:17:12","modified_gmt":"2022-01-06T09:17:12","slug":"faq","status":"publish","type":"page","link":"https:\/\/flightradar.flights\/hu\/faq\/","title":{"rendered":"GYIK &#8211; Gyakran feltett k\u00e9rd\u00e9sek"},"content":{"rendered":"\n<div style=\"height:100px\" aria-hidden=\"true\" class=\"wp-block-spacer\"><\/div>\n\n\n\n<h1 class=\"has-text-align-center wp-block-heading\"><strong>GYIK &#8211; Gyakran feltett k\u00e9rd\u00e9sek<\/strong><\/h1>\n\n\n\n<div style=\"height:100px\" aria-hidden=\"true\" class=\"wp-block-spacer\"><\/div>\n\n\n\n<div class=\"schema-faq wp-block-yoast-faq-block\"><div class=\"schema-faq-section\" id=\"faq-question-1621587381797\"><strong class=\"schema-faq-question\">Ingyenes a Flightradar.flights?<\/strong> <p class=\"schema-faq-answer\">A Flightradar.flights alapfunkci\u00f3iban ingyenesen haszn\u00e1lhat\u00f3.<\/p> <\/div> <div class=\"schema-faq-section\" id=\"faq-question-1621587493412\"><strong class=\"schema-faq-question\">Mi\u00e9rt nem mutat a rep\u00fcl\u0151 radar rep\u00fcl\u0151g\u00e9peket?<\/strong> <p class=\"schema-faq-answer\">Gy\u0151z\u0151dj\u00f6n meg arr\u00f3l, hogy a b\u00f6ng\u00e9sz\u0151vel nem inkognit\u00f3m\u00f3dban van. Az inkognit\u00f3m\u00f3d blokkolja bizonyos adatok v\u00e9grehajt\u00e1s\u00e1t, amelyek sz\u00fcks\u00e9gesek a rep\u00fcl\u00e9si radar teljes v\u00e9grehajt\u00e1s\u00e1hoz.<\/p> <\/div> <div class=\"schema-faq-section\" id=\"faq-question-1621587643877\"><strong class=\"schema-faq-question\">A rep\u00fcl\u00e9si radar val\u00f3s id\u0151ben van?<\/strong> <p class=\"schema-faq-answer\">A rep\u00fcl\u00e9si radar val\u00f3s id\u0151ben mutatja az aktu\u00e1lis l\u00e9gi forgalmat.<\/p> <\/div> <div class=\"schema-faq-section\" id=\"faq-question-1621587688776\"><strong class=\"schema-faq-question\">Hogyan k\u00f6vethetem nyomon a rep\u00fcl\u00e9st?<\/strong> <p class=\"schema-faq-answer\">A rep\u00fcl\u00e9si radarban haszn\u00e1lja a bal eg\u00e9rgombot vagy az ujj\u00e1t az okostelefonon, \u00e9s v\u00e1lasszon egy rep\u00fcl\u0151g\u00e9pet a nyomon k\u00f6vet\u00e9s\u00e9hez. \u00c9rv\u00e9nyes j\u00e1ratsz\u00e1mot is megadhat a keres\u0151s\u00e1vban.<\/p> <\/div> <div class=\"schema-faq-section\" id=\"faq-question-1621587801464\"><strong class=\"schema-faq-question\">Hol tal\u00e1lom meg a j\u00e1ratsz\u00e1momat?<\/strong> <p class=\"schema-faq-answer\">Meg kell tal\u00e1lnia j\u00e1ratsz\u00e1m\u00e1t a rep\u00fcl\u0151jegyeken. Ez \u00e1ltal\u00e1ban 4-6 sz\u00e1mjegy\u0171 sz\u00e1mb\u00f3l \/ bet\u0171b\u0151l \u00e1ll.<\/p> <\/div> <div class=\"schema-faq-section\" id=\"faq-question-1621587936810\"><strong class=\"schema-faq-question\">Mit jelentenek a k\u00e9k rep\u00fcl\u0151g\u00e9pek a rep\u00fcl\u00e9si radarban?<\/strong> <p class=\"schema-faq-answer\">A k\u00e9k sz\u00ednnel \u00e1br\u00e1zolt rep\u00fcl\u0151g\u00e9peket az ADS-B m\u0171holdon kereszt\u00fcl k\u00f6veti nyomon. Legink\u00e1bb ezt haszn\u00e1lj\u00e1k az \u00f3ce\u00e1nok felett.<\/p> <\/div> <div class=\"schema-faq-section\" id=\"faq-question-1621588115032\"><strong class=\"schema-faq-question\">Milyen inform\u00e1ci\u00f3kat kapok a rep\u00fcl\u00e9si radarban?<\/strong> <p class=\"schema-faq-answer\">A rep\u00fcl\u00e9si radarban l\u00e1thatja a rep\u00fcl\u0151g\u00e9p t\u00edpus\u00e1t, az indul\u00e1s hely\u00e9t, valamint az \u00e9rkez\u00e9s hely\u00e9t, indul\u00e1si \u00e9s \u00e9rkez\u00e9si idej\u00e9t. L\u00e1thatja azt is, hogy jelenleg hol tal\u00e1lhat\u00f3 a rep\u00fcl\u0151g\u00e9p \u00e9s a rep\u00fcl\u00e9si \u00fatvonalat.<\/p> <\/div> <\/div>\n\n\n\n<div style=\"height:100px\" aria-hidden=\"true\" class=\"wp-block-spacer\"><\/div>\n\n\n\n<script async src=\"https:\/\/pagead2.googlesyndication.com\/pagead\/js\/adsbygoogle.js?client=ca-pub-8699335927299131\"\n     crossorigin=\"anonymous\"><\/script>\n<!-- F.F Display Other -->\n<ins class=\"adsbygoogle\"\n     style=\"display:block\"\n     data-ad-client=\"ca-pub-8699335927299131\"\n     data-ad-slot=\"5660843060\"\n     data-ad-format=\"auto\"\n     data-full-width-responsive=\"true\"><\/ins>\n<script>\n     (adsbygoogle = window.adsbygoogle || []).push({});\n<\/script>\n","protected":false},"excerpt":{"rendered":"<p>GYIK &#8211; Gyakran feltett k\u00e9rd\u00e9sek<\/p>\n","protected":false},"author":1,"featured_media":0,"parent":0,"menu_order":0,"comment_status":"open","ping_status":"closed","template":"","meta":{"footnotes":""},"class_list":["post-1104","page","type-page","status-publish"],"yoast_head":"<!-- This site is optimized with the Yoast SEO plugin v27.2 - https:\/\/yoast.com\/product\/yoast-seo-wordpress\/ -->\n<title>GYIK - Gyakran feltett k\u00e9rd\u00e9sek - flightradar.flights<\/title>\n<meta name=\"description\" content=\"Flightradar.flights Gyakran feltett k\u00e9rd\u00e9sek a rep\u00fcl\u00e9si radarral \u00e9s a rep\u00fcl\u00e9s k\u00f6vet\u00e9s\u00e9vel kapcsolatban.\" \/>\n<meta name=\"robots\" content=\"index, follow, max-snippet:-1, max-image-preview:large, max-video-preview:-1\" \/>\n<link rel=\"canonical\" href=\"https:\/\/flightradar.flights\/hu\/faq\/\" \/>\n<meta property=\"og:locale\" content=\"hu_HU\" \/>\n<meta property=\"og:type\" content=\"article\" \/>\n<meta property=\"og:title\" content=\"GYIK - Gyakran feltett k\u00e9rd\u00e9sek - flightradar.flights\" \/>\n<meta property=\"og:description\" content=\"Flightradar.flights Gyakran feltett k\u00e9rd\u00e9sek a rep\u00fcl\u00e9si radarral \u00e9s a rep\u00fcl\u00e9s k\u00f6vet\u00e9s\u00e9vel kapcsolatban.\" \/>\n<meta property=\"og:url\" content=\"https:\/\/flightradar.flights\/hu\/faq\/\" \/>\n<meta property=\"og:site_name\" content=\"flightradar.flights\" \/>\n<meta property=\"article:modified_time\" content=\"2022-01-06T09:17:12+00:00\" \/>\n<meta property=\"og:image\" content=\"https:\/\/flightradar.flights\/content\/uploads\/2022\/01\/Logo200x200.jpg\" \/>\n\t<meta property=\"og:image:width\" content=\"200\" \/>\n\t<meta property=\"og:image:height\" content=\"200\" \/>\n\t<meta property=\"og:image:type\" content=\"image\/jpeg\" \/>\n<meta name=\"twitter:card\" content=\"summary_large_image\" \/>\n<meta name=\"twitter:label1\" content=\"Becs\u00fclt olvas\u00e1si id\u0151\" \/>\n\t<meta name=\"twitter:data1\" content=\"1 perc\" \/>\n<script type=\"application\/ld+json\" class=\"yoast-schema-graph\">{\"@context\":\"https:\/\/schema.org\",\"@graph\":[{\"@type\":[\"WebPage\",\"FAQPage\"],\"@id\":\"https:\/\/flightradar.flights\/hu\/faq\/\",\"url\":\"https:\/\/flightradar.flights\/hu\/faq\/\",\"name\":\"GYIK - Gyakran feltett k\u00e9rd\u00e9sek - flightradar.flights\",\"isPartOf\":{\"@id\":\"https:\/\/flightradar.flights\/hu\/#website\"},\"datePublished\":\"2021-05-21T09:37:21+00:00\",\"dateModified\":\"2022-01-06T09:17:12+00:00\",\"description\":\"Flightradar.flights Gyakran feltett k\u00e9rd\u00e9sek a rep\u00fcl\u00e9si radarral \u00e9s a rep\u00fcl\u00e9s k\u00f6vet\u00e9s\u00e9vel kapcsolatban.\",\"breadcrumb\":{\"@id\":\"https:\/\/flightradar.flights\/hu\/faq\/#breadcrumb\"},\"mainEntity\":[{\"@id\":\"https:\/\/flightradar.flights\/hu\/faq\/#faq-question-1621587381797\"},{\"@id\":\"https:\/\/flightradar.flights\/hu\/faq\/#faq-question-1621587493412\"},{\"@id\":\"https:\/\/flightradar.flights\/hu\/faq\/#faq-question-1621587643877\"},{\"@id\":\"https:\/\/flightradar.flights\/hu\/faq\/#faq-question-1621587688776\"},{\"@id\":\"https:\/\/flightradar.flights\/hu\/faq\/#faq-question-1621587801464\"},{\"@id\":\"https:\/\/flightradar.flights\/hu\/faq\/#faq-question-1621587936810\"},{\"@id\":\"https:\/\/flightradar.flights\/hu\/faq\/#faq-question-1621588115032\"}],\"inLanguage\":\"hu\",\"potentialAction\":[{\"@type\":\"ReadAction\",\"target\":[\"https:\/\/flightradar.flights\/hu\/faq\/\"]}]},{\"@type\":\"BreadcrumbList\",\"@id\":\"https:\/\/flightradar.flights\/hu\/faq\/#breadcrumb\",\"itemListElement\":[{\"@type\":\"ListItem\",\"position\":1,\"name\":\"Startseite\",\"item\":\"https:\/\/flightradar.flights\/hu\/\"},{\"@type\":\"ListItem\",\"position\":2,\"name\":\"GYIK &#8211; Gyakran feltett k\u00e9rd\u00e9sek\"}]},{\"@type\":\"WebSite\",\"@id\":\"https:\/\/flightradar.flights\/hu\/#website\",\"url\":\"https:\/\/flightradar.flights\/hu\/\",\"name\":\"flightradar.flights\",\"description\":\"\",\"publisher\":{\"@id\":\"https:\/\/flightradar.flights\/hu\/#organization\"},\"potentialAction\":[{\"@type\":\"SearchAction\",\"target\":{\"@type\":\"EntryPoint\",\"urlTemplate\":\"https:\/\/flightradar.flights\/hu\/?s={search_term_string}\"},\"query-input\":{\"@type\":\"PropertyValueSpecification\",\"valueRequired\":true,\"valueName\":\"search_term_string\"}}],\"inLanguage\":\"hu\"},{\"@type\":\"Organization\",\"@id\":\"https:\/\/flightradar.flights\/hu\/#organization\",\"name\":\"flightradar.flights\",\"url\":\"https:\/\/flightradar.flights\/hu\/\",\"logo\":{\"@type\":\"ImageObject\",\"inLanguage\":\"hu\",\"@id\":\"https:\/\/flightradar.flights\/hu\/#\/schema\/logo\/image\/\",\"url\":\"https:\/\/flightradar.flights\/content\/uploads\/2022\/01\/Logo150x150.jpg\",\"contentUrl\":\"https:\/\/flightradar.flights\/content\/uploads\/2022\/01\/Logo150x150.jpg\",\"width\":150,\"height\":150,\"caption\":\"flightradar.flights\"},\"image\":{\"@id\":\"https:\/\/flightradar.flights\/hu\/#\/schema\/logo\/image\/\"}},{\"@type\":\"Question\",\"@id\":\"https:\/\/flightradar.flights\/hu\/faq\/#faq-question-1621587381797\",\"position\":1,\"url\":\"https:\/\/flightradar.flights\/hu\/faq\/#faq-question-1621587381797\",\"name\":\"Ingyenes a Flightradar.flights?\",\"answerCount\":1,\"acceptedAnswer\":{\"@type\":\"Answer\",\"text\":\"A Flightradar.flights alapfunkci\u00f3iban ingyenesen haszn\u00e1lhat\u00f3.\",\"inLanguage\":\"hu\"},\"inLanguage\":\"hu\"},{\"@type\":\"Question\",\"@id\":\"https:\/\/flightradar.flights\/hu\/faq\/#faq-question-1621587493412\",\"position\":2,\"url\":\"https:\/\/flightradar.flights\/hu\/faq\/#faq-question-1621587493412\",\"name\":\"Mi\u00e9rt nem mutat a rep\u00fcl\u0151 radar rep\u00fcl\u0151g\u00e9peket?\",\"answerCount\":1,\"acceptedAnswer\":{\"@type\":\"Answer\",\"text\":\"Gy\u0151z\u0151dj\u00f6n meg arr\u00f3l, hogy a b\u00f6ng\u00e9sz\u0151vel nem inkognit\u00f3m\u00f3dban van. Az inkognit\u00f3m\u00f3d blokkolja bizonyos adatok v\u00e9grehajt\u00e1s\u00e1t, amelyek sz\u00fcks\u00e9gesek a rep\u00fcl\u00e9si radar teljes v\u00e9grehajt\u00e1s\u00e1hoz.\",\"inLanguage\":\"hu\"},\"inLanguage\":\"hu\"},{\"@type\":\"Question\",\"@id\":\"https:\/\/flightradar.flights\/hu\/faq\/#faq-question-1621587643877\",\"position\":3,\"url\":\"https:\/\/flightradar.flights\/hu\/faq\/#faq-question-1621587643877\",\"name\":\"A rep\u00fcl\u00e9si radar val\u00f3s id\u0151ben van?\",\"answerCount\":1,\"acceptedAnswer\":{\"@type\":\"Answer\",\"text\":\"A rep\u00fcl\u00e9si radar val\u00f3s id\u0151ben mutatja az aktu\u00e1lis l\u00e9gi forgalmat.\",\"inLanguage\":\"hu\"},\"inLanguage\":\"hu\"},{\"@type\":\"Question\",\"@id\":\"https:\/\/flightradar.flights\/hu\/faq\/#faq-question-1621587688776\",\"position\":4,\"url\":\"https:\/\/flightradar.flights\/hu\/faq\/#faq-question-1621587688776\",\"name\":\"Hogyan k\u00f6vethetem nyomon a rep\u00fcl\u00e9st?\",\"answerCount\":1,\"acceptedAnswer\":{\"@type\":\"Answer\",\"text\":\"A rep\u00fcl\u00e9si radarban haszn\u00e1lja a bal eg\u00e9rgombot vagy az ujj\u00e1t az okostelefonon, \u00e9s v\u00e1lasszon egy rep\u00fcl\u0151g\u00e9pet a nyomon k\u00f6vet\u00e9s\u00e9hez. \u00c9rv\u00e9nyes j\u00e1ratsz\u00e1mot is megadhat a keres\u0151s\u00e1vban.\",\"inLanguage\":\"hu\"},\"inLanguage\":\"hu\"},{\"@type\":\"Question\",\"@id\":\"https:\/\/flightradar.flights\/hu\/faq\/#faq-question-1621587801464\",\"position\":5,\"url\":\"https:\/\/flightradar.flights\/hu\/faq\/#faq-question-1621587801464\",\"name\":\"Hol tal\u00e1lom meg a j\u00e1ratsz\u00e1momat?\",\"answerCount\":1,\"acceptedAnswer\":{\"@type\":\"Answer\",\"text\":\"Meg kell tal\u00e1lnia j\u00e1ratsz\u00e1m\u00e1t a rep\u00fcl\u0151jegyeken. Ez \u00e1ltal\u00e1ban 4-6 sz\u00e1mjegy\u0171 sz\u00e1mb\u00f3l \/ bet\u0171b\u0151l \u00e1ll.\",\"inLanguage\":\"hu\"},\"inLanguage\":\"hu\"},{\"@type\":\"Question\",\"@id\":\"https:\/\/flightradar.flights\/hu\/faq\/#faq-question-1621587936810\",\"position\":6,\"url\":\"https:\/\/flightradar.flights\/hu\/faq\/#faq-question-1621587936810\",\"name\":\"Mit jelentenek a k\u00e9k rep\u00fcl\u0151g\u00e9pek a rep\u00fcl\u00e9si radarban?\",\"answerCount\":1,\"acceptedAnswer\":{\"@type\":\"Answer\",\"text\":\"A k\u00e9k sz\u00ednnel \u00e1br\u00e1zolt rep\u00fcl\u0151g\u00e9peket az ADS-B m\u0171holdon kereszt\u00fcl k\u00f6veti nyomon. Legink\u00e1bb ezt haszn\u00e1lj\u00e1k az \u00f3ce\u00e1nok felett.\",\"inLanguage\":\"hu\"},\"inLanguage\":\"hu\"},{\"@type\":\"Question\",\"@id\":\"https:\/\/flightradar.flights\/hu\/faq\/#faq-question-1621588115032\",\"position\":7,\"url\":\"https:\/\/flightradar.flights\/hu\/faq\/#faq-question-1621588115032\",\"name\":\"Milyen inform\u00e1ci\u00f3kat kapok a rep\u00fcl\u00e9si radarban?\",\"answerCount\":1,\"acceptedAnswer\":{\"@type\":\"Answer\",\"text\":\"A rep\u00fcl\u00e9si radarban l\u00e1thatja a rep\u00fcl\u0151g\u00e9p t\u00edpus\u00e1t, az indul\u00e1s hely\u00e9t, valamint az \u00e9rkez\u00e9s hely\u00e9t, indul\u00e1si \u00e9s \u00e9rkez\u00e9si idej\u00e9t. L\u00e1thatja azt is, hogy jelenleg hol tal\u00e1lhat\u00f3 a rep\u00fcl\u0151g\u00e9p \u00e9s a rep\u00fcl\u00e9si \u00fatvonalat.\",\"inLanguage\":\"hu\"},\"inLanguage\":\"hu\"}]}<\/script>\n<!-- \/ Yoast SEO plugin. -->","yoast_head_json":{"title":"GYIK - Gyakran feltett k\u00e9rd\u00e9sek - flightradar.flights","description":"Flightradar.flights Gyakran feltett k\u00e9rd\u00e9sek a rep\u00fcl\u00e9si radarral \u00e9s a rep\u00fcl\u00e9s k\u00f6vet\u00e9s\u00e9vel kapcsolatban.","robots":{"index":"index","follow":"follow","max-snippet":"max-snippet:-1","max-image-preview":"max-image-preview:large","max-video-preview":"max-video-preview:-1"},"canonical":"https:\/\/flightradar.flights\/hu\/faq\/","og_locale":"hu_HU","og_type":"article","og_title":"GYIK - Gyakran feltett k\u00e9rd\u00e9sek - flightradar.flights","og_description":"Flightradar.flights Gyakran feltett k\u00e9rd\u00e9sek a rep\u00fcl\u00e9si radarral \u00e9s a rep\u00fcl\u00e9s k\u00f6vet\u00e9s\u00e9vel kapcsolatban.","og_url":"https:\/\/flightradar.flights\/hu\/faq\/","og_site_name":"flightradar.flights","article_modified_time":"2022-01-06T09:17:12+00:00","og_image":[{"width":200,"height":200,"url":"https:\/\/flightradar.flights\/content\/uploads\/2022\/01\/Logo200x200.jpg","type":"image\/jpeg"}],"twitter_card":"summary_large_image","twitter_misc":{"Becs\u00fclt olvas\u00e1si id\u0151":"1 perc"},"schema":{"@context":"https:\/\/schema.org","@graph":[{"@type":["WebPage","FAQPage"],"@id":"https:\/\/flightradar.flights\/hu\/faq\/","url":"https:\/\/flightradar.flights\/hu\/faq\/","name":"GYIK - Gyakran feltett k\u00e9rd\u00e9sek - flightradar.flights","isPartOf":{"@id":"https:\/\/flightradar.flights\/hu\/#website"},"datePublished":"2021-05-21T09:37:21+00:00","dateModified":"2022-01-06T09:17:12+00:00","description":"Flightradar.flights Gyakran feltett k\u00e9rd\u00e9sek a rep\u00fcl\u00e9si radarral \u00e9s a rep\u00fcl\u00e9s k\u00f6vet\u00e9s\u00e9vel kapcsolatban.","breadcrumb":{"@id":"https:\/\/flightradar.flights\/hu\/faq\/#breadcrumb"},"mainEntity":[{"@id":"https:\/\/flightradar.flights\/hu\/faq\/#faq-question-1621587381797"},{"@id":"https:\/\/flightradar.flights\/hu\/faq\/#faq-question-1621587493412"},{"@id":"https:\/\/flightradar.flights\/hu\/faq\/#faq-question-1621587643877"},{"@id":"https:\/\/flightradar.flights\/hu\/faq\/#faq-question-1621587688776"},{"@id":"https:\/\/flightradar.flights\/hu\/faq\/#faq-question-1621587801464"},{"@id":"https:\/\/flightradar.flights\/hu\/faq\/#faq-question-1621587936810"},{"@id":"https:\/\/flightradar.flights\/hu\/faq\/#faq-question-1621588115032"}],"inLanguage":"hu","potentialAction":[{"@type":"ReadAction","target":["https:\/\/flightradar.flights\/hu\/faq\/"]}]},{"@type":"BreadcrumbList","@id":"https:\/\/flightradar.flights\/hu\/faq\/#breadcrumb","itemListElement":[{"@type":"ListItem","position":1,"name":"Startseite","item":"https:\/\/flightradar.flights\/hu\/"},{"@type":"ListItem","position":2,"name":"GYIK &#8211; Gyakran feltett k\u00e9rd\u00e9sek"}]},{"@type":"WebSite","@id":"https:\/\/flightradar.flights\/hu\/#website","url":"https:\/\/flightradar.flights\/hu\/","name":"flightradar.flights","description":"","publisher":{"@id":"https:\/\/flightradar.flights\/hu\/#organization"},"potentialAction":[{"@type":"SearchAction","target":{"@type":"EntryPoint","urlTemplate":"https:\/\/flightradar.flights\/hu\/?s={search_term_string}"},"query-input":{"@type":"PropertyValueSpecification","valueRequired":true,"valueName":"search_term_string"}}],"inLanguage":"hu"},{"@type":"Organization","@id":"https:\/\/flightradar.flights\/hu\/#organization","name":"flightradar.flights","url":"https:\/\/flightradar.flights\/hu\/","logo":{"@type":"ImageObject","inLanguage":"hu","@id":"https:\/\/flightradar.flights\/hu\/#\/schema\/logo\/image\/","url":"https:\/\/flightradar.flights\/content\/uploads\/2022\/01\/Logo150x150.jpg","contentUrl":"https:\/\/flightradar.flights\/content\/uploads\/2022\/01\/Logo150x150.jpg","width":150,"height":150,"caption":"flightradar.flights"},"image":{"@id":"https:\/\/flightradar.flights\/hu\/#\/schema\/logo\/image\/"}},{"@type":"Question","@id":"https:\/\/flightradar.flights\/hu\/faq\/#faq-question-1621587381797","position":1,"url":"https:\/\/flightradar.flights\/hu\/faq\/#faq-question-1621587381797","name":"Ingyenes a Flightradar.flights?","answerCount":1,"acceptedAnswer":{"@type":"Answer","text":"A Flightradar.flights alapfunkci\u00f3iban ingyenesen haszn\u00e1lhat\u00f3.","inLanguage":"hu"},"inLanguage":"hu"},{"@type":"Question","@id":"https:\/\/flightradar.flights\/hu\/faq\/#faq-question-1621587493412","position":2,"url":"https:\/\/flightradar.flights\/hu\/faq\/#faq-question-1621587493412","name":"Mi\u00e9rt nem mutat a rep\u00fcl\u0151 radar rep\u00fcl\u0151g\u00e9peket?","answerCount":1,"acceptedAnswer":{"@type":"Answer","text":"Gy\u0151z\u0151dj\u00f6n meg arr\u00f3l, hogy a b\u00f6ng\u00e9sz\u0151vel nem inkognit\u00f3m\u00f3dban van. Az inkognit\u00f3m\u00f3d blokkolja bizonyos adatok v\u00e9grehajt\u00e1s\u00e1t, amelyek sz\u00fcks\u00e9gesek a rep\u00fcl\u00e9si radar teljes v\u00e9grehajt\u00e1s\u00e1hoz.","inLanguage":"hu"},"inLanguage":"hu"},{"@type":"Question","@id":"https:\/\/flightradar.flights\/hu\/faq\/#faq-question-1621587643877","position":3,"url":"https:\/\/flightradar.flights\/hu\/faq\/#faq-question-1621587643877","name":"A rep\u00fcl\u00e9si radar val\u00f3s id\u0151ben van?","answerCount":1,"acceptedAnswer":{"@type":"Answer","text":"A rep\u00fcl\u00e9si radar val\u00f3s id\u0151ben mutatja az aktu\u00e1lis l\u00e9gi forgalmat.","inLanguage":"hu"},"inLanguage":"hu"},{"@type":"Question","@id":"https:\/\/flightradar.flights\/hu\/faq\/#faq-question-1621587688776","position":4,"url":"https:\/\/flightradar.flights\/hu\/faq\/#faq-question-1621587688776","name":"Hogyan k\u00f6vethetem nyomon a rep\u00fcl\u00e9st?","answerCount":1,"acceptedAnswer":{"@type":"Answer","text":"A rep\u00fcl\u00e9si radarban haszn\u00e1lja a bal eg\u00e9rgombot vagy az ujj\u00e1t az okostelefonon, \u00e9s v\u00e1lasszon egy rep\u00fcl\u0151g\u00e9pet a nyomon k\u00f6vet\u00e9s\u00e9hez. \u00c9rv\u00e9nyes j\u00e1ratsz\u00e1mot is megadhat a keres\u0151s\u00e1vban.","inLanguage":"hu"},"inLanguage":"hu"},{"@type":"Question","@id":"https:\/\/flightradar.flights\/hu\/faq\/#faq-question-1621587801464","position":5,"url":"https:\/\/flightradar.flights\/hu\/faq\/#faq-question-1621587801464","name":"Hol tal\u00e1lom meg a j\u00e1ratsz\u00e1momat?","answerCount":1,"acceptedAnswer":{"@type":"Answer","text":"Meg kell tal\u00e1lnia j\u00e1ratsz\u00e1m\u00e1t a rep\u00fcl\u0151jegyeken. Ez \u00e1ltal\u00e1ban 4-6 sz\u00e1mjegy\u0171 sz\u00e1mb\u00f3l \/ bet\u0171b\u0151l \u00e1ll.","inLanguage":"hu"},"inLanguage":"hu"},{"@type":"Question","@id":"https:\/\/flightradar.flights\/hu\/faq\/#faq-question-1621587936810","position":6,"url":"https:\/\/flightradar.flights\/hu\/faq\/#faq-question-1621587936810","name":"Mit jelentenek a k\u00e9k rep\u00fcl\u0151g\u00e9pek a rep\u00fcl\u00e9si radarban?","answerCount":1,"acceptedAnswer":{"@type":"Answer","text":"A k\u00e9k sz\u00ednnel \u00e1br\u00e1zolt rep\u00fcl\u0151g\u00e9peket az ADS-B m\u0171holdon kereszt\u00fcl k\u00f6veti nyomon. Legink\u00e1bb ezt haszn\u00e1lj\u00e1k az \u00f3ce\u00e1nok felett.","inLanguage":"hu"},"inLanguage":"hu"},{"@type":"Question","@id":"https:\/\/flightradar.flights\/hu\/faq\/#faq-question-1621588115032","position":7,"url":"https:\/\/flightradar.flights\/hu\/faq\/#faq-question-1621588115032","name":"Milyen inform\u00e1ci\u00f3kat kapok a rep\u00fcl\u00e9si radarban?","answerCount":1,"acceptedAnswer":{"@type":"Answer","text":"A rep\u00fcl\u00e9si radarban l\u00e1thatja a rep\u00fcl\u0151g\u00e9p t\u00edpus\u00e1t, az indul\u00e1s hely\u00e9t, valamint az \u00e9rkez\u00e9s hely\u00e9t, indul\u00e1si \u00e9s \u00e9rkez\u00e9si idej\u00e9t. L\u00e1thatja azt is, hogy jelenleg hol tal\u00e1lhat\u00f3 a rep\u00fcl\u0151g\u00e9p \u00e9s a rep\u00fcl\u00e9si \u00fatvonalat.","inLanguage":"hu"},"inLanguage":"hu"}]}},"_links":{"self":[{"href":"https:\/\/flightradar.flights\/hu\/wp-json\/wp\/v2\/pages\/1104","targetHints":{"allow":["GET"]}}],"collection":[{"href":"https:\/\/flightradar.flights\/hu\/wp-json\/wp\/v2\/pages"}],"about":[{"href":"https:\/\/flightradar.flights\/hu\/wp-json\/wp\/v2\/types\/page"}],"author":[{"embeddable":true,"href":"https:\/\/flightradar.flights\/hu\/wp-json\/wp\/v2\/users\/1"}],"replies":[{"embeddable":true,"href":"https:\/\/flightradar.flights\/hu\/wp-json\/wp\/v2\/comments?post=1104"}],"version-history":[{"count":0,"href":"https:\/\/flightradar.flights\/hu\/wp-json\/wp\/v2\/pages\/1104\/revisions"}],"wp:attachment":[{"href":"https:\/\/flightradar.flights\/hu\/wp-json\/wp\/v2\/media?parent=1104"}],"curies":[{"name":"wp","href":"https:\/\/api.w.org\/{rel}","templated":true}]}}