{"id":588,"date":"2021-04-28T17:46:52","date_gmt":"2021-04-28T15:46:52","guid":{"rendered":"https:\/\/flightradar.flights\/?page_id=588"},"modified":"2021-04-28T17:46:53","modified_gmt":"2021-04-28T15:46:53","slug":"fogra-dlithiuil","status":"publish","type":"page","link":"https:\/\/flightradar.flights\/ga\/fogra-dlithiuil\/","title":{"rendered":"F\u00f3gra dl\u00edthi\u00fail"},"content":{"rendered":"\n<p>De r\u00e9ir \u00a7 5 TMG:<br>Oibreoir na tairs\u00ed<br>Marga\u00edocht MTM<\/p>\n\n\n\n<p>Martin Mrosek<br>Bruktererhang 19<\/p>\n\n\n\n<p>45277 Essen<\/p>\n\n\n\n<p>An Ghearm\u00e1in<\/p>\n\n\n\n<p>Aitheantas C\u00e1nach<\/p>\n\n\n\n<p>Uimhir aitheantais c\u00e1nach d\u00edolach\u00e1in de r\u00e9ir \u00a727 dl\u00ed c\u00e1nach d\u00edolach\u00e1in:<br>DE (3) 13 729 250<\/p>\n\n\n\n<p>D\u00e9an teagmh\u00e1il le r-phost: Eolas [ag] eitilt\u00ed [dot] flightradar<\/p>\n\n\n\n<p>F\u00f3n: [+49] 176 43537-798<\/p>\n\n\n\n<p>N\u00f3ta ar na sonra\u00ed teagmh\u00e1la:<\/p>\n\n\n\n<p>N\u00ed fh\u00e9adfaidh t\u00fa teagmh\u00e1il a dh\u00e9anamh leis na sonra\u00ed teagmh\u00e1la a chuirtear ar f\u00e1il anseo ach le h\u00e1bhair imn\u00ed \u00e1bhartha a bhaineann leis na t\u00e1irg\u00ed n\u00f3 na seirbh\u00eds\u00ed a thairgeann oibreoir an l\u00e1ithre\u00e1in ghr\u00e9as\u00e1in seo. Cuims\u00edonn s\u00e9 seo leas gn\u00f3 freisin.<\/p>\n\n\n\n<p>Sa ch\u00e1s go mbainfear \u00fas\u00e1id mh\u00edchu\u00ed (m\u00ed-\u00fas\u00e1id) as na sonra\u00ed teagmh\u00e1la a chuirtear ar f\u00e1il anseo, t\u00e1 s\u00e9 beartaithe ag oibreoir an l\u00e1ithre\u00e1in ghr\u00e9as\u00e1in seo caingean dl\u00ed a thionscnamh. N\u00ed cheada\u00edtear freisin na sonra\u00ed seo a chur ar aghaidh n\u00f3 a phr\u00f3ise\u00e1il gan toili\u00fa an oibreora.<\/p>\n\n\n\n<p>Tarla\u00edonn m\u00ed-\u00fas\u00e1id nuair a dh\u00e9antar dochar don oibreoir tr\u00ed \u00fas\u00e1id na sonra\u00ed teagmh\u00e1la ag tr\u00ed\u00fa p\u00e1irtithe.<\/p>\n\n\n\n<p>N\u00f3ta ar r\u00e9iteach d\u00edosp\u00f3ide an AE:<\/p>\n\n\n\n<p>Sol\u00e1thra\u00edonn an Coimisi\u00fan Eorpach ard\u00e1n chun d\u00edosp\u00f3id\u00ed a r\u00e9iteach ar l\u00edne (OS): http:\/\/ec.europa.eu\/consumers\/odr<br>Is f\u00e9idir leat \u00e1r seoladh r\u00edomhphoist a fh\u00e1il san fh\u00f3gra dl\u00edthi\u00fail thuas.<\/p>\n\n\n\n<p>Foins\u00ed do na h\u00edomh\u00e1nna agus na grafaic\u00ed a \u00fas\u00e1idtear:<\/p>\n\n\n\n<p>adobe.stock<\/p>\n\n\n\n<p>S\u00e9anadh:<br>Dliteanas as \u00e1bhar<\/p>\n\n\n\n<p>Crutha\u00edodh \u00e1bhar \u00e1r leathanaigh go han-ch\u00faramach. Mar sin f\u00e9in, n\u00ed f\u00e9idir linn glacadh le haon dliteanas as cruinneas, ioml\u00e1ine agus tr\u00e1th\u00falacht an \u00e1bhair. Mar shol\u00e1thra\u00ed seirbh\u00edse, t\u00e1imid freagrach as \u00e1r n-\u00e1bhar f\u00e9in ar na leathanaigh seo de r\u00e9ir an dl\u00ed ghinear\u00e1lta de r\u00e9ir Alt 7 (1) d\u2019Acht Teileamaitice na Gearm\u00e1ine. De r\u00e9ir \u00a7\u00a7 8 go 10 TMG, mar shol\u00e1thra\u00ed seirbh\u00edse, n\u00edl oibleag\u00e1id orainn monat\u00f3ireacht a dh\u00e9anamh ar fhaisn\u00e9is tr\u00ed\u00fa p\u00e1irt\u00ed a tharchuirtear n\u00f3 a st\u00f3r\u00e1iltear n\u00f3 taighde a dh\u00e9anamh ar ch\u00fains\u00ed a l\u00e9ir\u00edonn gn\u00edomha\u00edocht mh\u00eddhleathach. N\u00edl aon tionchar ag oibleag\u00e1id\u00ed maidir le h\u00fas\u00e1id faisn\u00e9ise a bhaint n\u00f3 a bhac de r\u00e9ir dl\u00edthe ginear\u00e1lta. Mar sin f\u00e9in, n\u00ed f\u00e9idir dliteanas ina leith seo a dh\u00e9anamh ach \u00f3n bpointe ama a thugaimid faoi sh\u00e1r\u00fa dl\u00edthi\u00fail sonrach. A luaithe a thugaimid eolas faoi sh\u00e1ruithe dl\u00ed den s\u00f3rt sin, bainfimid an t-\u00e1bhar seo l\u00e1ithreach.<\/p>\n\n\n\n<p>Dliteanas as naisc<\/p>\n\n\n\n<p>T\u00e1 naisc in\u00e1r su\u00edomh Gr\u00e9as\u00e1in le l\u00e1ithre\u00e1in ghr\u00e9as\u00e1in seachtracha tr\u00ed\u00fa p\u00e1irt\u00ed, nach bhfuil aon tionchar againn ar a n-\u00e1bhar. D\u00e1 bhr\u00ed sin, n\u00ed f\u00e9idir linn glacadh le haon dliteanas as an \u00e1bhar tr\u00ed\u00fa p\u00e1irt\u00ed seo. B\u00edonn sol\u00e1thra\u00ed n\u00f3 oibreoir na leathanach faoi seach freagrach i gc\u00f3na\u00ed as \u00e1bhar na leathanach nasctha. Seice\u00e1ladh na leathanaigh nasctha le haghaidh s\u00e1ruithe dl\u00ed a d\u2019fh\u00e9adfadh a bheith ann ag an am a raibh siad nasctha. N\u00ed bhfuarthas aon \u00e1bhar m\u00eddhleathach ag an am a crutha\u00edodh an nasc. N\u00edl rial\u00fa buan ar \u00e1bhar na leathanach nasctha r\u00e9as\u00fanta gan fianaise nithi\u00fail gur s\u00e1ra\u00edodh an dl\u00ed. M\u00e1 thugaimid eolas faoi sh\u00e1ruithe dl\u00ed, bainfimid naisc den s\u00f3rt sin l\u00e1ithreach.<\/p>\n\n\n\n<p>c\u00f3ipcheart<\/p>\n\n\n\n<p>T\u00e1 an t-\u00e1bhar agus na saothair ar na leathanaigh seo a chruthaigh oibreoir an l\u00e1ithre\u00e1in ghr\u00e9as\u00e1in faoi r\u00e9ir dhl\u00ed c\u00f3ipchirt na Gearm\u00e1ine. Teasta\u00edonn toili\u00fa i scr\u00edbhinn \u00f3n \u00fadar n\u00f3 \u00f3n gcruthaitheoir faoi seach chun d\u00fabailt, pr\u00f3ise\u00e1il, d\u00e1ileadh agus saothr\u00fa de chine\u00e1l ar bith lasmuigh de theorainneacha an dl\u00ed c\u00f3ipchirt. N\u00ed cheada\u00edtear \u00edosl\u00f3d\u00e1lacha agus c\u00f3ipeanna den l\u00e1ithre\u00e1n gr\u00e9as\u00e1in seo ach le haghaidh \u00fas\u00e1ide pr\u00edobh\u00e1id\u00ed, neamhthr\u00e1cht\u00e1la. Sa mh\u00e9id n\u00e1r chruthaigh an t-oibreoir an t-\u00e1bhar ar an l\u00e1ithre\u00e1n seo, tugtar faoi deara c\u00f3ipchearta tr\u00ed\u00fa p\u00e1irtithe. Go h\u00e1irithe t\u00e1 \u00e1bhar tr\u00ed\u00fa p\u00e1irtithe marc\u00e1ilte mar sin. Mar sin f\u00e9in m\u00e1 thagann t\u00fa ar an eolas faoi sh\u00e1r\u00fa c\u00f3ipchirt, iarraimid ort f\u00f3gra a thabhairt d\u00fainn d\u00e1 r\u00e9ir. M\u00e1 thugaimid eolas faoi sh\u00e1ruithe dl\u00ed, bainfimid \u00e1bhar den s\u00f3rt sin l\u00e1ithreach.<\/p>\n","protected":false},"excerpt":{"rendered":"<p>De r\u00e9ir \u00a7 5 TMG:Oibreoir na tairs\u00edMarga\u00edocht MTM Martin MrosekBruktererhang 19 45277 Essen An Ghearm\u00e1in Aitheantas C\u00e1nach Uimhir aitheantais c\u00e1nach d\u00edolach\u00e1in de r\u00e9ir \u00a727 dl\u00ed c\u00e1nach d\u00edolach\u00e1in:DE (3) 13 729 250 D\u00e9an teagmh\u00e1il le r-phost: Eolas [ag] eitilt\u00ed [dot] flightradar F\u00f3n: [+49] 176 43537-798 N\u00f3ta ar na sonra\u00ed teagmh\u00e1la: N\u00ed fh\u00e9adfaidh t\u00fa teagmh\u00e1il a dh\u00e9anamh &#8230; <\/p>\n<p class=\"read-more-container\"><a title=\"F\u00f3gra dl\u00edthi\u00fail\" class=\"read-more button\" href=\"https:\/\/flightradar.flights\/ga\/fogra-dlithiuil\/#more-588\" aria-label=\"More on F\u00f3gra dl\u00edthi\u00fail\">Read more<\/a><\/p>\n","protected":false},"author":1,"featured_media":0,"parent":0,"menu_order":0,"comment_status":"closed","ping_status":"closed","template":"","meta":{"footnotes":""},"class_list":["post-588","page","type-page","status-publish"],"yoast_head":"<!-- This site is optimized with the Yoast SEO plugin v27.2 - https:\/\/yoast.com\/product\/yoast-seo-wordpress\/ -->\n<title>F\u00f3gra dl\u00edthi\u00fail - flightradar.flights<\/title>\n<meta name=\"robots\" content=\"index, follow, max-snippet:-1, max-image-preview:large, max-video-preview:-1\" \/>\n<link rel=\"canonical\" href=\"https:\/\/flightradar.flights\/ga\/fogra-dlithiuil\/\" \/>\n<meta property=\"og:locale\" content=\"ga_IE\" \/>\n<meta property=\"og:type\" content=\"article\" \/>\n<meta property=\"og:title\" content=\"F\u00f3gra dl\u00edthi\u00fail - flightradar.flights\" \/>\n<meta property=\"og:description\" content=\"De r\u00e9ir \u00a7 5 TMG:Oibreoir na tairs\u00edMarga\u00edocht MTM Martin MrosekBruktererhang 19 45277 Essen An Ghearm\u00e1in Aitheantas C\u00e1nach Uimhir aitheantais c\u00e1nach d\u00edolach\u00e1in de r\u00e9ir \u00a727 dl\u00ed c\u00e1nach d\u00edolach\u00e1in:DE (3) 13 729 250 D\u00e9an teagmh\u00e1il le r-phost: Eolas [ag] eitilt\u00ed [dot] flightradar F\u00f3n: [+49] 176 43537-798 N\u00f3ta ar na sonra\u00ed teagmh\u00e1la: N\u00ed fh\u00e9adfaidh t\u00fa teagmh\u00e1il a dh\u00e9anamh ... Read more\" \/>\n<meta property=\"og:url\" content=\"https:\/\/flightradar.flights\/ga\/fogra-dlithiuil\/\" \/>\n<meta property=\"og:site_name\" content=\"flightradar.flights\" \/>\n<meta property=\"article:modified_time\" content=\"2021-04-28T15:46:53+00:00\" \/>\n<meta property=\"og:image\" content=\"https:\/\/flightradar.flights\/content\/uploads\/2022\/01\/Logo200x200.jpg\" \/>\n\t<meta property=\"og:image:width\" content=\"200\" \/>\n\t<meta property=\"og:image:height\" content=\"200\" \/>\n\t<meta property=\"og:image:type\" content=\"image\/jpeg\" \/>\n<meta name=\"twitter:card\" content=\"summary_large_image\" \/>\n<meta name=\"twitter:label1\" content=\"Est. reading time\" \/>\n\t<meta name=\"twitter:data1\" content=\"3 minutes\" \/>\n<script type=\"application\/ld+json\" class=\"yoast-schema-graph\">{\"@context\":\"https:\/\/schema.org\",\"@graph\":[{\"@type\":\"WebPage\",\"@id\":\"https:\/\/flightradar.flights\/ga\/fogra-dlithiuil\/\",\"url\":\"https:\/\/flightradar.flights\/ga\/fogra-dlithiuil\/\",\"name\":\"F\u00f3gra dl\u00edthi\u00fail - flightradar.flights\",\"isPartOf\":{\"@id\":\"https:\/\/flightradar.flights\/ga\/#website\"},\"datePublished\":\"2021-04-28T15:46:52+00:00\",\"dateModified\":\"2021-04-28T15:46:53+00:00\",\"breadcrumb\":{\"@id\":\"https:\/\/flightradar.flights\/ga\/fogra-dlithiuil\/#breadcrumb\"},\"inLanguage\":\"ga-IE\",\"potentialAction\":[{\"@type\":\"ReadAction\",\"target\":[\"https:\/\/flightradar.flights\/ga\/fogra-dlithiuil\/\"]}]},{\"@type\":\"BreadcrumbList\",\"@id\":\"https:\/\/flightradar.flights\/ga\/fogra-dlithiuil\/#breadcrumb\",\"itemListElement\":[{\"@type\":\"ListItem\",\"position\":1,\"name\":\"Startseite\",\"item\":\"https:\/\/flightradar.flights\/ga\/\"},{\"@type\":\"ListItem\",\"position\":2,\"name\":\"F\u00f3gra dl\u00edthi\u00fail\"}]},{\"@type\":\"WebSite\",\"@id\":\"https:\/\/flightradar.flights\/ga\/#website\",\"url\":\"https:\/\/flightradar.flights\/ga\/\",\"name\":\"flightradar.flights\",\"description\":\"\",\"publisher\":{\"@id\":\"https:\/\/flightradar.flights\/ga\/#organization\"},\"potentialAction\":[{\"@type\":\"SearchAction\",\"target\":{\"@type\":\"EntryPoint\",\"urlTemplate\":\"https:\/\/flightradar.flights\/ga\/?s={search_term_string}\"},\"query-input\":{\"@type\":\"PropertyValueSpecification\",\"valueRequired\":true,\"valueName\":\"search_term_string\"}}],\"inLanguage\":\"ga-IE\"},{\"@type\":\"Organization\",\"@id\":\"https:\/\/flightradar.flights\/ga\/#organization\",\"name\":\"flightradar.flights\",\"url\":\"https:\/\/flightradar.flights\/ga\/\",\"logo\":{\"@type\":\"ImageObject\",\"inLanguage\":\"ga-IE\",\"@id\":\"https:\/\/flightradar.flights\/ga\/#\/schema\/logo\/image\/\",\"url\":\"https:\/\/flightradar.flights\/content\/uploads\/2022\/01\/Logo150x150.jpg\",\"contentUrl\":\"https:\/\/flightradar.flights\/content\/uploads\/2022\/01\/Logo150x150.jpg\",\"width\":150,\"height\":150,\"caption\":\"flightradar.flights\"},\"image\":{\"@id\":\"https:\/\/flightradar.flights\/ga\/#\/schema\/logo\/image\/\"}}]}<\/script>\n<!-- \/ Yoast SEO plugin. -->","yoast_head_json":{"title":"F\u00f3gra dl\u00edthi\u00fail - flightradar.flights","robots":{"index":"index","follow":"follow","max-snippet":"max-snippet:-1","max-image-preview":"max-image-preview:large","max-video-preview":"max-video-preview:-1"},"canonical":"https:\/\/flightradar.flights\/ga\/fogra-dlithiuil\/","og_locale":"ga_IE","og_type":"article","og_title":"F\u00f3gra dl\u00edthi\u00fail - flightradar.flights","og_description":"De r\u00e9ir \u00a7 5 TMG:Oibreoir na tairs\u00edMarga\u00edocht MTM Martin MrosekBruktererhang 19 45277 Essen An Ghearm\u00e1in Aitheantas C\u00e1nach Uimhir aitheantais c\u00e1nach d\u00edolach\u00e1in de r\u00e9ir \u00a727 dl\u00ed c\u00e1nach d\u00edolach\u00e1in:DE (3) 13 729 250 D\u00e9an teagmh\u00e1il le r-phost: Eolas [ag] eitilt\u00ed [dot] flightradar F\u00f3n: [+49] 176 43537-798 N\u00f3ta ar na sonra\u00ed teagmh\u00e1la: N\u00ed fh\u00e9adfaidh t\u00fa teagmh\u00e1il a dh\u00e9anamh ... Read more","og_url":"https:\/\/flightradar.flights\/ga\/fogra-dlithiuil\/","og_site_name":"flightradar.flights","article_modified_time":"2021-04-28T15:46:53+00:00","og_image":[{"width":200,"height":200,"url":"https:\/\/flightradar.flights\/content\/uploads\/2022\/01\/Logo200x200.jpg","type":"image\/jpeg"}],"twitter_card":"summary_large_image","twitter_misc":{"Est. reading time":"3 minutes"},"schema":{"@context":"https:\/\/schema.org","@graph":[{"@type":"WebPage","@id":"https:\/\/flightradar.flights\/ga\/fogra-dlithiuil\/","url":"https:\/\/flightradar.flights\/ga\/fogra-dlithiuil\/","name":"F\u00f3gra dl\u00edthi\u00fail - flightradar.flights","isPartOf":{"@id":"https:\/\/flightradar.flights\/ga\/#website"},"datePublished":"2021-04-28T15:46:52+00:00","dateModified":"2021-04-28T15:46:53+00:00","breadcrumb":{"@id":"https:\/\/flightradar.flights\/ga\/fogra-dlithiuil\/#breadcrumb"},"inLanguage":"ga-IE","potentialAction":[{"@type":"ReadAction","target":["https:\/\/flightradar.flights\/ga\/fogra-dlithiuil\/"]}]},{"@type":"BreadcrumbList","@id":"https:\/\/flightradar.flights\/ga\/fogra-dlithiuil\/#breadcrumb","itemListElement":[{"@type":"ListItem","position":1,"name":"Startseite","item":"https:\/\/flightradar.flights\/ga\/"},{"@type":"ListItem","position":2,"name":"F\u00f3gra dl\u00edthi\u00fail"}]},{"@type":"WebSite","@id":"https:\/\/flightradar.flights\/ga\/#website","url":"https:\/\/flightradar.flights\/ga\/","name":"flightradar.flights","description":"","publisher":{"@id":"https:\/\/flightradar.flights\/ga\/#organization"},"potentialAction":[{"@type":"SearchAction","target":{"@type":"EntryPoint","urlTemplate":"https:\/\/flightradar.flights\/ga\/?s={search_term_string}"},"query-input":{"@type":"PropertyValueSpecification","valueRequired":true,"valueName":"search_term_string"}}],"inLanguage":"ga-IE"},{"@type":"Organization","@id":"https:\/\/flightradar.flights\/ga\/#organization","name":"flightradar.flights","url":"https:\/\/flightradar.flights\/ga\/","logo":{"@type":"ImageObject","inLanguage":"ga-IE","@id":"https:\/\/flightradar.flights\/ga\/#\/schema\/logo\/image\/","url":"https:\/\/flightradar.flights\/content\/uploads\/2022\/01\/Logo150x150.jpg","contentUrl":"https:\/\/flightradar.flights\/content\/uploads\/2022\/01\/Logo150x150.jpg","width":150,"height":150,"caption":"flightradar.flights"},"image":{"@id":"https:\/\/flightradar.flights\/ga\/#\/schema\/logo\/image\/"}}]}},"_links":{"self":[{"href":"https:\/\/flightradar.flights\/ga\/wp-json\/wp\/v2\/pages\/588","targetHints":{"allow":["GET"]}}],"collection":[{"href":"https:\/\/flightradar.flights\/ga\/wp-json\/wp\/v2\/pages"}],"about":[{"href":"https:\/\/flightradar.flights\/ga\/wp-json\/wp\/v2\/types\/page"}],"author":[{"embeddable":true,"href":"https:\/\/flightradar.flights\/ga\/wp-json\/wp\/v2\/users\/1"}],"replies":[{"embeddable":true,"href":"https:\/\/flightradar.flights\/ga\/wp-json\/wp\/v2\/comments?post=588"}],"version-history":[{"count":0,"href":"https:\/\/flightradar.flights\/ga\/wp-json\/wp\/v2\/pages\/588\/revisions"}],"wp:attachment":[{"href":"https:\/\/flightradar.flights\/ga\/wp-json\/wp\/v2\/media?parent=588"}],"curies":[{"name":"wp","href":"https:\/\/api.w.org\/{rel}","templated":true}]}}