{"id":1110,"date":"2021-05-21T11:37:21","date_gmt":"2021-05-21T09:37:21","guid":{"rendered":"https:\/\/flightradar.flights\/faq\/"},"modified":"2022-01-06T11:17:21","modified_gmt":"2022-01-06T09:17:21","slug":"faq","status":"publish","type":"page","link":"https:\/\/flightradar.flights\/ga\/faq\/","title":{"rendered":"FAQ &#8211; Ceisteanna coitianta"},"content":{"rendered":"\n<div style=\"height:100px\" aria-hidden=\"true\" class=\"wp-block-spacer\"><\/div>\n\n\n\n<h1 class=\"has-text-align-center wp-block-heading\"><strong>FAQ &#8211; Ceisteanna Coitianta<\/strong><\/h1>\n\n\n\n<div style=\"height:100px\" aria-hidden=\"true\" class=\"wp-block-spacer\"><\/div>\n\n\n\n<div class=\"schema-faq wp-block-yoast-faq-block\"><div class=\"schema-faq-section\" id=\"faq-question-1621587381797\"><strong class=\"schema-faq-question\">An bhfuil Flightradar.flights saor in aisce?<\/strong> <p class=\"schema-faq-answer\">Is f\u00e9idir Flightradar.flights a \u00fas\u00e1id saor in aisce ina bhunfheidhmeanna.<\/p> <\/div> <div class=\"schema-faq-section\" id=\"faq-question-1621587493412\"><strong class=\"schema-faq-question\">C\u00e9n f\u00e1th nach dtaispe\u00e1nann pl\u00e1na\u00ed radar eitilte?<\/strong> <p class=\"schema-faq-answer\">D\u00e9an cinnte nach bhfuil t\u00fa i m\u00f3d incognito le do bhrabhs\u00e1la\u00ed. Cuireann an modh incognito bac ar fhorghn\u00edomh\u00fa sonra\u00ed \u00e1irithe, at\u00e1 riachtanach chun an radar eitilte a fhorghn\u00edomh\u00fa go hioml\u00e1n.<\/p> <\/div> <div class=\"schema-faq-section\" id=\"faq-question-1621587643877\"><strong class=\"schema-faq-question\">An bhfuil radar eitilte i bhf\u00edor-am?<\/strong> <p class=\"schema-faq-answer\">Taispe\u00e1nann radar eitilte an aerthr\u00e1cht reatha i bhf\u00edor-am.<\/p> <\/div> <div class=\"schema-faq-section\" id=\"faq-question-1621587688776\"><strong class=\"schema-faq-question\">Conas is f\u00e9idir liom eitilt a rian\u00fa?<\/strong> <p class=\"schema-faq-answer\">Sa radar eitilte, bain \u00fas\u00e1id as an gcnaipe luiche ar chl\u00e9 n\u00f3 do mh\u00e9ar ar an bhf\u00f3n cliste chun aer\u00e1rthach a roghn\u00fa chun \u00e9 a rian\u00fa. Is f\u00e9idir leat uimhir bhail\u00ed eitilte a iontr\u00e1il sa bharra cuardaigh freisin.<\/p> <\/div> <div class=\"schema-faq-section\" id=\"faq-question-1621587801464\"><strong class=\"schema-faq-question\">C\u00e1 bhfaighidh m\u00e9 m\u2019uimhir eitilte?<\/strong> <p class=\"schema-faq-answer\">Ba cheart duit d\u2019uimhir eitilte a fh\u00e1il ar do thic\u00e9id eitilte. De ghn\u00e1th b\u00edonn uimhreacha \/ litreacha 4 go 6 dhigit ann.<\/p> <\/div> <div class=\"schema-faq-section\" id=\"faq-question-1621587936810\"><strong class=\"schema-faq-question\">Cad a chialla\u00edonn pl\u00e1na\u00ed gorma i radar eitilte?<\/strong> <p class=\"schema-faq-answer\">Riana\u00edtear aer\u00e1rtha\u00ed a thaispe\u00e1ntar i gorm le ADS-B tr\u00ed shatail\u00edt. \u00das\u00e1idtear \u00e9 seo den chuid is m\u00f3 thar na haig\u00e9in.<\/p> <\/div> <div class=\"schema-faq-section\" id=\"faq-question-1621588115032\"><strong class=\"schema-faq-question\">C\u00e9n fhaisn\u00e9is a gheobhaidh m\u00e9 sa radar eitilte?<\/strong> <p class=\"schema-faq-answer\">Sa radar eitilte is f\u00e9idir leat an cine\u00e1l aer\u00e1rthaigh, an \u00e1it imeachta chomh maith leis an \u00e1it teachta, imeachta agus teachta a fheice\u00e1il. Is f\u00e9idir leat a fheice\u00e1il freisin c\u00e1 bhfuil an t-aer\u00e1rthach suite faoi l\u00e1thair agus bealach na heitilte.<\/p> <\/div> <\/div>\n\n\n\n<div style=\"height:100px\" aria-hidden=\"true\" class=\"wp-block-spacer\"><\/div>\n\n\n\n<script async src=\"https:\/\/pagead2.googlesyndication.com\/pagead\/js\/adsbygoogle.js?client=ca-pub-8699335927299131\"\n     crossorigin=\"anonymous\"><\/script>\n<!-- F.F Display Other -->\n<ins class=\"adsbygoogle\"\n     style=\"display:block\"\n     data-ad-client=\"ca-pub-8699335927299131\"\n     data-ad-slot=\"5660843060\"\n     data-ad-format=\"auto\"\n     data-full-width-responsive=\"true\"><\/ins>\n<script>\n     (adsbygoogle = window.adsbygoogle || []).push({});\n<\/script>\n","protected":false},"excerpt":{"rendered":"<p>FAQ &#8211; Ceisteanna Coitianta<\/p>\n","protected":false},"author":1,"featured_media":0,"parent":0,"menu_order":0,"comment_status":"open","ping_status":"closed","template":"","meta":{"footnotes":""},"class_list":["post-1110","page","type-page","status-publish"],"yoast_head":"<!-- This site is optimized with the Yoast SEO plugin v27.2 - https:\/\/yoast.com\/product\/yoast-seo-wordpress\/ -->\n<title>FAQ - Ceisteanna coitianta - flightradar.flights<\/title>\n<meta name=\"description\" content=\"Flightradar.flights Ceisteanna coitianta faoi radar eitilte agus rian\u00fa eitilte.\" \/>\n<meta name=\"robots\" content=\"index, follow, max-snippet:-1, max-image-preview:large, max-video-preview:-1\" \/>\n<link rel=\"canonical\" href=\"https:\/\/flightradar.flights\/ga\/faq\/\" \/>\n<meta property=\"og:locale\" content=\"ga_IE\" \/>\n<meta property=\"og:type\" content=\"article\" \/>\n<meta property=\"og:title\" content=\"FAQ - Ceisteanna coitianta - flightradar.flights\" \/>\n<meta property=\"og:description\" content=\"Flightradar.flights Ceisteanna coitianta faoi radar eitilte agus rian\u00fa eitilte.\" \/>\n<meta property=\"og:url\" content=\"https:\/\/flightradar.flights\/ga\/faq\/\" \/>\n<meta property=\"og:site_name\" content=\"flightradar.flights\" \/>\n<meta property=\"article:modified_time\" content=\"2022-01-06T09:17:21+00:00\" \/>\n<meta property=\"og:image\" content=\"https:\/\/flightradar.flights\/content\/uploads\/2022\/01\/Logo200x200.jpg\" \/>\n\t<meta property=\"og:image:width\" content=\"200\" \/>\n\t<meta property=\"og:image:height\" content=\"200\" \/>\n\t<meta property=\"og:image:type\" content=\"image\/jpeg\" \/>\n<meta name=\"twitter:card\" content=\"summary_large_image\" \/>\n<meta name=\"twitter:label1\" content=\"Est. reading time\" \/>\n\t<meta name=\"twitter:data1\" content=\"2 minutes\" \/>\n<script type=\"application\/ld+json\" class=\"yoast-schema-graph\">{\"@context\":\"https:\/\/schema.org\",\"@graph\":[{\"@type\":[\"WebPage\",\"FAQPage\"],\"@id\":\"https:\/\/flightradar.flights\/ga\/faq\/\",\"url\":\"https:\/\/flightradar.flights\/ga\/faq\/\",\"name\":\"FAQ - Ceisteanna coitianta - flightradar.flights\",\"isPartOf\":{\"@id\":\"https:\/\/flightradar.flights\/ga\/#website\"},\"datePublished\":\"2021-05-21T09:37:21+00:00\",\"dateModified\":\"2022-01-06T09:17:21+00:00\",\"description\":\"Flightradar.flights Ceisteanna coitianta faoi radar eitilte agus rian\u00fa eitilte.\",\"breadcrumb\":{\"@id\":\"https:\/\/flightradar.flights\/ga\/faq\/#breadcrumb\"},\"mainEntity\":[{\"@id\":\"https:\/\/flightradar.flights\/ga\/faq\/#faq-question-1621587381797\"},{\"@id\":\"https:\/\/flightradar.flights\/ga\/faq\/#faq-question-1621587493412\"},{\"@id\":\"https:\/\/flightradar.flights\/ga\/faq\/#faq-question-1621587643877\"},{\"@id\":\"https:\/\/flightradar.flights\/ga\/faq\/#faq-question-1621587688776\"},{\"@id\":\"https:\/\/flightradar.flights\/ga\/faq\/#faq-question-1621587801464\"},{\"@id\":\"https:\/\/flightradar.flights\/ga\/faq\/#faq-question-1621587936810\"},{\"@id\":\"https:\/\/flightradar.flights\/ga\/faq\/#faq-question-1621588115032\"}],\"inLanguage\":\"ga-IE\",\"potentialAction\":[{\"@type\":\"ReadAction\",\"target\":[\"https:\/\/flightradar.flights\/ga\/faq\/\"]}]},{\"@type\":\"BreadcrumbList\",\"@id\":\"https:\/\/flightradar.flights\/ga\/faq\/#breadcrumb\",\"itemListElement\":[{\"@type\":\"ListItem\",\"position\":1,\"name\":\"Startseite\",\"item\":\"https:\/\/flightradar.flights\/ga\/\"},{\"@type\":\"ListItem\",\"position\":2,\"name\":\"FAQ &#8211; Ceisteanna coitianta\"}]},{\"@type\":\"WebSite\",\"@id\":\"https:\/\/flightradar.flights\/ga\/#website\",\"url\":\"https:\/\/flightradar.flights\/ga\/\",\"name\":\"flightradar.flights\",\"description\":\"\",\"publisher\":{\"@id\":\"https:\/\/flightradar.flights\/ga\/#organization\"},\"potentialAction\":[{\"@type\":\"SearchAction\",\"target\":{\"@type\":\"EntryPoint\",\"urlTemplate\":\"https:\/\/flightradar.flights\/ga\/?s={search_term_string}\"},\"query-input\":{\"@type\":\"PropertyValueSpecification\",\"valueRequired\":true,\"valueName\":\"search_term_string\"}}],\"inLanguage\":\"ga-IE\"},{\"@type\":\"Organization\",\"@id\":\"https:\/\/flightradar.flights\/ga\/#organization\",\"name\":\"flightradar.flights\",\"url\":\"https:\/\/flightradar.flights\/ga\/\",\"logo\":{\"@type\":\"ImageObject\",\"inLanguage\":\"ga-IE\",\"@id\":\"https:\/\/flightradar.flights\/ga\/#\/schema\/logo\/image\/\",\"url\":\"https:\/\/flightradar.flights\/content\/uploads\/2022\/01\/Logo150x150.jpg\",\"contentUrl\":\"https:\/\/flightradar.flights\/content\/uploads\/2022\/01\/Logo150x150.jpg\",\"width\":150,\"height\":150,\"caption\":\"flightradar.flights\"},\"image\":{\"@id\":\"https:\/\/flightradar.flights\/ga\/#\/schema\/logo\/image\/\"}},{\"@type\":\"Question\",\"@id\":\"https:\/\/flightradar.flights\/ga\/faq\/#faq-question-1621587381797\",\"position\":1,\"url\":\"https:\/\/flightradar.flights\/ga\/faq\/#faq-question-1621587381797\",\"name\":\"An bhfuil Flightradar.flights saor in aisce?\",\"answerCount\":1,\"acceptedAnswer\":{\"@type\":\"Answer\",\"text\":\"Is f\u00e9idir Flightradar.flights a \u00fas\u00e1id saor in aisce ina bhunfheidhmeanna.\",\"inLanguage\":\"ga-IE\"},\"inLanguage\":\"ga-IE\"},{\"@type\":\"Question\",\"@id\":\"https:\/\/flightradar.flights\/ga\/faq\/#faq-question-1621587493412\",\"position\":2,\"url\":\"https:\/\/flightradar.flights\/ga\/faq\/#faq-question-1621587493412\",\"name\":\"C\u00e9n f\u00e1th nach dtaispe\u00e1nann pl\u00e1na\u00ed radar eitilte?\",\"answerCount\":1,\"acceptedAnswer\":{\"@type\":\"Answer\",\"text\":\"D\u00e9an cinnte nach bhfuil t\u00fa i m\u00f3d incognito le do bhrabhs\u00e1la\u00ed. Cuireann an modh incognito bac ar fhorghn\u00edomh\u00fa sonra\u00ed \u00e1irithe, at\u00e1 riachtanach chun an radar eitilte a fhorghn\u00edomh\u00fa go hioml\u00e1n.\",\"inLanguage\":\"ga-IE\"},\"inLanguage\":\"ga-IE\"},{\"@type\":\"Question\",\"@id\":\"https:\/\/flightradar.flights\/ga\/faq\/#faq-question-1621587643877\",\"position\":3,\"url\":\"https:\/\/flightradar.flights\/ga\/faq\/#faq-question-1621587643877\",\"name\":\"An bhfuil radar eitilte i bhf\u00edor-am?\",\"answerCount\":1,\"acceptedAnswer\":{\"@type\":\"Answer\",\"text\":\"Taispe\u00e1nann radar eitilte an aerthr\u00e1cht reatha i bhf\u00edor-am.\",\"inLanguage\":\"ga-IE\"},\"inLanguage\":\"ga-IE\"},{\"@type\":\"Question\",\"@id\":\"https:\/\/flightradar.flights\/ga\/faq\/#faq-question-1621587688776\",\"position\":4,\"url\":\"https:\/\/flightradar.flights\/ga\/faq\/#faq-question-1621587688776\",\"name\":\"Conas is f\u00e9idir liom eitilt a rian\u00fa?\",\"answerCount\":1,\"acceptedAnswer\":{\"@type\":\"Answer\",\"text\":\"Sa radar eitilte, bain \u00fas\u00e1id as an gcnaipe luiche ar chl\u00e9 n\u00f3 do mh\u00e9ar ar an bhf\u00f3n cliste chun aer\u00e1rthach a roghn\u00fa chun \u00e9 a rian\u00fa. Is f\u00e9idir leat uimhir bhail\u00ed eitilte a iontr\u00e1il sa bharra cuardaigh freisin.\",\"inLanguage\":\"ga-IE\"},\"inLanguage\":\"ga-IE\"},{\"@type\":\"Question\",\"@id\":\"https:\/\/flightradar.flights\/ga\/faq\/#faq-question-1621587801464\",\"position\":5,\"url\":\"https:\/\/flightradar.flights\/ga\/faq\/#faq-question-1621587801464\",\"name\":\"C\u00e1 bhfaighidh m\u00e9 m\u2019uimhir eitilte?\",\"answerCount\":1,\"acceptedAnswer\":{\"@type\":\"Answer\",\"text\":\"Ba cheart duit d\u2019uimhir eitilte a fh\u00e1il ar do thic\u00e9id eitilte. De ghn\u00e1th b\u00edonn uimhreacha \/ litreacha 4 go 6 dhigit ann.\",\"inLanguage\":\"ga-IE\"},\"inLanguage\":\"ga-IE\"},{\"@type\":\"Question\",\"@id\":\"https:\/\/flightradar.flights\/ga\/faq\/#faq-question-1621587936810\",\"position\":6,\"url\":\"https:\/\/flightradar.flights\/ga\/faq\/#faq-question-1621587936810\",\"name\":\"Cad a chialla\u00edonn pl\u00e1na\u00ed gorma i radar eitilte?\",\"answerCount\":1,\"acceptedAnswer\":{\"@type\":\"Answer\",\"text\":\"Riana\u00edtear aer\u00e1rtha\u00ed a thaispe\u00e1ntar i gorm le ADS-B tr\u00ed shatail\u00edt. \u00das\u00e1idtear \u00e9 seo den chuid is m\u00f3 thar na haig\u00e9in.\",\"inLanguage\":\"ga-IE\"},\"inLanguage\":\"ga-IE\"},{\"@type\":\"Question\",\"@id\":\"https:\/\/flightradar.flights\/ga\/faq\/#faq-question-1621588115032\",\"position\":7,\"url\":\"https:\/\/flightradar.flights\/ga\/faq\/#faq-question-1621588115032\",\"name\":\"C\u00e9n fhaisn\u00e9is a gheobhaidh m\u00e9 sa radar eitilte?\",\"answerCount\":1,\"acceptedAnswer\":{\"@type\":\"Answer\",\"text\":\"Sa radar eitilte is f\u00e9idir leat an cine\u00e1l aer\u00e1rthaigh, an \u00e1it imeachta chomh maith leis an \u00e1it teachta, imeachta agus teachta a fheice\u00e1il. Is f\u00e9idir leat a fheice\u00e1il freisin c\u00e1 bhfuil an t-aer\u00e1rthach suite faoi l\u00e1thair agus bealach na heitilte.\",\"inLanguage\":\"ga-IE\"},\"inLanguage\":\"ga-IE\"}]}<\/script>\n<!-- \/ Yoast SEO plugin. -->","yoast_head_json":{"title":"FAQ - Ceisteanna coitianta - flightradar.flights","description":"Flightradar.flights Ceisteanna coitianta faoi radar eitilte agus rian\u00fa eitilte.","robots":{"index":"index","follow":"follow","max-snippet":"max-snippet:-1","max-image-preview":"max-image-preview:large","max-video-preview":"max-video-preview:-1"},"canonical":"https:\/\/flightradar.flights\/ga\/faq\/","og_locale":"ga_IE","og_type":"article","og_title":"FAQ - Ceisteanna coitianta - flightradar.flights","og_description":"Flightradar.flights Ceisteanna coitianta faoi radar eitilte agus rian\u00fa eitilte.","og_url":"https:\/\/flightradar.flights\/ga\/faq\/","og_site_name":"flightradar.flights","article_modified_time":"2022-01-06T09:17:21+00:00","og_image":[{"width":200,"height":200,"url":"https:\/\/flightradar.flights\/content\/uploads\/2022\/01\/Logo200x200.jpg","type":"image\/jpeg"}],"twitter_card":"summary_large_image","twitter_misc":{"Est. reading time":"2 minutes"},"schema":{"@context":"https:\/\/schema.org","@graph":[{"@type":["WebPage","FAQPage"],"@id":"https:\/\/flightradar.flights\/ga\/faq\/","url":"https:\/\/flightradar.flights\/ga\/faq\/","name":"FAQ - Ceisteanna coitianta - flightradar.flights","isPartOf":{"@id":"https:\/\/flightradar.flights\/ga\/#website"},"datePublished":"2021-05-21T09:37:21+00:00","dateModified":"2022-01-06T09:17:21+00:00","description":"Flightradar.flights Ceisteanna coitianta faoi radar eitilte agus rian\u00fa eitilte.","breadcrumb":{"@id":"https:\/\/flightradar.flights\/ga\/faq\/#breadcrumb"},"mainEntity":[{"@id":"https:\/\/flightradar.flights\/ga\/faq\/#faq-question-1621587381797"},{"@id":"https:\/\/flightradar.flights\/ga\/faq\/#faq-question-1621587493412"},{"@id":"https:\/\/flightradar.flights\/ga\/faq\/#faq-question-1621587643877"},{"@id":"https:\/\/flightradar.flights\/ga\/faq\/#faq-question-1621587688776"},{"@id":"https:\/\/flightradar.flights\/ga\/faq\/#faq-question-1621587801464"},{"@id":"https:\/\/flightradar.flights\/ga\/faq\/#faq-question-1621587936810"},{"@id":"https:\/\/flightradar.flights\/ga\/faq\/#faq-question-1621588115032"}],"inLanguage":"ga-IE","potentialAction":[{"@type":"ReadAction","target":["https:\/\/flightradar.flights\/ga\/faq\/"]}]},{"@type":"BreadcrumbList","@id":"https:\/\/flightradar.flights\/ga\/faq\/#breadcrumb","itemListElement":[{"@type":"ListItem","position":1,"name":"Startseite","item":"https:\/\/flightradar.flights\/ga\/"},{"@type":"ListItem","position":2,"name":"FAQ &#8211; Ceisteanna coitianta"}]},{"@type":"WebSite","@id":"https:\/\/flightradar.flights\/ga\/#website","url":"https:\/\/flightradar.flights\/ga\/","name":"flightradar.flights","description":"","publisher":{"@id":"https:\/\/flightradar.flights\/ga\/#organization"},"potentialAction":[{"@type":"SearchAction","target":{"@type":"EntryPoint","urlTemplate":"https:\/\/flightradar.flights\/ga\/?s={search_term_string}"},"query-input":{"@type":"PropertyValueSpecification","valueRequired":true,"valueName":"search_term_string"}}],"inLanguage":"ga-IE"},{"@type":"Organization","@id":"https:\/\/flightradar.flights\/ga\/#organization","name":"flightradar.flights","url":"https:\/\/flightradar.flights\/ga\/","logo":{"@type":"ImageObject","inLanguage":"ga-IE","@id":"https:\/\/flightradar.flights\/ga\/#\/schema\/logo\/image\/","url":"https:\/\/flightradar.flights\/content\/uploads\/2022\/01\/Logo150x150.jpg","contentUrl":"https:\/\/flightradar.flights\/content\/uploads\/2022\/01\/Logo150x150.jpg","width":150,"height":150,"caption":"flightradar.flights"},"image":{"@id":"https:\/\/flightradar.flights\/ga\/#\/schema\/logo\/image\/"}},{"@type":"Question","@id":"https:\/\/flightradar.flights\/ga\/faq\/#faq-question-1621587381797","position":1,"url":"https:\/\/flightradar.flights\/ga\/faq\/#faq-question-1621587381797","name":"An bhfuil Flightradar.flights saor in aisce?","answerCount":1,"acceptedAnswer":{"@type":"Answer","text":"Is f\u00e9idir Flightradar.flights a \u00fas\u00e1id saor in aisce ina bhunfheidhmeanna.","inLanguage":"ga-IE"},"inLanguage":"ga-IE"},{"@type":"Question","@id":"https:\/\/flightradar.flights\/ga\/faq\/#faq-question-1621587493412","position":2,"url":"https:\/\/flightradar.flights\/ga\/faq\/#faq-question-1621587493412","name":"C\u00e9n f\u00e1th nach dtaispe\u00e1nann pl\u00e1na\u00ed radar eitilte?","answerCount":1,"acceptedAnswer":{"@type":"Answer","text":"D\u00e9an cinnte nach bhfuil t\u00fa i m\u00f3d incognito le do bhrabhs\u00e1la\u00ed. Cuireann an modh incognito bac ar fhorghn\u00edomh\u00fa sonra\u00ed \u00e1irithe, at\u00e1 riachtanach chun an radar eitilte a fhorghn\u00edomh\u00fa go hioml\u00e1n.","inLanguage":"ga-IE"},"inLanguage":"ga-IE"},{"@type":"Question","@id":"https:\/\/flightradar.flights\/ga\/faq\/#faq-question-1621587643877","position":3,"url":"https:\/\/flightradar.flights\/ga\/faq\/#faq-question-1621587643877","name":"An bhfuil radar eitilte i bhf\u00edor-am?","answerCount":1,"acceptedAnswer":{"@type":"Answer","text":"Taispe\u00e1nann radar eitilte an aerthr\u00e1cht reatha i bhf\u00edor-am.","inLanguage":"ga-IE"},"inLanguage":"ga-IE"},{"@type":"Question","@id":"https:\/\/flightradar.flights\/ga\/faq\/#faq-question-1621587688776","position":4,"url":"https:\/\/flightradar.flights\/ga\/faq\/#faq-question-1621587688776","name":"Conas is f\u00e9idir liom eitilt a rian\u00fa?","answerCount":1,"acceptedAnswer":{"@type":"Answer","text":"Sa radar eitilte, bain \u00fas\u00e1id as an gcnaipe luiche ar chl\u00e9 n\u00f3 do mh\u00e9ar ar an bhf\u00f3n cliste chun aer\u00e1rthach a roghn\u00fa chun \u00e9 a rian\u00fa. Is f\u00e9idir leat uimhir bhail\u00ed eitilte a iontr\u00e1il sa bharra cuardaigh freisin.","inLanguage":"ga-IE"},"inLanguage":"ga-IE"},{"@type":"Question","@id":"https:\/\/flightradar.flights\/ga\/faq\/#faq-question-1621587801464","position":5,"url":"https:\/\/flightradar.flights\/ga\/faq\/#faq-question-1621587801464","name":"C\u00e1 bhfaighidh m\u00e9 m\u2019uimhir eitilte?","answerCount":1,"acceptedAnswer":{"@type":"Answer","text":"Ba cheart duit d\u2019uimhir eitilte a fh\u00e1il ar do thic\u00e9id eitilte. De ghn\u00e1th b\u00edonn uimhreacha \/ litreacha 4 go 6 dhigit ann.","inLanguage":"ga-IE"},"inLanguage":"ga-IE"},{"@type":"Question","@id":"https:\/\/flightradar.flights\/ga\/faq\/#faq-question-1621587936810","position":6,"url":"https:\/\/flightradar.flights\/ga\/faq\/#faq-question-1621587936810","name":"Cad a chialla\u00edonn pl\u00e1na\u00ed gorma i radar eitilte?","answerCount":1,"acceptedAnswer":{"@type":"Answer","text":"Riana\u00edtear aer\u00e1rtha\u00ed a thaispe\u00e1ntar i gorm le ADS-B tr\u00ed shatail\u00edt. \u00das\u00e1idtear \u00e9 seo den chuid is m\u00f3 thar na haig\u00e9in.","inLanguage":"ga-IE"},"inLanguage":"ga-IE"},{"@type":"Question","@id":"https:\/\/flightradar.flights\/ga\/faq\/#faq-question-1621588115032","position":7,"url":"https:\/\/flightradar.flights\/ga\/faq\/#faq-question-1621588115032","name":"C\u00e9n fhaisn\u00e9is a gheobhaidh m\u00e9 sa radar eitilte?","answerCount":1,"acceptedAnswer":{"@type":"Answer","text":"Sa radar eitilte is f\u00e9idir leat an cine\u00e1l aer\u00e1rthaigh, an \u00e1it imeachta chomh maith leis an \u00e1it teachta, imeachta agus teachta a fheice\u00e1il. Is f\u00e9idir leat a fheice\u00e1il freisin c\u00e1 bhfuil an t-aer\u00e1rthach suite faoi l\u00e1thair agus bealach na heitilte.","inLanguage":"ga-IE"},"inLanguage":"ga-IE"}]}},"_links":{"self":[{"href":"https:\/\/flightradar.flights\/ga\/wp-json\/wp\/v2\/pages\/1110","targetHints":{"allow":["GET"]}}],"collection":[{"href":"https:\/\/flightradar.flights\/ga\/wp-json\/wp\/v2\/pages"}],"about":[{"href":"https:\/\/flightradar.flights\/ga\/wp-json\/wp\/v2\/types\/page"}],"author":[{"embeddable":true,"href":"https:\/\/flightradar.flights\/ga\/wp-json\/wp\/v2\/users\/1"}],"replies":[{"embeddable":true,"href":"https:\/\/flightradar.flights\/ga\/wp-json\/wp\/v2\/comments?post=1110"}],"version-history":[{"count":0,"href":"https:\/\/flightradar.flights\/ga\/wp-json\/wp\/v2\/pages\/1110\/revisions"}],"wp:attachment":[{"href":"https:\/\/flightradar.flights\/ga\/wp-json\/wp\/v2\/media?parent=1110"}],"curies":[{"name":"wp","href":"https:\/\/api.w.org\/{rel}","templated":true}]}}