{"id":1095,"date":"2021-05-21T11:37:21","date_gmt":"2021-05-21T09:37:21","guid":{"rendered":"https:\/\/flightradar.flights\/faq\/"},"modified":"2022-01-06T11:16:35","modified_gmt":"2022-01-06T09:16:35","slug":"faq","status":"publish","type":"page","link":"https:\/\/flightradar.flights\/fr\/faq\/","title":{"rendered":"FAQ &#8211; Questions fr\u00e9quemment pos\u00e9es"},"content":{"rendered":"\n<div style=\"height:100px\" aria-hidden=\"true\" class=\"wp-block-spacer\"><\/div>\n\n\n\n<h1 class=\"has-text-align-center wp-block-heading\"><strong>FAQ &#8211; Questions fr\u00e9quemment pos\u00e9es<\/strong><\/h1>\n\n\n\n<div style=\"height:100px\" aria-hidden=\"true\" class=\"wp-block-spacer\"><\/div>\n\n\n\n<div class=\"schema-faq wp-block-yoast-faq-block\"><div class=\"schema-faq-section\" id=\"faq-question-1621587381797\"><strong class=\"schema-faq-question\">Flightradar.flights est-il gratuit?<\/strong> <p class=\"schema-faq-answer\">Flightradar.flights peut \u00eatre utilis\u00e9 gratuitement dans ses fonctions de base.<\/p> <\/div> <div class=\"schema-faq-section\" id=\"faq-question-1621587493412\"><strong class=\"schema-faq-question\">Pourquoi le radar de vol ne montre-t-il pas les avions?<\/strong> <p class=\"schema-faq-answer\">Assurez-vous que vous n&rsquo;\u00eates pas en mode navigation priv\u00e9e avec votre navigateur. Le mode incognito bloque l&rsquo;ex\u00e9cution de certaines donn\u00e9es, n\u00e9cessaires \u00e0 l&rsquo;ex\u00e9cution compl\u00e8te du radar de vol.<\/p> <\/div> <div class=\"schema-faq-section\" id=\"faq-question-1621587643877\"><strong class=\"schema-faq-question\">Le radar de vol est-il en temps r\u00e9el?<\/strong> <p class=\"schema-faq-answer\">Le radar de vol montre le trafic a\u00e9rien actuel en temps r\u00e9el.<\/p> <\/div> <div class=\"schema-faq-section\" id=\"faq-question-1621587688776\"><strong class=\"schema-faq-question\">Comment puis-je suivre un vol?<\/strong> <p class=\"schema-faq-answer\">Dans le radar de vol, utilisez le bouton gauche de la souris ou votre doigt sur le smartphone pour s\u00e9lectionner un avion pour le suivre. Vous pouvez \u00e9galement saisir un num\u00e9ro de vol valide dans la barre de recherche.<\/p> <\/div> <div class=\"schema-faq-section\" id=\"faq-question-1621587801464\"><strong class=\"schema-faq-question\">O\u00f9 puis-je trouver mon num\u00e9ro de vol?<\/strong> <p class=\"schema-faq-answer\">Vous devriez trouver votre num\u00e9ro de vol sur vos billets d&rsquo;avion. Cela se compose g\u00e9n\u00e9ralement de 4 \u00e0 6 chiffres \/ lettres.<\/p> <\/div> <div class=\"schema-faq-section\" id=\"faq-question-1621587936810\"><strong class=\"schema-faq-question\">Que signifient les avions bleus dans les radars de vol?<\/strong> <p class=\"schema-faq-answer\">Les a\u00e9ronefs repr\u00e9sent\u00e9s en bleu sont suivis avec l&rsquo;ADS-B par satellite. Surtout, cela est utilis\u00e9 sur les oc\u00e9ans.<\/p> <\/div> <div class=\"schema-faq-section\" id=\"faq-question-1621588115032\"><strong class=\"schema-faq-question\">Quelles informations puis-je obtenir dans le radar de vol?<\/strong> <p class=\"schema-faq-answer\">Dans le radar de vol, vous pouvez voir le type d&rsquo;avion, le lieu de d\u00e9part ainsi que le lieu d&rsquo;arriv\u00e9e, l&rsquo;heure de d\u00e9part et l&rsquo;heure d&rsquo;arriv\u00e9e. Vous pouvez \u00e9galement voir o\u00f9 se trouve actuellement l&rsquo;avion et l&rsquo;itin\u00e9raire de vol.<\/p> <\/div> <\/div>\n\n\n\n<div style=\"height:100px\" aria-hidden=\"true\" class=\"wp-block-spacer\"><\/div>\n\n\n\n<script async src=\"https:\/\/pagead2.googlesyndication.com\/pagead\/js\/adsbygoogle.js?client=ca-pub-8699335927299131\"\n     crossorigin=\"anonymous\"><\/script>\n<!-- F.F Display Other -->\n<ins class=\"adsbygoogle\"\n     style=\"display:block\"\n     data-ad-client=\"ca-pub-8699335927299131\"\n     data-ad-slot=\"5660843060\"\n     data-ad-format=\"auto\"\n     data-full-width-responsive=\"true\"><\/ins>\n<script>\n     (adsbygoogle = window.adsbygoogle || []).push({});\n<\/script>\n","protected":false},"excerpt":{"rendered":"<p>FAQ &#8211; Questions fr\u00e9quemment pos\u00e9es<\/p>\n","protected":false},"author":1,"featured_media":0,"parent":0,"menu_order":0,"comment_status":"open","ping_status":"closed","template":"","meta":{"footnotes":""},"class_list":["post-1095","page","type-page","status-publish"],"yoast_head":"<!-- This site is optimized with the Yoast SEO plugin v27.2 - https:\/\/yoast.com\/product\/yoast-seo-wordpress\/ -->\n<title>FAQ - Questions fr\u00e9quemment pos\u00e9es - flightradar.flights<\/title>\n<meta name=\"description\" content=\"Flightradar.flights Questions fr\u00e9quemment pos\u00e9es sur le radar de vol et le suivi des vols.\" \/>\n<meta name=\"robots\" content=\"index, follow, max-snippet:-1, max-image-preview:large, max-video-preview:-1\" \/>\n<link rel=\"canonical\" href=\"https:\/\/flightradar.flights\/fr\/faq\/\" \/>\n<meta property=\"og:locale\" content=\"fr_FR\" \/>\n<meta property=\"og:type\" content=\"article\" \/>\n<meta property=\"og:title\" content=\"FAQ - Questions fr\u00e9quemment pos\u00e9es - flightradar.flights\" \/>\n<meta property=\"og:description\" content=\"Flightradar.flights Questions fr\u00e9quemment pos\u00e9es sur le radar de vol et le suivi des vols.\" \/>\n<meta property=\"og:url\" content=\"https:\/\/flightradar.flights\/fr\/faq\/\" \/>\n<meta property=\"og:site_name\" content=\"flightradar.flights\" \/>\n<meta property=\"article:modified_time\" content=\"2022-01-06T09:16:35+00:00\" \/>\n<meta property=\"og:image\" content=\"https:\/\/flightradar.flights\/content\/uploads\/2022\/01\/Logo200x200.jpg\" \/>\n\t<meta property=\"og:image:width\" content=\"200\" \/>\n\t<meta property=\"og:image:height\" content=\"200\" \/>\n\t<meta property=\"og:image:type\" content=\"image\/jpeg\" \/>\n<meta name=\"twitter:card\" content=\"summary_large_image\" \/>\n<meta name=\"twitter:label1\" content=\"Dur\u00e9e de lecture estim\u00e9e\" \/>\n\t<meta name=\"twitter:data1\" content=\"2 minutes\" \/>\n<script type=\"application\/ld+json\" class=\"yoast-schema-graph\">{\"@context\":\"https:\/\/schema.org\",\"@graph\":[{\"@type\":[\"WebPage\",\"FAQPage\"],\"@id\":\"https:\/\/flightradar.flights\/fr\/faq\/\",\"url\":\"https:\/\/flightradar.flights\/fr\/faq\/\",\"name\":\"FAQ - Questions fr\u00e9quemment pos\u00e9es - flightradar.flights\",\"isPartOf\":{\"@id\":\"https:\/\/flightradar.flights\/fr\/#website\"},\"datePublished\":\"2021-05-21T09:37:21+00:00\",\"dateModified\":\"2022-01-06T09:16:35+00:00\",\"description\":\"Flightradar.flights Questions fr\u00e9quemment pos\u00e9es sur le radar de vol et le suivi des vols.\",\"breadcrumb\":{\"@id\":\"https:\/\/flightradar.flights\/fr\/faq\/#breadcrumb\"},\"mainEntity\":[{\"@id\":\"https:\/\/flightradar.flights\/fr\/faq\/#faq-question-1621587381797\"},{\"@id\":\"https:\/\/flightradar.flights\/fr\/faq\/#faq-question-1621587493412\"},{\"@id\":\"https:\/\/flightradar.flights\/fr\/faq\/#faq-question-1621587643877\"},{\"@id\":\"https:\/\/flightradar.flights\/fr\/faq\/#faq-question-1621587688776\"},{\"@id\":\"https:\/\/flightradar.flights\/fr\/faq\/#faq-question-1621587801464\"},{\"@id\":\"https:\/\/flightradar.flights\/fr\/faq\/#faq-question-1621587936810\"},{\"@id\":\"https:\/\/flightradar.flights\/fr\/faq\/#faq-question-1621588115032\"}],\"inLanguage\":\"fr-FR\",\"potentialAction\":[{\"@type\":\"ReadAction\",\"target\":[\"https:\/\/flightradar.flights\/fr\/faq\/\"]}]},{\"@type\":\"BreadcrumbList\",\"@id\":\"https:\/\/flightradar.flights\/fr\/faq\/#breadcrumb\",\"itemListElement\":[{\"@type\":\"ListItem\",\"position\":1,\"name\":\"Startseite\",\"item\":\"https:\/\/flightradar.flights\/fr\/\"},{\"@type\":\"ListItem\",\"position\":2,\"name\":\"FAQ &#8211; Questions fr\u00e9quemment pos\u00e9es\"}]},{\"@type\":\"WebSite\",\"@id\":\"https:\/\/flightradar.flights\/fr\/#website\",\"url\":\"https:\/\/flightradar.flights\/fr\/\",\"name\":\"flightradar.flights\",\"description\":\"\",\"publisher\":{\"@id\":\"https:\/\/flightradar.flights\/fr\/#organization\"},\"potentialAction\":[{\"@type\":\"SearchAction\",\"target\":{\"@type\":\"EntryPoint\",\"urlTemplate\":\"https:\/\/flightradar.flights\/fr\/?s={search_term_string}\"},\"query-input\":{\"@type\":\"PropertyValueSpecification\",\"valueRequired\":true,\"valueName\":\"search_term_string\"}}],\"inLanguage\":\"fr-FR\"},{\"@type\":\"Organization\",\"@id\":\"https:\/\/flightradar.flights\/fr\/#organization\",\"name\":\"flightradar.flights\",\"url\":\"https:\/\/flightradar.flights\/fr\/\",\"logo\":{\"@type\":\"ImageObject\",\"inLanguage\":\"fr-FR\",\"@id\":\"https:\/\/flightradar.flights\/fr\/#\/schema\/logo\/image\/\",\"url\":\"https:\/\/flightradar.flights\/content\/uploads\/2022\/01\/Logo150x150.jpg\",\"contentUrl\":\"https:\/\/flightradar.flights\/content\/uploads\/2022\/01\/Logo150x150.jpg\",\"width\":150,\"height\":150,\"caption\":\"flightradar.flights\"},\"image\":{\"@id\":\"https:\/\/flightradar.flights\/fr\/#\/schema\/logo\/image\/\"}},{\"@type\":\"Question\",\"@id\":\"https:\/\/flightradar.flights\/fr\/faq\/#faq-question-1621587381797\",\"position\":1,\"url\":\"https:\/\/flightradar.flights\/fr\/faq\/#faq-question-1621587381797\",\"name\":\"Flightradar.flights est-il gratuit?\",\"answerCount\":1,\"acceptedAnswer\":{\"@type\":\"Answer\",\"text\":\"Flightradar.flights peut \u00eatre utilis\u00e9 gratuitement dans ses fonctions de base.\",\"inLanguage\":\"fr-FR\"},\"inLanguage\":\"fr-FR\"},{\"@type\":\"Question\",\"@id\":\"https:\/\/flightradar.flights\/fr\/faq\/#faq-question-1621587493412\",\"position\":2,\"url\":\"https:\/\/flightradar.flights\/fr\/faq\/#faq-question-1621587493412\",\"name\":\"Pourquoi le radar de vol ne montre-t-il pas les avions?\",\"answerCount\":1,\"acceptedAnswer\":{\"@type\":\"Answer\",\"text\":\"Assurez-vous que vous n'\u00eates pas en mode navigation priv\u00e9e avec votre navigateur. Le mode incognito bloque l'ex\u00e9cution de certaines donn\u00e9es, n\u00e9cessaires \u00e0 l'ex\u00e9cution compl\u00e8te du radar de vol.\",\"inLanguage\":\"fr-FR\"},\"inLanguage\":\"fr-FR\"},{\"@type\":\"Question\",\"@id\":\"https:\/\/flightradar.flights\/fr\/faq\/#faq-question-1621587643877\",\"position\":3,\"url\":\"https:\/\/flightradar.flights\/fr\/faq\/#faq-question-1621587643877\",\"name\":\"Le radar de vol est-il en temps r\u00e9el?\",\"answerCount\":1,\"acceptedAnswer\":{\"@type\":\"Answer\",\"text\":\"Le radar de vol montre le trafic a\u00e9rien actuel en temps r\u00e9el.\",\"inLanguage\":\"fr-FR\"},\"inLanguage\":\"fr-FR\"},{\"@type\":\"Question\",\"@id\":\"https:\/\/flightradar.flights\/fr\/faq\/#faq-question-1621587688776\",\"position\":4,\"url\":\"https:\/\/flightradar.flights\/fr\/faq\/#faq-question-1621587688776\",\"name\":\"Comment puis-je suivre un vol?\",\"answerCount\":1,\"acceptedAnswer\":{\"@type\":\"Answer\",\"text\":\"Dans le radar de vol, utilisez le bouton gauche de la souris ou votre doigt sur le smartphone pour s\u00e9lectionner un avion pour le suivre. Vous pouvez \u00e9galement saisir un num\u00e9ro de vol valide dans la barre de recherche.\",\"inLanguage\":\"fr-FR\"},\"inLanguage\":\"fr-FR\"},{\"@type\":\"Question\",\"@id\":\"https:\/\/flightradar.flights\/fr\/faq\/#faq-question-1621587801464\",\"position\":5,\"url\":\"https:\/\/flightradar.flights\/fr\/faq\/#faq-question-1621587801464\",\"name\":\"O\u00f9 puis-je trouver mon num\u00e9ro de vol?\",\"answerCount\":1,\"acceptedAnswer\":{\"@type\":\"Answer\",\"text\":\"Vous devriez trouver votre num\u00e9ro de vol sur vos billets d'avion. Cela se compose g\u00e9n\u00e9ralement de 4 \u00e0 6 chiffres \/ lettres.\",\"inLanguage\":\"fr-FR\"},\"inLanguage\":\"fr-FR\"},{\"@type\":\"Question\",\"@id\":\"https:\/\/flightradar.flights\/fr\/faq\/#faq-question-1621587936810\",\"position\":6,\"url\":\"https:\/\/flightradar.flights\/fr\/faq\/#faq-question-1621587936810\",\"name\":\"Que signifient les avions bleus dans les radars de vol?\",\"answerCount\":1,\"acceptedAnswer\":{\"@type\":\"Answer\",\"text\":\"Les a\u00e9ronefs repr\u00e9sent\u00e9s en bleu sont suivis avec l'ADS-B par satellite. Surtout, cela est utilis\u00e9 sur les oc\u00e9ans.\",\"inLanguage\":\"fr-FR\"},\"inLanguage\":\"fr-FR\"},{\"@type\":\"Question\",\"@id\":\"https:\/\/flightradar.flights\/fr\/faq\/#faq-question-1621588115032\",\"position\":7,\"url\":\"https:\/\/flightradar.flights\/fr\/faq\/#faq-question-1621588115032\",\"name\":\"Quelles informations puis-je obtenir dans le radar de vol?\",\"answerCount\":1,\"acceptedAnswer\":{\"@type\":\"Answer\",\"text\":\"Dans le radar de vol, vous pouvez voir le type d'avion, le lieu de d\u00e9part ainsi que le lieu d'arriv\u00e9e, l'heure de d\u00e9part et l'heure d'arriv\u00e9e. Vous pouvez \u00e9galement voir o\u00f9 se trouve actuellement l'avion et l'itin\u00e9raire de vol.\",\"inLanguage\":\"fr-FR\"},\"inLanguage\":\"fr-FR\"}]}<\/script>\n<!-- \/ Yoast SEO plugin. -->","yoast_head_json":{"title":"FAQ - Questions fr\u00e9quemment pos\u00e9es - flightradar.flights","description":"Flightradar.flights Questions fr\u00e9quemment pos\u00e9es sur le radar de vol et le suivi des vols.","robots":{"index":"index","follow":"follow","max-snippet":"max-snippet:-1","max-image-preview":"max-image-preview:large","max-video-preview":"max-video-preview:-1"},"canonical":"https:\/\/flightradar.flights\/fr\/faq\/","og_locale":"fr_FR","og_type":"article","og_title":"FAQ - Questions fr\u00e9quemment pos\u00e9es - flightradar.flights","og_description":"Flightradar.flights Questions fr\u00e9quemment pos\u00e9es sur le radar de vol et le suivi des vols.","og_url":"https:\/\/flightradar.flights\/fr\/faq\/","og_site_name":"flightradar.flights","article_modified_time":"2022-01-06T09:16:35+00:00","og_image":[{"width":200,"height":200,"url":"https:\/\/flightradar.flights\/content\/uploads\/2022\/01\/Logo200x200.jpg","type":"image\/jpeg"}],"twitter_card":"summary_large_image","twitter_misc":{"Dur\u00e9e de lecture estim\u00e9e":"2 minutes"},"schema":{"@context":"https:\/\/schema.org","@graph":[{"@type":["WebPage","FAQPage"],"@id":"https:\/\/flightradar.flights\/fr\/faq\/","url":"https:\/\/flightradar.flights\/fr\/faq\/","name":"FAQ - Questions fr\u00e9quemment pos\u00e9es - flightradar.flights","isPartOf":{"@id":"https:\/\/flightradar.flights\/fr\/#website"},"datePublished":"2021-05-21T09:37:21+00:00","dateModified":"2022-01-06T09:16:35+00:00","description":"Flightradar.flights Questions fr\u00e9quemment pos\u00e9es sur le radar de vol et le suivi des vols.","breadcrumb":{"@id":"https:\/\/flightradar.flights\/fr\/faq\/#breadcrumb"},"mainEntity":[{"@id":"https:\/\/flightradar.flights\/fr\/faq\/#faq-question-1621587381797"},{"@id":"https:\/\/flightradar.flights\/fr\/faq\/#faq-question-1621587493412"},{"@id":"https:\/\/flightradar.flights\/fr\/faq\/#faq-question-1621587643877"},{"@id":"https:\/\/flightradar.flights\/fr\/faq\/#faq-question-1621587688776"},{"@id":"https:\/\/flightradar.flights\/fr\/faq\/#faq-question-1621587801464"},{"@id":"https:\/\/flightradar.flights\/fr\/faq\/#faq-question-1621587936810"},{"@id":"https:\/\/flightradar.flights\/fr\/faq\/#faq-question-1621588115032"}],"inLanguage":"fr-FR","potentialAction":[{"@type":"ReadAction","target":["https:\/\/flightradar.flights\/fr\/faq\/"]}]},{"@type":"BreadcrumbList","@id":"https:\/\/flightradar.flights\/fr\/faq\/#breadcrumb","itemListElement":[{"@type":"ListItem","position":1,"name":"Startseite","item":"https:\/\/flightradar.flights\/fr\/"},{"@type":"ListItem","position":2,"name":"FAQ &#8211; Questions fr\u00e9quemment pos\u00e9es"}]},{"@type":"WebSite","@id":"https:\/\/flightradar.flights\/fr\/#website","url":"https:\/\/flightradar.flights\/fr\/","name":"flightradar.flights","description":"","publisher":{"@id":"https:\/\/flightradar.flights\/fr\/#organization"},"potentialAction":[{"@type":"SearchAction","target":{"@type":"EntryPoint","urlTemplate":"https:\/\/flightradar.flights\/fr\/?s={search_term_string}"},"query-input":{"@type":"PropertyValueSpecification","valueRequired":true,"valueName":"search_term_string"}}],"inLanguage":"fr-FR"},{"@type":"Organization","@id":"https:\/\/flightradar.flights\/fr\/#organization","name":"flightradar.flights","url":"https:\/\/flightradar.flights\/fr\/","logo":{"@type":"ImageObject","inLanguage":"fr-FR","@id":"https:\/\/flightradar.flights\/fr\/#\/schema\/logo\/image\/","url":"https:\/\/flightradar.flights\/content\/uploads\/2022\/01\/Logo150x150.jpg","contentUrl":"https:\/\/flightradar.flights\/content\/uploads\/2022\/01\/Logo150x150.jpg","width":150,"height":150,"caption":"flightradar.flights"},"image":{"@id":"https:\/\/flightradar.flights\/fr\/#\/schema\/logo\/image\/"}},{"@type":"Question","@id":"https:\/\/flightradar.flights\/fr\/faq\/#faq-question-1621587381797","position":1,"url":"https:\/\/flightradar.flights\/fr\/faq\/#faq-question-1621587381797","name":"Flightradar.flights est-il gratuit?","answerCount":1,"acceptedAnswer":{"@type":"Answer","text":"Flightradar.flights peut \u00eatre utilis\u00e9 gratuitement dans ses fonctions de base.","inLanguage":"fr-FR"},"inLanguage":"fr-FR"},{"@type":"Question","@id":"https:\/\/flightradar.flights\/fr\/faq\/#faq-question-1621587493412","position":2,"url":"https:\/\/flightradar.flights\/fr\/faq\/#faq-question-1621587493412","name":"Pourquoi le radar de vol ne montre-t-il pas les avions?","answerCount":1,"acceptedAnswer":{"@type":"Answer","text":"Assurez-vous que vous n'\u00eates pas en mode navigation priv\u00e9e avec votre navigateur. Le mode incognito bloque l'ex\u00e9cution de certaines donn\u00e9es, n\u00e9cessaires \u00e0 l'ex\u00e9cution compl\u00e8te du radar de vol.","inLanguage":"fr-FR"},"inLanguage":"fr-FR"},{"@type":"Question","@id":"https:\/\/flightradar.flights\/fr\/faq\/#faq-question-1621587643877","position":3,"url":"https:\/\/flightradar.flights\/fr\/faq\/#faq-question-1621587643877","name":"Le radar de vol est-il en temps r\u00e9el?","answerCount":1,"acceptedAnswer":{"@type":"Answer","text":"Le radar de vol montre le trafic a\u00e9rien actuel en temps r\u00e9el.","inLanguage":"fr-FR"},"inLanguage":"fr-FR"},{"@type":"Question","@id":"https:\/\/flightradar.flights\/fr\/faq\/#faq-question-1621587688776","position":4,"url":"https:\/\/flightradar.flights\/fr\/faq\/#faq-question-1621587688776","name":"Comment puis-je suivre un vol?","answerCount":1,"acceptedAnswer":{"@type":"Answer","text":"Dans le radar de vol, utilisez le bouton gauche de la souris ou votre doigt sur le smartphone pour s\u00e9lectionner un avion pour le suivre. Vous pouvez \u00e9galement saisir un num\u00e9ro de vol valide dans la barre de recherche.","inLanguage":"fr-FR"},"inLanguage":"fr-FR"},{"@type":"Question","@id":"https:\/\/flightradar.flights\/fr\/faq\/#faq-question-1621587801464","position":5,"url":"https:\/\/flightradar.flights\/fr\/faq\/#faq-question-1621587801464","name":"O\u00f9 puis-je trouver mon num\u00e9ro de vol?","answerCount":1,"acceptedAnswer":{"@type":"Answer","text":"Vous devriez trouver votre num\u00e9ro de vol sur vos billets d'avion. Cela se compose g\u00e9n\u00e9ralement de 4 \u00e0 6 chiffres \/ lettres.","inLanguage":"fr-FR"},"inLanguage":"fr-FR"},{"@type":"Question","@id":"https:\/\/flightradar.flights\/fr\/faq\/#faq-question-1621587936810","position":6,"url":"https:\/\/flightradar.flights\/fr\/faq\/#faq-question-1621587936810","name":"Que signifient les avions bleus dans les radars de vol?","answerCount":1,"acceptedAnswer":{"@type":"Answer","text":"Les a\u00e9ronefs repr\u00e9sent\u00e9s en bleu sont suivis avec l'ADS-B par satellite. Surtout, cela est utilis\u00e9 sur les oc\u00e9ans.","inLanguage":"fr-FR"},"inLanguage":"fr-FR"},{"@type":"Question","@id":"https:\/\/flightradar.flights\/fr\/faq\/#faq-question-1621588115032","position":7,"url":"https:\/\/flightradar.flights\/fr\/faq\/#faq-question-1621588115032","name":"Quelles informations puis-je obtenir dans le radar de vol?","answerCount":1,"acceptedAnswer":{"@type":"Answer","text":"Dans le radar de vol, vous pouvez voir le type d'avion, le lieu de d\u00e9part ainsi que le lieu d'arriv\u00e9e, l'heure de d\u00e9part et l'heure d'arriv\u00e9e. Vous pouvez \u00e9galement voir o\u00f9 se trouve actuellement l'avion et l'itin\u00e9raire de vol.","inLanguage":"fr-FR"},"inLanguage":"fr-FR"}]}},"_links":{"self":[{"href":"https:\/\/flightradar.flights\/fr\/wp-json\/wp\/v2\/pages\/1095","targetHints":{"allow":["GET"]}}],"collection":[{"href":"https:\/\/flightradar.flights\/fr\/wp-json\/wp\/v2\/pages"}],"about":[{"href":"https:\/\/flightradar.flights\/fr\/wp-json\/wp\/v2\/types\/page"}],"author":[{"embeddable":true,"href":"https:\/\/flightradar.flights\/fr\/wp-json\/wp\/v2\/users\/1"}],"replies":[{"embeddable":true,"href":"https:\/\/flightradar.flights\/fr\/wp-json\/wp\/v2\/comments?post=1095"}],"version-history":[{"count":0,"href":"https:\/\/flightradar.flights\/fr\/wp-json\/wp\/v2\/pages\/1095\/revisions"}],"wp:attachment":[{"href":"https:\/\/flightradar.flights\/fr\/wp-json\/wp\/v2\/media?parent=1095"}],"curies":[{"name":"wp","href":"https:\/\/api.w.org\/{rel}","templated":true}]}}