{"id":2471,"date":"2021-04-22T13:44:23","date_gmt":"2021-04-22T11:44:23","guid":{"rendered":"https:\/\/flightradar.flights\/flugverfolgung\/"},"modified":"2025-04-07T11:25:03","modified_gmt":"2025-04-07T09:25:03","slug":"lennon-seuranta","status":"publish","type":"page","link":"https:\/\/flightradar.flights\/fi\/lennon-seuranta\/","title":{"rendered":"Lennon seuranta"},"content":{"rendered":"\n<style type=\"text\/css\">\n.adslot_1 { width: 320px; height: 100px; }\n@media (min-width:500px) { .adslot_1 { width: 468px; height: 60px; } }\n@media (min-width:800px) { .adslot_1 { width: 728px; height: 90px; } }\n<\/style>\n<ins class=\"adsbygoogle adslot_1\"\n    style=\"display:flex; justify-content:center; align-items:center; width:100%;\"\n    data-ad-client=\"ca-pub-8699335927299131\"\n    data-ad-slot=\"5036631304\"><\/ins>\n<script async src=\"https:\/\/pagead2.googlesyndication.com\/pagead\/js\/adsbygoogle.js?client=ca-pub-8699335927299131\" crossorigin=\"anonymous\"><\/script>\n<script>(adsbygoogle = window.adsbygoogle || []).push({});<\/script>\n\n\n\n<link rel=\"stylesheet\" href=\"https:\/\/flightradar.flights\/content\/uploads\/custom-css-js\/718.css\">\n<figure class=\"full-width2\">\n<div class=\"main_widget\"><div style=\"display:flex;height:550px;background-color:#222;background-repeat: no-repeat;background-position-x:center;position:relative;align-items:center;justify-content:center;background-image:linear-gradient( rgba(0,0,0,.5),rgba(0,0,0,.5) ),url(https:\/\/flightradar.flights\/content\/uploads\/2024\/11\/PlaceholderRadar-minwepb.webp)\">\n<button id=\"button\" style=\"position:absolute;background-color:#ff9e09;border:none;border-radius:5px;font-size:25px;font-weight:700;padding:30px 45px;color:#282828\">START<\/button>\n<div id=\"iframeHolder\" style=\"width:100%\"><\/div><\/div><\/div><\/figure>\n\n\n<script src=\"https:\/\/radar24.net\/wp-content\/uploads\/custom-css-js\/28.js\"><\/script>\n<script src=\"https:\/\/flightradar.flights\/content\/uploads\/custom-css-js\/3883.js\"><\/script>\n\n\n\n<link rel=\"stylesheet\" href=\"https:\/\/flightradar.flights\/content\/uploads\/custom-css-js\/4504.css\">\n<div class=\"ad-containerbottom\">\n<script async src=\"https:\/\/pagead2.googlesyndication.com\/pagead\/js\/adsbygoogle.js?client=ca-pub-8699335927299131\"\n     crossorigin=\"anonymous\"><\/script>\n<!-- F.F Display underradar -->\n<ins class=\"adsbygoogle\"\n     style=\"display:block\"\n     data-ad-client=\"ca-pub-8699335927299131\"\n     data-ad-slot=\"8182423994\"\n     data-ad-format=\"auto\"\n     data-full-width-responsive=\"true\"><\/ins>\n<script>\n     (adsbygoogle = window.adsbygoogle || []).push({});\n<\/script>\n<\/div>\n\n\n\n<div style=\"height:50px\" aria-hidden=\"true\" class=\"wp-block-spacer\"><\/div>\n\n\n\n<div class=\"wp-block-group alignfull dottedbg has-base-3-color has-contrast-background-color has-text-color has-background\"><div class=\"wp-block-group__inner-container is-layout-flow wp-block-group-is-layout-flow\">\n<p class=\"has-text-align-center has-medium-font-size\"><em><strong>T\u00e4m\u00e4 lyhyt <\/strong><\/em><i class=\"fab  fa-youtube-square\"><\/i><em><strong> <span style=\"color:#f90000\" class=\"has-inline-color\">video<\/span> n\u00e4ytt\u00e4\u00e4, kuinka voit seurata lentokonetta <span style=\"color:#62b515 \" class=\"has-inline-color\">flightradar.flights<\/span>.<\/strong><\/em><\/p>\n\n\n\n<div class=\"wp-block-columns is-layout-flex wp-container-core-columns-is-layout-9d6595d7 wp-block-columns-is-layout-flex\">\n<div class=\"wp-block-column is-layout-flow wp-block-column-is-layout-flow\"><figure class=\"wp-block-embed-youtube wp-block-embed is-type-video is-provider-youtube wp-embed-aspect-16-9 wp-has-aspect-ratio\"><div class=\"lyte-wrapper\" style=\"width:853px;max-width:100%;margin:5px auto;\"><div class=\"lyMe\" id=\"WYL_txr9oHXB5lQ\"><div id=\"lyte_txr9oHXB5lQ\" data-src=\"https:\/\/flightradar.flights\/content\/plugins\/wp-youtube-lyte\/lyteCache.php?origThumbUrl=%2F%2Fi.ytimg.com%2Fvi%2Ftxr9oHXB5lQ%2Fhqdefault.jpg\" class=\"pL\"><div class=\"tC\"><div class=\"tT\"><\/div><\/div><div class=\"play\"><\/div><div class=\"ctrl\"><div class=\"Lctrl\"><\/div><div class=\"Rctrl\"><\/div><\/div><\/div><noscript><a href=\"https:\/\/youtu.be\/txr9oHXB5lQ\" rel=\"nofollow\"><img loading=\"lazy\" decoding=\"async\" src=\"https:\/\/flightradar.flights\/content\/plugins\/wp-youtube-lyte\/lyteCache.php?origThumbUrl=https%3A%2F%2Fi.ytimg.com%2Fvi%2Ftxr9oHXB5lQ%2F0.jpg\" alt=\"YouTube video thumbnail\" width=\"853\" height=\"460\" \/><br \/>Watch this video on YouTube<\/a><\/noscript><\/div><\/div><div class=\"lL\" style=\"max-width:100%;width:853px;margin:5px auto;\"><\/div><figcaption><\/figcaption><\/figure><\/div>\n<\/div>\n<\/div><\/div>\n\n\n\n<div style=\"height:50px\" aria-hidden=\"true\" class=\"wp-block-spacer\"><\/div>\n\n\n\n<h1 class=\"wp-block-heading has-text-align-center\"><strong>Tervetuloa lennonseurantaan<\/strong><\/h1>\n\n\n\n<div style=\"height:50px\" aria-hidden=\"true\" class=\"wp-block-spacer\"><\/div>\n\n\n\n<h2 class=\"wp-block-heading has-text-align-center\"><strong>Lentojen seuranta verkossa<\/strong><\/h2>\n\n\n\n<p class=\"has-text-align-center\">Lennonjohtoteknologia hy\u00f6dytt\u00e4\u00e4 lentoliikenteen turvallisuuden lis\u00e4ksi my\u00f6s yksityishenkil\u00f6it\u00e4, jotka haluavat tallentaa ajankohtaisia \u200b\u200btietoja lennosta. Lentoseurannan avulla voit orientoitua paremmin, kun tarvitset ty\u00f6- tai yksityistapaamisia ja optimoi aikataulusi. ADS-B-transpondereiden ja nyt my\u00f6s satelliittipohjaisen tietojenk\u00e4sittelyn avulla sinulla on mahdollisuus tiedustella kaikki t\u00e4rke\u00e4t lentotiedot reaaliajassa ja n\u00e4ytt\u00e4\u00e4 ne laitteellasi. Tutka ja tiedot p\u00e4ivitet\u00e4\u00e4n joka sekunti. <a href=\"https:\/\/flightradar.flights\/fi\/\">Flightradar24<\/a> tarkkailee yli 100 000 lentoa p\u00e4ivitt\u00e4in. Lennonseuranta katetaan nyt runsaasti maailmanlaajuisesti. Siten on mahdollista turvallinen lennonseuranta, joka voi olla mukanasi sinun tai muiden matkoilla.<\/p>\n\n\n\n<p class=\"has-text-align-center\">Flightradar.flightsin avulla tutkan ansiosta voit helposti seurata t\u00e4ll\u00e4 hetkell\u00e4 tarvitsemiasi lentotietoja \u00e4lypuhelimella, tabletilla tai ty\u00f6p\u00f6yd\u00e4ll\u00e4.<a href=\"https:\/\/flightradars24.de\/wp-content\/uploads\/2017\/12\/Radardienststeller1.jpg\"><\/a><\/p>\n\n\n\n<div style=\"height:50px\" aria-hidden=\"true\" class=\"wp-block-spacer\"><\/div>\n\n\n\n<h3 class=\"wp-block-heading has-text-align-center\"><strong>Lentojen m\u00e4\u00e4r\u00e4 maailmanlaajuisesti<\/strong><\/h3>\n\n\n\n<div class=\"wp-block-media-text alignwide is-stacked-on-mobile\"><figure class=\"wp-block-media-text__media\"><img loading=\"lazy\" decoding=\"async\" width=\"600\" height=\"450\" src=\"https:\/\/flightradar.flights\/content\/uploads\/2022\/01\/flights-per-year-min-min.jpg\" alt=\"Lentojen seuranta Lennot per vuosi maailmanlaajuisesti\" class=\"wp-image-2396 size-full\" srcset=\"https:\/\/flightradar.flights\/content\/uploads\/2022\/01\/flights-per-year-min-min.jpg 600w, https:\/\/flightradar.flights\/content\/uploads\/2022\/01\/flights-per-year-min-min-300x225.jpg 300w\" sizes=\"auto, (max-width: 600px) 100vw, 600px\" \/><\/figure><div class=\"wp-block-media-text__content\">\n<p class=\"has-text-align-center has-medium-font-size\">Lentoliikenne on kasvanut tasaisesti alusta l\u00e4htien. <strong>Covid-19<\/strong> j\u00e4tti kuitenkin vahvan j\u00e4ljen lentoliikenteeseen vuonna 2020, joten vuonna 2020 ei ollut puoltakaan lennoista kuin edellisen\u00e4 vuonna. Normalisoitumista vuoden 2019 vanhaan huippuun odotetaan vuodesta 2025 alkaen.<\/p>\n<\/div><\/div>\n\n\n\n<div style=\"height:50px\" aria-hidden=\"true\" class=\"wp-block-spacer\"><\/div>\n\n\n\n<h2 class=\"wp-block-heading has-text-align-center\"><strong>Kuinka tutka-lennonseuranta toimii?<\/strong><\/h2>\n\n\n\n<p class=\"has-text-align-center\">Lentoseurannan avulla voit seurata mink\u00e4 tahansa lentokoneen lennon tilaa verkossa, jotta voit paremmin arvioida tilan ja n\u00e4hd\u00e4 l\u00e4hes reaaliajassa, milloin lentokone nousee, laskeutuu, miss\u00e4 se on t\u00e4ll\u00e4 hetkell\u00e4, viiv\u00e4styy tai l\u00e4hestyy lennon kohdetta.<\/p>\n\n\n\n<p class=\"has-text-align-center\">Saat my\u00f6s t\u00e4ysin tallennetut tiedot lentokoneesta, jota seuraat tutkalla. T\u00e4rkeimm\u00e4t tiedot, joita voit k\u00e4ytt\u00e4\u00e4 ilmaiseksi t\u00e4ll\u00e4 sivulla olevan lentotutkan ansiosta, ovat:<\/p>\n\n\n\n<div class=\"wp-block-columns has-base-background-color has-background is-layout-flex wp-container-core-columns-is-layout-9d6595d7 wp-block-columns-is-layout-flex\">\n<div class=\"wp-block-column is-vertically-aligned-center is-layout-flow wp-block-column-is-layout-flow\">\n<ul class=\"wp-block-list\">\n<li>Lennon numero<\/li>\n\n\n\n<li>Lentoyhti\u00f6<\/li>\n\n\n\n<li>Ilma-aluksen tunnusnumero<\/li>\n\n\n\n<li>Tyyppi ja luokka<\/li>\n\n\n\n<li>Lennon arvioitu kesto<\/li>\n\n\n\n<li>Lentoreitti<\/li>\n\n\n\n<li>Kuljettu lentomatka<\/li>\n\n\n\n<li>L\u00e4ht\u00f6- ja saapumislentokentt\u00e4<\/li>\n<\/ul>\n<\/div>\n\n\n\n<div class=\"wp-block-column is-vertically-aligned-center is-layout-flow wp-block-column-is-layout-flow\">\n<ul class=\"wp-block-list\">\n<li>L\u00e4ht\u00f6- ja saapumisaika<\/li>\n\n\n\n<li>Kuva lentokoneesta (jos sellainen on)<\/li>\n\n\n\n<li>Korkeus<\/li>\n\n\n\n<li>Leveys-ja pituuspiiri<\/li>\n\n\n\n<li>Kaupungit ja lentokent\u00e4t (IATA-koodaus)<\/li>\n\n\n\n<li>Kiitotie<\/li>\n\n\n\n<li>Nykyinen s\u00e4\u00e4<\/li>\n\n\n\n<li>Nopeus<\/li>\n<\/ul>\n<\/div>\n<\/div>\n\n\n\n<div style=\"height:50px\" aria-hidden=\"true\" class=\"wp-block-spacer\"><\/div>\n\n\n\n<h2 class=\"wp-block-heading has-text-align-center\"><strong>Mit\u00e4 lentokoneita voit seurata?<\/strong><\/h2>\n\n\n\n<p class=\"has-text-align-center\">Voit seurata kaikkia transponderilla varustettuja lentokoneita tutkalla. T\u00e4m\u00e4 sis\u00e4lt\u00e4\u00e4 kaikki matkustajakoneet, joilla monet ihmiset matkustavat p\u00e4ivitt\u00e4in ymp\u00e4ri maailmaa. Nyky\u00e4\u00e4n ADS-B-transponderit ovat osa kaupallisten lentokoneiden ja useimpien liikesuihkukoneiden pakollista perusvarustusta. Lentokent\u00e4n maa-ajoneuvot on my\u00f6s varustettu ADS-B-transpondereilla. ADS-B mahdollistaa lennonjohdon tarkkailemaan optimaalisesti lentokoneita, mutta my\u00f6s maa-ajoneuvoja turvallisuuden lis\u00e4\u00e4miseksi.<\/p>\n\n\n\n<p class=\"has-text-align-center\">Nykyaikaiset huipputekniset tutkat voivat seurata mit\u00e4 tahansa erityisell\u00e4 transponderilla varustettua lentokonetta. T\u00e4m\u00e4 sis\u00e4lt\u00e4\u00e4:<\/p>\n\n\n\n<p class=\"has-text-align-center has-base-background-color has-background has-medium-font-size\"><strong>  <span style=\"font-size: inherit;\"><i class=\"fas fa-plane\"><\/i><\/span> lentokoneet<\/strong><\/p>\n\n\n\n<p class=\"has-text-align-center has-base-background-color has-background has-medium-font-size\"><strong> <span style=\"font-size: inherit;\"><i class=\"fas fa-plane\"><\/i><\/span> Rahtilentokoneita<\/strong><\/p>\n\n\n\n<p class=\"has-text-align-center has-base-background-color has-background has-medium-font-size\"><strong> <span style=\"font-size: inherit;\"><i class=\"fas fa-plane\"><\/i><\/span> Yksityisi\u00e4 lentokoneita<\/strong><\/p>\n\n\n\n<p class=\"has-text-align-center has-base-background-color has-background has-medium-font-size\"><strong><i class=\"fas fa-helicopter\"><\/i> Helikopteri<\/strong><\/p>\n\n\n\n<p class=\"has-text-align-center has-base-background-color has-background has-medium-font-size\"><strong><i class=\"fas fa-fighter-jet\"><\/i> Joitakin sotilaslentokoneita<\/strong><\/p>\n\n\n\n<p class=\"has-text-align-center\"><em><strong>Lennonseurannan ansiosta tied\u00e4t mink\u00e4 tyyppist\u00e4 lentokonetta etsit.<\/strong><\/em><\/p>\n\n\n\n<div style=\"height:50px\" aria-hidden=\"true\" class=\"wp-block-spacer\"><\/div>\n\n\n\n<h2 class=\"wp-block-heading has-text-align-center\"><strong>TOP 6 &#8211; Yleisimm\u00e4t lentokonetyypit (vuodesta 2022)<\/strong><\/h2>\n\n\n<div class=\"wp-block-image\">\n<figure class=\"aligncenter size-full\"><img loading=\"lazy\" decoding=\"async\" width=\"800\" height=\"600\" src=\"https:\/\/flightradar.flights\/content\/uploads\/2022\/01\/Top6-common-aircraft-types-min-min.jpg\" alt=\"Yleiset lentokonetyypit 2022\" class=\"wp-image-2416\" srcset=\"https:\/\/flightradar.flights\/content\/uploads\/2022\/01\/Top6-common-aircraft-types-min-min.jpg 800w, https:\/\/flightradar.flights\/content\/uploads\/2022\/01\/Top6-common-aircraft-types-min-min-300x225.jpg 300w, https:\/\/flightradar.flights\/content\/uploads\/2022\/01\/Top6-common-aircraft-types-min-min-768x576.jpg 768w\" sizes=\"auto, (max-width: 800px) 100vw, 800px\" \/><\/figure>\n<\/div>\n\n\n<div style=\"height:50px\" aria-hidden=\"true\" class=\"wp-block-spacer\"><\/div>\n\n\n\n<h3 class=\"wp-block-heading has-text-align-center\"><strong>Luettelo yleisimmin k\u00e4ytetyist\u00e4 lentokonetyypeist\u00e4<\/strong><\/h3>\n\n\n\n<p class=\"has-text-align-center\">Seuraavassa luettelossa on useita lentokonemalleja, joita k\u00e4ytet\u00e4\u00e4n t\u00e4ll\u00e4 hetkell\u00e4 usein lentoliikenteess\u00e4.<\/p>\n\n\n\n<div class=\"wp-block-columns alignwide are-vertically-aligned-center has-base-background-color has-background is-layout-flex wp-container-core-columns-is-layout-9d6595d7 wp-block-columns-is-layout-flex\">\n<div class=\"wp-block-column is-vertically-aligned-center is-layout-flow wp-block-column-is-layout-flow\" style=\"flex-basis:50%\">\n<ul class=\"wp-block-list\">\n<li>Airbus (Airbus A300\u2013A380)<\/li>\n\n\n\n<li>Antonov AN-148, AN-158<\/li>\n\n\n\n<li>ATR 72-600<\/li>\n\n\n\n<li>BAe ATP<\/li>\n\n\n\n<li>BAe Avro RJ70, RJ85, RJ100<\/li>\n\n\n\n<li>Boeing 737, 747, 757, 767, 777, 787<\/li>\n\n\n\n<li>Bombardier CS100, CS300<\/li>\n<\/ul>\n<\/div>\n\n\n\n<div class=\"wp-block-column is-vertically-aligned-center is-layout-flow wp-block-column-is-layout-flow\" style=\"flex-basis:50%\">\n<ul class=\"wp-block-list\">\n<li>Embraer E190<\/li>\n\n\n\n<li>Fokker 70\u2013100<\/li>\n\n\n\n<li>Gulfstream V, Gulfstream G500\/550<\/li>\n\n\n\n<li>Tupolev Tu-204<\/li>\n\n\n\n<li>McDonnell Douglas MD-10, MD-11<\/li>\n\n\n\n<li>Sukhoi Superjet 100<\/li>\n\n\n\n<li>Ilyushin Il-96<\/li>\n<\/ul>\n<\/div>\n<\/div>\n\n\n\n<div style=\"height:50px\" aria-hidden=\"true\" class=\"wp-block-spacer\"><\/div>\n\n\n\n<h2 class=\"wp-block-heading has-text-align-center has-medium-font-size\"><strong>Tiedot ja n\u00e4ytekirjeet<\/strong><\/h2>\n\n\n\n<div class=\"wp-block-buttons is-vertical is-content-justification-center is-layout-flex wp-container-core-buttons-is-layout-9a7cdcfd wp-block-buttons-is-layout-flex\">\n<div class=\"wp-block-button has-custom-font-size is-style-outline has-medium-font-size is-style-outline--1\"><a class=\"wp-block-button__link has-background wp-element-button\" href=\"https:\/\/flightradar.flights\/fi\/matkustajien-oikeuksia-koskeva-asetus\/\" style=\"border-radius:8px;background-color:#62b515\" target=\"_blank\" rel=\"noreferrer noopener\"><strong>Lentomatkustajien oikeuksia koskeva asetus<\/strong><\/a><\/div>\n\n\n\n<div class=\"wp-block-button has-custom-font-size is-style-outline has-medium-font-size is-style-outline--2\"><a class=\"wp-block-button__link has-background wp-element-button\" href=\"https:\/\/flightradar.flights\/fi\/mallikirje-lennon-viivastyskorvaus\/\" style=\"border-radius:8px;background-color:#62b515\" target=\"_blank\" rel=\"noreferrer noopener\"><strong>Lennon viiv\u00e4styskorvauksen n\u00e4ytekirje<\/strong><\/a><\/div>\n\n\n\n<div class=\"wp-block-button has-custom-font-size is-style-outline has-medium-font-size is-style-outline--3\"><a class=\"wp-block-button__link has-background wp-element-button\" href=\"https:\/\/flightradar.flights\/fi\/mallikirjeen-lento-peruttu\/\" style=\"border-radius:8px;background-color:#62b515\" target=\"_blank\" rel=\"noreferrer noopener\"><strong>Esimerkkikirjeen korvauslento peruttu<\/strong><\/a><\/div>\n<\/div>\n\n\n\n<div class=\"wp-block-buttons is-horizontal is-content-justification-center is-layout-flex wp-container-core-buttons-is-layout-499968f5 wp-block-buttons-is-layout-flex\">\n<div class=\"wp-block-button has-custom-font-size is-style-outline has-medium-font-size is-style-outline--4\"><a class=\"wp-block-button__link has-background wp-element-button\" href=\"https:\/\/flightradar.flights\/fi\/\" style=\"background-color:#62b515\" target=\"_blank\" rel=\"noreferrer noopener\"> <strong>Flightradar24 <\/strong><\/a><\/div>\n\n\n\n<div class=\"wp-block-button has-custom-font-size is-style-outline has-medium-font-size is-style-outline--5\"><a class=\"wp-block-button__link has-background wp-element-button\" href=\"https:\/\/flightradar.flights\/fi\/lentotutka\/\" style=\"background-color:#62b515\" target=\"_blank\" rel=\"noreferrer noopener\"><strong>Lentotutka<\/strong><\/a><\/div>\n<\/div>\n\n\n\n<p><\/p>\n","protected":false},"excerpt":{"rendered":"<p>START T\u00e4m\u00e4 lyhyt video n\u00e4ytt\u00e4\u00e4, kuinka voit seurata lentokonetta flightradar.flights. Tervetuloa lennonseurantaan Lentojen seuranta verkossa Lennonjohtoteknologia hy\u00f6dytt\u00e4\u00e4 lentoliikenteen turvallisuuden lis\u00e4ksi my\u00f6s yksityishenkil\u00f6it\u00e4, jotka haluavat tallentaa ajankohtaisia \u200b\u200btietoja lennosta. Lentoseurannan avulla voit orientoitua paremmin, kun tarvitset ty\u00f6- tai yksityistapaamisia ja optimoi aikataulusi. ADS-B-transpondereiden ja nyt my\u00f6s satelliittipohjaisen tietojenk\u00e4sittelyn avulla sinulla on mahdollisuus tiedustella kaikki t\u00e4rke\u00e4t lentotiedot &#8230; <\/p>\n<p class=\"read-more-container\"><a title=\"Lennon seuranta\" class=\"read-more button\" href=\"https:\/\/flightradar.flights\/fi\/lennon-seuranta\/#more-2471\" aria-label=\"Lis\u00e4\u00e4 Lennon seuranta\">Lue lis\u00e4\u00e4<\/a><\/p>\n","protected":false},"author":1,"featured_media":2364,"parent":0,"menu_order":0,"comment_status":"closed","ping_status":"closed","template":"","meta":{"footnotes":""},"class_list":["post-2471","page","type-page","status-publish","has-post-thumbnail"],"yoast_head":"<!-- This site is optimized with the Yoast SEO plugin v27.2 - https:\/\/yoast.com\/product\/yoast-seo-wordpress\/ -->\n<title>Lennon seuranta - Seuraa mit\u00e4 tahansa lentokonetta kartalla<\/title>\n<meta name=\"description\" content=\"Lennon seurannan avulla voit seurata mit\u00e4 tahansa lentokonetta maailmanlaajuisesti ja m\u00e4\u00e4ritt\u00e4\u00e4 sen nykyisen sijainnin.\" \/>\n<meta name=\"robots\" content=\"index, follow, max-snippet:-1, max-image-preview:large, max-video-preview:-1\" \/>\n<link rel=\"canonical\" href=\"https:\/\/flightradar.flights\/fi\/lennon-seuranta\/\" \/>\n<meta property=\"og:locale\" content=\"fi_FI\" \/>\n<meta property=\"og:type\" content=\"article\" \/>\n<meta property=\"og:title\" content=\"Lennon seuranta - Seuraa mit\u00e4 tahansa lentokonetta kartalla\" \/>\n<meta property=\"og:description\" content=\"Lennon seurannan avulla voit seurata mit\u00e4 tahansa lentokonetta maailmanlaajuisesti ja m\u00e4\u00e4ritt\u00e4\u00e4 sen nykyisen sijainnin.\" \/>\n<meta property=\"og:url\" content=\"https:\/\/flightradar.flights\/fi\/lennon-seuranta\/\" \/>\n<meta property=\"og:site_name\" content=\"flightradar.flights\" \/>\n<meta property=\"article:modified_time\" content=\"2025-04-07T09:25:03+00:00\" \/>\n<meta property=\"og:image\" content=\"https:\/\/flightradar.flights\/content\/uploads\/2022\/01\/Logo150x150.jpg\" \/>\n\t<meta property=\"og:image:width\" content=\"150\" \/>\n\t<meta property=\"og:image:height\" content=\"150\" \/>\n\t<meta property=\"og:image:type\" content=\"image\/jpeg\" \/>\n<meta name=\"twitter:card\" content=\"summary_large_image\" \/>\n<meta name=\"twitter:label1\" content=\"Arvioitu lukuaika\" \/>\n\t<meta name=\"twitter:data1\" content=\"3 minuuttia\" \/>\n<script type=\"application\/ld+json\" class=\"yoast-schema-graph\">{\"@context\":\"https:\/\/schema.org\",\"@graph\":[{\"@type\":\"WebPage\",\"@id\":\"https:\/\/flightradar.flights\/fi\/lennon-seuranta\/\",\"url\":\"https:\/\/flightradar.flights\/fi\/lennon-seuranta\/\",\"name\":\"Lennon seuranta - Seuraa mit\u00e4 tahansa lentokonetta kartalla\",\"isPartOf\":{\"@id\":\"https:\/\/flightradar.flights\/fi\/#website\"},\"primaryImageOfPage\":{\"@id\":\"https:\/\/flightradar.flights\/fi\/lennon-seuranta\/#primaryimage\"},\"image\":{\"@id\":\"https:\/\/flightradar.flights\/fi\/lennon-seuranta\/#primaryimage\"},\"thumbnailUrl\":\"https:\/\/flightradar.flights\/content\/uploads\/2022\/01\/Logo150x150.jpg\",\"datePublished\":\"2021-04-22T11:44:23+00:00\",\"dateModified\":\"2025-04-07T09:25:03+00:00\",\"description\":\"Lennon seurannan avulla voit seurata mit\u00e4 tahansa lentokonetta maailmanlaajuisesti ja m\u00e4\u00e4ritt\u00e4\u00e4 sen nykyisen sijainnin.\",\"breadcrumb\":{\"@id\":\"https:\/\/flightradar.flights\/fi\/lennon-seuranta\/#breadcrumb\"},\"inLanguage\":\"fi\",\"potentialAction\":[{\"@type\":\"ReadAction\",\"target\":[\"https:\/\/flightradar.flights\/fi\/lennon-seuranta\/\"]}]},{\"@type\":\"ImageObject\",\"inLanguage\":\"fi\",\"@id\":\"https:\/\/flightradar.flights\/fi\/lennon-seuranta\/#primaryimage\",\"url\":\"https:\/\/flightradar.flights\/content\/uploads\/2022\/01\/Logo150x150.jpg\",\"contentUrl\":\"https:\/\/flightradar.flights\/content\/uploads\/2022\/01\/Logo150x150.jpg\",\"width\":150,\"height\":150},{\"@type\":\"BreadcrumbList\",\"@id\":\"https:\/\/flightradar.flights\/fi\/lennon-seuranta\/#breadcrumb\",\"itemListElement\":[{\"@type\":\"ListItem\",\"position\":1,\"name\":\"Startseite\",\"item\":\"https:\/\/flightradar.flights\/fi\/\"},{\"@type\":\"ListItem\",\"position\":2,\"name\":\"Lennon seuranta\"}]},{\"@type\":\"WebSite\",\"@id\":\"https:\/\/flightradar.flights\/fi\/#website\",\"url\":\"https:\/\/flightradar.flights\/fi\/\",\"name\":\"flightradar.flights\",\"description\":\"\",\"publisher\":{\"@id\":\"https:\/\/flightradar.flights\/fi\/#organization\"},\"potentialAction\":[{\"@type\":\"SearchAction\",\"target\":{\"@type\":\"EntryPoint\",\"urlTemplate\":\"https:\/\/flightradar.flights\/fi\/?s={search_term_string}\"},\"query-input\":{\"@type\":\"PropertyValueSpecification\",\"valueRequired\":true,\"valueName\":\"search_term_string\"}}],\"inLanguage\":\"fi\"},{\"@type\":\"Organization\",\"@id\":\"https:\/\/flightradar.flights\/fi\/#organization\",\"name\":\"flightradar.flights\",\"url\":\"https:\/\/flightradar.flights\/fi\/\",\"logo\":{\"@type\":\"ImageObject\",\"inLanguage\":\"fi\",\"@id\":\"https:\/\/flightradar.flights\/fi\/#\/schema\/logo\/image\/\",\"url\":\"https:\/\/flightradar.flights\/content\/uploads\/2022\/01\/Logo150x150.jpg\",\"contentUrl\":\"https:\/\/flightradar.flights\/content\/uploads\/2022\/01\/Logo150x150.jpg\",\"width\":150,\"height\":150,\"caption\":\"flightradar.flights\"},\"image\":{\"@id\":\"https:\/\/flightradar.flights\/fi\/#\/schema\/logo\/image\/\"}}]}<\/script>\n<!-- \/ Yoast SEO plugin. -->","yoast_head_json":{"title":"Lennon seuranta - Seuraa mit\u00e4 tahansa lentokonetta kartalla","description":"Lennon seurannan avulla voit seurata mit\u00e4 tahansa lentokonetta maailmanlaajuisesti ja m\u00e4\u00e4ritt\u00e4\u00e4 sen nykyisen sijainnin.","robots":{"index":"index","follow":"follow","max-snippet":"max-snippet:-1","max-image-preview":"max-image-preview:large","max-video-preview":"max-video-preview:-1"},"canonical":"https:\/\/flightradar.flights\/fi\/lennon-seuranta\/","og_locale":"fi_FI","og_type":"article","og_title":"Lennon seuranta - Seuraa mit\u00e4 tahansa lentokonetta kartalla","og_description":"Lennon seurannan avulla voit seurata mit\u00e4 tahansa lentokonetta maailmanlaajuisesti ja m\u00e4\u00e4ritt\u00e4\u00e4 sen nykyisen sijainnin.","og_url":"https:\/\/flightradar.flights\/fi\/lennon-seuranta\/","og_site_name":"flightradar.flights","article_modified_time":"2025-04-07T09:25:03+00:00","og_image":[{"width":150,"height":150,"url":"https:\/\/flightradar.flights\/content\/uploads\/2022\/01\/Logo150x150.jpg","type":"image\/jpeg"}],"twitter_card":"summary_large_image","twitter_misc":{"Arvioitu lukuaika":"3 minuuttia"},"schema":{"@context":"https:\/\/schema.org","@graph":[{"@type":"WebPage","@id":"https:\/\/flightradar.flights\/fi\/lennon-seuranta\/","url":"https:\/\/flightradar.flights\/fi\/lennon-seuranta\/","name":"Lennon seuranta - Seuraa mit\u00e4 tahansa lentokonetta kartalla","isPartOf":{"@id":"https:\/\/flightradar.flights\/fi\/#website"},"primaryImageOfPage":{"@id":"https:\/\/flightradar.flights\/fi\/lennon-seuranta\/#primaryimage"},"image":{"@id":"https:\/\/flightradar.flights\/fi\/lennon-seuranta\/#primaryimage"},"thumbnailUrl":"https:\/\/flightradar.flights\/content\/uploads\/2022\/01\/Logo150x150.jpg","datePublished":"2021-04-22T11:44:23+00:00","dateModified":"2025-04-07T09:25:03+00:00","description":"Lennon seurannan avulla voit seurata mit\u00e4 tahansa lentokonetta maailmanlaajuisesti ja m\u00e4\u00e4ritt\u00e4\u00e4 sen nykyisen sijainnin.","breadcrumb":{"@id":"https:\/\/flightradar.flights\/fi\/lennon-seuranta\/#breadcrumb"},"inLanguage":"fi","potentialAction":[{"@type":"ReadAction","target":["https:\/\/flightradar.flights\/fi\/lennon-seuranta\/"]}]},{"@type":"ImageObject","inLanguage":"fi","@id":"https:\/\/flightradar.flights\/fi\/lennon-seuranta\/#primaryimage","url":"https:\/\/flightradar.flights\/content\/uploads\/2022\/01\/Logo150x150.jpg","contentUrl":"https:\/\/flightradar.flights\/content\/uploads\/2022\/01\/Logo150x150.jpg","width":150,"height":150},{"@type":"BreadcrumbList","@id":"https:\/\/flightradar.flights\/fi\/lennon-seuranta\/#breadcrumb","itemListElement":[{"@type":"ListItem","position":1,"name":"Startseite","item":"https:\/\/flightradar.flights\/fi\/"},{"@type":"ListItem","position":2,"name":"Lennon seuranta"}]},{"@type":"WebSite","@id":"https:\/\/flightradar.flights\/fi\/#website","url":"https:\/\/flightradar.flights\/fi\/","name":"flightradar.flights","description":"","publisher":{"@id":"https:\/\/flightradar.flights\/fi\/#organization"},"potentialAction":[{"@type":"SearchAction","target":{"@type":"EntryPoint","urlTemplate":"https:\/\/flightradar.flights\/fi\/?s={search_term_string}"},"query-input":{"@type":"PropertyValueSpecification","valueRequired":true,"valueName":"search_term_string"}}],"inLanguage":"fi"},{"@type":"Organization","@id":"https:\/\/flightradar.flights\/fi\/#organization","name":"flightradar.flights","url":"https:\/\/flightradar.flights\/fi\/","logo":{"@type":"ImageObject","inLanguage":"fi","@id":"https:\/\/flightradar.flights\/fi\/#\/schema\/logo\/image\/","url":"https:\/\/flightradar.flights\/content\/uploads\/2022\/01\/Logo150x150.jpg","contentUrl":"https:\/\/flightradar.flights\/content\/uploads\/2022\/01\/Logo150x150.jpg","width":150,"height":150,"caption":"flightradar.flights"},"image":{"@id":"https:\/\/flightradar.flights\/fi\/#\/schema\/logo\/image\/"}}]}},"_links":{"self":[{"href":"https:\/\/flightradar.flights\/fi\/wp-json\/wp\/v2\/pages\/2471","targetHints":{"allow":["GET"]}}],"collection":[{"href":"https:\/\/flightradar.flights\/fi\/wp-json\/wp\/v2\/pages"}],"about":[{"href":"https:\/\/flightradar.flights\/fi\/wp-json\/wp\/v2\/types\/page"}],"author":[{"embeddable":true,"href":"https:\/\/flightradar.flights\/fi\/wp-json\/wp\/v2\/users\/1"}],"replies":[{"embeddable":true,"href":"https:\/\/flightradar.flights\/fi\/wp-json\/wp\/v2\/comments?post=2471"}],"version-history":[{"count":0,"href":"https:\/\/flightradar.flights\/fi\/wp-json\/wp\/v2\/pages\/2471\/revisions"}],"wp:featuredmedia":[{"embeddable":true,"href":"https:\/\/flightradar.flights\/fi\/wp-json\/wp\/v2\/media\/2364"}],"wp:attachment":[{"href":"https:\/\/flightradar.flights\/fi\/wp-json\/wp\/v2\/media?parent=2471"}],"curies":[{"name":"wp","href":"https:\/\/api.w.org\/{rel}","templated":true}]}}