{"id":1093,"date":"2021-05-21T11:37:21","date_gmt":"2021-05-21T09:37:21","guid":{"rendered":"https:\/\/flightradar.flights\/faq\/"},"modified":"2022-01-06T11:16:27","modified_gmt":"2022-01-06T09:16:27","slug":"faq","status":"publish","type":"page","link":"https:\/\/flightradar.flights\/fi\/faq\/","title":{"rendered":"FAQ &#8211; Usein kysytyt kysymykset"},"content":{"rendered":"\n<div style=\"height:100px\" aria-hidden=\"true\" class=\"wp-block-spacer\"><\/div>\n\n\n\n<h1 class=\"has-text-align-center wp-block-heading\"><strong>FAQ &#8211; Usein kysytyt kysymykset<\/strong><\/h1>\n\n\n\n<div style=\"height:100px\" aria-hidden=\"true\" class=\"wp-block-spacer\"><\/div>\n\n\n\n<div class=\"schema-faq wp-block-yoast-faq-block\"><div class=\"schema-faq-section\" id=\"faq-question-1621587381797\"><strong class=\"schema-faq-question\">Onko Flightradar.flights ilmainen?<\/strong> <p class=\"schema-faq-answer\">Flightradar.flights voidaan k\u00e4ytt\u00e4\u00e4 maksutta perustoiminnoissa.<\/p> <\/div> <div class=\"schema-faq-section\" id=\"faq-question-1621587493412\"><strong class=\"schema-faq-question\">Miksi lentotutka ei n\u00e4yt\u00e4 lentokoneita?<\/strong> <p class=\"schema-faq-answer\">Varmista, ett\u00e4 et ole incognito-tilassa selaimesi kanssa. Incognito-tila est\u00e4\u00e4 tiettyjen tietojen suorittamisen, jotka ovat v\u00e4ltt\u00e4m\u00e4tt\u00f6mi\u00e4 lentotutkan t\u00e4ydelliseksi toteuttamiseksi.<\/p> <\/div> <div class=\"schema-faq-section\" id=\"faq-question-1621587643877\"><strong class=\"schema-faq-question\">Onko lentotutka reaaliajassa?<\/strong> <p class=\"schema-faq-answer\">Lentotutka n\u00e4ytt\u00e4\u00e4 nykyisen lentoliikenteen reaaliajassa.<\/p> <\/div> <div class=\"schema-faq-section\" id=\"faq-question-1621587688776\"><strong class=\"schema-faq-question\">Kuinka voin seurata lentoa?<\/strong> <p class=\"schema-faq-answer\">K\u00e4yt\u00e4 lentotutkassa hiiren vasenta painiketta tai \u00e4lypuhelimen sormea \u200b\u200bvalitaksesi lentokone sen seuraamiseksi. Voit my\u00f6s sy\u00f6tt\u00e4\u00e4 kelvollisen lentonumeron hakupalkkiin.<\/p> <\/div> <div class=\"schema-faq-section\" id=\"faq-question-1621587801464\"><strong class=\"schema-faq-question\">Mist\u00e4 l\u00f6yd\u00e4n lentonumeroni?<\/strong> <p class=\"schema-faq-answer\">Sinun pit\u00e4isi l\u00f6yt\u00e4\u00e4 lentosi numero lentolipuista. T\u00e4m\u00e4 koostuu yleens\u00e4 4-6-numeroisista numeroista \/ kirjaimista.<\/p> <\/div> <div class=\"schema-faq-section\" id=\"faq-question-1621587936810\"><strong class=\"schema-faq-question\">Mit\u00e4 siniset lentokoneet tarkoittavat lentotutkassa?<\/strong> <p class=\"schema-faq-answer\">Sinisell\u00e4 ilma-alusta seurataan ADS-B: ll\u00e4 satelliitin kautta. Enimm\u00e4kseen t\u00e4t\u00e4 k\u00e4ytet\u00e4\u00e4n valtamerien yli.<\/p> <\/div> <div class=\"schema-faq-section\" id=\"faq-question-1621588115032\"><strong class=\"schema-faq-question\">Mit\u00e4 tietoja saan lentotutkasta?<\/strong> <p class=\"schema-faq-answer\">Lentotutkasta n\u00e4et lentokonetyypin, l\u00e4ht\u00f6paikan sek\u00e4 saapumis-, l\u00e4ht\u00f6- ja saapumisajan. N\u00e4et my\u00f6s lentokoneen sijainnin ja lentoreitin.<\/p> <\/div> <\/div>\n\n\n\n<div style=\"height:100px\" aria-hidden=\"true\" class=\"wp-block-spacer\"><\/div>\n\n\n\n<script async src=\"https:\/\/pagead2.googlesyndication.com\/pagead\/js\/adsbygoogle.js?client=ca-pub-8699335927299131\"\n     crossorigin=\"anonymous\"><\/script>\n<!-- F.F Display Other -->\n<ins class=\"adsbygoogle\"\n     style=\"display:block\"\n     data-ad-client=\"ca-pub-8699335927299131\"\n     data-ad-slot=\"5660843060\"\n     data-ad-format=\"auto\"\n     data-full-width-responsive=\"true\"><\/ins>\n<script>\n     (adsbygoogle = window.adsbygoogle || []).push({});\n<\/script>\n","protected":false},"excerpt":{"rendered":"<p>FAQ &#8211; Usein kysytyt kysymykset<\/p>\n","protected":false},"author":1,"featured_media":0,"parent":0,"menu_order":0,"comment_status":"open","ping_status":"closed","template":"","meta":{"footnotes":""},"class_list":["post-1093","page","type-page","status-publish"],"yoast_head":"<!-- This site is optimized with the Yoast SEO plugin v27.2 - https:\/\/yoast.com\/product\/yoast-seo-wordpress\/ -->\n<title>FAQ - Usein kysytyt kysymykset - flightradar.flights<\/title>\n<meta name=\"description\" content=\"Flightradar.flights Usein kysyttyj\u00e4 kysymyksi\u00e4 tutkasta ja lennon seurannasta.\" \/>\n<meta name=\"robots\" content=\"index, follow, max-snippet:-1, max-image-preview:large, max-video-preview:-1\" \/>\n<link rel=\"canonical\" href=\"https:\/\/flightradar.flights\/fi\/faq\/\" \/>\n<meta property=\"og:locale\" content=\"fi_FI\" \/>\n<meta property=\"og:type\" content=\"article\" \/>\n<meta property=\"og:title\" content=\"FAQ - Usein kysytyt kysymykset - flightradar.flights\" \/>\n<meta property=\"og:description\" content=\"Flightradar.flights Usein kysyttyj\u00e4 kysymyksi\u00e4 tutkasta ja lennon seurannasta.\" \/>\n<meta property=\"og:url\" content=\"https:\/\/flightradar.flights\/fi\/faq\/\" \/>\n<meta property=\"og:site_name\" content=\"flightradar.flights\" \/>\n<meta property=\"article:modified_time\" content=\"2022-01-06T09:16:27+00:00\" \/>\n<meta property=\"og:image\" content=\"https:\/\/flightradar.flights\/content\/uploads\/2022\/01\/Logo200x200.jpg\" \/>\n\t<meta property=\"og:image:width\" content=\"200\" \/>\n\t<meta property=\"og:image:height\" content=\"200\" \/>\n\t<meta property=\"og:image:type\" content=\"image\/jpeg\" \/>\n<meta name=\"twitter:card\" content=\"summary_large_image\" \/>\n<meta name=\"twitter:label1\" content=\"Arvioitu lukuaika\" \/>\n\t<meta name=\"twitter:data1\" content=\"1 minuutti\" \/>\n<script type=\"application\/ld+json\" class=\"yoast-schema-graph\">{\"@context\":\"https:\/\/schema.org\",\"@graph\":[{\"@type\":[\"WebPage\",\"FAQPage\"],\"@id\":\"https:\/\/flightradar.flights\/fi\/faq\/\",\"url\":\"https:\/\/flightradar.flights\/fi\/faq\/\",\"name\":\"FAQ - Usein kysytyt kysymykset - flightradar.flights\",\"isPartOf\":{\"@id\":\"https:\/\/flightradar.flights\/fi\/#website\"},\"datePublished\":\"2021-05-21T09:37:21+00:00\",\"dateModified\":\"2022-01-06T09:16:27+00:00\",\"description\":\"Flightradar.flights Usein kysyttyj\u00e4 kysymyksi\u00e4 tutkasta ja lennon seurannasta.\",\"breadcrumb\":{\"@id\":\"https:\/\/flightradar.flights\/fi\/faq\/#breadcrumb\"},\"mainEntity\":[{\"@id\":\"https:\/\/flightradar.flights\/fi\/faq\/#faq-question-1621587381797\"},{\"@id\":\"https:\/\/flightradar.flights\/fi\/faq\/#faq-question-1621587493412\"},{\"@id\":\"https:\/\/flightradar.flights\/fi\/faq\/#faq-question-1621587643877\"},{\"@id\":\"https:\/\/flightradar.flights\/fi\/faq\/#faq-question-1621587688776\"},{\"@id\":\"https:\/\/flightradar.flights\/fi\/faq\/#faq-question-1621587801464\"},{\"@id\":\"https:\/\/flightradar.flights\/fi\/faq\/#faq-question-1621587936810\"},{\"@id\":\"https:\/\/flightradar.flights\/fi\/faq\/#faq-question-1621588115032\"}],\"inLanguage\":\"fi\",\"potentialAction\":[{\"@type\":\"ReadAction\",\"target\":[\"https:\/\/flightradar.flights\/fi\/faq\/\"]}]},{\"@type\":\"BreadcrumbList\",\"@id\":\"https:\/\/flightradar.flights\/fi\/faq\/#breadcrumb\",\"itemListElement\":[{\"@type\":\"ListItem\",\"position\":1,\"name\":\"Startseite\",\"item\":\"https:\/\/flightradar.flights\/fi\/\"},{\"@type\":\"ListItem\",\"position\":2,\"name\":\"FAQ &#8211; Usein kysytyt kysymykset\"}]},{\"@type\":\"WebSite\",\"@id\":\"https:\/\/flightradar.flights\/fi\/#website\",\"url\":\"https:\/\/flightradar.flights\/fi\/\",\"name\":\"flightradar.flights\",\"description\":\"\",\"publisher\":{\"@id\":\"https:\/\/flightradar.flights\/fi\/#organization\"},\"potentialAction\":[{\"@type\":\"SearchAction\",\"target\":{\"@type\":\"EntryPoint\",\"urlTemplate\":\"https:\/\/flightradar.flights\/fi\/?s={search_term_string}\"},\"query-input\":{\"@type\":\"PropertyValueSpecification\",\"valueRequired\":true,\"valueName\":\"search_term_string\"}}],\"inLanguage\":\"fi\"},{\"@type\":\"Organization\",\"@id\":\"https:\/\/flightradar.flights\/fi\/#organization\",\"name\":\"flightradar.flights\",\"url\":\"https:\/\/flightradar.flights\/fi\/\",\"logo\":{\"@type\":\"ImageObject\",\"inLanguage\":\"fi\",\"@id\":\"https:\/\/flightradar.flights\/fi\/#\/schema\/logo\/image\/\",\"url\":\"https:\/\/flightradar.flights\/content\/uploads\/2022\/01\/Logo150x150.jpg\",\"contentUrl\":\"https:\/\/flightradar.flights\/content\/uploads\/2022\/01\/Logo150x150.jpg\",\"width\":150,\"height\":150,\"caption\":\"flightradar.flights\"},\"image\":{\"@id\":\"https:\/\/flightradar.flights\/fi\/#\/schema\/logo\/image\/\"}},{\"@type\":\"Question\",\"@id\":\"https:\/\/flightradar.flights\/fi\/faq\/#faq-question-1621587381797\",\"position\":1,\"url\":\"https:\/\/flightradar.flights\/fi\/faq\/#faq-question-1621587381797\",\"name\":\"Onko Flightradar.flights ilmainen?\",\"answerCount\":1,\"acceptedAnswer\":{\"@type\":\"Answer\",\"text\":\"Flightradar.flights voidaan k\u00e4ytt\u00e4\u00e4 maksutta perustoiminnoissa.\",\"inLanguage\":\"fi\"},\"inLanguage\":\"fi\"},{\"@type\":\"Question\",\"@id\":\"https:\/\/flightradar.flights\/fi\/faq\/#faq-question-1621587493412\",\"position\":2,\"url\":\"https:\/\/flightradar.flights\/fi\/faq\/#faq-question-1621587493412\",\"name\":\"Miksi lentotutka ei n\u00e4yt\u00e4 lentokoneita?\",\"answerCount\":1,\"acceptedAnswer\":{\"@type\":\"Answer\",\"text\":\"Varmista, ett\u00e4 et ole incognito-tilassa selaimesi kanssa. Incognito-tila est\u00e4\u00e4 tiettyjen tietojen suorittamisen, jotka ovat v\u00e4ltt\u00e4m\u00e4tt\u00f6mi\u00e4 lentotutkan t\u00e4ydelliseksi toteuttamiseksi.\",\"inLanguage\":\"fi\"},\"inLanguage\":\"fi\"},{\"@type\":\"Question\",\"@id\":\"https:\/\/flightradar.flights\/fi\/faq\/#faq-question-1621587643877\",\"position\":3,\"url\":\"https:\/\/flightradar.flights\/fi\/faq\/#faq-question-1621587643877\",\"name\":\"Onko lentotutka reaaliajassa?\",\"answerCount\":1,\"acceptedAnswer\":{\"@type\":\"Answer\",\"text\":\"Lentotutka n\u00e4ytt\u00e4\u00e4 nykyisen lentoliikenteen reaaliajassa.\",\"inLanguage\":\"fi\"},\"inLanguage\":\"fi\"},{\"@type\":\"Question\",\"@id\":\"https:\/\/flightradar.flights\/fi\/faq\/#faq-question-1621587688776\",\"position\":4,\"url\":\"https:\/\/flightradar.flights\/fi\/faq\/#faq-question-1621587688776\",\"name\":\"Kuinka voin seurata lentoa?\",\"answerCount\":1,\"acceptedAnswer\":{\"@type\":\"Answer\",\"text\":\"K\u00e4yt\u00e4 lentotutkassa hiiren vasenta painiketta tai \u00e4lypuhelimen sormea \u200b\u200bvalitaksesi lentokone sen seuraamiseksi. Voit my\u00f6s sy\u00f6tt\u00e4\u00e4 kelvollisen lentonumeron hakupalkkiin.\",\"inLanguage\":\"fi\"},\"inLanguage\":\"fi\"},{\"@type\":\"Question\",\"@id\":\"https:\/\/flightradar.flights\/fi\/faq\/#faq-question-1621587801464\",\"position\":5,\"url\":\"https:\/\/flightradar.flights\/fi\/faq\/#faq-question-1621587801464\",\"name\":\"Mist\u00e4 l\u00f6yd\u00e4n lentonumeroni?\",\"answerCount\":1,\"acceptedAnswer\":{\"@type\":\"Answer\",\"text\":\"Sinun pit\u00e4isi l\u00f6yt\u00e4\u00e4 lentosi numero lentolipuista. T\u00e4m\u00e4 koostuu yleens\u00e4 4-6-numeroisista numeroista \/ kirjaimista.\",\"inLanguage\":\"fi\"},\"inLanguage\":\"fi\"},{\"@type\":\"Question\",\"@id\":\"https:\/\/flightradar.flights\/fi\/faq\/#faq-question-1621587936810\",\"position\":6,\"url\":\"https:\/\/flightradar.flights\/fi\/faq\/#faq-question-1621587936810\",\"name\":\"Mit\u00e4 siniset lentokoneet tarkoittavat lentotutkassa?\",\"answerCount\":1,\"acceptedAnswer\":{\"@type\":\"Answer\",\"text\":\"Sinisell\u00e4 ilma-alusta seurataan ADS-B: ll\u00e4 satelliitin kautta. Enimm\u00e4kseen t\u00e4t\u00e4 k\u00e4ytet\u00e4\u00e4n valtamerien yli.\",\"inLanguage\":\"fi\"},\"inLanguage\":\"fi\"},{\"@type\":\"Question\",\"@id\":\"https:\/\/flightradar.flights\/fi\/faq\/#faq-question-1621588115032\",\"position\":7,\"url\":\"https:\/\/flightradar.flights\/fi\/faq\/#faq-question-1621588115032\",\"name\":\"Mit\u00e4 tietoja saan lentotutkasta?\",\"answerCount\":1,\"acceptedAnswer\":{\"@type\":\"Answer\",\"text\":\"Lentotutkasta n\u00e4et lentokonetyypin, l\u00e4ht\u00f6paikan sek\u00e4 saapumis-, l\u00e4ht\u00f6- ja saapumisajan. N\u00e4et my\u00f6s lentokoneen sijainnin ja lentoreitin.\",\"inLanguage\":\"fi\"},\"inLanguage\":\"fi\"}]}<\/script>\n<!-- \/ Yoast SEO plugin. -->","yoast_head_json":{"title":"FAQ - Usein kysytyt kysymykset - flightradar.flights","description":"Flightradar.flights Usein kysyttyj\u00e4 kysymyksi\u00e4 tutkasta ja lennon seurannasta.","robots":{"index":"index","follow":"follow","max-snippet":"max-snippet:-1","max-image-preview":"max-image-preview:large","max-video-preview":"max-video-preview:-1"},"canonical":"https:\/\/flightradar.flights\/fi\/faq\/","og_locale":"fi_FI","og_type":"article","og_title":"FAQ - Usein kysytyt kysymykset - flightradar.flights","og_description":"Flightradar.flights Usein kysyttyj\u00e4 kysymyksi\u00e4 tutkasta ja lennon seurannasta.","og_url":"https:\/\/flightradar.flights\/fi\/faq\/","og_site_name":"flightradar.flights","article_modified_time":"2022-01-06T09:16:27+00:00","og_image":[{"width":200,"height":200,"url":"https:\/\/flightradar.flights\/content\/uploads\/2022\/01\/Logo200x200.jpg","type":"image\/jpeg"}],"twitter_card":"summary_large_image","twitter_misc":{"Arvioitu lukuaika":"1 minuutti"},"schema":{"@context":"https:\/\/schema.org","@graph":[{"@type":["WebPage","FAQPage"],"@id":"https:\/\/flightradar.flights\/fi\/faq\/","url":"https:\/\/flightradar.flights\/fi\/faq\/","name":"FAQ - Usein kysytyt kysymykset - flightradar.flights","isPartOf":{"@id":"https:\/\/flightradar.flights\/fi\/#website"},"datePublished":"2021-05-21T09:37:21+00:00","dateModified":"2022-01-06T09:16:27+00:00","description":"Flightradar.flights Usein kysyttyj\u00e4 kysymyksi\u00e4 tutkasta ja lennon seurannasta.","breadcrumb":{"@id":"https:\/\/flightradar.flights\/fi\/faq\/#breadcrumb"},"mainEntity":[{"@id":"https:\/\/flightradar.flights\/fi\/faq\/#faq-question-1621587381797"},{"@id":"https:\/\/flightradar.flights\/fi\/faq\/#faq-question-1621587493412"},{"@id":"https:\/\/flightradar.flights\/fi\/faq\/#faq-question-1621587643877"},{"@id":"https:\/\/flightradar.flights\/fi\/faq\/#faq-question-1621587688776"},{"@id":"https:\/\/flightradar.flights\/fi\/faq\/#faq-question-1621587801464"},{"@id":"https:\/\/flightradar.flights\/fi\/faq\/#faq-question-1621587936810"},{"@id":"https:\/\/flightradar.flights\/fi\/faq\/#faq-question-1621588115032"}],"inLanguage":"fi","potentialAction":[{"@type":"ReadAction","target":["https:\/\/flightradar.flights\/fi\/faq\/"]}]},{"@type":"BreadcrumbList","@id":"https:\/\/flightradar.flights\/fi\/faq\/#breadcrumb","itemListElement":[{"@type":"ListItem","position":1,"name":"Startseite","item":"https:\/\/flightradar.flights\/fi\/"},{"@type":"ListItem","position":2,"name":"FAQ &#8211; Usein kysytyt kysymykset"}]},{"@type":"WebSite","@id":"https:\/\/flightradar.flights\/fi\/#website","url":"https:\/\/flightradar.flights\/fi\/","name":"flightradar.flights","description":"","publisher":{"@id":"https:\/\/flightradar.flights\/fi\/#organization"},"potentialAction":[{"@type":"SearchAction","target":{"@type":"EntryPoint","urlTemplate":"https:\/\/flightradar.flights\/fi\/?s={search_term_string}"},"query-input":{"@type":"PropertyValueSpecification","valueRequired":true,"valueName":"search_term_string"}}],"inLanguage":"fi"},{"@type":"Organization","@id":"https:\/\/flightradar.flights\/fi\/#organization","name":"flightradar.flights","url":"https:\/\/flightradar.flights\/fi\/","logo":{"@type":"ImageObject","inLanguage":"fi","@id":"https:\/\/flightradar.flights\/fi\/#\/schema\/logo\/image\/","url":"https:\/\/flightradar.flights\/content\/uploads\/2022\/01\/Logo150x150.jpg","contentUrl":"https:\/\/flightradar.flights\/content\/uploads\/2022\/01\/Logo150x150.jpg","width":150,"height":150,"caption":"flightradar.flights"},"image":{"@id":"https:\/\/flightradar.flights\/fi\/#\/schema\/logo\/image\/"}},{"@type":"Question","@id":"https:\/\/flightradar.flights\/fi\/faq\/#faq-question-1621587381797","position":1,"url":"https:\/\/flightradar.flights\/fi\/faq\/#faq-question-1621587381797","name":"Onko Flightradar.flights ilmainen?","answerCount":1,"acceptedAnswer":{"@type":"Answer","text":"Flightradar.flights voidaan k\u00e4ytt\u00e4\u00e4 maksutta perustoiminnoissa.","inLanguage":"fi"},"inLanguage":"fi"},{"@type":"Question","@id":"https:\/\/flightradar.flights\/fi\/faq\/#faq-question-1621587493412","position":2,"url":"https:\/\/flightradar.flights\/fi\/faq\/#faq-question-1621587493412","name":"Miksi lentotutka ei n\u00e4yt\u00e4 lentokoneita?","answerCount":1,"acceptedAnswer":{"@type":"Answer","text":"Varmista, ett\u00e4 et ole incognito-tilassa selaimesi kanssa. Incognito-tila est\u00e4\u00e4 tiettyjen tietojen suorittamisen, jotka ovat v\u00e4ltt\u00e4m\u00e4tt\u00f6mi\u00e4 lentotutkan t\u00e4ydelliseksi toteuttamiseksi.","inLanguage":"fi"},"inLanguage":"fi"},{"@type":"Question","@id":"https:\/\/flightradar.flights\/fi\/faq\/#faq-question-1621587643877","position":3,"url":"https:\/\/flightradar.flights\/fi\/faq\/#faq-question-1621587643877","name":"Onko lentotutka reaaliajassa?","answerCount":1,"acceptedAnswer":{"@type":"Answer","text":"Lentotutka n\u00e4ytt\u00e4\u00e4 nykyisen lentoliikenteen reaaliajassa.","inLanguage":"fi"},"inLanguage":"fi"},{"@type":"Question","@id":"https:\/\/flightradar.flights\/fi\/faq\/#faq-question-1621587688776","position":4,"url":"https:\/\/flightradar.flights\/fi\/faq\/#faq-question-1621587688776","name":"Kuinka voin seurata lentoa?","answerCount":1,"acceptedAnswer":{"@type":"Answer","text":"K\u00e4yt\u00e4 lentotutkassa hiiren vasenta painiketta tai \u00e4lypuhelimen sormea \u200b\u200bvalitaksesi lentokone sen seuraamiseksi. Voit my\u00f6s sy\u00f6tt\u00e4\u00e4 kelvollisen lentonumeron hakupalkkiin.","inLanguage":"fi"},"inLanguage":"fi"},{"@type":"Question","@id":"https:\/\/flightradar.flights\/fi\/faq\/#faq-question-1621587801464","position":5,"url":"https:\/\/flightradar.flights\/fi\/faq\/#faq-question-1621587801464","name":"Mist\u00e4 l\u00f6yd\u00e4n lentonumeroni?","answerCount":1,"acceptedAnswer":{"@type":"Answer","text":"Sinun pit\u00e4isi l\u00f6yt\u00e4\u00e4 lentosi numero lentolipuista. T\u00e4m\u00e4 koostuu yleens\u00e4 4-6-numeroisista numeroista \/ kirjaimista.","inLanguage":"fi"},"inLanguage":"fi"},{"@type":"Question","@id":"https:\/\/flightradar.flights\/fi\/faq\/#faq-question-1621587936810","position":6,"url":"https:\/\/flightradar.flights\/fi\/faq\/#faq-question-1621587936810","name":"Mit\u00e4 siniset lentokoneet tarkoittavat lentotutkassa?","answerCount":1,"acceptedAnswer":{"@type":"Answer","text":"Sinisell\u00e4 ilma-alusta seurataan ADS-B: ll\u00e4 satelliitin kautta. Enimm\u00e4kseen t\u00e4t\u00e4 k\u00e4ytet\u00e4\u00e4n valtamerien yli.","inLanguage":"fi"},"inLanguage":"fi"},{"@type":"Question","@id":"https:\/\/flightradar.flights\/fi\/faq\/#faq-question-1621588115032","position":7,"url":"https:\/\/flightradar.flights\/fi\/faq\/#faq-question-1621588115032","name":"Mit\u00e4 tietoja saan lentotutkasta?","answerCount":1,"acceptedAnswer":{"@type":"Answer","text":"Lentotutkasta n\u00e4et lentokonetyypin, l\u00e4ht\u00f6paikan sek\u00e4 saapumis-, l\u00e4ht\u00f6- ja saapumisajan. N\u00e4et my\u00f6s lentokoneen sijainnin ja lentoreitin.","inLanguage":"fi"},"inLanguage":"fi"}]}},"_links":{"self":[{"href":"https:\/\/flightradar.flights\/fi\/wp-json\/wp\/v2\/pages\/1093","targetHints":{"allow":["GET"]}}],"collection":[{"href":"https:\/\/flightradar.flights\/fi\/wp-json\/wp\/v2\/pages"}],"about":[{"href":"https:\/\/flightradar.flights\/fi\/wp-json\/wp\/v2\/types\/page"}],"author":[{"embeddable":true,"href":"https:\/\/flightradar.flights\/fi\/wp-json\/wp\/v2\/users\/1"}],"replies":[{"embeddable":true,"href":"https:\/\/flightradar.flights\/fi\/wp-json\/wp\/v2\/comments?post=1093"}],"version-history":[{"count":0,"href":"https:\/\/flightradar.flights\/fi\/wp-json\/wp\/v2\/pages\/1093\/revisions"}],"wp:attachment":[{"href":"https:\/\/flightradar.flights\/fi\/wp-json\/wp\/v2\/media?parent=1093"}],"curies":[{"name":"wp","href":"https:\/\/api.w.org\/{rel}","templated":true}]}}