{"id":593,"date":"2021-04-28T17:45:23","date_gmt":"2021-04-28T15:45:23","guid":{"rendered":"https:\/\/flightradar.flights\/?page_id=593"},"modified":"2021-04-28T17:45:23","modified_gmt":"2021-04-28T15:45:23","slug":"aviso-legal","status":"publish","type":"page","link":"https:\/\/flightradar.flights\/es\/aviso-legal\/","title":{"rendered":"Aviso Legal"},"content":{"rendered":"\n<p>Seg\u00fan \u00a7 5 TMG:<br>Operador del portal<br>Marketing de MTM<\/p>\n\n\n\n<p>Martin Mrosek<br>Bruktererhang 19<\/p>\n\n\n\n<p>45277 Essen<\/p>\n\n\n\n<p>Alemania<\/p>\n\n\n\n<p>Identificaci\u00f3n del impuesto<\/p>\n\n\n\n<p>N\u00famero de identificaci\u00f3n del impuesto sobre las ventas de acuerdo con \u00a727 una ley de impuestos sobre las ventas:<br>DE (3) 13 729 250<\/p>\n\n\n\n<p>Correo electr\u00f3nico de contacto: Info [at] flightradar [dot] vuelos<\/p>\n\n\n\n<p>Tel\u00e9fono: [+49] 176 43537-798<\/p>\n\n\n\n<p>Nota sobre los datos de contacto:<\/p>\n\n\n\n<p>Los datos de contacto proporcionados aqu\u00ed solo pueden ser contactados por usted con inquietudes relevantes que est\u00e9n relacionadas con los productos o servicios ofrecidos por el operador de este sitio web. Esto tambi\u00e9n incluye un inter\u00e9s comercial.<\/p>\n\n\n\n<p>En caso de uso indebido (mal uso) de los datos de contacto proporcionados aqu\u00ed, el operador de este sitio web planea iniciar acciones legales. Tampoco est\u00e1 permitido transmitir o procesar estos datos sin el consentimiento del operador.<\/p>\n\n\n\n<p>El mal uso se produce cuando el operador se ve perjudicado por el uso de los datos de contacto por parte de terceros.<\/p>\n\n\n\n<p>Nota sobre la resoluci\u00f3n de disputas de la UE:<\/p>\n\n\n\n<p>La Comisi\u00f3n Europea proporciona una plataforma para la resoluci\u00f3n de disputas (SO) en l\u00ednea: http:\/\/ec.europa.eu\/consumers\/odr<br>Puede encontrar nuestra direcci\u00f3n de correo electr\u00f3nico en el aviso legal anterior.<\/p>\n\n\n\n<p>Fuentes de las im\u00e1genes y gr\u00e1ficos utilizados:<\/p>\n\n\n\n<p>adobe.stock<\/p>\n\n\n\n<p>Descargo de responsabilidad:<br>Responsabilidad por el contenido<\/p>\n\n\n\n<p>Los contenidos de nuestras p\u00e1ginas fueron creados con mucho cuidado. Sin embargo, no podemos aceptar ninguna responsabilidad por la exactitud, integridad y actualidad del contenido. Como proveedor de servicios, somos responsables de nuestro propio contenido en estas p\u00e1ginas de acuerdo con la ley general de acuerdo con la Secci\u00f3n 7 (1) de la Ley de Telemedia alemana. De acuerdo con \u00a7\u00a7 8 a 10 TMG, como proveedor de servicios, no estamos obligados a monitorear la informaci\u00f3n de terceros transmitida o almacenada ni a investigar circunstancias que indiquen una actividad ilegal. Las obligaciones de eliminar o bloquear el uso de informaci\u00f3n de acuerdo con las leyes generales no se ven afectadas. Sin embargo, la responsabilidad a este respecto solo es posible a partir del momento en que tengamos conocimiento de una infracci\u00f3n legal espec\u00edfica. Tan pronto como tengamos conocimiento de dichas infracciones legales, eliminaremos este contenido de inmediato.<\/p>\n\n\n\n<p>Responsabilidad por enlaces<\/p>\n\n\n\n<p>Nuestra oferta contiene enlaces a sitios web externos de terceros, sobre cuyo contenido no tenemos influencia. Por lo tanto, no podemos aceptar ninguna responsabilidad por este contenido de terceros. El respectivo proveedor u operador de las p\u00e1ginas es siempre responsable del contenido de las p\u00e1ginas enlazadas. Las p\u00e1ginas vinculadas se revisaron para detectar posibles infracciones legales en el momento en que se vincularon. No se encontr\u00f3 contenido ilegal en el momento en que se cre\u00f3 el enlace. Un control permanente del contenido de las p\u00e1ginas enlazadas no es razonable sin evidencia concreta de una violaci\u00f3n de la ley. Si nos damos cuenta de violaciones legales, eliminaremos dichos enlaces de inmediato.<\/p>\n\n\n\n<p>derechos de autor<\/p>\n\n\n\n<p>El contenido y las obras de estas p\u00e1ginas creadas por el operador del sitio web est\u00e1n sujetos a la ley de derechos de autor alemana. La reproducci\u00f3n, procesamiento, distribuci\u00f3n y cualquier tipo de explotaci\u00f3n fuera de los l\u00edmites de la ley de derechos de autor requieren el consentimiento por escrito del autor o creador respectivo. Las descargas y copias de este sitio web solo est\u00e1n permitidas para uso privado y no comercial. En la medida en que el contenido de este sitio no haya sido creado por el operador, se respetan los derechos de autor de terceros. En particular, los contenidos de terceros est\u00e1n marcados como tales. No obstante, si tiene conocimiento de una infracci\u00f3n de derechos de autor, le solicitamos que nos lo notifique. Si nos damos cuenta de violaciones legales, eliminaremos dicho contenido de inmediato.<\/p>\n","protected":false},"excerpt":{"rendered":"<p>Seg\u00fan \u00a7 5 TMG:Operador del portalMarketing de MTM Martin MrosekBruktererhang 19 45277 Essen Alemania Identificaci\u00f3n del impuesto N\u00famero de identificaci\u00f3n del impuesto sobre las ventas de acuerdo con \u00a727 una ley de impuestos sobre las ventas:DE (3) 13 729 250 Correo electr\u00f3nico de contacto: Info [at] flightradar [dot] vuelos Tel\u00e9fono: [+49] 176 43537-798 Nota sobre &#8230; <\/p>\n<p class=\"read-more-container\"><a title=\"Aviso Legal\" class=\"read-more button\" href=\"https:\/\/flightradar.flights\/es\/aviso-legal\/#more-593\" aria-label=\"M\u00e1s en Aviso Legal\">Leer m\u00e1s<\/a><\/p>\n","protected":false},"author":1,"featured_media":0,"parent":0,"menu_order":0,"comment_status":"closed","ping_status":"closed","template":"","meta":{"footnotes":""},"class_list":["post-593","page","type-page","status-publish"],"yoast_head":"<!-- This site is optimized with the Yoast SEO plugin v27.2 - https:\/\/yoast.com\/product\/yoast-seo-wordpress\/ -->\n<title>Aviso Legal - flightradar.flights<\/title>\n<meta name=\"robots\" content=\"index, follow, max-snippet:-1, max-image-preview:large, max-video-preview:-1\" \/>\n<link rel=\"canonical\" href=\"https:\/\/flightradar.flights\/es\/aviso-legal\/\" \/>\n<meta property=\"og:locale\" content=\"es_ES\" \/>\n<meta property=\"og:type\" content=\"article\" \/>\n<meta property=\"og:title\" content=\"Aviso Legal - flightradar.flights\" \/>\n<meta property=\"og:description\" content=\"Seg\u00fan \u00a7 5 TMG:Operador del portalMarketing de MTM Martin MrosekBruktererhang 19 45277 Essen Alemania Identificaci\u00f3n del impuesto N\u00famero de identificaci\u00f3n del impuesto sobre las ventas de acuerdo con \u00a727 una ley de impuestos sobre las ventas:DE (3) 13 729 250 Correo electr\u00f3nico de contacto: Info [at] flightradar [dot] vuelos Tel\u00e9fono: [+49] 176 43537-798 Nota sobre ... Leer m\u00e1s\" \/>\n<meta property=\"og:url\" content=\"https:\/\/flightradar.flights\/es\/aviso-legal\/\" \/>\n<meta property=\"og:site_name\" content=\"flightradar.flights\" \/>\n<meta property=\"og:image\" content=\"https:\/\/flightradar.flights\/content\/uploads\/2022\/01\/Logo200x200.jpg\" \/>\n\t<meta property=\"og:image:width\" content=\"200\" \/>\n\t<meta property=\"og:image:height\" content=\"200\" \/>\n\t<meta property=\"og:image:type\" content=\"image\/jpeg\" \/>\n<meta name=\"twitter:card\" content=\"summary_large_image\" \/>\n<meta name=\"twitter:label1\" content=\"Tiempo de lectura\" \/>\n\t<meta name=\"twitter:data1\" content=\"3 minutos\" \/>\n<script type=\"application\/ld+json\" class=\"yoast-schema-graph\">{\"@context\":\"https:\/\/schema.org\",\"@graph\":[{\"@type\":\"WebPage\",\"@id\":\"https:\/\/flightradar.flights\/es\/aviso-legal\/\",\"url\":\"https:\/\/flightradar.flights\/es\/aviso-legal\/\",\"name\":\"Aviso Legal - flightradar.flights\",\"isPartOf\":{\"@id\":\"https:\/\/flightradar.flights\/es\/#website\"},\"datePublished\":\"2021-04-28T15:45:23+00:00\",\"breadcrumb\":{\"@id\":\"https:\/\/flightradar.flights\/es\/aviso-legal\/#breadcrumb\"},\"inLanguage\":\"es\",\"potentialAction\":[{\"@type\":\"ReadAction\",\"target\":[\"https:\/\/flightradar.flights\/es\/aviso-legal\/\"]}]},{\"@type\":\"BreadcrumbList\",\"@id\":\"https:\/\/flightradar.flights\/es\/aviso-legal\/#breadcrumb\",\"itemListElement\":[{\"@type\":\"ListItem\",\"position\":1,\"name\":\"Startseite\",\"item\":\"https:\/\/flightradar.flights\/es\/\"},{\"@type\":\"ListItem\",\"position\":2,\"name\":\"Aviso Legal\"}]},{\"@type\":\"WebSite\",\"@id\":\"https:\/\/flightradar.flights\/es\/#website\",\"url\":\"https:\/\/flightradar.flights\/es\/\",\"name\":\"flightradar.flights\",\"description\":\"\",\"publisher\":{\"@id\":\"https:\/\/flightradar.flights\/es\/#organization\"},\"potentialAction\":[{\"@type\":\"SearchAction\",\"target\":{\"@type\":\"EntryPoint\",\"urlTemplate\":\"https:\/\/flightradar.flights\/es\/?s={search_term_string}\"},\"query-input\":{\"@type\":\"PropertyValueSpecification\",\"valueRequired\":true,\"valueName\":\"search_term_string\"}}],\"inLanguage\":\"es\"},{\"@type\":\"Organization\",\"@id\":\"https:\/\/flightradar.flights\/es\/#organization\",\"name\":\"flightradar.flights\",\"url\":\"https:\/\/flightradar.flights\/es\/\",\"logo\":{\"@type\":\"ImageObject\",\"inLanguage\":\"es\",\"@id\":\"https:\/\/flightradar.flights\/es\/#\/schema\/logo\/image\/\",\"url\":\"https:\/\/flightradar.flights\/content\/uploads\/2022\/01\/Logo150x150.jpg\",\"contentUrl\":\"https:\/\/flightradar.flights\/content\/uploads\/2022\/01\/Logo150x150.jpg\",\"width\":150,\"height\":150,\"caption\":\"flightradar.flights\"},\"image\":{\"@id\":\"https:\/\/flightradar.flights\/es\/#\/schema\/logo\/image\/\"}}]}<\/script>\n<!-- \/ Yoast SEO plugin. -->","yoast_head_json":{"title":"Aviso Legal - flightradar.flights","robots":{"index":"index","follow":"follow","max-snippet":"max-snippet:-1","max-image-preview":"max-image-preview:large","max-video-preview":"max-video-preview:-1"},"canonical":"https:\/\/flightradar.flights\/es\/aviso-legal\/","og_locale":"es_ES","og_type":"article","og_title":"Aviso Legal - flightradar.flights","og_description":"Seg\u00fan \u00a7 5 TMG:Operador del portalMarketing de MTM Martin MrosekBruktererhang 19 45277 Essen Alemania Identificaci\u00f3n del impuesto N\u00famero de identificaci\u00f3n del impuesto sobre las ventas de acuerdo con \u00a727 una ley de impuestos sobre las ventas:DE (3) 13 729 250 Correo electr\u00f3nico de contacto: Info [at] flightradar [dot] vuelos Tel\u00e9fono: [+49] 176 43537-798 Nota sobre ... Leer m\u00e1s","og_url":"https:\/\/flightradar.flights\/es\/aviso-legal\/","og_site_name":"flightradar.flights","og_image":[{"width":200,"height":200,"url":"https:\/\/flightradar.flights\/content\/uploads\/2022\/01\/Logo200x200.jpg","type":"image\/jpeg"}],"twitter_card":"summary_large_image","twitter_misc":{"Tiempo de lectura":"3 minutos"},"schema":{"@context":"https:\/\/schema.org","@graph":[{"@type":"WebPage","@id":"https:\/\/flightradar.flights\/es\/aviso-legal\/","url":"https:\/\/flightradar.flights\/es\/aviso-legal\/","name":"Aviso Legal - flightradar.flights","isPartOf":{"@id":"https:\/\/flightradar.flights\/es\/#website"},"datePublished":"2021-04-28T15:45:23+00:00","breadcrumb":{"@id":"https:\/\/flightradar.flights\/es\/aviso-legal\/#breadcrumb"},"inLanguage":"es","potentialAction":[{"@type":"ReadAction","target":["https:\/\/flightradar.flights\/es\/aviso-legal\/"]}]},{"@type":"BreadcrumbList","@id":"https:\/\/flightradar.flights\/es\/aviso-legal\/#breadcrumb","itemListElement":[{"@type":"ListItem","position":1,"name":"Startseite","item":"https:\/\/flightradar.flights\/es\/"},{"@type":"ListItem","position":2,"name":"Aviso Legal"}]},{"@type":"WebSite","@id":"https:\/\/flightradar.flights\/es\/#website","url":"https:\/\/flightradar.flights\/es\/","name":"flightradar.flights","description":"","publisher":{"@id":"https:\/\/flightradar.flights\/es\/#organization"},"potentialAction":[{"@type":"SearchAction","target":{"@type":"EntryPoint","urlTemplate":"https:\/\/flightradar.flights\/es\/?s={search_term_string}"},"query-input":{"@type":"PropertyValueSpecification","valueRequired":true,"valueName":"search_term_string"}}],"inLanguage":"es"},{"@type":"Organization","@id":"https:\/\/flightradar.flights\/es\/#organization","name":"flightradar.flights","url":"https:\/\/flightradar.flights\/es\/","logo":{"@type":"ImageObject","inLanguage":"es","@id":"https:\/\/flightradar.flights\/es\/#\/schema\/logo\/image\/","url":"https:\/\/flightradar.flights\/content\/uploads\/2022\/01\/Logo150x150.jpg","contentUrl":"https:\/\/flightradar.flights\/content\/uploads\/2022\/01\/Logo150x150.jpg","width":150,"height":150,"caption":"flightradar.flights"},"image":{"@id":"https:\/\/flightradar.flights\/es\/#\/schema\/logo\/image\/"}}]}},"_links":{"self":[{"href":"https:\/\/flightradar.flights\/es\/wp-json\/wp\/v2\/pages\/593","targetHints":{"allow":["GET"]}}],"collection":[{"href":"https:\/\/flightradar.flights\/es\/wp-json\/wp\/v2\/pages"}],"about":[{"href":"https:\/\/flightradar.flights\/es\/wp-json\/wp\/v2\/types\/page"}],"author":[{"embeddable":true,"href":"https:\/\/flightradar.flights\/es\/wp-json\/wp\/v2\/users\/1"}],"replies":[{"embeddable":true,"href":"https:\/\/flightradar.flights\/es\/wp-json\/wp\/v2\/comments?post=593"}],"version-history":[{"count":0,"href":"https:\/\/flightradar.flights\/es\/wp-json\/wp\/v2\/pages\/593\/revisions"}],"wp:attachment":[{"href":"https:\/\/flightradar.flights\/es\/wp-json\/wp\/v2\/media?parent=593"}],"curies":[{"name":"wp","href":"https:\/\/api.w.org\/{rel}","templated":true}]}}