{"id":2538,"date":"2021-04-22T13:44:23","date_gmt":"2021-04-22T11:44:23","guid":{"rendered":"https:\/\/flightradar.flights\/flugverfolgung\/"},"modified":"2025-04-07T11:25:23","modified_gmt":"2025-04-07T09:25:23","slug":"seguimiento-de-vuelos","status":"publish","type":"page","link":"https:\/\/flightradar.flights\/es\/seguimiento-de-vuelos\/","title":{"rendered":"Seguimiento de vuelos"},"content":{"rendered":"\n<style type=\"text\/css\">\n.adslot_1 { width: 320px; height: 100px; }\n@media (min-width:500px) { .adslot_1 { width: 468px; height: 60px; } }\n@media (min-width:800px) { .adslot_1 { width: 728px; height: 90px; } }\n<\/style>\n<ins class=\"adsbygoogle adslot_1\"\n    style=\"display:flex; justify-content:center; align-items:center; width:100%;\"\n    data-ad-client=\"ca-pub-8699335927299131\"\n    data-ad-slot=\"5036631304\"><\/ins>\n<script async src=\"https:\/\/pagead2.googlesyndication.com\/pagead\/js\/adsbygoogle.js?client=ca-pub-8699335927299131\" crossorigin=\"anonymous\"><\/script>\n<script>(adsbygoogle = window.adsbygoogle || []).push({});<\/script>\n\n\n\n<link rel=\"stylesheet\" href=\"https:\/\/flightradar.flights\/content\/uploads\/custom-css-js\/718.css\">\n<figure class=\"full-width2\">\n<div class=\"main_widget\"><div style=\"display:flex;height:550px;background-color:#222;background-repeat: no-repeat;background-position-x:center;position:relative;align-items:center;justify-content:center;background-image:linear-gradient( rgba(0,0,0,.5),rgba(0,0,0,.5) ),url(https:\/\/flightradar.flights\/content\/uploads\/2024\/11\/PlaceholderRadar-minwepb.webp)\">\n<button id=\"button\" style=\"position:absolute;background-color:#ff9e09;border:none;border-radius:5px;font-size:25px;font-weight:700;padding:30px 45px;color:#282828\">START<\/button>\n<div id=\"iframeHolder\" style=\"width:100%\"><\/div><\/div><\/div><\/figure>\n\n\n<script src=\"https:\/\/radar24.net\/wp-content\/uploads\/custom-css-js\/28.js\"><\/script>\n<script src=\"https:\/\/flightradar.flights\/content\/uploads\/custom-css-js\/3883.js\"><\/script>\n\n\n\n<link rel=\"stylesheet\" href=\"https:\/\/flightradar.flights\/content\/uploads\/custom-css-js\/4504.css\">\n<div class=\"ad-containerbottom\">\n<script async src=\"https:\/\/pagead2.googlesyndication.com\/pagead\/js\/adsbygoogle.js?client=ca-pub-8699335927299131\"\n     crossorigin=\"anonymous\"><\/script>\n<!-- F.F Display underradar -->\n<ins class=\"adsbygoogle\"\n     style=\"display:block\"\n     data-ad-client=\"ca-pub-8699335927299131\"\n     data-ad-slot=\"8182423994\"\n     data-ad-format=\"auto\"\n     data-full-width-responsive=\"true\"><\/ins>\n<script>\n     (adsbygoogle = window.adsbygoogle || []).push({});\n<\/script>\n<\/div>\n\n\n\n<div style=\"height:50px\" aria-hidden=\"true\" class=\"wp-block-spacer\"><\/div>\n\n\n\n<div class=\"wp-block-group alignfull dottedbg has-base-3-color has-contrast-background-color has-text-color has-background\"><div class=\"wp-block-group__inner-container is-layout-flow wp-block-group-is-layout-flow\">\n<p class=\"has-text-align-center has-medium-font-size\"><em><strong>Este breve <\/strong><\/em><i class=\"fab  fa-youtube-square\"><\/i><em><strong> <span style=\"color:#f90000\" class=\"has-inline-color\">Video<\/span> muestra c\u00f3mo rastrear un avi\u00f3n en <span style=\"color:#62b515 \" class=\"has-inline-color\">flightradar.flights<\/span>.<\/strong><\/em><\/p>\n\n\n\n<div class=\"wp-block-columns is-layout-flex wp-container-core-columns-is-layout-9d6595d7 wp-block-columns-is-layout-flex\">\n<div class=\"wp-block-column is-layout-flow wp-block-column-is-layout-flow\"><figure class=\"wp-block-embed-youtube wp-block-embed is-type-video is-provider-youtube wp-embed-aspect-16-9 wp-has-aspect-ratio\"><div class=\"lyte-wrapper\" style=\"width:853px;max-width:100%;margin:5px auto;\"><div class=\"lyMe\" id=\"WYL_txr9oHXB5lQ\"><div id=\"lyte_txr9oHXB5lQ\" data-src=\"https:\/\/flightradar.flights\/content\/plugins\/wp-youtube-lyte\/lyteCache.php?origThumbUrl=%2F%2Fi.ytimg.com%2Fvi%2Ftxr9oHXB5lQ%2Fhqdefault.jpg\" class=\"pL\"><div class=\"tC\"><div class=\"tT\"><\/div><\/div><div class=\"play\"><\/div><div class=\"ctrl\"><div class=\"Lctrl\"><\/div><div class=\"Rctrl\"><\/div><\/div><\/div><noscript><a href=\"https:\/\/youtu.be\/txr9oHXB5lQ\" rel=\"nofollow\"><img loading=\"lazy\" decoding=\"async\" src=\"https:\/\/flightradar.flights\/content\/plugins\/wp-youtube-lyte\/lyteCache.php?origThumbUrl=https%3A%2F%2Fi.ytimg.com%2Fvi%2Ftxr9oHXB5lQ%2F0.jpg\" alt=\"YouTube video thumbnail\" width=\"853\" height=\"460\" \/><br \/>Ver este v\u00eddeo en YouTube<\/a><\/noscript><\/div><\/div><div class=\"lL\" style=\"max-width:100%;width:853px;margin:5px auto;\"><\/div><figcaption><\/figcaption><\/figure><\/div>\n<\/div>\n<\/div><\/div>\n\n\n\n<div style=\"height:50px\" aria-hidden=\"true\" class=\"wp-block-spacer\"><\/div>\n\n\n\n<h1 class=\"wp-block-heading has-text-align-center\"><strong>Bienvenido al seguimiento de vuelos<\/strong><\/h1>\n\n\n\n<div style=\"height:50px\" aria-hidden=\"true\" class=\"wp-block-spacer\"><\/div>\n\n\n\n<h2 class=\"wp-block-heading has-text-align-center\"><strong>Seguimiento de vuelos en l\u00ednea<\/strong><\/h2>\n\n\n\n<p class=\"has-text-align-center\">La tecnolog\u00eda de control del tr\u00e1fico a\u00e9reo no solo beneficia la seguridad del tr\u00e1fico a\u00e9reo, sino tambi\u00e9n a los particulares que desean registrar los datos actuales de un vuelo. Con el seguimiento de vuelos, puede orientarse mejor cuando necesite asistir a citas de negocios o privadas y optimizar su agenda. Con los transpondedores ADS-B y ahora tambi\u00e9n con el procesamiento de datos por sat\u00e9lite, tiene la opci\u00f3n de consultar todos los datos de vuelo importantes en tiempo real y mostrarlos en su dispositivo terminal. El radar y los datos se actualizan cada segundo. <a href=\"https:\/\/flightradar.flights\/es\/\" target=\"_blank\" rel=\"noreferrer noopener\">Flightradar24<\/a> monitorea m\u00e1s de 100,000 vuelos todos los d\u00edas. El seguimiento de vuelos ahora est\u00e1 generosamente cubierto en todo el mundo. Por lo tanto, es posible un seguimiento de vuelo seguro, que puede acompa\u00f1arlo en sus viajes o en los de otros.<\/p>\n\n\n\n<p class=\"has-text-align-center\">Con la ayuda de Flightradar.flights, gracias al radar, puede rastrear f\u00e1cilmente la informaci\u00f3n de vuelo que necesita actualmente en su tel\u00e9fono inteligente, tableta o computadora de escritorio.<a href=\"https:\/\/flightradars24.de\/wp-content\/uploads\/2017\/12\/Radardienststeller1.jpg\"><\/a><\/p>\n\n\n\n<div style=\"height:50px\" aria-hidden=\"true\" class=\"wp-block-spacer\"><\/div>\n\n\n\n<h3 class=\"wp-block-heading has-text-align-center\"><strong>N\u00famero de vuelos en todo el mundo<\/strong><\/h3>\n\n\n\n<div class=\"wp-block-media-text alignwide is-stacked-on-mobile\"><figure class=\"wp-block-media-text__media\"><img loading=\"lazy\" decoding=\"async\" width=\"600\" height=\"450\" src=\"https:\/\/flightradar.flights\/content\/uploads\/2022\/01\/flights-per-year-min-min.jpg\" alt=\"Seguimiento de vuelos Vuelos por a\u00f1o en todo el mundo\" class=\"wp-image-2409 size-full\" srcset=\"https:\/\/flightradar.flights\/content\/uploads\/2022\/01\/flights-per-year-min-min.jpg 600w, https:\/\/flightradar.flights\/content\/uploads\/2022\/01\/flights-per-year-min-min-300x225.jpg 300w\" sizes=\"auto, (max-width: 600px) 100vw, 600px\" \/><\/figure><div class=\"wp-block-media-text__content\">\n<p class=\"has-text-align-center has-medium-font-size\">El tr\u00e1fico a\u00e9reo ha ido creciendo constantemente desde el principio. Sin embargo, el Covid-19 dej\u00f3 una fuerte huella en la aviaci\u00f3n en 2020, por lo que en 2020 no hubo ni la mitad de vuelos que en el a\u00f1o anterior. Se espera una normalizaci\u00f3n al antiguo pico de 2019 a partir de 2025.<\/p>\n<\/div><\/div>\n\n\n\n<div style=\"height:50px\" aria-hidden=\"true\" class=\"wp-block-spacer\"><\/div>\n\n\n\n<h2 class=\"wp-block-heading has-text-align-center\"><strong>\u00bfC\u00f3mo funciona el seguimiento de vuelos por radar?<\/strong><\/h2>\n\n\n\n<p class=\"has-text-align-center\">Con Flight Tracking, puede seguir el estado del vuelo de cualquier aeronave en l\u00ednea, de modo que pueda evaluar mejor el estado y ver casi en tiempo real cu\u00e1ndo despega, aterriza, d\u00f3nde se encuentra, se retrasa o se acerca al destino del vuelo.<\/p>\n\n\n\n<p class=\"has-text-align-center\">Tambi\u00e9n recibir\u00e1 los datos completamente registrados de la aeronave que est\u00e1 rastreando en el radar. Los datos m\u00e1s importantes, que puede usar de forma gratuita gracias al radar de vuelo en esta p\u00e1gina, incluyen:<\/p>\n\n\n\n<div class=\"wp-block-columns has-base-background-color has-background is-layout-flex wp-container-core-columns-is-layout-9d6595d7 wp-block-columns-is-layout-flex\">\n<div class=\"wp-block-column is-vertically-aligned-center is-layout-flow wp-block-column-is-layout-flow\">\n<ul class=\"wp-block-list\">\n<li>N\u00famero de vuelo<\/li>\n\n\n\n<li>Aerol\u00ednea<\/li>\n\n\n\n<li>N\u00famero de identificaci\u00f3n de la aeronave<\/li>\n\n\n\n<li>Tipo y clase<\/li>\n\n\n\n<li>Duraci\u00f3n prevista del vuelo<\/li>\n\n\n\n<li>Ruta de vuelo<\/li>\n\n\n\n<li>Distancia de vuelo recorrida<\/li>\n\n\n\n<li>Aeropuerto de salida y llegada<\/li>\n<\/ul>\n<\/div>\n\n\n\n<div class=\"wp-block-column is-vertically-aligned-center is-layout-flow wp-block-column-is-layout-flow\">\n<ul class=\"wp-block-list\">\n<li>Hora de salida y llegada<\/li>\n\n\n\n<li>Foto de la aeronave (si la hay)<\/li>\n\n\n\n<li>Altitud<\/li>\n\n\n\n<li>Latitud y longitud<\/li>\n\n\n\n<li>Ciudades y aeropuertos (codificaci\u00f3n IATA)<\/li>\n\n\n\n<li>Pista<\/li>\n\n\n\n<li>Clima actual<\/li>\n\n\n\n<li>Velocidad<\/li>\n<\/ul>\n<\/div>\n<\/div>\n\n\n\n<div style=\"height:50px\" aria-hidden=\"true\" class=\"wp-block-spacer\"><\/div>\n\n\n\n<h2 class=\"wp-block-heading has-text-align-center\"><strong>\u00bfQu\u00e9 aviones puedes rastrear?<\/strong><\/h2>\n\n\n\n<p class=\"has-text-align-center\">Puede rastrear todos los aviones equipados con un transpondedor en el radar. Esto incluye todos los aviones de pasajeros que muchas personas usan para viajar alrededor del mundo todos los d\u00edas. Hoy en d\u00eda, los transpondedores ADS-B son parte del equipo b\u00e1sico obligatorio de los aviones comerciales y la mayor\u00eda de los jets de negocios. Los veh\u00edculos terrestres en el aeropuerto tambi\u00e9n est\u00e1n equipados con transpondedores ADS-B. ADS-B permite que el control del tr\u00e1fico a\u00e9reo controle de manera \u00f3ptima las aeronaves, pero tambi\u00e9n los veh\u00edculos terrestres para aumentar la seguridad.<\/p>\n\n\n\n<p class=\"has-text-align-center\">Los radares modernos de alta tecnolog\u00eda pueden rastrear cualquier avi\u00f3n equipado con el transpondedor especial. Esto incluye:<\/p>\n\n\n\n<p class=\"has-text-align-center has-base-background-color has-background has-medium-font-size\"><strong>  <span style=\"font-size: inherit;\"><i class=\"fas fa-plane\"><\/i><\/span> Aviones de pasajeros<\/strong><\/p>\n\n\n\n<p class=\"has-text-align-center has-base-background-color has-background has-medium-font-size\"><strong> <span style=\"font-size: inherit;\"><i class=\"fas fa-plane\"><\/i><\/span> Aviones de carga<\/strong><\/p>\n\n\n\n<p class=\"has-text-align-center has-base-background-color has-background has-medium-font-size\"><strong> <span style=\"font-size: inherit;\"><i class=\"fas fa-plane\"><\/i><\/span> Aviones privados<\/strong><\/p>\n\n\n\n<p class=\"has-text-align-center has-base-background-color has-background has-medium-font-size\"><strong><i class=\"fas fa-helicopter\"><\/i> Helic\u00f3ptero<\/strong><\/p>\n\n\n\n<p class=\"has-text-align-center has-base-background-color has-background has-medium-font-size\"><strong><i class=\"fas fa-fighter-jet\"><\/i> Algunos aviones militares<\/strong><\/p>\n\n\n\n<p class=\"has-text-align-center\"><em><strong>Gracias al seguimiento de vuelos, sabes qu\u00e9 tipo de avi\u00f3n est\u00e1s buscando.<\/strong><\/em><\/p>\n\n\n\n<div style=\"height:50px\" aria-hidden=\"true\" class=\"wp-block-spacer\"><\/div>\n\n\n\n<h2 class=\"wp-block-heading has-text-align-center\"><strong>TOP 6 &#8211; Tipos de aviones m\u00e1s comunes (a partir de 2022)<\/strong><\/h2>\n\n\n<div class=\"wp-block-image\">\n<figure class=\"aligncenter size-full\"><img loading=\"lazy\" decoding=\"async\" width=\"800\" height=\"600\" src=\"https:\/\/flightradar.flights\/content\/uploads\/2022\/01\/Top6-common-aircraft-types-min-min.jpg\" alt=\"Tipos de aeronaves comunes 2022\" class=\"wp-image-2429\" srcset=\"https:\/\/flightradar.flights\/content\/uploads\/2022\/01\/Top6-common-aircraft-types-min-min.jpg 800w, https:\/\/flightradar.flights\/content\/uploads\/2022\/01\/Top6-common-aircraft-types-min-min-300x225.jpg 300w, https:\/\/flightradar.flights\/content\/uploads\/2022\/01\/Top6-common-aircraft-types-min-min-768x576.jpg 768w\" sizes=\"auto, (max-width: 800px) 100vw, 800px\" \/><\/figure>\n<\/div>\n\n\n<div style=\"height:50px\" aria-hidden=\"true\" class=\"wp-block-spacer\"><\/div>\n\n\n\n<h3 class=\"wp-block-heading has-text-align-center\"><strong>Lista de los tipos de aviones m\u00e1s utilizados<\/strong><\/h3>\n\n\n\n<p class=\"has-text-align-center\">En la siguiente lista puede ver una serie de modelos de aviones que actualmente se utilizan con frecuencia en el tr\u00e1fico a\u00e9reo.<\/p>\n\n\n\n<div class=\"wp-block-columns alignwide are-vertically-aligned-center has-base-background-color has-background is-layout-flex wp-container-core-columns-is-layout-9d6595d7 wp-block-columns-is-layout-flex\">\n<div class=\"wp-block-column is-vertically-aligned-center is-layout-flow wp-block-column-is-layout-flow\" style=\"flex-basis:50%\">\n<ul class=\"wp-block-list\">\n<li>Airbus (Airbus A300\u2013A380)<\/li>\n\n\n\n<li>Antonov AN-148, AN-158<\/li>\n\n\n\n<li>ATR 72-600<\/li>\n\n\n\n<li>BAe ATP<\/li>\n\n\n\n<li>BAe Avro RJ70, RJ85, RJ100<\/li>\n\n\n\n<li>Boeing 737, 747, 757, 767, 777, 787<\/li>\n\n\n\n<li>Bombardier CS100, CS300<\/li>\n<\/ul>\n<\/div>\n\n\n\n<div class=\"wp-block-column is-vertically-aligned-center is-layout-flow wp-block-column-is-layout-flow\" style=\"flex-basis:50%\">\n<ul class=\"wp-block-list\">\n<li>Embraer E190<\/li>\n\n\n\n<li>Fokker 70\u2013100<\/li>\n\n\n\n<li>Gulfstream V, Gulfstream G500\/550<\/li>\n\n\n\n<li>Tupolev Tu-204<\/li>\n\n\n\n<li>McDonnell Douglas MD-10, MD-11<\/li>\n\n\n\n<li>Sukhoi Superjet 100<\/li>\n\n\n\n<li>Ilyushin Il-96<\/li>\n<\/ul>\n<\/div>\n<\/div>\n\n\n\n<div style=\"height:50px\" aria-hidden=\"true\" class=\"wp-block-spacer\"><\/div>\n\n\n\n<h2 class=\"wp-block-heading has-text-align-center has-medium-font-size\"><strong>Informaci\u00f3n y ejemplos de cartas<\/strong><\/h2>\n\n\n\n<div class=\"wp-block-buttons is-vertical is-content-justification-center is-layout-flex wp-container-core-buttons-is-layout-9a7cdcfd wp-block-buttons-is-layout-flex\">\n<div class=\"wp-block-button has-custom-font-size is-style-outline has-medium-font-size is-style-outline--1\"><a class=\"wp-block-button__link has-background wp-element-button\" href=\"https:\/\/flightradar.flights\/es\/ordenanza-de-derechos-de-los-pasajeros\/\" style=\"border-radius:8px;background-color:#62b515\" target=\"_blank\" rel=\"noreferrer noopener\"><strong>Reglamento de Derechos de los Pasajeros A\u00e9reos<\/strong><\/a><\/div>\n\n\n\n<div class=\"wp-block-button has-custom-font-size is-style-outline has-medium-font-size is-style-outline--2\"><a class=\"wp-block-button__link has-background wp-element-button\" href=\"https:\/\/flightradar.flights\/es\/modelo-de-carta-de-compensacion-por-retraso-de-vuelo\/\" style=\"border-radius:8px;background-color:#62b515\" target=\"_blank\" rel=\"noreferrer noopener\"><strong>modelo de carta de compensacion por retraso de vuelo<\/strong><\/a><\/div>\n\n\n\n<div class=\"wp-block-button has-custom-font-size is-style-outline has-medium-font-size is-style-outline--3\"><a class=\"wp-block-button__link has-background wp-element-button\" href=\"https:\/\/flightradar.flights\/es\/vuelo-de-carta-de-muestra-cancelado\/\" style=\"border-radius:8px;background-color:#62b515\" target=\"_blank\" rel=\"noreferrer noopener\"><strong>Ejemplo de carta de compensaci\u00f3n de vuelo cancelado<\/strong><\/a><\/div>\n<\/div>\n\n\n\n<div class=\"wp-block-buttons is-horizontal is-content-justification-center is-layout-flex wp-container-core-buttons-is-layout-499968f5 wp-block-buttons-is-layout-flex\">\n<div class=\"wp-block-button has-custom-font-size is-style-outline has-medium-font-size is-style-outline--4\"><a class=\"wp-block-button__link has-background wp-element-button\" href=\"https:\/\/flightradar.flights\/es\/\" style=\"background-color:#62b515\" target=\"_blank\" rel=\"noreferrer noopener\"> <strong>Flightradar24 <\/strong><\/a><\/div>\n\n\n\n<div class=\"wp-block-button has-custom-font-size is-style-outline has-medium-font-size is-style-outline--5\"><a class=\"wp-block-button__link has-background wp-element-button\" href=\"https:\/\/flightradar.flights\/es\/radar-de-vuelo\/\" style=\"background-color:#62b515\" target=\"_blank\" rel=\"noreferrer noopener\"><strong>Radar de vuelo<\/strong><\/a><\/div>\n<\/div>\n\n\n\n<p><\/p>\n","protected":false},"excerpt":{"rendered":"<p>START Este breve Video muestra c\u00f3mo rastrear un avi\u00f3n en flightradar.flights. Bienvenido al seguimiento de vuelos Seguimiento de vuelos en l\u00ednea La tecnolog\u00eda de control del tr\u00e1fico a\u00e9reo no solo beneficia la seguridad del tr\u00e1fico a\u00e9reo, sino tambi\u00e9n a los particulares que desean registrar los datos actuales de un vuelo. Con el seguimiento de vuelos, &#8230; <\/p>\n<p class=\"read-more-container\"><a title=\"Seguimiento de vuelos\" class=\"read-more button\" href=\"https:\/\/flightradar.flights\/es\/seguimiento-de-vuelos\/#more-2538\" aria-label=\"M\u00e1s en Seguimiento de vuelos\">Leer m\u00e1s<\/a><\/p>\n","protected":false},"author":1,"featured_media":2376,"parent":0,"menu_order":0,"comment_status":"closed","ping_status":"closed","template":"","meta":{"footnotes":""},"class_list":["post-2538","page","type-page","status-publish","has-post-thumbnail"],"yoast_head":"<!-- This site is optimized with the Yoast SEO plugin v27.2 - https:\/\/yoast.com\/product\/yoast-seo-wordpress\/ -->\n<title>Seguimiento de vuelos: rastrea cualquier avi\u00f3n en el mapa<\/title>\n<meta name=\"description\" content=\"El seguimiento de vuelos le permite rastrear cualquier avi\u00f3n en todo el mundo y determinar su posici\u00f3n actual.\" \/>\n<meta name=\"robots\" content=\"index, follow, max-snippet:-1, max-image-preview:large, max-video-preview:-1\" \/>\n<link rel=\"canonical\" href=\"https:\/\/flightradar.flights\/es\/seguimiento-de-vuelos\/\" \/>\n<meta property=\"og:locale\" content=\"es_ES\" \/>\n<meta property=\"og:type\" content=\"article\" \/>\n<meta property=\"og:title\" content=\"Seguimiento de vuelos: rastrea cualquier avi\u00f3n en el mapa\" \/>\n<meta property=\"og:description\" content=\"El seguimiento de vuelos le permite rastrear cualquier avi\u00f3n en todo el mundo y determinar su posici\u00f3n actual.\" \/>\n<meta property=\"og:url\" content=\"https:\/\/flightradar.flights\/es\/seguimiento-de-vuelos\/\" \/>\n<meta property=\"og:site_name\" content=\"flightradar.flights\" \/>\n<meta property=\"article:modified_time\" content=\"2025-04-07T09:25:23+00:00\" \/>\n<meta property=\"og:image\" content=\"https:\/\/flightradar.flights\/content\/uploads\/2022\/01\/Logo150x150.jpg\" \/>\n\t<meta property=\"og:image:width\" content=\"150\" \/>\n\t<meta property=\"og:image:height\" content=\"150\" \/>\n\t<meta property=\"og:image:type\" content=\"image\/jpeg\" \/>\n<meta name=\"twitter:card\" content=\"summary_large_image\" \/>\n<meta name=\"twitter:label1\" content=\"Tiempo de lectura\" \/>\n\t<meta name=\"twitter:data1\" content=\"4 minutos\" \/>\n<script type=\"application\/ld+json\" class=\"yoast-schema-graph\">{\"@context\":\"https:\/\/schema.org\",\"@graph\":[{\"@type\":\"WebPage\",\"@id\":\"https:\/\/flightradar.flights\/es\/seguimiento-de-vuelos\/\",\"url\":\"https:\/\/flightradar.flights\/es\/seguimiento-de-vuelos\/\",\"name\":\"Seguimiento de vuelos: rastrea cualquier avi\u00f3n en el mapa\",\"isPartOf\":{\"@id\":\"https:\/\/flightradar.flights\/es\/#website\"},\"primaryImageOfPage\":{\"@id\":\"https:\/\/flightradar.flights\/es\/seguimiento-de-vuelos\/#primaryimage\"},\"image\":{\"@id\":\"https:\/\/flightradar.flights\/es\/seguimiento-de-vuelos\/#primaryimage\"},\"thumbnailUrl\":\"https:\/\/flightradar.flights\/content\/uploads\/2022\/01\/Logo150x150.jpg\",\"datePublished\":\"2021-04-22T11:44:23+00:00\",\"dateModified\":\"2025-04-07T09:25:23+00:00\",\"description\":\"El seguimiento de vuelos le permite rastrear cualquier avi\u00f3n en todo el mundo y determinar su posici\u00f3n actual.\",\"breadcrumb\":{\"@id\":\"https:\/\/flightradar.flights\/es\/seguimiento-de-vuelos\/#breadcrumb\"},\"inLanguage\":\"es\",\"potentialAction\":[{\"@type\":\"ReadAction\",\"target\":[\"https:\/\/flightradar.flights\/es\/seguimiento-de-vuelos\/\"]}]},{\"@type\":\"ImageObject\",\"inLanguage\":\"es\",\"@id\":\"https:\/\/flightradar.flights\/es\/seguimiento-de-vuelos\/#primaryimage\",\"url\":\"https:\/\/flightradar.flights\/content\/uploads\/2022\/01\/Logo150x150.jpg\",\"contentUrl\":\"https:\/\/flightradar.flights\/content\/uploads\/2022\/01\/Logo150x150.jpg\",\"width\":150,\"height\":150},{\"@type\":\"BreadcrumbList\",\"@id\":\"https:\/\/flightradar.flights\/es\/seguimiento-de-vuelos\/#breadcrumb\",\"itemListElement\":[{\"@type\":\"ListItem\",\"position\":1,\"name\":\"Startseite\",\"item\":\"https:\/\/flightradar.flights\/es\/\"},{\"@type\":\"ListItem\",\"position\":2,\"name\":\"Seguimiento de vuelos\"}]},{\"@type\":\"WebSite\",\"@id\":\"https:\/\/flightradar.flights\/es\/#website\",\"url\":\"https:\/\/flightradar.flights\/es\/\",\"name\":\"flightradar.flights\",\"description\":\"\",\"publisher\":{\"@id\":\"https:\/\/flightradar.flights\/es\/#organization\"},\"potentialAction\":[{\"@type\":\"SearchAction\",\"target\":{\"@type\":\"EntryPoint\",\"urlTemplate\":\"https:\/\/flightradar.flights\/es\/?s={search_term_string}\"},\"query-input\":{\"@type\":\"PropertyValueSpecification\",\"valueRequired\":true,\"valueName\":\"search_term_string\"}}],\"inLanguage\":\"es\"},{\"@type\":\"Organization\",\"@id\":\"https:\/\/flightradar.flights\/es\/#organization\",\"name\":\"flightradar.flights\",\"url\":\"https:\/\/flightradar.flights\/es\/\",\"logo\":{\"@type\":\"ImageObject\",\"inLanguage\":\"es\",\"@id\":\"https:\/\/flightradar.flights\/es\/#\/schema\/logo\/image\/\",\"url\":\"https:\/\/flightradar.flights\/content\/uploads\/2022\/01\/Logo150x150.jpg\",\"contentUrl\":\"https:\/\/flightradar.flights\/content\/uploads\/2022\/01\/Logo150x150.jpg\",\"width\":150,\"height\":150,\"caption\":\"flightradar.flights\"},\"image\":{\"@id\":\"https:\/\/flightradar.flights\/es\/#\/schema\/logo\/image\/\"}}]}<\/script>\n<!-- \/ Yoast SEO plugin. -->","yoast_head_json":{"title":"Seguimiento de vuelos: rastrea cualquier avi\u00f3n en el mapa","description":"El seguimiento de vuelos le permite rastrear cualquier avi\u00f3n en todo el mundo y determinar su posici\u00f3n actual.","robots":{"index":"index","follow":"follow","max-snippet":"max-snippet:-1","max-image-preview":"max-image-preview:large","max-video-preview":"max-video-preview:-1"},"canonical":"https:\/\/flightradar.flights\/es\/seguimiento-de-vuelos\/","og_locale":"es_ES","og_type":"article","og_title":"Seguimiento de vuelos: rastrea cualquier avi\u00f3n en el mapa","og_description":"El seguimiento de vuelos le permite rastrear cualquier avi\u00f3n en todo el mundo y determinar su posici\u00f3n actual.","og_url":"https:\/\/flightradar.flights\/es\/seguimiento-de-vuelos\/","og_site_name":"flightradar.flights","article_modified_time":"2025-04-07T09:25:23+00:00","og_image":[{"width":150,"height":150,"url":"https:\/\/flightradar.flights\/content\/uploads\/2022\/01\/Logo150x150.jpg","type":"image\/jpeg"}],"twitter_card":"summary_large_image","twitter_misc":{"Tiempo de lectura":"4 minutos"},"schema":{"@context":"https:\/\/schema.org","@graph":[{"@type":"WebPage","@id":"https:\/\/flightradar.flights\/es\/seguimiento-de-vuelos\/","url":"https:\/\/flightradar.flights\/es\/seguimiento-de-vuelos\/","name":"Seguimiento de vuelos: rastrea cualquier avi\u00f3n en el mapa","isPartOf":{"@id":"https:\/\/flightradar.flights\/es\/#website"},"primaryImageOfPage":{"@id":"https:\/\/flightradar.flights\/es\/seguimiento-de-vuelos\/#primaryimage"},"image":{"@id":"https:\/\/flightradar.flights\/es\/seguimiento-de-vuelos\/#primaryimage"},"thumbnailUrl":"https:\/\/flightradar.flights\/content\/uploads\/2022\/01\/Logo150x150.jpg","datePublished":"2021-04-22T11:44:23+00:00","dateModified":"2025-04-07T09:25:23+00:00","description":"El seguimiento de vuelos le permite rastrear cualquier avi\u00f3n en todo el mundo y determinar su posici\u00f3n actual.","breadcrumb":{"@id":"https:\/\/flightradar.flights\/es\/seguimiento-de-vuelos\/#breadcrumb"},"inLanguage":"es","potentialAction":[{"@type":"ReadAction","target":["https:\/\/flightradar.flights\/es\/seguimiento-de-vuelos\/"]}]},{"@type":"ImageObject","inLanguage":"es","@id":"https:\/\/flightradar.flights\/es\/seguimiento-de-vuelos\/#primaryimage","url":"https:\/\/flightradar.flights\/content\/uploads\/2022\/01\/Logo150x150.jpg","contentUrl":"https:\/\/flightradar.flights\/content\/uploads\/2022\/01\/Logo150x150.jpg","width":150,"height":150},{"@type":"BreadcrumbList","@id":"https:\/\/flightradar.flights\/es\/seguimiento-de-vuelos\/#breadcrumb","itemListElement":[{"@type":"ListItem","position":1,"name":"Startseite","item":"https:\/\/flightradar.flights\/es\/"},{"@type":"ListItem","position":2,"name":"Seguimiento de vuelos"}]},{"@type":"WebSite","@id":"https:\/\/flightradar.flights\/es\/#website","url":"https:\/\/flightradar.flights\/es\/","name":"flightradar.flights","description":"","publisher":{"@id":"https:\/\/flightradar.flights\/es\/#organization"},"potentialAction":[{"@type":"SearchAction","target":{"@type":"EntryPoint","urlTemplate":"https:\/\/flightradar.flights\/es\/?s={search_term_string}"},"query-input":{"@type":"PropertyValueSpecification","valueRequired":true,"valueName":"search_term_string"}}],"inLanguage":"es"},{"@type":"Organization","@id":"https:\/\/flightradar.flights\/es\/#organization","name":"flightradar.flights","url":"https:\/\/flightradar.flights\/es\/","logo":{"@type":"ImageObject","inLanguage":"es","@id":"https:\/\/flightradar.flights\/es\/#\/schema\/logo\/image\/","url":"https:\/\/flightradar.flights\/content\/uploads\/2022\/01\/Logo150x150.jpg","contentUrl":"https:\/\/flightradar.flights\/content\/uploads\/2022\/01\/Logo150x150.jpg","width":150,"height":150,"caption":"flightradar.flights"},"image":{"@id":"https:\/\/flightradar.flights\/es\/#\/schema\/logo\/image\/"}}]}},"_links":{"self":[{"href":"https:\/\/flightradar.flights\/es\/wp-json\/wp\/v2\/pages\/2538","targetHints":{"allow":["GET"]}}],"collection":[{"href":"https:\/\/flightradar.flights\/es\/wp-json\/wp\/v2\/pages"}],"about":[{"href":"https:\/\/flightradar.flights\/es\/wp-json\/wp\/v2\/types\/page"}],"author":[{"embeddable":true,"href":"https:\/\/flightradar.flights\/es\/wp-json\/wp\/v2\/users\/1"}],"replies":[{"embeddable":true,"href":"https:\/\/flightradar.flights\/es\/wp-json\/wp\/v2\/comments?post=2538"}],"version-history":[{"count":0,"href":"https:\/\/flightradar.flights\/es\/wp-json\/wp\/v2\/pages\/2538\/revisions"}],"wp:featuredmedia":[{"embeddable":true,"href":"https:\/\/flightradar.flights\/es\/wp-json\/wp\/v2\/media\/2376"}],"wp:attachment":[{"href":"https:\/\/flightradar.flights\/es\/wp-json\/wp\/v2\/media?parent=2538"}],"curies":[{"name":"wp","href":"https:\/\/api.w.org\/{rel}","templated":true}]}}