{"id":1128,"date":"2021-05-21T11:37:21","date_gmt":"2021-05-21T09:37:21","guid":{"rendered":"https:\/\/flightradar.flights\/faq\/"},"modified":"2022-01-06T11:18:33","modified_gmt":"2022-01-06T09:18:33","slug":"faq","status":"publish","type":"page","link":"https:\/\/flightradar.flights\/es\/faq\/","title":{"rendered":"FAQ &#8211; Preguntas frecuentes"},"content":{"rendered":"\n<div style=\"height:100px\" aria-hidden=\"true\" class=\"wp-block-spacer\"><\/div>\n\n\n\n<h1 class=\"has-text-align-center wp-block-heading\"><strong>FAQ &#8211; Preguntas frecuentes<\/strong><\/h1>\n\n\n\n<div style=\"height:100px\" aria-hidden=\"true\" class=\"wp-block-spacer\"><\/div>\n\n\n\n<div class=\"schema-faq wp-block-yoast-faq-block\"><div class=\"schema-faq-section\" id=\"faq-question-1621587381797\"><strong class=\"schema-faq-question\">\u00bfFlightradar.flights es gratuito?<\/strong> <p class=\"schema-faq-answer\">Flightradar.flights se puede utilizar de forma gratuita en sus funciones b\u00e1sicas.<\/p> <\/div> <div class=\"schema-faq-section\" id=\"faq-question-1621587493412\"><strong class=\"schema-faq-question\">\u00bfPor qu\u00e9 el radar de vuelo no muestra aviones?<\/strong> <p class=\"schema-faq-answer\">Aseg\u00farese de no estar en modo inc\u00f3gnito con su navegador. El modo inc\u00f3gnito bloquea la ejecuci\u00f3n de ciertos datos, que son necesarios para ejecutar completamente el radar de vuelo.<\/p> <\/div> <div class=\"schema-faq-section\" id=\"faq-question-1621587643877\"><strong class=\"schema-faq-question\">\u00bfEl radar de vuelo est\u00e1 en tiempo real?<\/strong> <p class=\"schema-faq-answer\">El radar de vuelo muestra el tr\u00e1fico a\u00e9reo actual en tiempo real.<\/p> <\/div> <div class=\"schema-faq-section\" id=\"faq-question-1621587688776\"><strong class=\"schema-faq-question\">\u00bfC\u00f3mo puedo rastrear un vuelo?<\/strong> <p class=\"schema-faq-answer\">En el radar de vuelo, use el bot\u00f3n izquierdo del mouse o su dedo en el tel\u00e9fono inteligente para seleccionar un avi\u00f3n para rastrearlo. Tambi\u00e9n puede ingresar un n\u00famero de vuelo v\u00e1lido en la barra de b\u00fasqueda.<\/p> <\/div> <div class=\"schema-faq-section\" id=\"faq-question-1621587801464\"><strong class=\"schema-faq-question\">\u00bfD\u00f3nde puedo encontrar mi n\u00famero de vuelo?<\/strong> <p class=\"schema-faq-answer\">Debe encontrar su n\u00famero de vuelo en sus billetes de avi\u00f3n. Por lo general, consta de n\u00fameros \/ letras de 4 a 6 d\u00edgitos.<\/p> <\/div> <div class=\"schema-faq-section\" id=\"faq-question-1621587936810\"><strong class=\"schema-faq-question\">\u00bfQu\u00e9 significan los aviones azules en el radar de vuelo?<\/strong> <p class=\"schema-faq-answer\">Las aeronaves que se muestran en azul se rastrean con ADS-B v\u00eda sat\u00e9lite. Principalmente, esto se usa sobre los oc\u00e9anos.<\/p> <\/div> <div class=\"schema-faq-section\" id=\"faq-question-1621588115032\"><strong class=\"schema-faq-question\">\u00bfQu\u00e9 informaci\u00f3n obtengo en el radar de vuelo?<\/strong> <p class=\"schema-faq-answer\">En el radar de vuelo puede ver el tipo de aeronave, el lugar de salida as\u00ed como el lugar de llegada, salida y hora de llegada. Tambi\u00e9n puede ver d\u00f3nde se encuentra actualmente la aeronave y la ruta de vuelo.<\/p> <\/div> <\/div>\n\n\n\n<div style=\"height:100px\" aria-hidden=\"true\" class=\"wp-block-spacer\"><\/div>\n\n\n\n<script async src=\"https:\/\/pagead2.googlesyndication.com\/pagead\/js\/adsbygoogle.js?client=ca-pub-8699335927299131\"\n     crossorigin=\"anonymous\"><\/script>\n<!-- F.F Display Other -->\n<ins class=\"adsbygoogle\"\n     style=\"display:block\"\n     data-ad-client=\"ca-pub-8699335927299131\"\n     data-ad-slot=\"5660843060\"\n     data-ad-format=\"auto\"\n     data-full-width-responsive=\"true\"><\/ins>\n<script>\n     (adsbygoogle = window.adsbygoogle || []).push({});\n<\/script>\n","protected":false},"excerpt":{"rendered":"<p>FAQ &#8211; Preguntas frecuentes<\/p>\n","protected":false},"author":1,"featured_media":0,"parent":0,"menu_order":0,"comment_status":"open","ping_status":"closed","template":"","meta":{"footnotes":""},"class_list":["post-1128","page","type-page","status-publish"],"yoast_head":"<!-- This site is optimized with the Yoast SEO plugin v27.2 - https:\/\/yoast.com\/product\/yoast-seo-wordpress\/ -->\n<title>FAQ - Preguntas frecuentes - flightradar.flights<\/title>\n<meta name=\"description\" content=\"Flightradar.flights Preguntas frecuentes sobre radares de vuelo y seguimiento de vuelos.\" \/>\n<meta name=\"robots\" content=\"index, follow, max-snippet:-1, max-image-preview:large, max-video-preview:-1\" \/>\n<link rel=\"canonical\" href=\"https:\/\/flightradar.flights\/es\/faq\/\" \/>\n<meta property=\"og:locale\" content=\"es_ES\" \/>\n<meta property=\"og:type\" content=\"article\" \/>\n<meta property=\"og:title\" content=\"FAQ - Preguntas frecuentes - flightradar.flights\" \/>\n<meta property=\"og:description\" content=\"Flightradar.flights Preguntas frecuentes sobre radares de vuelo y seguimiento de vuelos.\" \/>\n<meta property=\"og:url\" content=\"https:\/\/flightradar.flights\/es\/faq\/\" \/>\n<meta property=\"og:site_name\" content=\"flightradar.flights\" \/>\n<meta property=\"article:modified_time\" content=\"2022-01-06T09:18:33+00:00\" \/>\n<meta property=\"og:image\" content=\"https:\/\/flightradar.flights\/content\/uploads\/2022\/01\/Logo200x200.jpg\" \/>\n\t<meta property=\"og:image:width\" content=\"200\" \/>\n\t<meta property=\"og:image:height\" content=\"200\" \/>\n\t<meta property=\"og:image:type\" content=\"image\/jpeg\" \/>\n<meta name=\"twitter:card\" content=\"summary_large_image\" \/>\n<meta name=\"twitter:label1\" content=\"Tiempo de lectura\" \/>\n\t<meta name=\"twitter:data1\" content=\"2 minutos\" \/>\n<script type=\"application\/ld+json\" class=\"yoast-schema-graph\">{\"@context\":\"https:\/\/schema.org\",\"@graph\":[{\"@type\":[\"WebPage\",\"FAQPage\"],\"@id\":\"https:\/\/flightradar.flights\/es\/faq\/\",\"url\":\"https:\/\/flightradar.flights\/es\/faq\/\",\"name\":\"FAQ - Preguntas frecuentes - flightradar.flights\",\"isPartOf\":{\"@id\":\"https:\/\/flightradar.flights\/es\/#website\"},\"datePublished\":\"2021-05-21T09:37:21+00:00\",\"dateModified\":\"2022-01-06T09:18:33+00:00\",\"description\":\"Flightradar.flights Preguntas frecuentes sobre radares de vuelo y seguimiento de vuelos.\",\"breadcrumb\":{\"@id\":\"https:\/\/flightradar.flights\/es\/faq\/#breadcrumb\"},\"mainEntity\":[{\"@id\":\"https:\/\/flightradar.flights\/es\/faq\/#faq-question-1621587381797\"},{\"@id\":\"https:\/\/flightradar.flights\/es\/faq\/#faq-question-1621587493412\"},{\"@id\":\"https:\/\/flightradar.flights\/es\/faq\/#faq-question-1621587643877\"},{\"@id\":\"https:\/\/flightradar.flights\/es\/faq\/#faq-question-1621587688776\"},{\"@id\":\"https:\/\/flightradar.flights\/es\/faq\/#faq-question-1621587801464\"},{\"@id\":\"https:\/\/flightradar.flights\/es\/faq\/#faq-question-1621587936810\"},{\"@id\":\"https:\/\/flightradar.flights\/es\/faq\/#faq-question-1621588115032\"}],\"inLanguage\":\"es\",\"potentialAction\":[{\"@type\":\"ReadAction\",\"target\":[\"https:\/\/flightradar.flights\/es\/faq\/\"]}]},{\"@type\":\"BreadcrumbList\",\"@id\":\"https:\/\/flightradar.flights\/es\/faq\/#breadcrumb\",\"itemListElement\":[{\"@type\":\"ListItem\",\"position\":1,\"name\":\"Startseite\",\"item\":\"https:\/\/flightradar.flights\/es\/\"},{\"@type\":\"ListItem\",\"position\":2,\"name\":\"FAQ &#8211; Preguntas frecuentes\"}]},{\"@type\":\"WebSite\",\"@id\":\"https:\/\/flightradar.flights\/es\/#website\",\"url\":\"https:\/\/flightradar.flights\/es\/\",\"name\":\"flightradar.flights\",\"description\":\"\",\"publisher\":{\"@id\":\"https:\/\/flightradar.flights\/es\/#organization\"},\"potentialAction\":[{\"@type\":\"SearchAction\",\"target\":{\"@type\":\"EntryPoint\",\"urlTemplate\":\"https:\/\/flightradar.flights\/es\/?s={search_term_string}\"},\"query-input\":{\"@type\":\"PropertyValueSpecification\",\"valueRequired\":true,\"valueName\":\"search_term_string\"}}],\"inLanguage\":\"es\"},{\"@type\":\"Organization\",\"@id\":\"https:\/\/flightradar.flights\/es\/#organization\",\"name\":\"flightradar.flights\",\"url\":\"https:\/\/flightradar.flights\/es\/\",\"logo\":{\"@type\":\"ImageObject\",\"inLanguage\":\"es\",\"@id\":\"https:\/\/flightradar.flights\/es\/#\/schema\/logo\/image\/\",\"url\":\"https:\/\/flightradar.flights\/content\/uploads\/2022\/01\/Logo150x150.jpg\",\"contentUrl\":\"https:\/\/flightradar.flights\/content\/uploads\/2022\/01\/Logo150x150.jpg\",\"width\":150,\"height\":150,\"caption\":\"flightradar.flights\"},\"image\":{\"@id\":\"https:\/\/flightradar.flights\/es\/#\/schema\/logo\/image\/\"}},{\"@type\":\"Question\",\"@id\":\"https:\/\/flightradar.flights\/es\/faq\/#faq-question-1621587381797\",\"position\":1,\"url\":\"https:\/\/flightradar.flights\/es\/faq\/#faq-question-1621587381797\",\"name\":\"\u00bfFlightradar.flights es gratuito?\",\"answerCount\":1,\"acceptedAnswer\":{\"@type\":\"Answer\",\"text\":\"Flightradar.flights se puede utilizar de forma gratuita en sus funciones b\u00e1sicas.\",\"inLanguage\":\"es\"},\"inLanguage\":\"es\"},{\"@type\":\"Question\",\"@id\":\"https:\/\/flightradar.flights\/es\/faq\/#faq-question-1621587493412\",\"position\":2,\"url\":\"https:\/\/flightradar.flights\/es\/faq\/#faq-question-1621587493412\",\"name\":\"\u00bfPor qu\u00e9 el radar de vuelo no muestra aviones?\",\"answerCount\":1,\"acceptedAnswer\":{\"@type\":\"Answer\",\"text\":\"Aseg\u00farese de no estar en modo inc\u00f3gnito con su navegador. El modo inc\u00f3gnito bloquea la ejecuci\u00f3n de ciertos datos, que son necesarios para ejecutar completamente el radar de vuelo.\",\"inLanguage\":\"es\"},\"inLanguage\":\"es\"},{\"@type\":\"Question\",\"@id\":\"https:\/\/flightradar.flights\/es\/faq\/#faq-question-1621587643877\",\"position\":3,\"url\":\"https:\/\/flightradar.flights\/es\/faq\/#faq-question-1621587643877\",\"name\":\"\u00bfEl radar de vuelo est\u00e1 en tiempo real?\",\"answerCount\":1,\"acceptedAnswer\":{\"@type\":\"Answer\",\"text\":\"El radar de vuelo muestra el tr\u00e1fico a\u00e9reo actual en tiempo real.\",\"inLanguage\":\"es\"},\"inLanguage\":\"es\"},{\"@type\":\"Question\",\"@id\":\"https:\/\/flightradar.flights\/es\/faq\/#faq-question-1621587688776\",\"position\":4,\"url\":\"https:\/\/flightradar.flights\/es\/faq\/#faq-question-1621587688776\",\"name\":\"\u00bfC\u00f3mo puedo rastrear un vuelo?\",\"answerCount\":1,\"acceptedAnswer\":{\"@type\":\"Answer\",\"text\":\"En el radar de vuelo, use el bot\u00f3n izquierdo del mouse o su dedo en el tel\u00e9fono inteligente para seleccionar un avi\u00f3n para rastrearlo. Tambi\u00e9n puede ingresar un n\u00famero de vuelo v\u00e1lido en la barra de b\u00fasqueda.\",\"inLanguage\":\"es\"},\"inLanguage\":\"es\"},{\"@type\":\"Question\",\"@id\":\"https:\/\/flightradar.flights\/es\/faq\/#faq-question-1621587801464\",\"position\":5,\"url\":\"https:\/\/flightradar.flights\/es\/faq\/#faq-question-1621587801464\",\"name\":\"\u00bfD\u00f3nde puedo encontrar mi n\u00famero de vuelo?\",\"answerCount\":1,\"acceptedAnswer\":{\"@type\":\"Answer\",\"text\":\"Debe encontrar su n\u00famero de vuelo en sus billetes de avi\u00f3n. Por lo general, consta de n\u00fameros \/ letras de 4 a 6 d\u00edgitos.\",\"inLanguage\":\"es\"},\"inLanguage\":\"es\"},{\"@type\":\"Question\",\"@id\":\"https:\/\/flightradar.flights\/es\/faq\/#faq-question-1621587936810\",\"position\":6,\"url\":\"https:\/\/flightradar.flights\/es\/faq\/#faq-question-1621587936810\",\"name\":\"\u00bfQu\u00e9 significan los aviones azules en el radar de vuelo?\",\"answerCount\":1,\"acceptedAnswer\":{\"@type\":\"Answer\",\"text\":\"Las aeronaves que se muestran en azul se rastrean con ADS-B v\u00eda sat\u00e9lite. Principalmente, esto se usa sobre los oc\u00e9anos.\",\"inLanguage\":\"es\"},\"inLanguage\":\"es\"},{\"@type\":\"Question\",\"@id\":\"https:\/\/flightradar.flights\/es\/faq\/#faq-question-1621588115032\",\"position\":7,\"url\":\"https:\/\/flightradar.flights\/es\/faq\/#faq-question-1621588115032\",\"name\":\"\u00bfQu\u00e9 informaci\u00f3n obtengo en el radar de vuelo?\",\"answerCount\":1,\"acceptedAnswer\":{\"@type\":\"Answer\",\"text\":\"En el radar de vuelo puede ver el tipo de aeronave, el lugar de salida as\u00ed como el lugar de llegada, salida y hora de llegada. Tambi\u00e9n puede ver d\u00f3nde se encuentra actualmente la aeronave y la ruta de vuelo.\",\"inLanguage\":\"es\"},\"inLanguage\":\"es\"}]}<\/script>\n<!-- \/ Yoast SEO plugin. -->","yoast_head_json":{"title":"FAQ - Preguntas frecuentes - flightradar.flights","description":"Flightradar.flights Preguntas frecuentes sobre radares de vuelo y seguimiento de vuelos.","robots":{"index":"index","follow":"follow","max-snippet":"max-snippet:-1","max-image-preview":"max-image-preview:large","max-video-preview":"max-video-preview:-1"},"canonical":"https:\/\/flightradar.flights\/es\/faq\/","og_locale":"es_ES","og_type":"article","og_title":"FAQ - Preguntas frecuentes - flightradar.flights","og_description":"Flightradar.flights Preguntas frecuentes sobre radares de vuelo y seguimiento de vuelos.","og_url":"https:\/\/flightradar.flights\/es\/faq\/","og_site_name":"flightradar.flights","article_modified_time":"2022-01-06T09:18:33+00:00","og_image":[{"width":200,"height":200,"url":"https:\/\/flightradar.flights\/content\/uploads\/2022\/01\/Logo200x200.jpg","type":"image\/jpeg"}],"twitter_card":"summary_large_image","twitter_misc":{"Tiempo de lectura":"2 minutos"},"schema":{"@context":"https:\/\/schema.org","@graph":[{"@type":["WebPage","FAQPage"],"@id":"https:\/\/flightradar.flights\/es\/faq\/","url":"https:\/\/flightradar.flights\/es\/faq\/","name":"FAQ - Preguntas frecuentes - flightradar.flights","isPartOf":{"@id":"https:\/\/flightradar.flights\/es\/#website"},"datePublished":"2021-05-21T09:37:21+00:00","dateModified":"2022-01-06T09:18:33+00:00","description":"Flightradar.flights Preguntas frecuentes sobre radares de vuelo y seguimiento de vuelos.","breadcrumb":{"@id":"https:\/\/flightradar.flights\/es\/faq\/#breadcrumb"},"mainEntity":[{"@id":"https:\/\/flightradar.flights\/es\/faq\/#faq-question-1621587381797"},{"@id":"https:\/\/flightradar.flights\/es\/faq\/#faq-question-1621587493412"},{"@id":"https:\/\/flightradar.flights\/es\/faq\/#faq-question-1621587643877"},{"@id":"https:\/\/flightradar.flights\/es\/faq\/#faq-question-1621587688776"},{"@id":"https:\/\/flightradar.flights\/es\/faq\/#faq-question-1621587801464"},{"@id":"https:\/\/flightradar.flights\/es\/faq\/#faq-question-1621587936810"},{"@id":"https:\/\/flightradar.flights\/es\/faq\/#faq-question-1621588115032"}],"inLanguage":"es","potentialAction":[{"@type":"ReadAction","target":["https:\/\/flightradar.flights\/es\/faq\/"]}]},{"@type":"BreadcrumbList","@id":"https:\/\/flightradar.flights\/es\/faq\/#breadcrumb","itemListElement":[{"@type":"ListItem","position":1,"name":"Startseite","item":"https:\/\/flightradar.flights\/es\/"},{"@type":"ListItem","position":2,"name":"FAQ &#8211; Preguntas frecuentes"}]},{"@type":"WebSite","@id":"https:\/\/flightradar.flights\/es\/#website","url":"https:\/\/flightradar.flights\/es\/","name":"flightradar.flights","description":"","publisher":{"@id":"https:\/\/flightradar.flights\/es\/#organization"},"potentialAction":[{"@type":"SearchAction","target":{"@type":"EntryPoint","urlTemplate":"https:\/\/flightradar.flights\/es\/?s={search_term_string}"},"query-input":{"@type":"PropertyValueSpecification","valueRequired":true,"valueName":"search_term_string"}}],"inLanguage":"es"},{"@type":"Organization","@id":"https:\/\/flightradar.flights\/es\/#organization","name":"flightradar.flights","url":"https:\/\/flightradar.flights\/es\/","logo":{"@type":"ImageObject","inLanguage":"es","@id":"https:\/\/flightradar.flights\/es\/#\/schema\/logo\/image\/","url":"https:\/\/flightradar.flights\/content\/uploads\/2022\/01\/Logo150x150.jpg","contentUrl":"https:\/\/flightradar.flights\/content\/uploads\/2022\/01\/Logo150x150.jpg","width":150,"height":150,"caption":"flightradar.flights"},"image":{"@id":"https:\/\/flightradar.flights\/es\/#\/schema\/logo\/image\/"}},{"@type":"Question","@id":"https:\/\/flightradar.flights\/es\/faq\/#faq-question-1621587381797","position":1,"url":"https:\/\/flightradar.flights\/es\/faq\/#faq-question-1621587381797","name":"\u00bfFlightradar.flights es gratuito?","answerCount":1,"acceptedAnswer":{"@type":"Answer","text":"Flightradar.flights se puede utilizar de forma gratuita en sus funciones b\u00e1sicas.","inLanguage":"es"},"inLanguage":"es"},{"@type":"Question","@id":"https:\/\/flightradar.flights\/es\/faq\/#faq-question-1621587493412","position":2,"url":"https:\/\/flightradar.flights\/es\/faq\/#faq-question-1621587493412","name":"\u00bfPor qu\u00e9 el radar de vuelo no muestra aviones?","answerCount":1,"acceptedAnswer":{"@type":"Answer","text":"Aseg\u00farese de no estar en modo inc\u00f3gnito con su navegador. El modo inc\u00f3gnito bloquea la ejecuci\u00f3n de ciertos datos, que son necesarios para ejecutar completamente el radar de vuelo.","inLanguage":"es"},"inLanguage":"es"},{"@type":"Question","@id":"https:\/\/flightradar.flights\/es\/faq\/#faq-question-1621587643877","position":3,"url":"https:\/\/flightradar.flights\/es\/faq\/#faq-question-1621587643877","name":"\u00bfEl radar de vuelo est\u00e1 en tiempo real?","answerCount":1,"acceptedAnswer":{"@type":"Answer","text":"El radar de vuelo muestra el tr\u00e1fico a\u00e9reo actual en tiempo real.","inLanguage":"es"},"inLanguage":"es"},{"@type":"Question","@id":"https:\/\/flightradar.flights\/es\/faq\/#faq-question-1621587688776","position":4,"url":"https:\/\/flightradar.flights\/es\/faq\/#faq-question-1621587688776","name":"\u00bfC\u00f3mo puedo rastrear un vuelo?","answerCount":1,"acceptedAnswer":{"@type":"Answer","text":"En el radar de vuelo, use el bot\u00f3n izquierdo del mouse o su dedo en el tel\u00e9fono inteligente para seleccionar un avi\u00f3n para rastrearlo. Tambi\u00e9n puede ingresar un n\u00famero de vuelo v\u00e1lido en la barra de b\u00fasqueda.","inLanguage":"es"},"inLanguage":"es"},{"@type":"Question","@id":"https:\/\/flightradar.flights\/es\/faq\/#faq-question-1621587801464","position":5,"url":"https:\/\/flightradar.flights\/es\/faq\/#faq-question-1621587801464","name":"\u00bfD\u00f3nde puedo encontrar mi n\u00famero de vuelo?","answerCount":1,"acceptedAnswer":{"@type":"Answer","text":"Debe encontrar su n\u00famero de vuelo en sus billetes de avi\u00f3n. Por lo general, consta de n\u00fameros \/ letras de 4 a 6 d\u00edgitos.","inLanguage":"es"},"inLanguage":"es"},{"@type":"Question","@id":"https:\/\/flightradar.flights\/es\/faq\/#faq-question-1621587936810","position":6,"url":"https:\/\/flightradar.flights\/es\/faq\/#faq-question-1621587936810","name":"\u00bfQu\u00e9 significan los aviones azules en el radar de vuelo?","answerCount":1,"acceptedAnswer":{"@type":"Answer","text":"Las aeronaves que se muestran en azul se rastrean con ADS-B v\u00eda sat\u00e9lite. Principalmente, esto se usa sobre los oc\u00e9anos.","inLanguage":"es"},"inLanguage":"es"},{"@type":"Question","@id":"https:\/\/flightradar.flights\/es\/faq\/#faq-question-1621588115032","position":7,"url":"https:\/\/flightradar.flights\/es\/faq\/#faq-question-1621588115032","name":"\u00bfQu\u00e9 informaci\u00f3n obtengo en el radar de vuelo?","answerCount":1,"acceptedAnswer":{"@type":"Answer","text":"En el radar de vuelo puede ver el tipo de aeronave, el lugar de salida as\u00ed como el lugar de llegada, salida y hora de llegada. Tambi\u00e9n puede ver d\u00f3nde se encuentra actualmente la aeronave y la ruta de vuelo.","inLanguage":"es"},"inLanguage":"es"}]}},"_links":{"self":[{"href":"https:\/\/flightradar.flights\/es\/wp-json\/wp\/v2\/pages\/1128","targetHints":{"allow":["GET"]}}],"collection":[{"href":"https:\/\/flightradar.flights\/es\/wp-json\/wp\/v2\/pages"}],"about":[{"href":"https:\/\/flightradar.flights\/es\/wp-json\/wp\/v2\/types\/page"}],"author":[{"embeddable":true,"href":"https:\/\/flightradar.flights\/es\/wp-json\/wp\/v2\/users\/1"}],"replies":[{"embeddable":true,"href":"https:\/\/flightradar.flights\/es\/wp-json\/wp\/v2\/comments?post=1128"}],"version-history":[{"count":0,"href":"https:\/\/flightradar.flights\/es\/wp-json\/wp\/v2\/pages\/1128\/revisions"}],"wp:attachment":[{"href":"https:\/\/flightradar.flights\/es\/wp-json\/wp\/v2\/media?parent=1128"}],"curies":[{"name":"wp","href":"https:\/\/api.w.org\/{rel}","templated":true}]}}