{"id":885,"date":"2021-05-21T11:37:21","date_gmt":"2021-05-21T09:37:21","guid":{"rendered":"https:\/\/flightradar.flights\/?page_id=885"},"modified":"2022-01-06T11:10:32","modified_gmt":"2022-01-06T09:10:32","slug":"faq","status":"publish","type":"page","link":"https:\/\/flightradar.flights\/de\/faq\/","title":{"rendered":"FAQ &#8211; H\u00e4ufig gestellte Fragen"},"content":{"rendered":"\n<div style=\"height:100px\" aria-hidden=\"true\" class=\"wp-block-spacer\"><\/div>\n\n\n\n<h1 class=\"has-text-align-center wp-block-heading\"><strong>FAQ &#8211; H\u00e4ufig gestellte Fragen<\/strong><\/h1>\n\n\n\n<div style=\"height:100px\" aria-hidden=\"true\" class=\"wp-block-spacer\"><\/div>\n\n\n\n<div class=\"schema-faq wp-block-yoast-faq-block\"><div class=\"schema-faq-section\" id=\"faq-question-1621587381797\"><strong class=\"schema-faq-question\">Ist Flightradar.flights kostenlos?<\/strong> <p class=\"schema-faq-answer\">Flightradar.flights ist in seinen Grundfunktionen kostenlos nutzbar.<\/p> <\/div> <div class=\"schema-faq-section\" id=\"faq-question-1621587493412\"><strong class=\"schema-faq-question\">Warum zeigt Flightradar keine Flugzeuge?<\/strong> <p class=\"schema-faq-answer\">Stellen Sie sicher, dass Sie sich mit Ihrem Browser nicht im Inkognitomodus befinden. Der Inkognito Modus blockiert die Ausf\u00fchrung von bestimmten Daten, welche n\u00f6tig sind, um das Flightradar vollst\u00e4ndig auszuf\u00fchren.<\/p> <\/div> <div class=\"schema-faq-section\" id=\"faq-question-1621587643877\"><strong class=\"schema-faq-question\">Ist Flightradar in Echtzeit?<\/strong> <p class=\"schema-faq-answer\">Flightradar zeigt den aktuellen Flugverkehr in Echtzeit an.<\/p> <\/div> <div class=\"schema-faq-section\" id=\"faq-question-1621587688776\"><strong class=\"schema-faq-question\">Wie kann man einen Flug verfolgen?<\/strong> <p class=\"schema-faq-answer\">W\u00e4hlen Sie im Flightradar mithilfe der linken Maustaste oder Ihrem Finger beim Smartphone ein Flugzeug aus, um es zu verfolgen. Sie k\u00f6nnen auch eine g\u00fcltige Flugnummer in die Suchleiste eingeben.<\/p> <\/div> <div class=\"schema-faq-section\" id=\"faq-question-1621587801464\"><strong class=\"schema-faq-question\">Wo finde ich meine Flugnummer?<\/strong> <p class=\"schema-faq-answer\">Ihre Flugnummer sollten Sie auf Ihren Flugtickets finden. Diese besteht meist aus 4 bis 6-stelligen Zahlen\/Buchstaben.<\/p> <\/div> <div class=\"schema-faq-section\" id=\"faq-question-1621587936810\"><strong class=\"schema-faq-question\">Was bedeuten blaue Flugzeuge im Flightradar?<\/strong> <p class=\"schema-faq-answer\">Blau dargestellte Flugzeuge werden mit ADS-B \u00fcber Satellit getrackt. Meistens findet dies Anwendung \u00fcber den Ozeanen.<\/p> <\/div> <div class=\"schema-faq-section\" id=\"faq-question-1621588115032\"><strong class=\"schema-faq-question\">Welche Informationen erhalte ich im Flightradar?<\/strong> <p class=\"schema-faq-answer\">Im Flightradar sehen Sie den Flugzeugtyp, den Ort des Abflugs sowie den Ankunftsort, Abflug- und Ankunftszeit. Ebenfalls sehen Sie, wo sich das Flugzeug derzeit befindet, sowie die Flugroute.<\/p> <\/div> <\/div>\n\n\n\n<div style=\"height:100px\" aria-hidden=\"true\" class=\"wp-block-spacer\"><\/div>\n\n\n\n<script async src=\"https:\/\/pagead2.googlesyndication.com\/pagead\/js\/adsbygoogle.js?client=ca-pub-8699335927299131\"\n     crossorigin=\"anonymous\"><\/script>\n<!-- F.F Display Other -->\n<ins class=\"adsbygoogle\"\n     style=\"display:block\"\n     data-ad-client=\"ca-pub-8699335927299131\"\n     data-ad-slot=\"5660843060\"\n     data-ad-format=\"auto\"\n     data-full-width-responsive=\"true\"><\/ins>\n<script>\n     (adsbygoogle = window.adsbygoogle || []).push({});\n<\/script>\n\n\n\n<p><\/p>\n","protected":false},"excerpt":{"rendered":"<p>FAQ &#8211; H\u00e4ufig gestellte Fragen<\/p>\n","protected":false},"author":1,"featured_media":0,"parent":0,"menu_order":0,"comment_status":"open","ping_status":"closed","template":"","meta":{"footnotes":""},"class_list":["post-885","page","type-page","status-publish"],"yoast_head":"<!-- This site is optimized with the Yoast SEO plugin v27.2 - https:\/\/yoast.com\/product\/yoast-seo-wordpress\/ -->\n<title>FAQ - H\u00e4ufig gestellte Fragen - flightradar.flights<\/title>\n<meta name=\"description\" content=\"Flightradar.flights H\u00e4ufig gestellte Fragen zum Flightradar und der Flugverfolgung.\" \/>\n<meta name=\"robots\" content=\"index, follow, max-snippet:-1, max-image-preview:large, max-video-preview:-1\" \/>\n<link rel=\"canonical\" href=\"https:\/\/flightradar.flights\/de\/faq\/\" \/>\n<meta property=\"og:locale\" content=\"de_DE\" \/>\n<meta property=\"og:type\" content=\"article\" \/>\n<meta property=\"og:title\" content=\"FAQ - H\u00e4ufig gestellte Fragen - flightradar.flights\" \/>\n<meta property=\"og:description\" content=\"Flightradar.flights H\u00e4ufig gestellte Fragen zum Flightradar und der Flugverfolgung.\" \/>\n<meta property=\"og:url\" content=\"https:\/\/flightradar.flights\/de\/faq\/\" \/>\n<meta property=\"og:site_name\" content=\"flightradar.flights\" \/>\n<meta property=\"article:modified_time\" content=\"2022-01-06T09:10:32+00:00\" \/>\n<meta property=\"og:image\" content=\"https:\/\/flightradar.flights\/content\/uploads\/2022\/01\/Logo200x200.jpg\" \/>\n\t<meta property=\"og:image:width\" content=\"200\" \/>\n\t<meta property=\"og:image:height\" content=\"200\" \/>\n\t<meta property=\"og:image:type\" content=\"image\/jpeg\" \/>\n<meta name=\"twitter:card\" content=\"summary_large_image\" \/>\n<meta name=\"twitter:label1\" content=\"Gesch\u00e4tzte Lesezeit\" \/>\n\t<meta name=\"twitter:data1\" content=\"1\u00a0Minute\" \/>\n<script type=\"application\/ld+json\" class=\"yoast-schema-graph\">{\"@context\":\"https:\/\/schema.org\",\"@graph\":[{\"@type\":[\"WebPage\",\"FAQPage\"],\"@id\":\"https:\/\/flightradar.flights\/de\/faq\/\",\"url\":\"https:\/\/flightradar.flights\/de\/faq\/\",\"name\":\"FAQ - H\u00e4ufig gestellte Fragen - flightradar.flights\",\"isPartOf\":{\"@id\":\"https:\/\/flightradar.flights\/de\/#website\"},\"datePublished\":\"2021-05-21T09:37:21+00:00\",\"dateModified\":\"2022-01-06T09:10:32+00:00\",\"description\":\"Flightradar.flights H\u00e4ufig gestellte Fragen zum Flightradar und der Flugverfolgung.\",\"breadcrumb\":{\"@id\":\"https:\/\/flightradar.flights\/de\/faq\/#breadcrumb\"},\"mainEntity\":[{\"@id\":\"https:\/\/flightradar.flights\/de\/faq\/#faq-question-1621587381797\"},{\"@id\":\"https:\/\/flightradar.flights\/de\/faq\/#faq-question-1621587493412\"},{\"@id\":\"https:\/\/flightradar.flights\/de\/faq\/#faq-question-1621587643877\"},{\"@id\":\"https:\/\/flightradar.flights\/de\/faq\/#faq-question-1621587688776\"},{\"@id\":\"https:\/\/flightradar.flights\/de\/faq\/#faq-question-1621587801464\"},{\"@id\":\"https:\/\/flightradar.flights\/de\/faq\/#faq-question-1621587936810\"},{\"@id\":\"https:\/\/flightradar.flights\/de\/faq\/#faq-question-1621588115032\"}],\"inLanguage\":\"de\",\"potentialAction\":[{\"@type\":\"ReadAction\",\"target\":[\"https:\/\/flightradar.flights\/de\/faq\/\"]}]},{\"@type\":\"BreadcrumbList\",\"@id\":\"https:\/\/flightradar.flights\/de\/faq\/#breadcrumb\",\"itemListElement\":[{\"@type\":\"ListItem\",\"position\":1,\"name\":\"Startseite\",\"item\":\"https:\/\/flightradar.flights\/de\/\"},{\"@type\":\"ListItem\",\"position\":2,\"name\":\"FAQ &#8211; H\u00e4ufig gestellte Fragen\"}]},{\"@type\":\"WebSite\",\"@id\":\"https:\/\/flightradar.flights\/de\/#website\",\"url\":\"https:\/\/flightradar.flights\/de\/\",\"name\":\"flightradar.flights\",\"description\":\"\",\"publisher\":{\"@id\":\"https:\/\/flightradar.flights\/de\/#organization\"},\"potentialAction\":[{\"@type\":\"SearchAction\",\"target\":{\"@type\":\"EntryPoint\",\"urlTemplate\":\"https:\/\/flightradar.flights\/de\/?s={search_term_string}\"},\"query-input\":{\"@type\":\"PropertyValueSpecification\",\"valueRequired\":true,\"valueName\":\"search_term_string\"}}],\"inLanguage\":\"de\"},{\"@type\":\"Organization\",\"@id\":\"https:\/\/flightradar.flights\/de\/#organization\",\"name\":\"flightradar.flights\",\"url\":\"https:\/\/flightradar.flights\/de\/\",\"logo\":{\"@type\":\"ImageObject\",\"inLanguage\":\"de\",\"@id\":\"https:\/\/flightradar.flights\/de\/#\/schema\/logo\/image\/\",\"url\":\"https:\/\/flightradar.flights\/content\/uploads\/2022\/01\/Logo150x150.jpg\",\"contentUrl\":\"https:\/\/flightradar.flights\/content\/uploads\/2022\/01\/Logo150x150.jpg\",\"width\":150,\"height\":150,\"caption\":\"flightradar.flights\"},\"image\":{\"@id\":\"https:\/\/flightradar.flights\/de\/#\/schema\/logo\/image\/\"}},{\"@type\":\"Question\",\"@id\":\"https:\/\/flightradar.flights\/de\/faq\/#faq-question-1621587381797\",\"position\":1,\"url\":\"https:\/\/flightradar.flights\/de\/faq\/#faq-question-1621587381797\",\"name\":\"Ist Flightradar.flights kostenlos?\",\"answerCount\":1,\"acceptedAnswer\":{\"@type\":\"Answer\",\"text\":\"Flightradar.flights ist in seinen Grundfunktionen kostenlos nutzbar.\",\"inLanguage\":\"de\"},\"inLanguage\":\"de\"},{\"@type\":\"Question\",\"@id\":\"https:\/\/flightradar.flights\/de\/faq\/#faq-question-1621587493412\",\"position\":2,\"url\":\"https:\/\/flightradar.flights\/de\/faq\/#faq-question-1621587493412\",\"name\":\"Warum zeigt Flightradar keine Flugzeuge?\",\"answerCount\":1,\"acceptedAnswer\":{\"@type\":\"Answer\",\"text\":\"Stellen Sie sicher, dass Sie sich mit Ihrem Browser nicht im Inkognitomodus befinden. Der Inkognito Modus blockiert die Ausf\u00fchrung von bestimmten Daten, welche n\u00f6tig sind, um das Flightradar vollst\u00e4ndig auszuf\u00fchren.\",\"inLanguage\":\"de\"},\"inLanguage\":\"de\"},{\"@type\":\"Question\",\"@id\":\"https:\/\/flightradar.flights\/de\/faq\/#faq-question-1621587643877\",\"position\":3,\"url\":\"https:\/\/flightradar.flights\/de\/faq\/#faq-question-1621587643877\",\"name\":\"Ist Flightradar in Echtzeit?\",\"answerCount\":1,\"acceptedAnswer\":{\"@type\":\"Answer\",\"text\":\"Flightradar zeigt den aktuellen Flugverkehr in Echtzeit an.\",\"inLanguage\":\"de\"},\"inLanguage\":\"de\"},{\"@type\":\"Question\",\"@id\":\"https:\/\/flightradar.flights\/de\/faq\/#faq-question-1621587688776\",\"position\":4,\"url\":\"https:\/\/flightradar.flights\/de\/faq\/#faq-question-1621587688776\",\"name\":\"Wie kann man einen Flug verfolgen?\",\"answerCount\":1,\"acceptedAnswer\":{\"@type\":\"Answer\",\"text\":\"W\u00e4hlen Sie im Flightradar mithilfe der linken Maustaste oder Ihrem Finger beim Smartphone ein Flugzeug aus, um es zu verfolgen. Sie k\u00f6nnen auch eine g\u00fcltige Flugnummer in die Suchleiste eingeben.\",\"inLanguage\":\"de\"},\"inLanguage\":\"de\"},{\"@type\":\"Question\",\"@id\":\"https:\/\/flightradar.flights\/de\/faq\/#faq-question-1621587801464\",\"position\":5,\"url\":\"https:\/\/flightradar.flights\/de\/faq\/#faq-question-1621587801464\",\"name\":\"Wo finde ich meine Flugnummer?\",\"answerCount\":1,\"acceptedAnswer\":{\"@type\":\"Answer\",\"text\":\"Ihre Flugnummer sollten Sie auf Ihren Flugtickets finden. Diese besteht meist aus 4 bis 6-stelligen Zahlen\/Buchstaben.\",\"inLanguage\":\"de\"},\"inLanguage\":\"de\"},{\"@type\":\"Question\",\"@id\":\"https:\/\/flightradar.flights\/de\/faq\/#faq-question-1621587936810\",\"position\":6,\"url\":\"https:\/\/flightradar.flights\/de\/faq\/#faq-question-1621587936810\",\"name\":\"Was bedeuten blaue Flugzeuge im Flightradar?\",\"answerCount\":1,\"acceptedAnswer\":{\"@type\":\"Answer\",\"text\":\"Blau dargestellte Flugzeuge werden mit ADS-B \u00fcber Satellit getrackt. Meistens findet dies Anwendung \u00fcber den Ozeanen.\",\"inLanguage\":\"de\"},\"inLanguage\":\"de\"},{\"@type\":\"Question\",\"@id\":\"https:\/\/flightradar.flights\/de\/faq\/#faq-question-1621588115032\",\"position\":7,\"url\":\"https:\/\/flightradar.flights\/de\/faq\/#faq-question-1621588115032\",\"name\":\"Welche Informationen erhalte ich im Flightradar?\",\"answerCount\":1,\"acceptedAnswer\":{\"@type\":\"Answer\",\"text\":\"Im Flightradar sehen Sie den Flugzeugtyp, den Ort des Abflugs sowie den Ankunftsort, Abflug- und Ankunftszeit. Ebenfalls sehen Sie, wo sich das Flugzeug derzeit befindet, sowie die Flugroute.\",\"inLanguage\":\"de\"},\"inLanguage\":\"de\"}]}<\/script>\n<!-- \/ Yoast SEO plugin. -->","yoast_head_json":{"title":"FAQ - H\u00e4ufig gestellte Fragen - flightradar.flights","description":"Flightradar.flights H\u00e4ufig gestellte Fragen zum Flightradar und der Flugverfolgung.","robots":{"index":"index","follow":"follow","max-snippet":"max-snippet:-1","max-image-preview":"max-image-preview:large","max-video-preview":"max-video-preview:-1"},"canonical":"https:\/\/flightradar.flights\/de\/faq\/","og_locale":"de_DE","og_type":"article","og_title":"FAQ - H\u00e4ufig gestellte Fragen - flightradar.flights","og_description":"Flightradar.flights H\u00e4ufig gestellte Fragen zum Flightradar und der Flugverfolgung.","og_url":"https:\/\/flightradar.flights\/de\/faq\/","og_site_name":"flightradar.flights","article_modified_time":"2022-01-06T09:10:32+00:00","og_image":[{"width":200,"height":200,"url":"https:\/\/flightradar.flights\/content\/uploads\/2022\/01\/Logo200x200.jpg","type":"image\/jpeg"}],"twitter_card":"summary_large_image","twitter_misc":{"Gesch\u00e4tzte Lesezeit":"1\u00a0Minute"},"schema":{"@context":"https:\/\/schema.org","@graph":[{"@type":["WebPage","FAQPage"],"@id":"https:\/\/flightradar.flights\/de\/faq\/","url":"https:\/\/flightradar.flights\/de\/faq\/","name":"FAQ - H\u00e4ufig gestellte Fragen - flightradar.flights","isPartOf":{"@id":"https:\/\/flightradar.flights\/de\/#website"},"datePublished":"2021-05-21T09:37:21+00:00","dateModified":"2022-01-06T09:10:32+00:00","description":"Flightradar.flights H\u00e4ufig gestellte Fragen zum Flightradar und der Flugverfolgung.","breadcrumb":{"@id":"https:\/\/flightradar.flights\/de\/faq\/#breadcrumb"},"mainEntity":[{"@id":"https:\/\/flightradar.flights\/de\/faq\/#faq-question-1621587381797"},{"@id":"https:\/\/flightradar.flights\/de\/faq\/#faq-question-1621587493412"},{"@id":"https:\/\/flightradar.flights\/de\/faq\/#faq-question-1621587643877"},{"@id":"https:\/\/flightradar.flights\/de\/faq\/#faq-question-1621587688776"},{"@id":"https:\/\/flightradar.flights\/de\/faq\/#faq-question-1621587801464"},{"@id":"https:\/\/flightradar.flights\/de\/faq\/#faq-question-1621587936810"},{"@id":"https:\/\/flightradar.flights\/de\/faq\/#faq-question-1621588115032"}],"inLanguage":"de","potentialAction":[{"@type":"ReadAction","target":["https:\/\/flightradar.flights\/de\/faq\/"]}]},{"@type":"BreadcrumbList","@id":"https:\/\/flightradar.flights\/de\/faq\/#breadcrumb","itemListElement":[{"@type":"ListItem","position":1,"name":"Startseite","item":"https:\/\/flightradar.flights\/de\/"},{"@type":"ListItem","position":2,"name":"FAQ &#8211; H\u00e4ufig gestellte Fragen"}]},{"@type":"WebSite","@id":"https:\/\/flightradar.flights\/de\/#website","url":"https:\/\/flightradar.flights\/de\/","name":"flightradar.flights","description":"","publisher":{"@id":"https:\/\/flightradar.flights\/de\/#organization"},"potentialAction":[{"@type":"SearchAction","target":{"@type":"EntryPoint","urlTemplate":"https:\/\/flightradar.flights\/de\/?s={search_term_string}"},"query-input":{"@type":"PropertyValueSpecification","valueRequired":true,"valueName":"search_term_string"}}],"inLanguage":"de"},{"@type":"Organization","@id":"https:\/\/flightradar.flights\/de\/#organization","name":"flightradar.flights","url":"https:\/\/flightradar.flights\/de\/","logo":{"@type":"ImageObject","inLanguage":"de","@id":"https:\/\/flightradar.flights\/de\/#\/schema\/logo\/image\/","url":"https:\/\/flightradar.flights\/content\/uploads\/2022\/01\/Logo150x150.jpg","contentUrl":"https:\/\/flightradar.flights\/content\/uploads\/2022\/01\/Logo150x150.jpg","width":150,"height":150,"caption":"flightradar.flights"},"image":{"@id":"https:\/\/flightradar.flights\/de\/#\/schema\/logo\/image\/"}},{"@type":"Question","@id":"https:\/\/flightradar.flights\/de\/faq\/#faq-question-1621587381797","position":1,"url":"https:\/\/flightradar.flights\/de\/faq\/#faq-question-1621587381797","name":"Ist Flightradar.flights kostenlos?","answerCount":1,"acceptedAnswer":{"@type":"Answer","text":"Flightradar.flights ist in seinen Grundfunktionen kostenlos nutzbar.","inLanguage":"de"},"inLanguage":"de"},{"@type":"Question","@id":"https:\/\/flightradar.flights\/de\/faq\/#faq-question-1621587493412","position":2,"url":"https:\/\/flightradar.flights\/de\/faq\/#faq-question-1621587493412","name":"Warum zeigt Flightradar keine Flugzeuge?","answerCount":1,"acceptedAnswer":{"@type":"Answer","text":"Stellen Sie sicher, dass Sie sich mit Ihrem Browser nicht im Inkognitomodus befinden. Der Inkognito Modus blockiert die Ausf\u00fchrung von bestimmten Daten, welche n\u00f6tig sind, um das Flightradar vollst\u00e4ndig auszuf\u00fchren.","inLanguage":"de"},"inLanguage":"de"},{"@type":"Question","@id":"https:\/\/flightradar.flights\/de\/faq\/#faq-question-1621587643877","position":3,"url":"https:\/\/flightradar.flights\/de\/faq\/#faq-question-1621587643877","name":"Ist Flightradar in Echtzeit?","answerCount":1,"acceptedAnswer":{"@type":"Answer","text":"Flightradar zeigt den aktuellen Flugverkehr in Echtzeit an.","inLanguage":"de"},"inLanguage":"de"},{"@type":"Question","@id":"https:\/\/flightradar.flights\/de\/faq\/#faq-question-1621587688776","position":4,"url":"https:\/\/flightradar.flights\/de\/faq\/#faq-question-1621587688776","name":"Wie kann man einen Flug verfolgen?","answerCount":1,"acceptedAnswer":{"@type":"Answer","text":"W\u00e4hlen Sie im Flightradar mithilfe der linken Maustaste oder Ihrem Finger beim Smartphone ein Flugzeug aus, um es zu verfolgen. Sie k\u00f6nnen auch eine g\u00fcltige Flugnummer in die Suchleiste eingeben.","inLanguage":"de"},"inLanguage":"de"},{"@type":"Question","@id":"https:\/\/flightradar.flights\/de\/faq\/#faq-question-1621587801464","position":5,"url":"https:\/\/flightradar.flights\/de\/faq\/#faq-question-1621587801464","name":"Wo finde ich meine Flugnummer?","answerCount":1,"acceptedAnswer":{"@type":"Answer","text":"Ihre Flugnummer sollten Sie auf Ihren Flugtickets finden. Diese besteht meist aus 4 bis 6-stelligen Zahlen\/Buchstaben.","inLanguage":"de"},"inLanguage":"de"},{"@type":"Question","@id":"https:\/\/flightradar.flights\/de\/faq\/#faq-question-1621587936810","position":6,"url":"https:\/\/flightradar.flights\/de\/faq\/#faq-question-1621587936810","name":"Was bedeuten blaue Flugzeuge im Flightradar?","answerCount":1,"acceptedAnswer":{"@type":"Answer","text":"Blau dargestellte Flugzeuge werden mit ADS-B \u00fcber Satellit getrackt. Meistens findet dies Anwendung \u00fcber den Ozeanen.","inLanguage":"de"},"inLanguage":"de"},{"@type":"Question","@id":"https:\/\/flightradar.flights\/de\/faq\/#faq-question-1621588115032","position":7,"url":"https:\/\/flightradar.flights\/de\/faq\/#faq-question-1621588115032","name":"Welche Informationen erhalte ich im Flightradar?","answerCount":1,"acceptedAnswer":{"@type":"Answer","text":"Im Flightradar sehen Sie den Flugzeugtyp, den Ort des Abflugs sowie den Ankunftsort, Abflug- und Ankunftszeit. Ebenfalls sehen Sie, wo sich das Flugzeug derzeit befindet, sowie die Flugroute.","inLanguage":"de"},"inLanguage":"de"}]}},"_links":{"self":[{"href":"https:\/\/flightradar.flights\/de\/wp-json\/wp\/v2\/pages\/885","targetHints":{"allow":["GET"]}}],"collection":[{"href":"https:\/\/flightradar.flights\/de\/wp-json\/wp\/v2\/pages"}],"about":[{"href":"https:\/\/flightradar.flights\/de\/wp-json\/wp\/v2\/types\/page"}],"author":[{"embeddable":true,"href":"https:\/\/flightradar.flights\/de\/wp-json\/wp\/v2\/users\/1"}],"replies":[{"embeddable":true,"href":"https:\/\/flightradar.flights\/de\/wp-json\/wp\/v2\/comments?post=885"}],"version-history":[{"count":0,"href":"https:\/\/flightradar.flights\/de\/wp-json\/wp\/v2\/pages\/885\/revisions"}],"wp:attachment":[{"href":"https:\/\/flightradar.flights\/de\/wp-json\/wp\/v2\/media?parent=885"}],"curies":[{"name":"wp","href":"https:\/\/api.w.org\/{rel}","templated":true}]}}