{"id":5,"date":"2021-04-21T17:34:13","date_gmt":"2021-04-21T15:34:13","guid":{"rendered":"https:\/\/flightradar.flights\/?page_id=5"},"modified":"2021-04-21T17:34:23","modified_gmt":"2021-04-21T15:34:23","slug":"impressum","status":"publish","type":"page","link":"https:\/\/flightradar.flights\/de\/impressum\/","title":{"rendered":"Impressum"},"content":{"rendered":"\n<h2 class=\"wp-block-heading\">Angaben gem\u00e4\u00df \u00a7 5 TMG:<\/h2>\n\n\n\n<p>Betreiber des Portals<br>MTM Marketing<\/p>\n\n\n\n<p>Martin Mrosek<br>Bruktererhang 19<\/p>\n\n\n\n<p>45277 Essen<\/p>\n\n\n\n<p>Deutschland<\/p>\n\n\n\n<p><strong>Umsatzsteuer-ID<\/strong><\/p>\n\n\n\n<p>Umsatzsteuer-Identifikationsnummer gem\u00e4\u00df \u00a727 a Umsatzsteuergesetz:<br>DE (3)13 729 250<\/p>\n\n\n\n<p>Kontakt e-mail: Info [at] flightradar [Punkt] flights<\/p>\n\n\n\n<p>Telefon: [+49] 176 43537-798<\/p>\n\n\n\n<p><strong>Hinweis zu Kontaktangaben:<\/strong><\/p>\n\n\n\n<p>Die hier bereitgestellten Kontaktdaten, d\u00fcrfen nur durch relevante Anliegen, welche in Verbindung mit den vom Betreiber dieses Webauftritts angebotenen Produkten oder Dienstleistung stehen, von Ihnen <strong>kontaktiert <\/strong>werden. Dazu z\u00e4hlt ebenfalls, ein gesch\u00e4ftliches Interesse.<\/p>\n\n\n\n<p>Bei unsachgem\u00e4\u00dfen Gebrauch ( <em>Missbrauch<\/em> ) der hier bereitgestellten Kontaktangaben, sieht der Betreiber dieser Website vor, rechtliche Schritte einzuleiten. Ebenfalls ist es nicht gestattet, ohne Einwilligung des Betreibers, diese Daten weiterzugeben oder zu verarbeiten.<\/p>\n\n\n\n<p>Missbrauch liegt vor, wenn der Betreiber durch die Nutzung der Kontaktdaten durch dritte Personen gesch\u00e4digt wird.<\/p>\n\n\n\n<p><strong>Hinweis auf EU-Streitschlichtung:<\/strong><\/p>\n\n\n\n<p>Die Europ\u00e4ische Kommission stellt eine Plattform zur Online-Streitbeilegung (OS) bereit: <a href=\"http:\/\/ec.europa.eu\/consumers\/odr\">http:\/\/ec.europa.eu\/consumers\/odr<\/a><br>Unsere E-Mail-Adresse finden sie oben im Impressum.<\/p>\n\n\n\n<p><strong>Quellenangaben f\u00fcr die verwendeten Bilder und Grafiken:<\/strong><\/p>\n\n\n\n<p>Pixabay.com<\/p>\n\n\n\n<p><strong>Haftungsausschluss:<\/strong><br>Haftung f\u00fcr Inhalte<\/p>\n\n\n\n<p>Die Inhalte unserer Seiten wurden mit gr\u00f6\u00dfter Sorgfalt erstellt. F\u00fcr die Richtigkeit, Vollst\u00e4ndigkeit und Aktualit\u00e4t der Inhalte k\u00f6nnen wir jedoch keine Gew\u00e4hr \u00fcbernehmen. Als Diensteanbieter sind wir gem\u00e4\u00df \u00a7 7 Abs.1 TMG f\u00fcr eigene Inhalte auf diesen Seiten nach den allgemeinen Gesetzen verantwortlich. Nach \u00a7\u00a7 8 bis 10 TMG sind wir als Diensteanbieter jedoch nicht verpflichtet, \u00fcbermittelte oder gespeicherte fremde Informationen zu \u00fcberwachen oder nach Umst\u00e4nden zu forschen, die auf eine rechtswidrige T\u00e4tigkeit hinweisen. Verpflichtungen zur Entfernung oder Sperrung der Nutzung von Informationen nach den allgemeinen Gesetzen bleiben hiervon unber\u00fchrt. Eine diesbez\u00fcgliche Haftung ist jedoch erst ab dem Zeitpunkt der Kenntnis einer konkreten Rechtsverletzung m\u00f6glich. Bei Bekanntwerden von entsprechenden Rechtsverletzungen werden wir diese Inhalte umgehend entfernen.<\/p>\n\n\n\n<p>Haftung f\u00fcr Links<\/p>\n\n\n\n<p>Unser Angebot enth\u00e4lt Links zu externen Webseiten Dritter, auf deren Inhalte wir keinen Einfluss haben. Deshalb k\u00f6nnen wir f\u00fcr diese fremden Inhalte auch keine Gew\u00e4hr \u00fcbernehmen. F\u00fcr die Inhalte der verlinkten Seiten ist stets der jeweilige Anbieter oder Betreiber der Seiten verantwortlich. Die verlinkten Seiten wurden zum Zeitpunkt der Verlinkung auf m\u00f6gliche Rechtsverst\u00f6\u00dfe \u00fcberpr\u00fcft. Rechtswidrige Inhalte waren zum Zeitpunkt der Verlinkung nicht erkennbar. Eine permanente inhaltliche Kontrolle der verlinkten Seiten ist jedoch ohne konkrete Anhaltspunkte einer Rechtsverletzung nicht zumutbar. Bei Bekanntwerden von Rechtsverletzungen werden wir derartige Links umgehend entfernen.<\/p>\n\n\n\n<p>Urheberrecht<\/p>\n\n\n\n<p>Die durch die Seitenbetreiber erstellten Inhalte und Werke auf diesen Seiten unterliegen dem deutschen Urheberrecht. Die Vervielf\u00e4ltigung, Bearbeitung, Verbreitung und jede Art der Verwertung au\u00dferhalb der Grenzen des Urheberrechtes bed\u00fcrfen der schriftlichen Zustimmung des jeweiligen Autors bzw. Erstellers. Downloads und Kopien dieser Seite sind nur f\u00fcr den privaten, nicht kommerziellen Gebrauch gestattet. Soweit die Inhalte auf dieser Seite nicht vom Betreiber erstellt wurden, werden die Urheberrechte Dritter beachtet. Insbesondere werden Inhalte Dritter als solche gekennzeichnet. Sollten Sie trotzdem auf eine Urheberrechtsverletzung aufmerksam werden, bitten wir um einen entsprechenden Hinweis. Bei Bekanntwerden von Rechtsverletzungen werden wir derartige Inhalte umgehend entfernen.<\/p>\n\n\n\n<p><\/p>\n\n\n\n<p><\/p>\n","protected":false},"excerpt":{"rendered":"<p>Angaben gem\u00e4\u00df \u00a7 5 TMG: Betreiber des PortalsMTM Marketing Martin MrosekBruktererhang 19 45277 Essen Deutschland Umsatzsteuer-ID Umsatzsteuer-Identifikationsnummer gem\u00e4\u00df \u00a727 a Umsatzsteuergesetz:DE (3)13 729 250 Kontakt e-mail: Info [at] flightradar [Punkt] flights Telefon: [+49] 176 43537-798 Hinweis zu Kontaktangaben: Die hier bereitgestellten Kontaktdaten, d\u00fcrfen nur durch relevante Anliegen, welche in Verbindung mit den vom Betreiber dieses &#8230; <\/p>\n<p class=\"read-more-container\"><a title=\"Impressum\" class=\"read-more button\" href=\"https:\/\/flightradar.flights\/de\/impressum\/#more-5\" aria-label=\"Mehr zu Impressum\">Weiterlesen &#8230;<\/a><\/p>\n","protected":false},"author":1,"featured_media":0,"parent":0,"menu_order":0,"comment_status":"closed","ping_status":"closed","template":"","meta":{"footnotes":""},"class_list":["post-5","page","type-page","status-publish"],"yoast_head":"<!-- This site is optimized with the Yoast SEO plugin v27.2 - https:\/\/yoast.com\/product\/yoast-seo-wordpress\/ -->\n<title>Impressum - flightradar.flights<\/title>\n<meta name=\"robots\" content=\"index, follow, max-snippet:-1, max-image-preview:large, max-video-preview:-1\" \/>\n<link rel=\"canonical\" href=\"https:\/\/flightradar.flights\/de\/impressum\/\" \/>\n<meta property=\"og:locale\" content=\"de_DE\" \/>\n<meta property=\"og:type\" content=\"article\" \/>\n<meta property=\"og:title\" content=\"Impressum - flightradar.flights\" \/>\n<meta property=\"og:description\" content=\"Angaben gem\u00e4\u00df \u00a7 5 TMG: Betreiber des PortalsMTM Marketing Martin MrosekBruktererhang 19 45277 Essen Deutschland Umsatzsteuer-ID Umsatzsteuer-Identifikationsnummer gem\u00e4\u00df \u00a727 a Umsatzsteuergesetz:DE (3)13 729 250 Kontakt e-mail: Info [at] flightradar [Punkt] flights Telefon: [+49] 176 43537-798 Hinweis zu Kontaktangaben: Die hier bereitgestellten Kontaktdaten, d\u00fcrfen nur durch relevante Anliegen, welche in Verbindung mit den vom Betreiber dieses ... Weiterlesen ...\" \/>\n<meta property=\"og:url\" content=\"https:\/\/flightradar.flights\/de\/impressum\/\" \/>\n<meta property=\"og:site_name\" content=\"flightradar.flights\" \/>\n<meta property=\"article:modified_time\" content=\"2021-04-21T15:34:23+00:00\" \/>\n<meta property=\"og:image\" content=\"https:\/\/flightradar.flights\/content\/uploads\/2022\/01\/Logo200x200.jpg\" \/>\n\t<meta property=\"og:image:width\" content=\"200\" \/>\n\t<meta property=\"og:image:height\" content=\"200\" \/>\n\t<meta property=\"og:image:type\" content=\"image\/jpeg\" \/>\n<meta name=\"twitter:card\" content=\"summary_large_image\" \/>\n<meta name=\"twitter:label1\" content=\"Gesch\u00e4tzte Lesezeit\" \/>\n\t<meta name=\"twitter:data1\" content=\"3\u00a0Minuten\" \/>\n<script type=\"application\/ld+json\" class=\"yoast-schema-graph\">{\"@context\":\"https:\/\/schema.org\",\"@graph\":[{\"@type\":\"WebPage\",\"@id\":\"https:\/\/flightradar.flights\/de\/impressum\/\",\"url\":\"https:\/\/flightradar.flights\/de\/impressum\/\",\"name\":\"Impressum - flightradar.flights\",\"isPartOf\":{\"@id\":\"https:\/\/flightradar.flights\/de\/#website\"},\"datePublished\":\"2021-04-21T15:34:13+00:00\",\"dateModified\":\"2021-04-21T15:34:23+00:00\",\"breadcrumb\":{\"@id\":\"https:\/\/flightradar.flights\/de\/impressum\/#breadcrumb\"},\"inLanguage\":\"de\",\"potentialAction\":[{\"@type\":\"ReadAction\",\"target\":[\"https:\/\/flightradar.flights\/de\/impressum\/\"]}]},{\"@type\":\"BreadcrumbList\",\"@id\":\"https:\/\/flightradar.flights\/de\/impressum\/#breadcrumb\",\"itemListElement\":[{\"@type\":\"ListItem\",\"position\":1,\"name\":\"Startseite\",\"item\":\"https:\/\/flightradar.flights\/de\/\"},{\"@type\":\"ListItem\",\"position\":2,\"name\":\"Impressum\"}]},{\"@type\":\"WebSite\",\"@id\":\"https:\/\/flightradar.flights\/de\/#website\",\"url\":\"https:\/\/flightradar.flights\/de\/\",\"name\":\"flightradar.flights\",\"description\":\"\",\"publisher\":{\"@id\":\"https:\/\/flightradar.flights\/de\/#organization\"},\"potentialAction\":[{\"@type\":\"SearchAction\",\"target\":{\"@type\":\"EntryPoint\",\"urlTemplate\":\"https:\/\/flightradar.flights\/de\/?s={search_term_string}\"},\"query-input\":{\"@type\":\"PropertyValueSpecification\",\"valueRequired\":true,\"valueName\":\"search_term_string\"}}],\"inLanguage\":\"de\"},{\"@type\":\"Organization\",\"@id\":\"https:\/\/flightradar.flights\/de\/#organization\",\"name\":\"flightradar.flights\",\"url\":\"https:\/\/flightradar.flights\/de\/\",\"logo\":{\"@type\":\"ImageObject\",\"inLanguage\":\"de\",\"@id\":\"https:\/\/flightradar.flights\/de\/#\/schema\/logo\/image\/\",\"url\":\"https:\/\/flightradar.flights\/content\/uploads\/2022\/01\/Logo150x150.jpg\",\"contentUrl\":\"https:\/\/flightradar.flights\/content\/uploads\/2022\/01\/Logo150x150.jpg\",\"width\":150,\"height\":150,\"caption\":\"flightradar.flights\"},\"image\":{\"@id\":\"https:\/\/flightradar.flights\/de\/#\/schema\/logo\/image\/\"}}]}<\/script>\n<!-- \/ Yoast SEO plugin. -->","yoast_head_json":{"title":"Impressum - flightradar.flights","robots":{"index":"index","follow":"follow","max-snippet":"max-snippet:-1","max-image-preview":"max-image-preview:large","max-video-preview":"max-video-preview:-1"},"canonical":"https:\/\/flightradar.flights\/de\/impressum\/","og_locale":"de_DE","og_type":"article","og_title":"Impressum - flightradar.flights","og_description":"Angaben gem\u00e4\u00df \u00a7 5 TMG: Betreiber des PortalsMTM Marketing Martin MrosekBruktererhang 19 45277 Essen Deutschland Umsatzsteuer-ID Umsatzsteuer-Identifikationsnummer gem\u00e4\u00df \u00a727 a Umsatzsteuergesetz:DE (3)13 729 250 Kontakt e-mail: Info [at] flightradar [Punkt] flights Telefon: [+49] 176 43537-798 Hinweis zu Kontaktangaben: Die hier bereitgestellten Kontaktdaten, d\u00fcrfen nur durch relevante Anliegen, welche in Verbindung mit den vom Betreiber dieses ... Weiterlesen ...","og_url":"https:\/\/flightradar.flights\/de\/impressum\/","og_site_name":"flightradar.flights","article_modified_time":"2021-04-21T15:34:23+00:00","og_image":[{"width":200,"height":200,"url":"https:\/\/flightradar.flights\/content\/uploads\/2022\/01\/Logo200x200.jpg","type":"image\/jpeg"}],"twitter_card":"summary_large_image","twitter_misc":{"Gesch\u00e4tzte Lesezeit":"3\u00a0Minuten"},"schema":{"@context":"https:\/\/schema.org","@graph":[{"@type":"WebPage","@id":"https:\/\/flightradar.flights\/de\/impressum\/","url":"https:\/\/flightradar.flights\/de\/impressum\/","name":"Impressum - flightradar.flights","isPartOf":{"@id":"https:\/\/flightradar.flights\/de\/#website"},"datePublished":"2021-04-21T15:34:13+00:00","dateModified":"2021-04-21T15:34:23+00:00","breadcrumb":{"@id":"https:\/\/flightradar.flights\/de\/impressum\/#breadcrumb"},"inLanguage":"de","potentialAction":[{"@type":"ReadAction","target":["https:\/\/flightradar.flights\/de\/impressum\/"]}]},{"@type":"BreadcrumbList","@id":"https:\/\/flightradar.flights\/de\/impressum\/#breadcrumb","itemListElement":[{"@type":"ListItem","position":1,"name":"Startseite","item":"https:\/\/flightradar.flights\/de\/"},{"@type":"ListItem","position":2,"name":"Impressum"}]},{"@type":"WebSite","@id":"https:\/\/flightradar.flights\/de\/#website","url":"https:\/\/flightradar.flights\/de\/","name":"flightradar.flights","description":"","publisher":{"@id":"https:\/\/flightradar.flights\/de\/#organization"},"potentialAction":[{"@type":"SearchAction","target":{"@type":"EntryPoint","urlTemplate":"https:\/\/flightradar.flights\/de\/?s={search_term_string}"},"query-input":{"@type":"PropertyValueSpecification","valueRequired":true,"valueName":"search_term_string"}}],"inLanguage":"de"},{"@type":"Organization","@id":"https:\/\/flightradar.flights\/de\/#organization","name":"flightradar.flights","url":"https:\/\/flightradar.flights\/de\/","logo":{"@type":"ImageObject","inLanguage":"de","@id":"https:\/\/flightradar.flights\/de\/#\/schema\/logo\/image\/","url":"https:\/\/flightradar.flights\/content\/uploads\/2022\/01\/Logo150x150.jpg","contentUrl":"https:\/\/flightradar.flights\/content\/uploads\/2022\/01\/Logo150x150.jpg","width":150,"height":150,"caption":"flightradar.flights"},"image":{"@id":"https:\/\/flightradar.flights\/de\/#\/schema\/logo\/image\/"}}]}},"_links":{"self":[{"href":"https:\/\/flightradar.flights\/de\/wp-json\/wp\/v2\/pages\/5","targetHints":{"allow":["GET"]}}],"collection":[{"href":"https:\/\/flightradar.flights\/de\/wp-json\/wp\/v2\/pages"}],"about":[{"href":"https:\/\/flightradar.flights\/de\/wp-json\/wp\/v2\/types\/page"}],"author":[{"embeddable":true,"href":"https:\/\/flightradar.flights\/de\/wp-json\/wp\/v2\/users\/1"}],"replies":[{"embeddable":true,"href":"https:\/\/flightradar.flights\/de\/wp-json\/wp\/v2\/comments?post=5"}],"version-history":[{"count":0,"href":"https:\/\/flightradar.flights\/de\/wp-json\/wp\/v2\/pages\/5\/revisions"}],"wp:attachment":[{"href":"https:\/\/flightradar.flights\/de\/wp-json\/wp\/v2\/media?parent=5"}],"curies":[{"name":"wp","href":"https:\/\/api.w.org\/{rel}","templated":true}]}}