{"id":1975,"date":"2022-01-06T16:49:56","date_gmt":"2022-01-06T14:49:56","guid":{"rendered":"https:\/\/flightradar.flights\/?page_id=1975"},"modified":"2022-01-13T10:54:55","modified_gmt":"2022-01-13T08:54:55","slug":"flughafen-webcams","status":"publish","type":"page","link":"https:\/\/flightradar.flights\/de\/flughafen-webcams\/","title":{"rendered":"Flughafen Webcams"},"content":{"rendered":"\n<div style=\"height:35px\" aria-hidden=\"true\" class=\"wp-block-spacer\"><\/div>\n\n\n\n<script async=\"\" src=\"https:\/\/pagead2.googlesyndication.com\/pagead\/js\/adsbygoogle.js?client=ca-pub-8699335927299131\" crossorigin=\"anonymous\"><\/script>\n<!-- F.F Display Other -->\n<ins class=\"adsbygoogle\" style=\"display:block\" data-ad-client=\"ca-pub-8699335927299131\" data-ad-slot=\"5660843060\" data-ad-format=\"auto\" data-full-width-responsive=\"true\"><\/ins>\n<script>\n     (adsbygoogle = window.adsbygoogle || []).push({});\n<\/script>\n\n\n\n<div style=\"height:35px\" aria-hidden=\"true\" class=\"wp-block-spacer\"><\/div>\n\n\n\n<h1 class=\"has-text-align-center wp-block-heading\">Flughafen Webcams<\/h1>\n\n\n\n<p class=\"has-text-align-center\">Erleben Sie den Flughafen aus n\u00e4chster N\u00e4he. Mit den Webcams an den jeweiligen Flugh\u00e4fen, k\u00f6nnen Sie Flugzeuge bei der Abfertigung bis hin zum Abflug beobachten.<\/p>\n\n\n\n<div style=\"height:35px\" aria-hidden=\"true\" class=\"wp-block-spacer\"><\/div>\n\n\n\n<div class=\"wp-block-buttons is-content-justification-center is-layout-flex wp-block-buttons-is-layout-flex\">\n<div class=\"wp-block-button has-custom-font-size is-style-fill has-medium-font-size\"><a class=\"wp-block-button__link has-base-3-color has-text-color\" href=\"https:\/\/www.dortmund-airport.de\/webcam\" style=\"border-radius:50px\" target=\"_blank\" rel=\"noopener\"> <i class=\"fas fa-video\"><\/i>   Webcams &#8211; Flughafen Dortmund<\/a><\/div>\n<\/div>\n\n\n\n<div class=\"wp-block-buttons is-content-justification-center is-layout-flex wp-block-buttons-is-layout-flex\">\n<div class=\"wp-block-button has-custom-font-size is-style-fill has-medium-font-size\"><a class=\"wp-block-button__link\" href=\"https:\/\/www.dus.com\/de-de\/erleben\/webcams\" style=\"border-radius:50px\" target=\"_blank\" rel=\"noreferrer noopener\"> <i class=\"fas fa-video\"><\/i>  Webcams &#8211; Flughafen D\u00fcsseldorf<\/a><\/div>\n<\/div>\n\n\n\n<div class=\"wp-block-buttons is-content-justification-center is-layout-flex wp-block-buttons-is-layout-flex\">\n<div class=\"wp-block-button has-custom-font-size is-style-fill has-medium-font-size\"><a class=\"wp-block-button__link\" href=\"https:\/\/www.hamburg-airport.de\/de\/orientieren-erleben\/airport-erleben\/webcam-10932\" style=\"border-radius:50px\" target=\"_blank\" rel=\"noopener\"> <i class=\"fas fa-video\"><\/i>  Webcams &#8211; Flughafen Hamburg<\/a><\/div>\n<\/div>\n\n\n\n<div class=\"wp-block-buttons is-content-justification-center is-layout-flex wp-block-buttons-is-layout-flex\">\n<div class=\"wp-block-button has-custom-font-size is-style-fill has-medium-font-size\"><a class=\"wp-block-button__link\" href=\"https:\/\/www.koeln-bonn-airport.de\/am-airport\/airport-webcam.html\" style=\"border-radius:50px\" target=\"_blank\" rel=\"noreferrer noopener\"> <i class=\"fas fa-video\"><\/i>  Webcams &#8211; Flughafen K\u00f6ln Bonn<\/a><\/div>\n<\/div>\n\n\n\n<div class=\"wp-block-buttons is-content-justification-center is-layout-flex wp-block-buttons-is-layout-flex\">\n<div class=\"wp-block-button has-custom-font-size is-style-fill has-medium-font-size\"><a class=\"wp-block-button__link\" href=\"https:\/\/www.airport-nuernberg.de\/webcam\" style=\"border-radius:50px\" target=\"_blank\" rel=\"noreferrer noopener\"> <i class=\"fas fa-video\"><\/i>  Webcams &#8211; Flughafen N\u00fcrnberg<\/a><\/div>\n<\/div>\n\n\n\n<div class=\"wp-block-buttons is-content-justification-center is-layout-flex wp-block-buttons-is-layout-flex\">\n<div class=\"wp-block-button has-custom-font-size is-style-fill has-medium-font-size\"><a class=\"wp-block-button__link\" href=\"https:\/\/www.airport-pad.com\/de\/news-media\/impressionen\/webcams\/\" style=\"border-radius:50px\" target=\"_blank\" rel=\"noreferrer noopener\"> <i class=\"fas fa-video\"><\/i>  Webcams &#8211; Flughafen Paderborn<\/a><\/div>\n<\/div>\n\n\n\n<div class=\"wp-block-buttons is-content-justification-center is-layout-flex wp-block-buttons-is-layout-flex\">\n<div class=\"wp-block-button has-custom-font-size is-style-fill has-medium-font-size\"><a class=\"wp-block-button__link\" href=\"https:\/\/www.flughafen-stuttgart.de\/erlebnis-flughafen\/webcams-am-flughafen\/\" style=\"border-radius:50px\" target=\"_blank\" rel=\"noreferrer noopener\"> <i class=\"fas fa-video\"><\/i>  Webcams &#8211; Flughafen Stuttgart<\/a><\/div>\n<\/div>\n\n\n\n<div style=\"height:50px\" aria-hidden=\"true\" class=\"wp-block-spacer\"><\/div>\n\n\n\n<script async=\"\" src=\"https:\/\/pagead2.googlesyndication.com\/pagead\/js\/adsbygoogle.js?client=ca-pub-8699335927299131\" crossorigin=\"anonymous\"><\/script>\n<!-- F.F Display Other -->\n<ins class=\"adsbygoogle\" style=\"display:block\" data-ad-client=\"ca-pub-8699335927299131\" data-ad-slot=\"5660843060\" data-ad-format=\"auto\" data-full-width-responsive=\"true\"><\/ins>\n<script>\n     (adsbygoogle = window.adsbygoogle || []).push({});\n<\/script>\n\n\n\n<p><\/p>\n","protected":false},"excerpt":{"rendered":"<p>Flughafen Webcams Erleben Sie den Flughafen aus n\u00e4chster N\u00e4he. Mit den Webcams an den jeweiligen Flugh\u00e4fen, k\u00f6nnen Sie Flugzeuge bei der Abfertigung bis hin zum Abflug beobachten.<\/p>\n","protected":false},"author":1,"featured_media":0,"parent":0,"menu_order":0,"comment_status":"closed","ping_status":"closed","template":"","meta":{"footnotes":""},"class_list":["post-1975","page","type-page","status-publish"],"yoast_head":"<!-- This site is optimized with the Yoast SEO plugin v27.2 - https:\/\/yoast.com\/product\/yoast-seo-wordpress\/ -->\n<title>Flughafen Webcams - flightradar.flights<\/title>\n<meta name=\"robots\" content=\"index, follow, max-snippet:-1, max-image-preview:large, max-video-preview:-1\" \/>\n<link rel=\"canonical\" href=\"https:\/\/flightradar.flights\/de\/flughafen-webcams\/\" \/>\n<meta property=\"og:locale\" content=\"de_DE\" \/>\n<meta property=\"og:type\" content=\"article\" \/>\n<meta property=\"og:title\" content=\"Flughafen Webcams - flightradar.flights\" \/>\n<meta property=\"og:description\" content=\"Flughafen Webcams Erleben Sie den Flughafen aus n\u00e4chster N\u00e4he. Mit den Webcams an den jeweiligen Flugh\u00e4fen, k\u00f6nnen Sie Flugzeuge bei der Abfertigung bis hin zum Abflug beobachten.\" \/>\n<meta property=\"og:url\" content=\"https:\/\/flightradar.flights\/de\/flughafen-webcams\/\" \/>\n<meta property=\"og:site_name\" content=\"flightradar.flights\" \/>\n<meta property=\"article:modified_time\" content=\"2022-01-13T08:54:55+00:00\" \/>\n<meta property=\"og:image\" content=\"https:\/\/flightradar.flights\/content\/uploads\/2022\/01\/Logo200x200.jpg\" \/>\n\t<meta property=\"og:image:width\" content=\"200\" \/>\n\t<meta property=\"og:image:height\" content=\"200\" \/>\n\t<meta property=\"og:image:type\" content=\"image\/jpeg\" \/>\n<meta name=\"twitter:card\" content=\"summary_large_image\" \/>\n<meta name=\"twitter:label1\" content=\"Gesch\u00e4tzte Lesezeit\" \/>\n\t<meta name=\"twitter:data1\" content=\"1\u00a0Minute\" \/>\n<script type=\"application\/ld+json\" class=\"yoast-schema-graph\">{\"@context\":\"https:\/\/schema.org\",\"@graph\":[{\"@type\":\"WebPage\",\"@id\":\"https:\/\/flightradar.flights\/de\/flughafen-webcams\/\",\"url\":\"https:\/\/flightradar.flights\/de\/flughafen-webcams\/\",\"name\":\"Flughafen Webcams - flightradar.flights\",\"isPartOf\":{\"@id\":\"https:\/\/flightradar.flights\/de\/#website\"},\"datePublished\":\"2022-01-06T14:49:56+00:00\",\"dateModified\":\"2022-01-13T08:54:55+00:00\",\"breadcrumb\":{\"@id\":\"https:\/\/flightradar.flights\/de\/flughafen-webcams\/#breadcrumb\"},\"inLanguage\":\"de\",\"potentialAction\":[{\"@type\":\"ReadAction\",\"target\":[\"https:\/\/flightradar.flights\/de\/flughafen-webcams\/\"]}]},{\"@type\":\"BreadcrumbList\",\"@id\":\"https:\/\/flightradar.flights\/de\/flughafen-webcams\/#breadcrumb\",\"itemListElement\":[{\"@type\":\"ListItem\",\"position\":1,\"name\":\"Startseite\",\"item\":\"https:\/\/flightradar.flights\/de\/\"},{\"@type\":\"ListItem\",\"position\":2,\"name\":\"Flughafen Webcams\"}]},{\"@type\":\"WebSite\",\"@id\":\"https:\/\/flightradar.flights\/de\/#website\",\"url\":\"https:\/\/flightradar.flights\/de\/\",\"name\":\"flightradar.flights\",\"description\":\"\",\"publisher\":{\"@id\":\"https:\/\/flightradar.flights\/de\/#organization\"},\"potentialAction\":[{\"@type\":\"SearchAction\",\"target\":{\"@type\":\"EntryPoint\",\"urlTemplate\":\"https:\/\/flightradar.flights\/de\/?s={search_term_string}\"},\"query-input\":{\"@type\":\"PropertyValueSpecification\",\"valueRequired\":true,\"valueName\":\"search_term_string\"}}],\"inLanguage\":\"de\"},{\"@type\":\"Organization\",\"@id\":\"https:\/\/flightradar.flights\/de\/#organization\",\"name\":\"flightradar.flights\",\"url\":\"https:\/\/flightradar.flights\/de\/\",\"logo\":{\"@type\":\"ImageObject\",\"inLanguage\":\"de\",\"@id\":\"https:\/\/flightradar.flights\/de\/#\/schema\/logo\/image\/\",\"url\":\"https:\/\/flightradar.flights\/content\/uploads\/2022\/01\/Logo150x150.jpg\",\"contentUrl\":\"https:\/\/flightradar.flights\/content\/uploads\/2022\/01\/Logo150x150.jpg\",\"width\":150,\"height\":150,\"caption\":\"flightradar.flights\"},\"image\":{\"@id\":\"https:\/\/flightradar.flights\/de\/#\/schema\/logo\/image\/\"}}]}<\/script>\n<!-- \/ Yoast SEO plugin. -->","yoast_head_json":{"title":"Flughafen Webcams - flightradar.flights","robots":{"index":"index","follow":"follow","max-snippet":"max-snippet:-1","max-image-preview":"max-image-preview:large","max-video-preview":"max-video-preview:-1"},"canonical":"https:\/\/flightradar.flights\/de\/flughafen-webcams\/","og_locale":"de_DE","og_type":"article","og_title":"Flughafen Webcams - flightradar.flights","og_description":"Flughafen Webcams Erleben Sie den Flughafen aus n\u00e4chster N\u00e4he. Mit den Webcams an den jeweiligen Flugh\u00e4fen, k\u00f6nnen Sie Flugzeuge bei der Abfertigung bis hin zum Abflug beobachten.","og_url":"https:\/\/flightradar.flights\/de\/flughafen-webcams\/","og_site_name":"flightradar.flights","article_modified_time":"2022-01-13T08:54:55+00:00","og_image":[{"width":200,"height":200,"url":"https:\/\/flightradar.flights\/content\/uploads\/2022\/01\/Logo200x200.jpg","type":"image\/jpeg"}],"twitter_card":"summary_large_image","twitter_misc":{"Gesch\u00e4tzte Lesezeit":"1\u00a0Minute"},"schema":{"@context":"https:\/\/schema.org","@graph":[{"@type":"WebPage","@id":"https:\/\/flightradar.flights\/de\/flughafen-webcams\/","url":"https:\/\/flightradar.flights\/de\/flughafen-webcams\/","name":"Flughafen Webcams - flightradar.flights","isPartOf":{"@id":"https:\/\/flightradar.flights\/de\/#website"},"datePublished":"2022-01-06T14:49:56+00:00","dateModified":"2022-01-13T08:54:55+00:00","breadcrumb":{"@id":"https:\/\/flightradar.flights\/de\/flughafen-webcams\/#breadcrumb"},"inLanguage":"de","potentialAction":[{"@type":"ReadAction","target":["https:\/\/flightradar.flights\/de\/flughafen-webcams\/"]}]},{"@type":"BreadcrumbList","@id":"https:\/\/flightradar.flights\/de\/flughafen-webcams\/#breadcrumb","itemListElement":[{"@type":"ListItem","position":1,"name":"Startseite","item":"https:\/\/flightradar.flights\/de\/"},{"@type":"ListItem","position":2,"name":"Flughafen Webcams"}]},{"@type":"WebSite","@id":"https:\/\/flightradar.flights\/de\/#website","url":"https:\/\/flightradar.flights\/de\/","name":"flightradar.flights","description":"","publisher":{"@id":"https:\/\/flightradar.flights\/de\/#organization"},"potentialAction":[{"@type":"SearchAction","target":{"@type":"EntryPoint","urlTemplate":"https:\/\/flightradar.flights\/de\/?s={search_term_string}"},"query-input":{"@type":"PropertyValueSpecification","valueRequired":true,"valueName":"search_term_string"}}],"inLanguage":"de"},{"@type":"Organization","@id":"https:\/\/flightradar.flights\/de\/#organization","name":"flightradar.flights","url":"https:\/\/flightradar.flights\/de\/","logo":{"@type":"ImageObject","inLanguage":"de","@id":"https:\/\/flightradar.flights\/de\/#\/schema\/logo\/image\/","url":"https:\/\/flightradar.flights\/content\/uploads\/2022\/01\/Logo150x150.jpg","contentUrl":"https:\/\/flightradar.flights\/content\/uploads\/2022\/01\/Logo150x150.jpg","width":150,"height":150,"caption":"flightradar.flights"},"image":{"@id":"https:\/\/flightradar.flights\/de\/#\/schema\/logo\/image\/"}}]}},"_links":{"self":[{"href":"https:\/\/flightradar.flights\/de\/wp-json\/wp\/v2\/pages\/1975","targetHints":{"allow":["GET"]}}],"collection":[{"href":"https:\/\/flightradar.flights\/de\/wp-json\/wp\/v2\/pages"}],"about":[{"href":"https:\/\/flightradar.flights\/de\/wp-json\/wp\/v2\/types\/page"}],"author":[{"embeddable":true,"href":"https:\/\/flightradar.flights\/de\/wp-json\/wp\/v2\/users\/1"}],"replies":[{"embeddable":true,"href":"https:\/\/flightradar.flights\/de\/wp-json\/wp\/v2\/comments?post=1975"}],"version-history":[{"count":0,"href":"https:\/\/flightradar.flights\/de\/wp-json\/wp\/v2\/pages\/1975\/revisions"}],"wp:attachment":[{"href":"https:\/\/flightradar.flights\/de\/wp-json\/wp\/v2\/media?parent=1975"}],"curies":[{"name":"wp","href":"https:\/\/api.w.org\/{rel}","templated":true}]}}