{"id":1082,"date":"2021-05-21T11:37:21","date_gmt":"2021-05-21T09:37:21","guid":{"rendered":"https:\/\/flightradar.flights\/faq\/"},"modified":"2022-01-06T11:13:18","modified_gmt":"2022-01-06T09:13:18","slug":"faq","status":"publish","type":"page","link":"https:\/\/flightradar.flights\/cs\/faq\/","title":{"rendered":"FAQ &#8211; \u010casto kladen\u00e9 ot\u00e1zky"},"content":{"rendered":"\n<div style=\"height:100px\" aria-hidden=\"true\" class=\"wp-block-spacer\"><\/div>\n\n\n\n<h1 class=\"has-text-align-center wp-block-heading\"><strong>FAQ &#8211; \u010casto kladen\u00e9 ot\u00e1zky<\/strong><\/h1>\n\n\n\n<div style=\"height:100px\" aria-hidden=\"true\" class=\"wp-block-spacer\"><\/div>\n\n\n\n<div class=\"schema-faq wp-block-yoast-faq-block\"><div class=\"schema-faq-section\" id=\"faq-question-1621587381797\"><strong class=\"schema-faq-question\">Je Flightradar.flights zdarma?<\/strong> <p class=\"schema-faq-answer\">Flightradar.flights lze zdarma vyu\u017e\u00edvat v jeho z\u00e1kladn\u00edch funkc\u00edch.<\/p> <\/div> <div class=\"schema-faq-section\" id=\"faq-question-1621587493412\"><strong class=\"schema-faq-question\">Pro\u010d letov\u00fd radar neukazuje letadla?<\/strong> <p class=\"schema-faq-answer\">Ujist\u011bte se, \u017ee prohl\u00ed\u017ee\u010d nen\u00ed v anonymn\u00edm re\u017eimu. Re\u017eim inkognito blokuje prov\u00e1d\u011bn\u00ed ur\u010dit\u00fdch \u00fadaj\u016f, kter\u00e9 jsou nezbytn\u00e9 pro \u00fapln\u00e9 proveden\u00ed letov\u00e9ho radaru.<\/p> <\/div> <div class=\"schema-faq-section\" id=\"faq-question-1621587643877\"><strong class=\"schema-faq-question\">Je letov\u00fd radar v re\u00e1ln\u00e9m \u010dase?<\/strong> <p class=\"schema-faq-answer\">Letov\u00fd radar zobrazuje aktu\u00e1ln\u00ed letov\u00fd provoz v re\u00e1ln\u00e9m \u010dase.<\/p> <\/div> <div class=\"schema-faq-section\" id=\"faq-question-1621587688776\"><strong class=\"schema-faq-question\">Jak mohu sledovat let?<\/strong> <p class=\"schema-faq-answer\">V letov\u00e9m radaru vyberte lev\u00e9 tla\u010d\u00edtko my\u0161i nebo prst na chytr\u00e9m telefonu a vyberte letadlo, kter\u00e9 chcete sledovat. M\u016f\u017eete tak\u00e9 zadat platn\u00e9 \u010d\u00edslo letu do vyhled\u00e1vac\u00ed li\u0161ty.<\/p> <\/div> <div class=\"schema-faq-section\" id=\"faq-question-1621587801464\"><strong class=\"schema-faq-question\">Kde najdu \u010d\u00edslo sv\u00e9ho letu?<\/strong> <p class=\"schema-faq-answer\">Na letenk\u00e1ch byste m\u011bli naj\u00edt \u010d\u00edslo letu. Obvykle se skl\u00e1d\u00e1 ze 4 a\u017e 6m\u00edstn\u00fdch \u010d\u00edsel \/ p\u00edsmen.<\/p> <\/div> <div class=\"schema-faq-section\" id=\"faq-question-1621587936810\"><strong class=\"schema-faq-question\">Co znamenaj\u00ed modr\u00e1 letadla v letov\u00e9m radaru?<\/strong> <p class=\"schema-faq-answer\">Letadla zobrazen\u00e1 mod\u0159e jsou sledov\u00e1na pomoc\u00ed ADS-B p\u0159es satelit. V\u011bt\u0161inou se to pou\u017e\u00edv\u00e1 nad oce\u00e1ny.<\/p> <\/div> <div class=\"schema-faq-section\" id=\"faq-question-1621588115032\"><strong class=\"schema-faq-question\">Jak\u00e9 informace z\u00edsk\u00e1v\u00e1m v letov\u00e9m radaru?<\/strong> <p class=\"schema-faq-answer\">V letov\u00e9m radaru vid\u00edte typ letadla, m\u00edsto odletu a tak\u00e9 m\u00edsto p\u0159\u00edletu, \u010das odletu a p\u0159\u00edletu. M\u016f\u017eete tak\u00e9 vid\u011bt, kde se letadlo aktu\u00e1ln\u011b nach\u00e1z\u00ed, a trasu letu.<\/p> <\/div> <\/div>\n\n\n\n<div style=\"height:100px\" aria-hidden=\"true\" class=\"wp-block-spacer\"><\/div>\n\n\n\n<script async src=\"https:\/\/pagead2.googlesyndication.com\/pagead\/js\/adsbygoogle.js?client=ca-pub-8699335927299131\"\n     crossorigin=\"anonymous\"><\/script>\n<!-- F.F Display Other -->\n<ins class=\"adsbygoogle\"\n     style=\"display:block\"\n     data-ad-client=\"ca-pub-8699335927299131\"\n     data-ad-slot=\"5660843060\"\n     data-ad-format=\"auto\"\n     data-full-width-responsive=\"true\"><\/ins>\n<script>\n     (adsbygoogle = window.adsbygoogle || []).push({});\n<\/script>\n\n\n\n<p><\/p>\n","protected":false},"excerpt":{"rendered":"<p>FAQ &#8211; \u010casto kladen\u00e9 ot\u00e1zky<\/p>\n","protected":false},"author":1,"featured_media":0,"parent":0,"menu_order":0,"comment_status":"open","ping_status":"closed","template":"","meta":{"footnotes":""},"class_list":["post-1082","page","type-page","status-publish"],"yoast_head":"<!-- This site is optimized with the Yoast SEO plugin v27.2 - https:\/\/yoast.com\/product\/yoast-seo-wordpress\/ -->\n<title>FAQ - \u010casto kladen\u00e9 ot\u00e1zky - flightradar.flights<\/title>\n<meta name=\"description\" content=\"Flightradar.flights \u010casto kladen\u00e9 ot\u00e1zky o letov\u00e9m radaru a sledov\u00e1n\u00ed letu.\" \/>\n<meta name=\"robots\" content=\"index, follow, max-snippet:-1, max-image-preview:large, max-video-preview:-1\" \/>\n<link rel=\"canonical\" href=\"https:\/\/flightradar.flights\/cs\/faq\/\" \/>\n<meta property=\"og:locale\" content=\"cs_CZ\" \/>\n<meta property=\"og:type\" content=\"article\" \/>\n<meta property=\"og:title\" content=\"FAQ - \u010casto kladen\u00e9 ot\u00e1zky - flightradar.flights\" \/>\n<meta property=\"og:description\" content=\"Flightradar.flights \u010casto kladen\u00e9 ot\u00e1zky o letov\u00e9m radaru a sledov\u00e1n\u00ed letu.\" \/>\n<meta property=\"og:url\" content=\"https:\/\/flightradar.flights\/cs\/faq\/\" \/>\n<meta property=\"og:site_name\" content=\"flightradar.flights\" \/>\n<meta property=\"article:modified_time\" content=\"2022-01-06T09:13:18+00:00\" \/>\n<meta property=\"og:image\" content=\"https:\/\/flightradar.flights\/content\/uploads\/2022\/01\/Logo200x200.jpg\" \/>\n\t<meta property=\"og:image:width\" content=\"200\" \/>\n\t<meta property=\"og:image:height\" content=\"200\" \/>\n\t<meta property=\"og:image:type\" content=\"image\/jpeg\" \/>\n<meta name=\"twitter:card\" content=\"summary_large_image\" \/>\n<meta name=\"twitter:label1\" content=\"Odhadovan\u00e1 doba \u010dten\u00ed\" \/>\n\t<meta name=\"twitter:data1\" content=\"1 minuta\" \/>\n<script type=\"application\/ld+json\" class=\"yoast-schema-graph\">{\"@context\":\"https:\/\/schema.org\",\"@graph\":[{\"@type\":[\"WebPage\",\"FAQPage\"],\"@id\":\"https:\/\/flightradar.flights\/cs\/faq\/\",\"url\":\"https:\/\/flightradar.flights\/cs\/faq\/\",\"name\":\"FAQ - \u010casto kladen\u00e9 ot\u00e1zky - flightradar.flights\",\"isPartOf\":{\"@id\":\"https:\/\/flightradar.flights\/cs\/#website\"},\"datePublished\":\"2021-05-21T09:37:21+00:00\",\"dateModified\":\"2022-01-06T09:13:18+00:00\",\"description\":\"Flightradar.flights \u010casto kladen\u00e9 ot\u00e1zky o letov\u00e9m radaru a sledov\u00e1n\u00ed letu.\",\"breadcrumb\":{\"@id\":\"https:\/\/flightradar.flights\/cs\/faq\/#breadcrumb\"},\"mainEntity\":[{\"@id\":\"https:\/\/flightradar.flights\/cs\/faq\/#faq-question-1621587381797\"},{\"@id\":\"https:\/\/flightradar.flights\/cs\/faq\/#faq-question-1621587493412\"},{\"@id\":\"https:\/\/flightradar.flights\/cs\/faq\/#faq-question-1621587643877\"},{\"@id\":\"https:\/\/flightradar.flights\/cs\/faq\/#faq-question-1621587688776\"},{\"@id\":\"https:\/\/flightradar.flights\/cs\/faq\/#faq-question-1621587801464\"},{\"@id\":\"https:\/\/flightradar.flights\/cs\/faq\/#faq-question-1621587936810\"},{\"@id\":\"https:\/\/flightradar.flights\/cs\/faq\/#faq-question-1621588115032\"}],\"inLanguage\":\"cs\",\"potentialAction\":[{\"@type\":\"ReadAction\",\"target\":[\"https:\/\/flightradar.flights\/cs\/faq\/\"]}]},{\"@type\":\"BreadcrumbList\",\"@id\":\"https:\/\/flightradar.flights\/cs\/faq\/#breadcrumb\",\"itemListElement\":[{\"@type\":\"ListItem\",\"position\":1,\"name\":\"Startseite\",\"item\":\"https:\/\/flightradar.flights\/cs\/\"},{\"@type\":\"ListItem\",\"position\":2,\"name\":\"FAQ &#8211; \u010casto kladen\u00e9 ot\u00e1zky\"}]},{\"@type\":\"WebSite\",\"@id\":\"https:\/\/flightradar.flights\/cs\/#website\",\"url\":\"https:\/\/flightradar.flights\/cs\/\",\"name\":\"flightradar.flights\",\"description\":\"\",\"publisher\":{\"@id\":\"https:\/\/flightradar.flights\/cs\/#organization\"},\"potentialAction\":[{\"@type\":\"SearchAction\",\"target\":{\"@type\":\"EntryPoint\",\"urlTemplate\":\"https:\/\/flightradar.flights\/cs\/?s={search_term_string}\"},\"query-input\":{\"@type\":\"PropertyValueSpecification\",\"valueRequired\":true,\"valueName\":\"search_term_string\"}}],\"inLanguage\":\"cs\"},{\"@type\":\"Organization\",\"@id\":\"https:\/\/flightradar.flights\/cs\/#organization\",\"name\":\"flightradar.flights\",\"url\":\"https:\/\/flightradar.flights\/cs\/\",\"logo\":{\"@type\":\"ImageObject\",\"inLanguage\":\"cs\",\"@id\":\"https:\/\/flightradar.flights\/cs\/#\/schema\/logo\/image\/\",\"url\":\"https:\/\/flightradar.flights\/content\/uploads\/2022\/01\/Logo150x150.jpg\",\"contentUrl\":\"https:\/\/flightradar.flights\/content\/uploads\/2022\/01\/Logo150x150.jpg\",\"width\":150,\"height\":150,\"caption\":\"flightradar.flights\"},\"image\":{\"@id\":\"https:\/\/flightradar.flights\/cs\/#\/schema\/logo\/image\/\"}},{\"@type\":\"Question\",\"@id\":\"https:\/\/flightradar.flights\/cs\/faq\/#faq-question-1621587381797\",\"position\":1,\"url\":\"https:\/\/flightradar.flights\/cs\/faq\/#faq-question-1621587381797\",\"name\":\"Je Flightradar.flights zdarma?\",\"answerCount\":1,\"acceptedAnswer\":{\"@type\":\"Answer\",\"text\":\"Flightradar.flights lze zdarma vyu\u017e\u00edvat v jeho z\u00e1kladn\u00edch funkc\u00edch.\",\"inLanguage\":\"cs\"},\"inLanguage\":\"cs\"},{\"@type\":\"Question\",\"@id\":\"https:\/\/flightradar.flights\/cs\/faq\/#faq-question-1621587493412\",\"position\":2,\"url\":\"https:\/\/flightradar.flights\/cs\/faq\/#faq-question-1621587493412\",\"name\":\"Pro\u010d letov\u00fd radar neukazuje letadla?\",\"answerCount\":1,\"acceptedAnswer\":{\"@type\":\"Answer\",\"text\":\"Ujist\u011bte se, \u017ee prohl\u00ed\u017ee\u010d nen\u00ed v anonymn\u00edm re\u017eimu. Re\u017eim inkognito blokuje prov\u00e1d\u011bn\u00ed ur\u010dit\u00fdch \u00fadaj\u016f, kter\u00e9 jsou nezbytn\u00e9 pro \u00fapln\u00e9 proveden\u00ed letov\u00e9ho radaru.\",\"inLanguage\":\"cs\"},\"inLanguage\":\"cs\"},{\"@type\":\"Question\",\"@id\":\"https:\/\/flightradar.flights\/cs\/faq\/#faq-question-1621587643877\",\"position\":3,\"url\":\"https:\/\/flightradar.flights\/cs\/faq\/#faq-question-1621587643877\",\"name\":\"Je letov\u00fd radar v re\u00e1ln\u00e9m \u010dase?\",\"answerCount\":1,\"acceptedAnswer\":{\"@type\":\"Answer\",\"text\":\"Letov\u00fd radar zobrazuje aktu\u00e1ln\u00ed letov\u00fd provoz v re\u00e1ln\u00e9m \u010dase.\",\"inLanguage\":\"cs\"},\"inLanguage\":\"cs\"},{\"@type\":\"Question\",\"@id\":\"https:\/\/flightradar.flights\/cs\/faq\/#faq-question-1621587688776\",\"position\":4,\"url\":\"https:\/\/flightradar.flights\/cs\/faq\/#faq-question-1621587688776\",\"name\":\"Jak mohu sledovat let?\",\"answerCount\":1,\"acceptedAnswer\":{\"@type\":\"Answer\",\"text\":\"V letov\u00e9m radaru vyberte lev\u00e9 tla\u010d\u00edtko my\u0161i nebo prst na chytr\u00e9m telefonu a vyberte letadlo, kter\u00e9 chcete sledovat. M\u016f\u017eete tak\u00e9 zadat platn\u00e9 \u010d\u00edslo letu do vyhled\u00e1vac\u00ed li\u0161ty.\",\"inLanguage\":\"cs\"},\"inLanguage\":\"cs\"},{\"@type\":\"Question\",\"@id\":\"https:\/\/flightradar.flights\/cs\/faq\/#faq-question-1621587801464\",\"position\":5,\"url\":\"https:\/\/flightradar.flights\/cs\/faq\/#faq-question-1621587801464\",\"name\":\"Kde najdu \u010d\u00edslo sv\u00e9ho letu?\",\"answerCount\":1,\"acceptedAnswer\":{\"@type\":\"Answer\",\"text\":\"Na letenk\u00e1ch byste m\u011bli naj\u00edt \u010d\u00edslo letu. Obvykle se skl\u00e1d\u00e1 ze 4 a\u017e 6m\u00edstn\u00fdch \u010d\u00edsel \/ p\u00edsmen.\",\"inLanguage\":\"cs\"},\"inLanguage\":\"cs\"},{\"@type\":\"Question\",\"@id\":\"https:\/\/flightradar.flights\/cs\/faq\/#faq-question-1621587936810\",\"position\":6,\"url\":\"https:\/\/flightradar.flights\/cs\/faq\/#faq-question-1621587936810\",\"name\":\"Co znamenaj\u00ed modr\u00e1 letadla v letov\u00e9m radaru?\",\"answerCount\":1,\"acceptedAnswer\":{\"@type\":\"Answer\",\"text\":\"Letadla zobrazen\u00e1 mod\u0159e jsou sledov\u00e1na pomoc\u00ed ADS-B p\u0159es satelit. V\u011bt\u0161inou se to pou\u017e\u00edv\u00e1 nad oce\u00e1ny.\",\"inLanguage\":\"cs\"},\"inLanguage\":\"cs\"},{\"@type\":\"Question\",\"@id\":\"https:\/\/flightradar.flights\/cs\/faq\/#faq-question-1621588115032\",\"position\":7,\"url\":\"https:\/\/flightradar.flights\/cs\/faq\/#faq-question-1621588115032\",\"name\":\"Jak\u00e9 informace z\u00edsk\u00e1v\u00e1m v letov\u00e9m radaru?\",\"answerCount\":1,\"acceptedAnswer\":{\"@type\":\"Answer\",\"text\":\"V letov\u00e9m radaru vid\u00edte typ letadla, m\u00edsto odletu a tak\u00e9 m\u00edsto p\u0159\u00edletu, \u010das odletu a p\u0159\u00edletu. M\u016f\u017eete tak\u00e9 vid\u011bt, kde se letadlo aktu\u00e1ln\u011b nach\u00e1z\u00ed, a trasu letu.\",\"inLanguage\":\"cs\"},\"inLanguage\":\"cs\"}]}<\/script>\n<!-- \/ Yoast SEO plugin. -->","yoast_head_json":{"title":"FAQ - \u010casto kladen\u00e9 ot\u00e1zky - flightradar.flights","description":"Flightradar.flights \u010casto kladen\u00e9 ot\u00e1zky o letov\u00e9m radaru a sledov\u00e1n\u00ed letu.","robots":{"index":"index","follow":"follow","max-snippet":"max-snippet:-1","max-image-preview":"max-image-preview:large","max-video-preview":"max-video-preview:-1"},"canonical":"https:\/\/flightradar.flights\/cs\/faq\/","og_locale":"cs_CZ","og_type":"article","og_title":"FAQ - \u010casto kladen\u00e9 ot\u00e1zky - flightradar.flights","og_description":"Flightradar.flights \u010casto kladen\u00e9 ot\u00e1zky o letov\u00e9m radaru a sledov\u00e1n\u00ed letu.","og_url":"https:\/\/flightradar.flights\/cs\/faq\/","og_site_name":"flightradar.flights","article_modified_time":"2022-01-06T09:13:18+00:00","og_image":[{"width":200,"height":200,"url":"https:\/\/flightradar.flights\/content\/uploads\/2022\/01\/Logo200x200.jpg","type":"image\/jpeg"}],"twitter_card":"summary_large_image","twitter_misc":{"Odhadovan\u00e1 doba \u010dten\u00ed":"1 minuta"},"schema":{"@context":"https:\/\/schema.org","@graph":[{"@type":["WebPage","FAQPage"],"@id":"https:\/\/flightradar.flights\/cs\/faq\/","url":"https:\/\/flightradar.flights\/cs\/faq\/","name":"FAQ - \u010casto kladen\u00e9 ot\u00e1zky - flightradar.flights","isPartOf":{"@id":"https:\/\/flightradar.flights\/cs\/#website"},"datePublished":"2021-05-21T09:37:21+00:00","dateModified":"2022-01-06T09:13:18+00:00","description":"Flightradar.flights \u010casto kladen\u00e9 ot\u00e1zky o letov\u00e9m radaru a sledov\u00e1n\u00ed letu.","breadcrumb":{"@id":"https:\/\/flightradar.flights\/cs\/faq\/#breadcrumb"},"mainEntity":[{"@id":"https:\/\/flightradar.flights\/cs\/faq\/#faq-question-1621587381797"},{"@id":"https:\/\/flightradar.flights\/cs\/faq\/#faq-question-1621587493412"},{"@id":"https:\/\/flightradar.flights\/cs\/faq\/#faq-question-1621587643877"},{"@id":"https:\/\/flightradar.flights\/cs\/faq\/#faq-question-1621587688776"},{"@id":"https:\/\/flightradar.flights\/cs\/faq\/#faq-question-1621587801464"},{"@id":"https:\/\/flightradar.flights\/cs\/faq\/#faq-question-1621587936810"},{"@id":"https:\/\/flightradar.flights\/cs\/faq\/#faq-question-1621588115032"}],"inLanguage":"cs","potentialAction":[{"@type":"ReadAction","target":["https:\/\/flightradar.flights\/cs\/faq\/"]}]},{"@type":"BreadcrumbList","@id":"https:\/\/flightradar.flights\/cs\/faq\/#breadcrumb","itemListElement":[{"@type":"ListItem","position":1,"name":"Startseite","item":"https:\/\/flightradar.flights\/cs\/"},{"@type":"ListItem","position":2,"name":"FAQ &#8211; \u010casto kladen\u00e9 ot\u00e1zky"}]},{"@type":"WebSite","@id":"https:\/\/flightradar.flights\/cs\/#website","url":"https:\/\/flightradar.flights\/cs\/","name":"flightradar.flights","description":"","publisher":{"@id":"https:\/\/flightradar.flights\/cs\/#organization"},"potentialAction":[{"@type":"SearchAction","target":{"@type":"EntryPoint","urlTemplate":"https:\/\/flightradar.flights\/cs\/?s={search_term_string}"},"query-input":{"@type":"PropertyValueSpecification","valueRequired":true,"valueName":"search_term_string"}}],"inLanguage":"cs"},{"@type":"Organization","@id":"https:\/\/flightradar.flights\/cs\/#organization","name":"flightradar.flights","url":"https:\/\/flightradar.flights\/cs\/","logo":{"@type":"ImageObject","inLanguage":"cs","@id":"https:\/\/flightradar.flights\/cs\/#\/schema\/logo\/image\/","url":"https:\/\/flightradar.flights\/content\/uploads\/2022\/01\/Logo150x150.jpg","contentUrl":"https:\/\/flightradar.flights\/content\/uploads\/2022\/01\/Logo150x150.jpg","width":150,"height":150,"caption":"flightradar.flights"},"image":{"@id":"https:\/\/flightradar.flights\/cs\/#\/schema\/logo\/image\/"}},{"@type":"Question","@id":"https:\/\/flightradar.flights\/cs\/faq\/#faq-question-1621587381797","position":1,"url":"https:\/\/flightradar.flights\/cs\/faq\/#faq-question-1621587381797","name":"Je Flightradar.flights zdarma?","answerCount":1,"acceptedAnswer":{"@type":"Answer","text":"Flightradar.flights lze zdarma vyu\u017e\u00edvat v jeho z\u00e1kladn\u00edch funkc\u00edch.","inLanguage":"cs"},"inLanguage":"cs"},{"@type":"Question","@id":"https:\/\/flightradar.flights\/cs\/faq\/#faq-question-1621587493412","position":2,"url":"https:\/\/flightradar.flights\/cs\/faq\/#faq-question-1621587493412","name":"Pro\u010d letov\u00fd radar neukazuje letadla?","answerCount":1,"acceptedAnswer":{"@type":"Answer","text":"Ujist\u011bte se, \u017ee prohl\u00ed\u017ee\u010d nen\u00ed v anonymn\u00edm re\u017eimu. Re\u017eim inkognito blokuje prov\u00e1d\u011bn\u00ed ur\u010dit\u00fdch \u00fadaj\u016f, kter\u00e9 jsou nezbytn\u00e9 pro \u00fapln\u00e9 proveden\u00ed letov\u00e9ho radaru.","inLanguage":"cs"},"inLanguage":"cs"},{"@type":"Question","@id":"https:\/\/flightradar.flights\/cs\/faq\/#faq-question-1621587643877","position":3,"url":"https:\/\/flightradar.flights\/cs\/faq\/#faq-question-1621587643877","name":"Je letov\u00fd radar v re\u00e1ln\u00e9m \u010dase?","answerCount":1,"acceptedAnswer":{"@type":"Answer","text":"Letov\u00fd radar zobrazuje aktu\u00e1ln\u00ed letov\u00fd provoz v re\u00e1ln\u00e9m \u010dase.","inLanguage":"cs"},"inLanguage":"cs"},{"@type":"Question","@id":"https:\/\/flightradar.flights\/cs\/faq\/#faq-question-1621587688776","position":4,"url":"https:\/\/flightradar.flights\/cs\/faq\/#faq-question-1621587688776","name":"Jak mohu sledovat let?","answerCount":1,"acceptedAnswer":{"@type":"Answer","text":"V letov\u00e9m radaru vyberte lev\u00e9 tla\u010d\u00edtko my\u0161i nebo prst na chytr\u00e9m telefonu a vyberte letadlo, kter\u00e9 chcete sledovat. M\u016f\u017eete tak\u00e9 zadat platn\u00e9 \u010d\u00edslo letu do vyhled\u00e1vac\u00ed li\u0161ty.","inLanguage":"cs"},"inLanguage":"cs"},{"@type":"Question","@id":"https:\/\/flightradar.flights\/cs\/faq\/#faq-question-1621587801464","position":5,"url":"https:\/\/flightradar.flights\/cs\/faq\/#faq-question-1621587801464","name":"Kde najdu \u010d\u00edslo sv\u00e9ho letu?","answerCount":1,"acceptedAnswer":{"@type":"Answer","text":"Na letenk\u00e1ch byste m\u011bli naj\u00edt \u010d\u00edslo letu. Obvykle se skl\u00e1d\u00e1 ze 4 a\u017e 6m\u00edstn\u00fdch \u010d\u00edsel \/ p\u00edsmen.","inLanguage":"cs"},"inLanguage":"cs"},{"@type":"Question","@id":"https:\/\/flightradar.flights\/cs\/faq\/#faq-question-1621587936810","position":6,"url":"https:\/\/flightradar.flights\/cs\/faq\/#faq-question-1621587936810","name":"Co znamenaj\u00ed modr\u00e1 letadla v letov\u00e9m radaru?","answerCount":1,"acceptedAnswer":{"@type":"Answer","text":"Letadla zobrazen\u00e1 mod\u0159e jsou sledov\u00e1na pomoc\u00ed ADS-B p\u0159es satelit. V\u011bt\u0161inou se to pou\u017e\u00edv\u00e1 nad oce\u00e1ny.","inLanguage":"cs"},"inLanguage":"cs"},{"@type":"Question","@id":"https:\/\/flightradar.flights\/cs\/faq\/#faq-question-1621588115032","position":7,"url":"https:\/\/flightradar.flights\/cs\/faq\/#faq-question-1621588115032","name":"Jak\u00e9 informace z\u00edsk\u00e1v\u00e1m v letov\u00e9m radaru?","answerCount":1,"acceptedAnswer":{"@type":"Answer","text":"V letov\u00e9m radaru vid\u00edte typ letadla, m\u00edsto odletu a tak\u00e9 m\u00edsto p\u0159\u00edletu, \u010das odletu a p\u0159\u00edletu. M\u016f\u017eete tak\u00e9 vid\u011bt, kde se letadlo aktu\u00e1ln\u011b nach\u00e1z\u00ed, a trasu letu.","inLanguage":"cs"},"inLanguage":"cs"}]}},"_links":{"self":[{"href":"https:\/\/flightradar.flights\/cs\/wp-json\/wp\/v2\/pages\/1082","targetHints":{"allow":["GET"]}}],"collection":[{"href":"https:\/\/flightradar.flights\/cs\/wp-json\/wp\/v2\/pages"}],"about":[{"href":"https:\/\/flightradar.flights\/cs\/wp-json\/wp\/v2\/types\/page"}],"author":[{"embeddable":true,"href":"https:\/\/flightradar.flights\/cs\/wp-json\/wp\/v2\/users\/1"}],"replies":[{"embeddable":true,"href":"https:\/\/flightradar.flights\/cs\/wp-json\/wp\/v2\/comments?post=1082"}],"version-history":[{"count":0,"href":"https:\/\/flightradar.flights\/cs\/wp-json\/wp\/v2\/pages\/1082\/revisions"}],"wp:attachment":[{"href":"https:\/\/flightradar.flights\/cs\/wp-json\/wp\/v2\/media?parent=1082"}],"curies":[{"name":"wp","href":"https:\/\/api.w.org\/{rel}","templated":true}]}}